{"id":6245,"date":"2024-11-29T04:36:13","date_gmt":"2024-11-29T04:36:13","guid":{"rendered":"https:\/\/volovape.com\/?post_type=product&#038;p=6245"},"modified":"2025-11-04T06:54:05","modified_gmt":"2025-11-04T06:54:05","slug":"jnr-falon-16000-16k-puffs","status":"publish","type":"product","link":"https:\/\/volovape.com\/ro\/product\/jnr-falon-16000-16k-puffs\/","title":{"rendered":"JNR Falcon 16000 Puffs Vape de unic\u0103 folosin\u021b\u0103 - Dual Mesh, flux de aer reglabil, design Crystal"},"content":{"rendered":"<p><iframe title=\"VideoPress Player video\" aria-label='VideoPress Player video' width='500' height='281' src='https:\/\/videopress.com\/embed\/IW3jjut3?hd=0&amp;cover=1' frameborder='0' allowfullscreen allow='clipboard-write'><\/iframe><script src='https:\/\/v0.wordpress.com\/js\/next\/videopress-iframe.js?m=1739540970'><\/script><\/p>\n<p><strong>JNR Falcon 16000 Puffs Original Edition Vape de unic\u0103 folosin\u021b\u0103<\/strong> - Experimenta\u021bi un stil \u0219i o performan\u021b\u0103 de neegalat.<\/p>\n<p>The <strong>JNR Falcon 16000 Puffs<\/strong> stabile\u0219te un nou standard pentru vapoarele de unic\u0103 folosin\u021b\u0103, combin\u00e2nd un design sofisticat de cristal cu performan\u021be excep\u021bionale. Bucura\u021bi-v\u0103 de p\u00e2n\u0103 la <strong>16.000 de pufuri<\/strong> de la un generos <strong>Capacitate de 22mL e-lichid<\/strong>, asigur\u00e2nd o experien\u021b\u0103 de lung\u0103 durat\u0103 \u0219i satisf\u0103c\u0103toare. Tehnologia avansat\u0103 <strong>1\u03a9 bobin\u0103 cu ochiuri duble<\/strong> ofer\u0103 o arom\u0103 bogat\u0103 \u0219i consistent\u0103, \u00een timp ce <strong>debit de aer reglabil<\/strong> permite o extragere personalizat\u0103. Cu <strong>28 op\u021biuni de arom\u0103<\/strong> \u0219i o <strong>2% t\u0103rie nicotin\u0103<\/strong>, acest dispozitiv satisface diverse preferin\u021be. Propulsat de un <strong>Baterie re\u00eenc\u0103rcabil\u0103 850mAh<\/strong> cu <strong>\u00cenc\u0103rcare rapid\u0103 de tip C<\/strong>, Falcon 16000 ofer\u0103 fiabilitate \u0219i confort. Ideal pentru pl\u0103cerea personal\u0103 sau <strong>vape de unic\u0103 folosin\u021b\u0103 en-gros<\/strong>, explora\u021bi site-ul nostru <strong>comand\u0103 \u00een vrac<\/strong> op\u021biuni pentru economii mari.<\/p>\n<h3><strong>JNR Falcon 16000 Puffs Caracteristici:<\/strong><\/h3>\n<ul>\n<li>Nicotin\u0103: 2%<\/li>\n<li>Puffs: 16000<\/li>\n<li>Capacitate E-liquid: 22mL<\/li>\n<li>Baterie: 850mAh (re\u00eenc\u0103rcabil\u0103)<\/li>\n<li>Bobin\u0103: 1\u03a9 Dual Mesh Coil<\/li>\n<li>Design: Crystal Craft Exterior<\/li>\n<li>Flux de aer: Reglabil<\/li>\n<li>Arome: 28 de op\u021biuni<\/li>\n<li>\u00cenc\u0103rcare: Tip-C<\/li>\n<\/ul>\n<h4>\u00ceNTREB\u0102RI FRECVENTE<\/h4>\n<h5>Cum \u00eembun\u0103t\u0103\u021be\u0219te fluxul de aer reglabil experien\u021ba mea de vapat?<\/h5>\n<p>Caracteristica fluxului de aer reglabil v\u0103 permite s\u0103 personaliza\u021bi rezisten\u021ba la tragere, permi\u021b\u00e2ndu-v\u0103 s\u0103 comuta\u021bi \u00eentre o arom\u0103 str\u00e2ns\u0103, concentrat\u0103 sau o produc\u021bie de vapori mai liber\u0103, aerisit\u0103, adapt\u00e2nd vape-ul la preferin\u021bele dvs.<\/p>\n<h5>Ce metode de expediere sunt utilizate?<\/h5>\n<p>Lucr\u0103m cu transportatori de \u00eencredere precum UPS, DHL, FedEx \u0219i DPD pentru a oferi cea mai eficient\u0103 op\u021biune de expediere \u00een func\u021bie de loca\u021bia dvs., asigur\u00e2nd o livrare prompt\u0103 \u0219i fiabil\u0103.<\/p>\n<h5>\u00cen c\u00e2t timp va sosi comanda mea?<\/h5>\n<p>Livrarea dureaz\u0103 de obicei 7-15 zile lucr\u0103toare. Cu toate acestea, v\u0103 rug\u0103m s\u0103 acorda\u021bi p\u00e2n\u0103 la 20 de zile lucr\u0103toare \u00een timpul s\u0103rb\u0103torilor sau \u00een condi\u021bii meteorologice nefavorabile.<\/p>\n<h5>Voi \u00eent\u00e2mpina probleme cu taxele vamale sau cu impozitele?<\/h5>\n<p>Ne ocup\u0103m de toate procedurile de v\u0103muire, garant\u00e2nd c\u0103 nu vor exista taxe sau tarife suplimentare. Asigur\u0103m v\u0103muirea 100% pentru toate produsele noastre.<\/p>\n<h5>Achizi\u021bia mea este protejat\u0103?<\/h5>\n<p>Da, oferim op\u021biuni de plat\u0103 sigure, inclusiv PayPal cu protec\u021bia cump\u0103r\u0103torului. De asemenea, ne pute\u021bi verifica credibilitatea prin verificarea recenziilor clien\u021bilor no\u0219tri pe <a href=\"https:\/\/www.trustpilot.com\/review\/volovape.com?utm_medium=trustbox&amp;utm_source=TrustBoxReviewCollector\">TrustPilot<\/a>.<\/p>","protected":false},"excerpt":{"rendered":"<p>Descoperi\u021bi JNR Falcon 16000 Puffs Vape de unic\u0103 folosin\u021b\u0103 cu 22ml e-lichid, baterie 850mAh, bobine cu plas\u0103 dubl\u0103, flux de aer reglabil \u0219i nicotin\u0103 2%. Design elegant din cristal, 28 de arome, \u00eenc\u0103rcare Type-C.<\/p>","protected":false},"featured_media":6263,"comment_status":"open","ping_status":"closed","template":"","meta":[],"product_brand":[],"product_cat":[79,51,21,43,18,39,20,23,24,22,25,26,27,28,29,30,31,32,33,34,35,44,36,40],"product_tag":[],"class_list":{"0":"post-6245","1":"product","2":"type-product","3":"status-publish","4":"has-post-thumbnail","6":"product_cat-jnr","7":"product_cat-16000-puffs-disposable-vape","8":"product_cat-big-puffs-vapes","9":"product_cat-crystal-vapes","10":"product_cat-different-puffs-of-disposable-vapes","11":"product_cat-digital-box-vapes","12":"product_cat-disposable-vape-types","13":"product_cat-disposable-vapes-in-austria","14":"product_cat-disposable-vapes-in-belgium","15":"product_cat-disposable-vapes-in-europe","16":"product_cat-disposable-vapes-in-france","17":"product_cat-disposable-vapes-in-germany","18":"product_cat-disposable-vapes-in-hungary","19":"product_cat-disposable-vapes-in-ltaly","20":"product_cat-disposable-vapes-in-netherlands","21":"product_cat-disposable-vapes-in-norway","22":"product_cat-disposable-vapes-in-poland","23":"product_cat-disposable-vapes-in-portugal","24":"product_cat-disposable-vapes-in-spain","25":"product_cat-disposable-vapes-in-sweden","26":"product_cat-disposable-vapes-in-switzerland","27":"product_cat-dual-mesh-vapes","28":"product_cat-rechargeable-vapes","29":"product_cat-smart-screen-vapes","31":"first","32":"instock","33":"shipping-taxable","34":"purchasable","35":"product-type-variable","36":"has-default-attributes"},"jetpack_sharing_enabled":true,"tiered_pricing_type":"fixed","tiered_pricing_fixed_rules":{"30":8,"50":7.589999999999999857891452847979962825775146484375,"100":6.8499999999999996447286321199499070644378662109375,"200":6.480000000000000426325641456060111522674560546875,"400":5.92999999999999971578290569595992565155029296875},"tiered_pricing_product_settings":{"layout":"default","base_unit_name":{"singular":null,"plural":null},"default_variation":null},"tiered_pricing_minimum_quantity":10,"tiered_pricing_roles_data":[],"tiered_pricing_percentage_rules":[],"tiered_pricing_maximum_quantity":null,"tiered_pricing_quantity_step":"10","_links":{"self":[{"href":"https:\/\/volovape.com\/ro\/wp-json\/wp\/v2\/product\/6245","targetHints":{"allow":["GET"]}}],"collection":[{"href":"https:\/\/volovape.com\/ro\/wp-json\/wp\/v2\/product"}],"about":[{"href":"https:\/\/volovape.com\/ro\/wp-json\/wp\/v2\/types\/product"}],"replies":[{"embeddable":true,"href":"https:\/\/volovape.com\/ro\/wp-json\/wp\/v2\/comments?post=6245"}],"wp:featuredmedia":[{"embeddable":true,"href":"https:\/\/volovape.com\/ro\/wp-json\/wp\/v2\/media\/6263"}],"wp:attachment":[{"href":"https:\/\/volovape.com\/ro\/wp-json\/wp\/v2\/media?parent=6245"}],"wp:term":[{"taxonomy":"product_brand","embeddable":true,"href":"https:\/\/volovape.com\/ro\/wp-json\/wp\/v2\/product_brand?post=6245"},{"taxonomy":"product_cat","embeddable":true,"href":"https:\/\/volovape.com\/ro\/wp-json\/wp\/v2\/product_cat?post=6245"},{"taxonomy":"product_tag","embeddable":true,"href":"https:\/\/volovape.com\/ro\/wp-json\/wp\/v2\/product_tag?post=6245"}],"curies":[{"name":"wp","href":"https:\/\/api.w.org\/{rel}","templated":true}]}}