{"id":598,"date":"2024-11-21T03:31:02","date_gmt":"2024-11-21T03:31:02","guid":{"rendered":"https:\/\/volovape.com\/?post_type=product&#038;p=598"},"modified":"2026-03-16T08:57:33","modified_gmt":"2026-03-16T08:57:33","slug":"cutie-bang-20000-puffs","status":"publish","type":"product","link":"https:\/\/volovape.com\/ro\/product\/bang-box-20000-puffs\/","title":{"rendered":"Bang Box 20000 puffs vape de unic\u0103 folosin\u021b\u0103 de lung\u0103 durat\u0103 - op\u021biuni \u00een vrac cu reducere mare"},"content":{"rendered":"<p><strong>Bang Box 20000 Puffs Ultimate re\u00eenc\u0103rcabil\u0103 de unic\u0103 folosin\u021b\u0103 Vape<\/strong> - Experimenta\u021bi longevitatea \u0219i aroma de neegalat cu Bang Box 20000. Aceast\u0103 vape de unic\u0103 folosin\u021b\u0103 de mare capacitate ofer\u0103 o capacitate uimitoare de 20.000 de fumuri, av\u00e2nd un rezervor de e-lichid de 35 ml \u0219i o baterie re\u00eenc\u0103rcabil\u0103 de 850 mAh. Tehnologia avansat\u0103 a bobinei cu ochiuri asigur\u0103 un abur uniform \u0219i aromat, perfect at\u00e2t pentru uz personal, c\u00e2t \u0219i pentru comenzile en-gros de vape de unic\u0103 folosin\u021b\u0103. Alege\u021bi din 0%, 2%, 3% sau 5% concentra\u021bii de nicotin\u0103 \u0219i o selec\u021bie larg\u0103 de 12 arome vibrante.<\/p>\n<h3><strong>Bang Box 20000 Puffs Caracteristici:<\/strong><\/h3>\n<ul>\n<li>Puffs: 20000 puffs<\/li>\n<li>Capacitate E-liquid: 35mL<\/li>\n<li>Baterie: 850mAh (re\u00eenc\u0103rcabil\u0103)<\/li>\n<li>\u00cenc\u0103rcare: Tip-C<\/li>\n<li>Bobin\u0103: Bobin\u0103 de plas\u0103<\/li>\n<li>Concentra\u021bii de nicotin\u0103: 0%, 2%, 3%, 5%<\/li>\n<li>Op\u021biuni de arome: Kiwi cu c\u0103p\u0219uni, Kiwi Passion Fruit Guava, Pepene galben cu c\u0103p\u0219uni, Pepene galben cu zmeur\u0103, Blueberry Sour Raspberry Ice, Watermelon Ice, Banana Ice, Mango Peach, Blue Razz Ice, Mr. Blue, Grape Ice, Mango On Ice.<\/li>\n<\/ul>\n<h4>\u00ceNTREB\u0102RI FRECVENTE<\/h4>\n<h5>Cum \u00eembun\u0103t\u0103\u021be\u0219te bateria de 850mAh experien\u021ba de vapat?<\/h5>\n<p>Bateria de 850 mAh ofer\u0103 putere extins\u0103, asigur\u00e2ndu-v\u0103 c\u0103 v\u0103 pute\u021bi bucura de toate cele 20.000 de fumuri f\u0103r\u0103 re\u00eenc\u0103rc\u0103ri frecvente. Aceast\u0103 capacitate mai mare a bateriei permite sesiuni de vapat mai lungi \u0219i performan\u021be constante.<\/p>\n<h5>Care sunt metodele de expediere disponibile?<\/h5>\n<p>Suntem parteneri cu transportatori de renume, inclusiv UPS, DHL, FedEx \u0219i DPD, pentru a oferi o expediere fiabil\u0103 \u0219i eficient\u0103. Cea mai potrivit\u0103 metod\u0103 de expediere este selectat\u0103 \u00een func\u021bie de loca\u021bia de livrare.<\/p>\n<h5>C\u00e2t dureaz\u0103 de obicei expedierea?<\/h5>\n<p>Transportul dureaz\u0103 de obicei 7-15 zile lucr\u0103toare, de\u0219i termenul de livrare se poate prelungi p\u00e2n\u0103 la 20 de zile lucr\u0103toare \u00een timpul s\u0103rb\u0103torilor sau al condi\u021biilor meteorologice nefavorabile.<\/p>\n<h5>Exist\u0103 taxe vamale sau impozite?<\/h5>\n<p>Ne ocup\u0103m de toate opera\u021biunile de v\u0103muire, garant\u00e2nd c\u0103 nu ve\u021bi suporta taxe sau impozite suplimentare. 100% din produsele noastre sunt trecute prin vam\u0103 f\u0103r\u0103 probleme.<\/p>\n<h5>Achizi\u021bia mea este sigur\u0103 \u0219i fiabil\u0103?<\/h5>\n<p>Oferim tranzac\u021bii sigure prin protec\u021bia cump\u0103r\u0103torului PayPal. De asemenea, pute\u021bi verifica fiabilitatea noastr\u0103 prin verificarea recenziilor clien\u021bilor pe <a href=\"https:\/\/www.trustpilot.com\/review\/volovape.com?utm_medium=trustbox&amp;utm_source=TrustBoxReviewCollector\">TrustPilot<\/a>.<\/p>","protected":false},"excerpt":{"rendered":"<p>Domina\u021bi-v\u0103 pia\u021ba cu Bang Box 20000 Puffs en-gros! Capacitate de 35ml, baterie 850mAh, bobin\u0103 cu ochiuri avansate. Stoca\u021bi longevitatea suprem\u0103, consumabile re\u00eenc\u0103rcabile.<\/p>","protected":false},"featured_media":941,"comment_status":"open","ping_status":"closed","template":"","meta":[],"product_brand":[],"product_cat":[61,42,21,18,20,23,24,22,25,26,27,28,29,30,31,32,33,34,35,36,40],"product_tag":[],"class_list":{"0":"post-598","1":"product","2":"type-product","3":"status-publish","4":"has-post-thumbnail","6":"product_cat-bang","7":"product_cat-20000-puffs-disposable-vape","8":"product_cat-big-puffs-vapes","9":"product_cat-different-puffs-of-disposable-vapes","10":"product_cat-disposable-vape-types","11":"product_cat-disposable-vapes-in-austria","12":"product_cat-disposable-vapes-in-belgium","13":"product_cat-disposable-vapes-in-europe","14":"product_cat-disposable-vapes-in-france","15":"product_cat-disposable-vapes-in-germany","16":"product_cat-disposable-vapes-in-hungary","17":"product_cat-disposable-vapes-in-ltaly","18":"product_cat-disposable-vapes-in-netherlands","19":"product_cat-disposable-vapes-in-norway","20":"product_cat-disposable-vapes-in-poland","21":"product_cat-disposable-vapes-in-portugal","22":"product_cat-disposable-vapes-in-spain","23":"product_cat-disposable-vapes-in-sweden","24":"product_cat-disposable-vapes-in-switzerland","25":"product_cat-rechargeable-vapes","26":"product_cat-smart-screen-vapes","28":"first","29":"instock","30":"shipping-taxable","31":"purchasable","32":"product-type-variable","33":"has-default-attributes"},"jetpack_sharing_enabled":true,"tiered_pricing_type":"fixed","tiered_pricing_fixed_rules":{"30":6.480000000000000426325641456060111522674560546875,"50":6.04999999999999982236431605997495353221893310546875,"100":5.30999999999999960920149533194489777088165283203125,"200":4.94000000000000039079850466805510222911834716796875,"400":4.37999999999999989341858963598497211933135986328125},"tiered_pricing_product_settings":{"layout":"default","base_unit_name":{"singular":null,"plural":null},"default_variation":null},"tiered_pricing_minimum_quantity":10,"tiered_pricing_roles_data":[],"tiered_pricing_percentage_rules":[],"tiered_pricing_maximum_quantity":null,"tiered_pricing_quantity_step":"10","_links":{"self":[{"href":"https:\/\/volovape.com\/ro\/wp-json\/wp\/v2\/product\/598","targetHints":{"allow":["GET"]}}],"collection":[{"href":"https:\/\/volovape.com\/ro\/wp-json\/wp\/v2\/product"}],"about":[{"href":"https:\/\/volovape.com\/ro\/wp-json\/wp\/v2\/types\/product"}],"replies":[{"embeddable":true,"href":"https:\/\/volovape.com\/ro\/wp-json\/wp\/v2\/comments?post=598"}],"wp:featuredmedia":[{"embeddable":true,"href":"https:\/\/volovape.com\/ro\/wp-json\/wp\/v2\/media\/941"}],"wp:attachment":[{"href":"https:\/\/volovape.com\/ro\/wp-json\/wp\/v2\/media?parent=598"}],"wp:term":[{"taxonomy":"product_brand","embeddable":true,"href":"https:\/\/volovape.com\/ro\/wp-json\/wp\/v2\/product_brand?post=598"},{"taxonomy":"product_cat","embeddable":true,"href":"https:\/\/volovape.com\/ro\/wp-json\/wp\/v2\/product_cat?post=598"},{"taxonomy":"product_tag","embeddable":true,"href":"https:\/\/volovape.com\/ro\/wp-json\/wp\/v2\/product_tag?post=598"}],"curies":[{"name":"wp","href":"https:\/\/api.w.org\/{rel}","templated":true}]}}