{"id":5765,"date":"2024-11-21T03:49:10","date_gmt":"2024-11-21T03:49:10","guid":{"rendered":"https:\/\/volovape.com\/?post_type=product&#038;p=5765"},"modified":"2026-04-08T01:50:47","modified_gmt":"2026-04-08T01:50:47","slug":"mrvi-25000-puffs-en-gros","status":"publish","type":"product","link":"https:\/\/volovape.com\/ro\/product\/mrvi-25000-puffs-wholesale\/","title":{"rendered":"MRVI 25000 puffs dual coil vape de unic\u0103 folosin\u021b\u0103 - flexibilitate MTL &amp; DTL, cump\u0103rare \u00een vrac en-gros"},"content":{"rendered":"<p><strong>MRVI 25000 Puffs Dual Coil Vape de unic\u0103 folosin\u021b\u0103<\/strong> - Experimenta\u021bi flexibilitatea suprem\u0103 a vapatului.<\/p>\n<p>Descoperi\u021bi versatilitatea de neegalat a vapatului cu <strong>MRVI 25000<\/strong> vape de unic\u0103 folosin\u021b\u0103. Conceput at\u00e2t pentru entuzia\u0219tii MTL, c\u00e2t \u0219i pentru DTL, acest dispozitiv are o capacitate remarcabil\u0103 de 25.000 de pufuri, alimentat\u0103 de un rezervor masiv de e-lichid de 30 ml \u0219i o baterie robust\u0103 re\u00eenc\u0103rcabil\u0103 de 1000 mAh. Sistemul inovator dual coil v\u0103 permite s\u0103 comuta\u021bi f\u0103r\u0103 efort \u00eentre stilurile de vaping, asigur\u00e2nd o experien\u021b\u0103 personalizat\u0103. Cu concentra\u021bii de nicotin\u0103 de 2% sau 5% \u0219i o selec\u021bie de 10 arome delicioase, MRVI 25000 este perfect pentru pl\u0103cerea personal\u0103 \u0219i comenzi en-gros de vape de unic\u0103 folosin\u021b\u0103. Bucura\u021bi-v\u0103 de vapori netezi, aroma\u021bi \u0219i de o longevitate excep\u021bional\u0103 \u00eentr-un dispozitiv convenabil \u0219i portabil.<\/p>\n<h3><strong>MRVI 25000 Caracteristici\uff1a<\/strong><\/h3>\n<ul>\n<li>Puffs: P\u00e2n\u0103 la 25.000 de pufuri<\/li>\n<li>Capacitate E-liquid: 30ml<\/li>\n<li>Baterie: 1000mAh (re\u00eenc\u0103rcabil\u0103)<\/li>\n<li>\u00cenc\u0103rcare: Tip-C<\/li>\n<li>Bobin\u0103: Bobine duale (MTL &amp; DTL)<\/li>\n<li>Concentra\u021bii de nicotin\u0103: 2%, 5%<\/li>\n<li>10 arome unice<\/li>\n<li>Dispozitiv de unic\u0103 folosin\u021b\u0103<\/li>\n<\/ul>\n<h4>\u00ceNTREB\u0102RI FRECVENTE<\/h4>\n<h5>Ce metode de expediere sunt utilizate?<\/h5>\n<p>Cooper\u0103m cu UPS\/DHL\/FEDEX\/DPD, etc. Vom alege op\u021biunea de expediere adecvat\u0103 \u00een func\u021bie de \u021bara de livrare pentru a ne asigura c\u0103 ve\u021bi primi produsele c\u00e2t mai repede posibil.<\/p>\n<h5>C\u00e2t timp dureaz\u0103 s\u0103 ajung\u0103?<\/h5>\n<p>Acest lucru dureaz\u0103 de obicei 7-15 zile lucr\u0103toare \u0219i poate dura p\u00e2n\u0103 la 20 de zile lucr\u0103toare \u00een zilele de s\u0103rb\u0103toare legal\u0103 sau \u00een condi\u021bii meteorologice nefavorabile.<\/p>\n<h5>Poate trece prin vam\u0103 \u0219i \u00eemi va cauza probleme?<\/h5>\n<p>V\u0103 garant\u0103m c\u0103 nu ve\u021bi avea probleme, deoarece noi ne vom ocupa de v\u0103muire \u0219i nu vor exista taxe sau tarife. V\u0103 garant\u0103m c\u0103 100% din produsele noastre vor trece vama.<\/p>\n<h5>Care este avantajul sistemului dual coil?<\/h5>\n<p>Sistemul dual coil din MRVI 25000 permite vaparea versatil\u0103, permi\u021b\u00e2nd utilizatorilor s\u0103 comute \u00eentre stilurile de vapare Mouth-to-Lung (MTL) \u0219i Direct-to-Lung (DTL), r\u0103spunz\u00e2nd diferitelor preferin\u021be \u0219i \u00eembun\u0103t\u0103\u021bind experien\u021ba general\u0103 de vapare.<\/p>\n<h5>Pot avea \u00eencredere \u00een ea?<\/h5>\n<p>Noi sus\u021binem plata PayPal \u0219i serviciul de protec\u021bie a cump\u0103r\u0103torului.<br \/>\nDe asemenea, pute\u021bi verifica recenziile noastre pe <a href=\"https:\/\/www.trustpilot.com\/review\/volovape.com?utm_medium=trustbox&amp;utm_source=TrustBoxReviewCollector\">TrustPilot<\/a><\/p>","protected":false},"excerpt":{"rendered":"<p>Descoperi\u021bi MRVI 25000 Puffs Vape de unic\u0103 folosin\u021b\u0103 cu 30ml e-lichid, baterie 1000mAh, bobine duble pentru MTL\/DTL \u0219i nicotin\u0103 2%\/5%. Disponibil cu ridicata \u00een vrac, arome multiple, \u00eenc\u0103rcare Type-C.<\/p>","protected":false},"featured_media":5775,"comment_status":"open","ping_status":"closed","template":"","meta":[],"product_brand":[],"product_cat":[55,45,21,43,18,39,20,23,24,22,25,26,27,28,29,30,31,32,33,34,35,44,36,40],"product_tag":[],"class_list":{"0":"post-5765","1":"product","2":"type-product","3":"status-publish","4":"has-post-thumbnail","6":"product_cat-mrvi","7":"product_cat-25000-puffs-disposable-vape","8":"product_cat-big-puffs-vapes","9":"product_cat-crystal-vapes","10":"product_cat-different-puffs-of-disposable-vapes","11":"product_cat-digital-box-vapes","12":"product_cat-disposable-vape-types","13":"product_cat-disposable-vapes-in-austria","14":"product_cat-disposable-vapes-in-belgium","15":"product_cat-disposable-vapes-in-europe","16":"product_cat-disposable-vapes-in-france","17":"product_cat-disposable-vapes-in-germany","18":"product_cat-disposable-vapes-in-hungary","19":"product_cat-disposable-vapes-in-ltaly","20":"product_cat-disposable-vapes-in-netherlands","21":"product_cat-disposable-vapes-in-norway","22":"product_cat-disposable-vapes-in-poland","23":"product_cat-disposable-vapes-in-portugal","24":"product_cat-disposable-vapes-in-spain","25":"product_cat-disposable-vapes-in-sweden","26":"product_cat-disposable-vapes-in-switzerland","27":"product_cat-dual-mesh-vapes","28":"product_cat-rechargeable-vapes","29":"product_cat-smart-screen-vapes","31":"first","32":"instock","33":"shipping-taxable","34":"purchasable","35":"product-type-variable","36":"has-default-attributes"},"jetpack_sharing_enabled":true,"tiered_pricing_type":"fixed","tiered_pricing_fixed_rules":{"100":6.36000000000000031974423109204508364200592041015625,"200":5.7400000000000002131628207280300557613372802734375,"400":5.42999999999999971578290569595992565155029296875},"tiered_pricing_product_settings":{"layout":"default","base_unit_name":{"singular":null,"plural":null},"default_variation":null},"tiered_pricing_minimum_quantity":50,"tiered_pricing_roles_data":[],"tiered_pricing_percentage_rules":[],"tiered_pricing_maximum_quantity":null,"tiered_pricing_quantity_step":"10","_links":{"self":[{"href":"https:\/\/volovape.com\/ro\/wp-json\/wp\/v2\/product\/5765","targetHints":{"allow":["GET"]}}],"collection":[{"href":"https:\/\/volovape.com\/ro\/wp-json\/wp\/v2\/product"}],"about":[{"href":"https:\/\/volovape.com\/ro\/wp-json\/wp\/v2\/types\/product"}],"replies":[{"embeddable":true,"href":"https:\/\/volovape.com\/ro\/wp-json\/wp\/v2\/comments?post=5765"}],"wp:featuredmedia":[{"embeddable":true,"href":"https:\/\/volovape.com\/ro\/wp-json\/wp\/v2\/media\/5775"}],"wp:attachment":[{"href":"https:\/\/volovape.com\/ro\/wp-json\/wp\/v2\/media?parent=5765"}],"wp:term":[{"taxonomy":"product_brand","embeddable":true,"href":"https:\/\/volovape.com\/ro\/wp-json\/wp\/v2\/product_brand?post=5765"},{"taxonomy":"product_cat","embeddable":true,"href":"https:\/\/volovape.com\/ro\/wp-json\/wp\/v2\/product_cat?post=5765"},{"taxonomy":"product_tag","embeddable":true,"href":"https:\/\/volovape.com\/ro\/wp-json\/wp\/v2\/product_tag?post=5765"}],"curies":[{"name":"wp","href":"https:\/\/api.w.org\/{rel}","templated":true}]}}