{"id":533,"date":"2024-11-21T03:30:33","date_gmt":"2024-11-21T03:30:33","guid":{"rendered":"https:\/\/volovape.com\/?post_type=product&#038;p=533"},"modified":"2025-08-06T08:11:38","modified_gmt":"2025-08-06T08:11:38","slug":"bang-box-rocket-18000-pufuri","status":"publish","type":"product","link":"https:\/\/volovape.com\/ro\/product\/bang-box-rocket-18000-puffs\/","title":{"rendered":"Bang Box Rocket 18000 Puffs Vape de unic\u0103 folosin\u021b\u0103 - 1.0\u03a9 bobin\u0103 Mesh, afi\u0219aj inteligent, re\u00eenc\u0103rcabil\u0103"},"content":{"rendered":"<p><strong>Bang Box Rocket 18000 Puffs Smart Vape de unic\u0103 folosin\u021b\u0103<\/strong> - Experimenta\u021bi viitorul vapatului cu Bang Box Rocket 18000. Acest vaporizator inovator de unic\u0103 folosin\u021b\u0103 ofer\u0103 o capacitate masiv\u0103 de 18.000 de pufuri, o capacitate de e-lichid de 28 ml \u0219i un afi\u0219aj inteligent pentru a monitoriza nivelul bateriei \u0219i al e-lichidului. Dispun\u00e2nd de o bobin\u0103 de plas\u0103 de 1,0\u03a9 pentru vapori netezi \u0219i aroma\u021bi \u0219i o baterie re\u00eenc\u0103rcabil\u0103 de 650 mAh cu \u00eenc\u0103rcare Type-C, acest dispozitiv este perfect at\u00e2t pentru uz personal, c\u00e2t \u0219i pentru comenzile en-gros de vape de unic\u0103 folosin\u021b\u0103. Alege\u021bi din concentra\u021biile de nicotin\u0103 0%, 2%, 3% sau 5% \u0219i bucura\u021bi-v\u0103 de o gam\u0103 larg\u0103 de 12 arome delicioase.<\/p>\n<h3><strong>Bang Box Rocket 18000 Puffs Caracteristici:<\/strong><\/h3>\n<ul>\n<li>Puffs: 18000 puffs<\/li>\n<li>Capacitate E-liquid: 28mL<\/li>\n<li>Baterie: 650mAh (re\u00eenc\u0103rcabil\u0103)<\/li>\n<li>\u00cenc\u0103rcare: Tip-C<\/li>\n<li>Bobin\u0103: 1.0\u03a9 Mesh Coil<\/li>\n<li>Afi\u0219aj: Afi\u0219aj inteligent (nivel baterie \u0219i E-liquid)<\/li>\n<li>Concentra\u021bii de nicotin\u0103: 0%, 2%, 3%, 5%<\/li>\n<li>Op\u021biuni de arome: Banan\u0103 cu c\u0103p\u0219uni, Pepene verde, Kiwi cu c\u0103p\u0219uni, Mango cu c\u0103p\u0219uni, Ghea\u021b\u0103 cu afine, Mango Mexic, Ghea\u021b\u0103 cu piersici suculente, Ghea\u021b\u0103 cu mere acre, Ghea\u021b\u0103 Blue Razz, Explozie tropical\u0103 Rainbow.<\/li>\n<\/ul>\n<h4>\u00ceNTREB\u0102RI FRECVENTE<\/h4>\n<h5>Cum \u00eemi \u00eembun\u0103t\u0103\u021be\u0219te ecranul inteligent experien\u021ba de vapat?<\/h5>\n<p>Afi\u0219ajul inteligent integrat ofer\u0103 actualiz\u0103ri \u00een timp real privind durata de via\u021b\u0103 a bateriei \u0219i nivelurile de e-lichid, elimin\u00e2nd presupunerile \u0219i asigur\u00e2ndu-v\u0103 c\u0103 sunte\u021bi \u00eentotdeauna preg\u0103tit. Aceast\u0103 caracteristic\u0103 permite o experien\u021b\u0103 de vapat mai controlat\u0103 \u0219i mai pl\u0103cut\u0103.<\/p>\n<h5>Ce metode de expediere sunt utilizate?<\/h5>\n<p>Lucr\u0103m cu transportatori de \u00eencredere precum UPS, DHL, FedEx \u0219i DPD pentru a oferi o expediere fiabil\u0103 \u0219i eficient\u0103. Cea mai bun\u0103 op\u021biune de expediere este selectat\u0103 \u00een func\u021bie de loca\u021bia dvs. pentru a asigura livrarea la timp.<\/p>\n<h5>C\u00e2t dureaz\u0103 de obicei expedierea?<\/h5>\n<p>Transportul dureaz\u0103 de obicei \u00eentre 7-15 zile lucr\u0103toare, dar se poate prelungi p\u00e2n\u0103 la 20 de zile lucr\u0103toare \u00een timpul s\u0103rb\u0103torilor sau al condi\u021biilor meteorologice nefavorabile.<\/p>\n<h5>Exist\u0103 taxe vamale sau fiscale?<\/h5>\n<p>Ne ocup\u0103m de toate opera\u021biunile de v\u0103muire, garant\u00e2nd c\u0103 nu ve\u021bi suporta taxe sau impozite suplimentare. 100% din produsele noastre sunt trecute prin vam\u0103 f\u0103r\u0103 probleme.<\/p>\n<h5>Achizi\u021bia mea este sigur\u0103 \u0219i de \u00eencredere?<\/h5>\n<p>Sus\u021binem tranzac\u021biile sigure prin protec\u021bia cump\u0103r\u0103torului PayPal. De asemenea, pute\u021bi consulta feedback-ul clien\u021bilor no\u0219tri pe <a href=\"https:\/\/www.trustpilot.com\/review\/volovape.com?utm_medium=trustbox&amp;utm_source=TrustBoxReviewCollector\">TrustPilot<\/a> pentru a ne verifica fiabilitatea.<\/p>","protected":false},"excerpt":{"rendered":"<p>Domina\u021bi pia\u021ba de vape cu Bang Box Rocket 18000 Puffs en-gros! Afi\u0219aj inteligent, ochiuri de 1,0\u03a9, 28ml, re\u00eenc\u0103rcabil\u0103. Oferi\u021bi clien\u021bilor dvs. vapuri de ultim\u0103 genera\u021bie, de mare capacitate.<\/p>","protected":false},"featured_media":879,"comment_status":"open","ping_status":"closed","template":"","meta":[],"product_brand":[],"product_cat":[61,50,21,18,39,20,23,24,22,25,26,27,28,29,30,31,32,33,34,35,44,36,40],"product_tag":[],"class_list":{"0":"post-533","1":"product","2":"type-product","3":"status-publish","4":"has-post-thumbnail","6":"product_cat-bang","7":"product_cat-18000-puffs-disposable-vape","8":"product_cat-big-puffs-vapes","9":"product_cat-different-puffs-of-disposable-vapes","10":"product_cat-digital-box-vapes","11":"product_cat-disposable-vape-types","12":"product_cat-disposable-vapes-in-austria","13":"product_cat-disposable-vapes-in-belgium","14":"product_cat-disposable-vapes-in-europe","15":"product_cat-disposable-vapes-in-france","16":"product_cat-disposable-vapes-in-germany","17":"product_cat-disposable-vapes-in-hungary","18":"product_cat-disposable-vapes-in-ltaly","19":"product_cat-disposable-vapes-in-netherlands","20":"product_cat-disposable-vapes-in-norway","21":"product_cat-disposable-vapes-in-poland","22":"product_cat-disposable-vapes-in-portugal","23":"product_cat-disposable-vapes-in-spain","24":"product_cat-disposable-vapes-in-sweden","25":"product_cat-disposable-vapes-in-switzerland","26":"product_cat-dual-mesh-vapes","27":"product_cat-rechargeable-vapes","28":"product_cat-smart-screen-vapes","30":"first","31":"instock","32":"shipping-taxable","33":"purchasable","34":"product-type-variable","35":"has-default-attributes"},"jetpack_sharing_enabled":true,"tiered_pricing_type":"fixed","tiered_pricing_fixed_rules":{"2000":6.20999999999999996447286321199499070644378662109375},"tiered_pricing_product_settings":{"layout":"default","base_unit_name":{"singular":null,"plural":null},"default_variation":null},"tiered_pricing_minimum_quantity":1000,"tiered_pricing_roles_data":[],"tiered_pricing_percentage_rules":[],"tiered_pricing_maximum_quantity":null,"tiered_pricing_quantity_step":"10","_links":{"self":[{"href":"https:\/\/volovape.com\/ro\/wp-json\/wp\/v2\/product\/533","targetHints":{"allow":["GET"]}}],"collection":[{"href":"https:\/\/volovape.com\/ro\/wp-json\/wp\/v2\/product"}],"about":[{"href":"https:\/\/volovape.com\/ro\/wp-json\/wp\/v2\/types\/product"}],"replies":[{"embeddable":true,"href":"https:\/\/volovape.com\/ro\/wp-json\/wp\/v2\/comments?post=533"}],"wp:featuredmedia":[{"embeddable":true,"href":"https:\/\/volovape.com\/ro\/wp-json\/wp\/v2\/media\/879"}],"wp:attachment":[{"href":"https:\/\/volovape.com\/ro\/wp-json\/wp\/v2\/media?parent=533"}],"wp:term":[{"taxonomy":"product_brand","embeddable":true,"href":"https:\/\/volovape.com\/ro\/wp-json\/wp\/v2\/product_brand?post=533"},{"taxonomy":"product_cat","embeddable":true,"href":"https:\/\/volovape.com\/ro\/wp-json\/wp\/v2\/product_cat?post=533"},{"taxonomy":"product_tag","embeddable":true,"href":"https:\/\/volovape.com\/ro\/wp-json\/wp\/v2\/product_tag?post=533"}],"curies":[{"name":"wp","href":"https:\/\/api.w.org\/{rel}","templated":true}]}}