{"id":501,"date":"2024-11-21T03:30:08","date_gmt":"2024-11-21T03:30:08","guid":{"rendered":"https:\/\/volovape.com\/?post_type=product&#038;p=501"},"modified":"2025-09-08T03:35:07","modified_gmt":"2025-09-08T03:35:07","slug":"bang-king-dublu-cristal-20000-pufuri","status":"publish","type":"product","link":"https:\/\/volovape.com\/ro\/product\/bang-king-double-crystal-20000-puffs\/","title":{"rendered":"Bang King Double Crystal 20000 Puffs Vape re\u00eenc\u0103rcabil\u0103 de unic\u0103 folosin\u021b\u0103 (0-5% Nicotin\u0103) - en-gros"},"content":{"rendered":"<p><iframe title=\"VideoPress Player video\" aria-label='VideoPress Player video' width='425' height='750' src='https:\/\/videopress.com\/embed\/UidYNEY0?hd=0&amp;cover=1' frameborder='0' allowfullscreen allow='clipboard-write'><\/iframe><script src='https:\/\/v0.wordpress.com\/js\/next\/videopress-iframe.js?m=1739540970'><\/script><\/p>\n<p><strong>Bang King Double Crystal 20000 Puffs Vape de unic\u0103 folosin\u021b\u0103<\/strong> - Experimenta\u021bi longevitatea \u0219i aroma de neegalat cu Bang King Double Crystal 20000. Oferind o capacitate masiv\u0103 de 20.000 de pufuri \u0219i o capacitate de e-lichid de 25 ml, aceast\u0103 vape de unic\u0103 folosin\u021b\u0103 re\u00eenc\u0103rcabil\u0103 este perfect\u0103 at\u00e2t pentru uz personal, c\u00e2t \u0219i pentru comenzi en-gros de vape de unic\u0103 folosin\u021b\u0103. Alege\u021bi dintre concentra\u021biile de nicotin\u0103 0%, 2%, 3% sau 5% \u0219i bucura\u021bi-v\u0103 de o experien\u021b\u0103 de vaporizare personalizabil\u0103 cu flux de aer reglabil \u0219i o bobin\u0103 cu ochiuri de 1,0\u03a9 pentru un abur neted \u0219i bogat. Bateria re\u00eenc\u0103rcabil\u0103 de 650mAh v\u0103 asigur\u0103 c\u0103 v\u0103 pute\u021bi bucura de fiecare fum, \u00een timp ce gama larg\u0103 de 12 arome unice garanteaz\u0103 o vape satisf\u0103c\u0103toare de fiecare dat\u0103.<\/p>\n<h3><strong>Bang King Double Crystal 20000 Puffs Caracteristici:<\/strong><\/h3>\n<ul>\n<li>Puffs: 20000 puffs<\/li>\n<li>Capacitate E-liquid: 25mL<\/li>\n<li>Baterie: 650mAh (re\u00eenc\u0103rcabil\u0103)<\/li>\n<li>\u00cenc\u0103rcare: Tip-C<\/li>\n<li>Bobin\u0103: 1.0\u03a9 Mesh Coil<\/li>\n<li>Concentra\u021bii de nicotin\u0103: 0%, 2%, 3%, 5%<\/li>\n<li>Flux de aer: Reglabil<\/li>\n<li>Op\u021biuni de arome: Sour Apple Raspberry, Peach Ice, Tropical Fruit, Strawberry Watermelon, Watermelon Ice, Grape Ice, Blueberry Ice, Blue Razz Ice, Strawberry Mango, Kiwi Pomegranate, Energy Drink, Strawberry Kiwi.<\/li>\n<\/ul>\n<h4>\u00ceNTREB\u0102RI FRECVENTE<\/h4>\n<h5>Cum \u00eembun\u0103t\u0103\u021be\u0219te fluxul de aer reglabil experien\u021ba mea de vapat?<\/h5>\n<p>Caracteristica fluxului de aer reglabil v\u0103 permite s\u0103 v\u0103 regla\u021bi fin tragerea, permi\u021b\u00e2ndu-v\u0103 s\u0103 comuta\u021bi \u00eentre o lovitur\u0103 str\u00e2ns\u0103, restr\u00e2ns\u0103 \u0219i o vape liber\u0103, aerisit\u0103. Aceast\u0103 personalizare ofer\u0103 o experien\u021b\u0103 personalizat\u0103, r\u0103spunz\u00e2nd diferitelor stiluri \u0219i preferin\u021be de vapare.<\/p>\n<h5>Ce metode de expediere sunt utilizate?<\/h5>\n<p>Suntem parteneri cu transportatori de top precum UPS, DHL, FedEx \u0219i DPD pentru a asigura o livrare prompt\u0103 \u0219i fiabil\u0103. Cea mai potrivit\u0103 metod\u0103 de expediere este selectat\u0103 \u00een func\u021bie de loca\u021bia de livrare.<\/p>\n<h5>C\u00e2t dureaz\u0103 de obicei expedierea?<\/h5>\n<p>Comanda dvs. va sosi \u00een termen de 7-15 zile lucr\u0103toare, de\u0219i livrarea se poate prelungi p\u00e2n\u0103 la 20 de zile lucr\u0103toare \u00een timpul s\u0103rb\u0103torilor sau al vremii nefavorabile.<\/p>\n<h5>Voi \u00eent\u00e2mpina probleme vamale sau taxe suplimentare?<\/h5>\n<p>Garant\u0103m o v\u0103muire f\u0103r\u0103 probleme pentru toate expedierile noastre, f\u0103r\u0103 taxe sau tarife suplimentare. Fi\u021bi siguri, 100% din produsele noastre sunt concepute pentru a trece vama f\u0103r\u0103 complica\u021bii.<\/p>\n<h5>Este achizi\u021bia mea sigur\u0103?<\/h5>\n<p>Accept\u0103m PayPal, oferind protec\u021bie cump\u0103r\u0103torului pentru tranzac\u021bii sigure. De asemenea, ne pute\u021bi verifica credibilitatea verific\u00e2nd recenziile clien\u021bilor no\u0219tri pe <a href=\"https:\/\/www.trustpilot.com\/review\/volovape.com?utm_medium=trustbox&amp;utm_source=TrustBoxReviewCollector\">TrustPilot<\/a>.<\/p>","protected":false},"excerpt":{"rendered":"<p>Extinde\u021bi-v\u0103 oferta de vape cu Bang King Double Crystal 20000 Puffs en-gros! 20.000 de pufuri, 25 ml, flux de aer reglabil, bobin\u0103 cu ochiuri de 1,0\u03a9. Stoc re\u00eenc\u0103rcabil, vapori de mare capacitate.<\/p>","protected":false},"featured_media":868,"comment_status":"open","ping_status":"closed","template":"","meta":[],"product_brand":[],"product_cat":[61,42,21,43,18,39,20,23,24,22,25,26,27,28,29,30,31,32,33,34,35,44,36,40],"product_tag":[],"class_list":{"0":"post-501","1":"product","2":"type-product","3":"status-publish","4":"has-post-thumbnail","6":"product_cat-bang","7":"product_cat-20000-puffs-disposable-vape","8":"product_cat-big-puffs-vapes","9":"product_cat-crystal-vapes","10":"product_cat-different-puffs-of-disposable-vapes","11":"product_cat-digital-box-vapes","12":"product_cat-disposable-vape-types","13":"product_cat-disposable-vapes-in-austria","14":"product_cat-disposable-vapes-in-belgium","15":"product_cat-disposable-vapes-in-europe","16":"product_cat-disposable-vapes-in-france","17":"product_cat-disposable-vapes-in-germany","18":"product_cat-disposable-vapes-in-hungary","19":"product_cat-disposable-vapes-in-ltaly","20":"product_cat-disposable-vapes-in-netherlands","21":"product_cat-disposable-vapes-in-norway","22":"product_cat-disposable-vapes-in-poland","23":"product_cat-disposable-vapes-in-portugal","24":"product_cat-disposable-vapes-in-spain","25":"product_cat-disposable-vapes-in-sweden","26":"product_cat-disposable-vapes-in-switzerland","27":"product_cat-dual-mesh-vapes","28":"product_cat-rechargeable-vapes","29":"product_cat-smart-screen-vapes","31":"first","32":"instock","33":"shipping-taxable","34":"purchasable","35":"product-type-variable","36":"has-default-attributes"},"jetpack_sharing_enabled":true,"tiered_pricing_type":"fixed","tiered_pricing_fixed_rules":{"2000":4.62999999999999989341858963598497211933135986328125},"tiered_pricing_product_settings":{"layout":"default","base_unit_name":{"singular":null,"plural":null},"default_variation":null},"tiered_pricing_minimum_quantity":1000,"tiered_pricing_roles_data":[],"tiered_pricing_percentage_rules":[],"tiered_pricing_maximum_quantity":null,"tiered_pricing_quantity_step":"10","_links":{"self":[{"href":"https:\/\/volovape.com\/ro\/wp-json\/wp\/v2\/product\/501","targetHints":{"allow":["GET"]}}],"collection":[{"href":"https:\/\/volovape.com\/ro\/wp-json\/wp\/v2\/product"}],"about":[{"href":"https:\/\/volovape.com\/ro\/wp-json\/wp\/v2\/types\/product"}],"replies":[{"embeddable":true,"href":"https:\/\/volovape.com\/ro\/wp-json\/wp\/v2\/comments?post=501"}],"wp:featuredmedia":[{"embeddable":true,"href":"https:\/\/volovape.com\/ro\/wp-json\/wp\/v2\/media\/868"}],"wp:attachment":[{"href":"https:\/\/volovape.com\/ro\/wp-json\/wp\/v2\/media?parent=501"}],"wp:term":[{"taxonomy":"product_brand","embeddable":true,"href":"https:\/\/volovape.com\/ro\/wp-json\/wp\/v2\/product_brand?post=501"},{"taxonomy":"product_cat","embeddable":true,"href":"https:\/\/volovape.com\/ro\/wp-json\/wp\/v2\/product_cat?post=501"},{"taxonomy":"product_tag","embeddable":true,"href":"https:\/\/volovape.com\/ro\/wp-json\/wp\/v2\/product_tag?post=501"}],"curies":[{"name":"wp","href":"https:\/\/api.w.org\/{rel}","templated":true}]}}