{"id":497,"date":"2024-11-21T03:30:08","date_gmt":"2024-11-21T03:30:08","guid":{"rendered":"https:\/\/volovape.com\/?post_type=product&#038;p=497"},"modified":"2025-08-20T02:44:41","modified_gmt":"2025-08-20T02:44:41","slug":"bang-king-15000-pufuri","status":"publish","type":"product","link":"https:\/\/volovape.com\/ro\/product\/bang-king-15000-puffs\/","title":{"rendered":"Bang King 15000 pufuri de unic\u0103 folosin\u021b\u0103 - re\u00eenc\u0103rcabil\u0103, flux de aer reglabil"},"content":{"rendered":"<p><strong>Bang King 15000 Puffs Vape de unic\u0103 folosin\u021b\u0103<\/strong> - Vaping personalizat cu op\u021biuni extinse de arome.<\/p>\n<p>The <strong>Bang King 15000 Puffs<\/strong> ofer\u0103 o experien\u021b\u0103 de vaping personalizabil\u0103 cu fluxul de aer reglabil, permi\u021b\u00e2ndu-v\u0103 s\u0103 comuta\u021bi \u00eentre stilurile MTL \u0219i DTL. Bucura\u021bi-v\u0103 de p\u00e2n\u0103 la <strong>15.000 de pufuri<\/strong>, un generos <strong>Capacitate de 25ml e-lichid<\/strong>, \u0219i o <strong>Baterie re\u00eenc\u0103rcabil\u0103 650mAh<\/strong> cu \u00eenc\u0103rcare Type-C. Alege\u021bi din <strong>Concentra\u021bii de nicotin\u0103 0%, 2%, 3% sau 5%<\/strong> pentru a se potrivi cu preferin\u021bele dvs. Cu 20 de arome diverse, inclusiv amestecuri unice precum iaurt cu c\u0103p\u0219uni \u0219i guava Kiwi Passion Fruit, acest dispozitiv satisface toate gusturile. Ideal pentru uz personal sau <strong>vape de unic\u0103 folosin\u021b\u0103 en-gros<\/strong>, a <strong>Bang King 15000<\/strong> ofer\u0103 at\u00e2t longevitate, c\u00e2t \u0219i versatilitate. Lua\u021bi \u00een considerare un <strong>comand\u0103 \u00een vrac<\/strong> pentru pre\u021buri competitive.<\/p>\n<h3><strong>Bang King 15000 Puffs Caracteristici:<\/strong><\/h3>\n<ul>\n<li>Puffs: P\u00e2n\u0103 la 15.000<\/li>\n<li>Capacitate E-liquid: 25ml<\/li>\n<li>Baterie: 650mAh (re\u00eenc\u0103rcabil\u0103)<\/li>\n<li>\u00cenc\u0103rcare: Tip-C<\/li>\n<li>Flux de aer: Reglabil<\/li>\n<li>Concentra\u021bii de nicotin\u0103: 0%, 2%, 3%, 5%<\/li>\n<li>20 de arome disponibile<\/li>\n<\/ul>\n<h4>\u00ceNTREB\u0102RI FRECVENTE<\/h4>\n<h5>Cum avantajeaz\u0103 fluxul de aer reglabil diferitele stiluri de vapat?<\/h5>\n<p>Fluxul de aer reglabil v\u0103 permite s\u0103 v\u0103 personaliza\u021bi tragerea, r\u0103spunz\u00e2nd at\u00e2t preferin\u021belor de vaping MTL (gur\u0103-la-pulmon), c\u00e2t \u0219i DTL (direct-la-pulmon). Un flux de aer mai str\u00e2ns imit\u0103 tragerea unei \u021big\u0103ri tradi\u021bionale, ideal pentru MTL, \u00een timp ce un flux de aer mai liber produce nori mai mari \u0219i este preferat pentru vaparea DTL.<\/p>\n<h5>Ce metode de expediere sunt utilizate pentru comenzile en-gros?<\/h5>\n<p>Suntem parteneri cu transportatori de \u00eencredere precum UPS, DHL, FedEx \u0219i DPD pentru a asigura o expediere sigur\u0103 \u0219i eficient\u0103 pentru toate comenzile en-gros. Cel mai bun transportator este ales \u00een func\u021bie de loca\u021bia dvs. \u0219i de m\u0103rimea comenzii.<\/p>\n<h5>C\u00e2t dureaz\u0103 de obicei expedierea?<\/h5>\n<p>Transportul dureaz\u0103 de obicei \u00eentre 7-15 zile lucr\u0103toare. V\u0103 rug\u0103m s\u0103 acorda\u021bi p\u00e2n\u0103 la 20 de zile lucr\u0103toare \u00een sezoanele de v\u00e2rf sau \u00een condi\u021bii meteorologice nefavorabile.<\/p>\n<h5>Voi \u00eent\u00e2mpina probleme vamale sau taxe suplimentare?<\/h5>\n<p>Ne ocup\u0103m de toate procesele de v\u0103muire pentru a asigura o livrare f\u0103r\u0103 probleme. Nu ve\u021bi suporta taxe sau tarife nea\u0219teptate \u0219i garant\u0103m v\u0103muirea 100% pentru toate expedierile.<\/p>\n<h5>Cum pot verifica fiabilitatea achizi\u021biei mele?<\/h5>\n<p>Oferim op\u021biuni de plat\u0103 sigur\u0103 prin PayPal, care include protec\u021bia cump\u0103r\u0103torului. De asemenea, pute\u021bi verifica recenziile clien\u021bilor no\u0219tri pe <a href=\"https:\/\/www.trustpilot.com\/review\/volovape.com?utm_medium=trustbox&amp;utm_source=TrustBoxReviewCollector\">TrustPilot<\/a> pentru a confirma angajamentul nostru fa\u021b\u0103 de calitate \u0219i servicii.<\/p>","protected":false},"excerpt":{"rendered":"<p>Maximiza\u021bi v\u00e2nz\u0103rile de vape cu Bang King 15000 Puffs en-gros! Flux de aer reglabil, 25 ml, re\u00eenc\u0103rcabil. Stoca\u021bi vapori personalizabili cu diverse op\u021biuni de nicotin\u0103 \u0219i arome.<\/p>","protected":false},"featured_media":809,"comment_status":"open","ping_status":"closed","template":"","meta":[],"product_brand":[],"product_cat":[61,41,21,18,20,23,24,22,25,26,27,28,29,30,31,32,33,34,35,36],"product_tag":[],"class_list":{"0":"post-497","1":"product","2":"type-product","3":"status-publish","4":"has-post-thumbnail","6":"product_cat-bang","7":"product_cat-15000-puffs-disposable-vape","8":"product_cat-big-puffs-vapes","9":"product_cat-different-puffs-of-disposable-vapes","10":"product_cat-disposable-vape-types","11":"product_cat-disposable-vapes-in-austria","12":"product_cat-disposable-vapes-in-belgium","13":"product_cat-disposable-vapes-in-europe","14":"product_cat-disposable-vapes-in-france","15":"product_cat-disposable-vapes-in-germany","16":"product_cat-disposable-vapes-in-hungary","17":"product_cat-disposable-vapes-in-ltaly","18":"product_cat-disposable-vapes-in-netherlands","19":"product_cat-disposable-vapes-in-norway","20":"product_cat-disposable-vapes-in-poland","21":"product_cat-disposable-vapes-in-portugal","22":"product_cat-disposable-vapes-in-spain","23":"product_cat-disposable-vapes-in-sweden","24":"product_cat-disposable-vapes-in-switzerland","25":"product_cat-rechargeable-vapes","27":"first","28":"instock","29":"shipping-taxable","30":"purchasable","31":"product-type-variable","32":"has-default-attributes"},"jetpack_sharing_enabled":true,"tiered_pricing_type":"fixed","tiered_pricing_fixed_rules":{"2000":3.520000000000000017763568394002504646778106689453125},"tiered_pricing_product_settings":{"layout":"default","base_unit_name":{"singular":null,"plural":null},"default_variation":null},"tiered_pricing_minimum_quantity":1000,"tiered_pricing_roles_data":[],"tiered_pricing_percentage_rules":[],"tiered_pricing_maximum_quantity":null,"tiered_pricing_quantity_step":"10","_links":{"self":[{"href":"https:\/\/volovape.com\/ro\/wp-json\/wp\/v2\/product\/497","targetHints":{"allow":["GET"]}}],"collection":[{"href":"https:\/\/volovape.com\/ro\/wp-json\/wp\/v2\/product"}],"about":[{"href":"https:\/\/volovape.com\/ro\/wp-json\/wp\/v2\/types\/product"}],"replies":[{"embeddable":true,"href":"https:\/\/volovape.com\/ro\/wp-json\/wp\/v2\/comments?post=497"}],"wp:featuredmedia":[{"embeddable":true,"href":"https:\/\/volovape.com\/ro\/wp-json\/wp\/v2\/media\/809"}],"wp:attachment":[{"href":"https:\/\/volovape.com\/ro\/wp-json\/wp\/v2\/media?parent=497"}],"wp:term":[{"taxonomy":"product_brand","embeddable":true,"href":"https:\/\/volovape.com\/ro\/wp-json\/wp\/v2\/product_brand?post=497"},{"taxonomy":"product_cat","embeddable":true,"href":"https:\/\/volovape.com\/ro\/wp-json\/wp\/v2\/product_cat?post=497"},{"taxonomy":"product_tag","embeddable":true,"href":"https:\/\/volovape.com\/ro\/wp-json\/wp\/v2\/product_tag?post=497"}],"curies":[{"name":"wp","href":"https:\/\/api.w.org\/{rel}","templated":true}]}}