{"id":496,"date":"2024-11-21T03:30:08","date_gmt":"2024-11-21T03:30:08","guid":{"rendered":"https:\/\/volovape.com\/?post_type=product&#038;p=496"},"modified":"2025-07-29T08:14:03","modified_gmt":"2025-07-29T08:14:03","slug":"vopk-cool-bar-9000-puffs","status":"publish","type":"product","link":"https:\/\/volovape.com\/ro\/product\/vopk-cool-bar-9000-puffs\/","title":{"rendered":"VOPK Cool Bar 9000 Puffs Vape de unic\u0103 folosin\u021b\u0103 - flux de aer reglabil, bobin\u0103 de 1.0\u03a9 Mesh"},"content":{"rendered":"<p><strong>VOPK Cool Bar 9000 Puffs Vape de unic\u0103 folosin\u021b\u0103<\/strong> - Vapare personalizat\u0103 cu flux de aer reglabil.<\/p>\n<p>Experimenta\u021bi vaparea personalizat\u0103 cu <strong>VOPK Cool Bar 9000 Puffs<\/strong>. Acest vape de unic\u0103 folosin\u021b\u0103 ofer\u0103 p\u00e2n\u0103 la <strong>9.000 de pufuri<\/strong>, a <strong>15ml capacitate e-lichid<\/strong>, \u0219i o <strong>Baterie re\u00eenc\u0103rcabil\u0103 600mAh<\/strong> pentru utilizare prelungit\u0103. Caracteristica sa remarcabil\u0103 este <strong>debit de aer reglabil<\/strong>, permi\u021b\u00e2ndu-v\u0103 s\u0103 comuta\u021bi \u00eentre stilurile de vaping MTL \u0219i DTL. Caracteristicile <strong>Bobin\u0103 cu ochiuri de 1,0\u03a9<\/strong> asigur\u0103 o arom\u0103 consistent\u0103 \u0219i un abur fin. Cu o <strong>Puterea nicotinei 3%<\/strong> \u0219i 10 arome r\u0103coritoare, acest dispozitiv ofer\u0103 o experien\u021b\u0103 satisf\u0103c\u0103toare. Ideal pentru uz personal sau <strong>vape de unic\u0103 folosin\u021b\u0103 en-gros<\/strong>, a <strong>VOPK Cool Bar 9000<\/strong> este proiectat pentru confort \u0219i personalizare. Lua\u021bi \u00een considerare un <strong>comand\u0103 \u00een vrac<\/strong> pentru pre\u021buri competitive.<\/p>\n<h3><strong>VOPK Cool Bar 9000 Puffs Caracteristici:<\/strong><\/h3>\n<ul>\n<li>Puffs: P\u00e2n\u0103 la 9,000<\/li>\n<li>Capacitate E-liquid: 15ml<\/li>\n<li>Baterie: 600mAh (re\u00eenc\u0103rcabil\u0103)<\/li>\n<li>\u00cenc\u0103rcare: Tip-C<\/li>\n<li>Bobin\u0103: 1.0\u03a9 Mesh Coil<\/li>\n<li>Flux de aer: Reglabil<\/li>\n<li>Puterea nicotinei: 3%<\/li>\n<li>10 arome disponibile<\/li>\n<\/ul>\n<h4>\u00ceNTREB\u0102RI FRECVENTE<\/h4>\n<h5>Cum \u00eembun\u0103t\u0103\u021be\u0219te fluxul de aer reglabil experien\u021ba mea de vapat?<\/h5>\n<p>Fluxul de aer reglabil v\u0103 permite s\u0103 v\u0103 personaliza\u021bi tragerea, oferind flexibilitate \u00eentre o tragere MTL (de la gur\u0103 la pl\u0103m\u00e2ni) mai str\u00e2ns\u0103, asem\u0103n\u0103toare unei \u021big\u0103ri \u0219i o tragere DTL (direct la pl\u0103m\u00e2ni) mai deschis\u0103, aerisit\u0103. Aceast\u0103 personalizare v\u0103 permite s\u0103 g\u0103si\u021bi echilibrul perfect de arom\u0103 \u0219i produc\u021bie de vapori pentru a se potrivi preferin\u021belor dvs.<\/p>\n<h5>Ce metode de expediere sunt utilizate?<\/h5>\n<p>Lucr\u0103m cu transportatori de \u00eencredere precum UPS, DHL, FedEx \u0219i DPD pentru a ne asigura c\u0103 comanda dvs. ajunge \u00een siguran\u021b\u0103 \u0219i prompt. Cea mai potrivit\u0103 metod\u0103 de expediere este selectat\u0103 \u00een func\u021bie de loca\u021bia dvs.<\/p>\n<h5>\u00cen c\u00e2t timp va sosi comanda mea?<\/h5>\n<p>Livrarea dureaz\u0103 de obicei 7-15 zile lucr\u0103toare. V\u0103 rug\u0103m s\u0103 \u021bine\u021bi cont de eventualele \u00eent\u00e2rzieri de p\u00e2n\u0103 la 20 de zile lucr\u0103toare \u00een timpul s\u0103rb\u0103torilor sau al condi\u021biilor meteorologice nefavorabile.<\/p>\n<h5>Exist\u0103 taxe vamale sau probleme de care ar trebui s\u0103 fiu con\u0219tient?<\/h5>\n<p>Gestion\u0103m toate procedurile de v\u0103muire pentru a garanta o livrare f\u0103r\u0103 complica\u021bii. Nu ve\u021bi suporta taxe sau impozite suplimentare, iar noi asigur\u0103m v\u0103muirea 100% pentru toate expedierile.<\/p>\n<h5>Achizi\u021bia mea este sigur\u0103 \u0219i fiabil\u0103?<\/h5>\n<p>Oferim op\u021biuni de plat\u0103 sigur\u0103 prin PayPal, care include protec\u021bia cump\u0103r\u0103torului. Pute\u021bi verifica, de asemenea, fiabilitatea noastr\u0103 prin revizuirea feedback-ului clien\u021bilor pe <a href=\"https:\/\/www.trustpilot.com\/review\/volovape.com?utm_medium=trustbox&amp;utm_source=TrustBoxReviewCollector\">TrustPilot<\/a>.<\/p>","protected":false},"excerpt":{"rendered":"<p>Cre\u0219te\u021bi v\u00e2nz\u0103rile de vape cu VOPK Cool Bar 9000 Puffs en-gros! Flux de aer reglabil, bobin\u0103 cu ochiuri de 1,0\u03a9, 15 ml, re\u00eenc\u0103rcabil\u0103. Oferi\u021bi vapori personalizabili cu arome r\u0103coritoare.<\/p>","protected":false},"featured_media":798,"comment_status":"open","ping_status":"closed","template":"","meta":[],"product_brand":[],"product_cat":[65,48,21,18,20,23,24,22,25,26,27,28,29,30,31,32,33,34,35,36],"product_tag":[],"class_list":{"0":"post-496","1":"product","2":"type-product","3":"status-publish","4":"has-post-thumbnail","6":"product_cat-vopk","7":"product_cat-9000-puffs-disposable-vape","8":"product_cat-big-puffs-vapes","9":"product_cat-different-puffs-of-disposable-vapes","10":"product_cat-disposable-vape-types","11":"product_cat-disposable-vapes-in-austria","12":"product_cat-disposable-vapes-in-belgium","13":"product_cat-disposable-vapes-in-europe","14":"product_cat-disposable-vapes-in-france","15":"product_cat-disposable-vapes-in-germany","16":"product_cat-disposable-vapes-in-hungary","17":"product_cat-disposable-vapes-in-ltaly","18":"product_cat-disposable-vapes-in-netherlands","19":"product_cat-disposable-vapes-in-norway","20":"product_cat-disposable-vapes-in-poland","21":"product_cat-disposable-vapes-in-portugal","22":"product_cat-disposable-vapes-in-spain","23":"product_cat-disposable-vapes-in-sweden","24":"product_cat-disposable-vapes-in-switzerland","25":"product_cat-rechargeable-vapes","27":"first","28":"instock","29":"shipping-taxable","30":"purchasable","31":"product-type-variable","32":"has-default-attributes"},"jetpack_sharing_enabled":true,"tiered_pricing_type":"fixed","tiered_pricing_fixed_rules":{"30":6.5,"50":6.4900000000000002131628207280300557613372802734375,"100":6.29000000000000003552713678800500929355621337890625,"200":5.78000000000000024868995751603506505489349365234375,"400":5.04000000000000003552713678800500929355621337890625},"tiered_pricing_product_settings":{"layout":"default","base_unit_name":{"singular":null,"plural":null},"default_variation":null},"tiered_pricing_minimum_quantity":10,"tiered_pricing_roles_data":[],"tiered_pricing_percentage_rules":[],"tiered_pricing_maximum_quantity":null,"tiered_pricing_quantity_step":"10","_links":{"self":[{"href":"https:\/\/volovape.com\/ro\/wp-json\/wp\/v2\/product\/496","targetHints":{"allow":["GET"]}}],"collection":[{"href":"https:\/\/volovape.com\/ro\/wp-json\/wp\/v2\/product"}],"about":[{"href":"https:\/\/volovape.com\/ro\/wp-json\/wp\/v2\/types\/product"}],"replies":[{"embeddable":true,"href":"https:\/\/volovape.com\/ro\/wp-json\/wp\/v2\/comments?post=496"}],"wp:featuredmedia":[{"embeddable":true,"href":"https:\/\/volovape.com\/ro\/wp-json\/wp\/v2\/media\/798"}],"wp:attachment":[{"href":"https:\/\/volovape.com\/ro\/wp-json\/wp\/v2\/media?parent=496"}],"wp:term":[{"taxonomy":"product_brand","embeddable":true,"href":"https:\/\/volovape.com\/ro\/wp-json\/wp\/v2\/product_brand?post=496"},{"taxonomy":"product_cat","embeddable":true,"href":"https:\/\/volovape.com\/ro\/wp-json\/wp\/v2\/product_cat?post=496"},{"taxonomy":"product_tag","embeddable":true,"href":"https:\/\/volovape.com\/ro\/wp-json\/wp\/v2\/product_tag?post=496"}],"curies":[{"name":"wp","href":"https:\/\/api.w.org\/{rel}","templated":true}]}}