{"id":495,"date":"2024-11-21T03:30:07","date_gmt":"2024-11-21T03:30:07","guid":{"rendered":"https:\/\/volovape.com\/?post_type=product&#038;p=495"},"modified":"2025-12-02T13:15:47","modified_gmt":"2025-12-02T13:15:47","slug":"bang-25000-pufuri","status":"publish","type":"product","link":"https:\/\/volovape.com\/ro\/product\/bang-25000-puffs\/","title":{"rendered":"Bang 25000 Puffs Vap\u0103 de unic\u0103 folosin\u021b\u0103 - 1.0\u03a9 bobin\u0103 Mesh, re\u00eenc\u0103rcabil\u0103, display"},"content":{"rendered":"<p><iframe title=\"VideoPress Player video\" aria-label='VideoPress Player video' width='500' height='281' src='https:\/\/videopress.com\/embed\/Hmr9nGsM?hd=0&amp;cover=1' frameborder='0' allowfullscreen allow='clipboard-write'><\/iframe><script src='https:\/\/v0.wordpress.com\/js\/next\/videopress-iframe.js?m=1739540970'><\/script><\/p>\n<p><strong>Bang 25000 Puffs Vape de unic\u0103 folosin\u021b\u0103<\/strong> - Experimenta\u021bi o longevitate \u0219i un gust de neegalat.<\/p>\n<p>The <strong>Bang 25000 Puffs<\/strong> stabile\u0219te un nou standard pentru vapoarele de unic\u0103 folosin\u021b\u0103, oferind p\u00e2n\u0103 la <strong>25.000 de pufuri<\/strong> cu un masiv <strong>Capacitate de 25ml e-lichid<\/strong>. Bucura\u021bi-v\u0103 de o arom\u0103 consistent\u0103 \u0219i bogat\u0103 datorit\u0103 <strong>Bobin\u0103 cu ochiuri de 1,0\u03a9<\/strong>, \u0219i r\u0103m\u00e2ne\u021bi informat cu ajutorul afi\u0219ajului integrat care arat\u0103 nivelul bateriei \u0219i al e-lichidului. Alege\u021bi concentra\u021bia de nicotin\u0103 preferat\u0103 din <strong>0%, 2%, 3% sau 5%<\/strong>. Acest dispozitiv este alimentat de un <strong>Baterie re\u00eenc\u0103rcabil\u0103 650mAh<\/strong> cu <strong>\u00cenc\u0103rcare de tip C<\/strong>, asigur\u00e2nd fiabilitate \u0219i confort. Perfect pentru uz personal sau <strong>vape de unic\u0103 folosin\u021b\u0103 en-gros<\/strong>, a <strong>Bang 25000 Puffs<\/strong> ofer\u0103 o valoare excep\u021bional\u0103 \u0219i o experien\u021b\u0103 de vapat premium. Explora\u021bi 12 arome unice \u0219i lua\u021bi \u00een considerare o <strong>comand\u0103 \u00een vrac<\/strong> pentru nevoile tale de vaping.<\/p>\n<h3><strong>Bang 25000 Puffs Caracteristici:<\/strong><\/h3>\n<ul>\n<li>Puffs: P\u00e2n\u0103 la 25,000<\/li>\n<li>Capacitate E-liquid: 25ml<\/li>\n<li>Baterie: 650mAh (re\u00eenc\u0103rcabil\u0103)<\/li>\n<li>\u00cenc\u0103rcare: Tip-C<\/li>\n<li>Bobin\u0103: 1.0\u03a9 Mesh Coil<\/li>\n<li>Afi\u0219aj: Afi\u0219aj integrat (nivel baterie \u0219i E-liquid)<\/li>\n<li>Concentra\u021bii de nicotin\u0103: 0%, 2%, 3%, 5%<\/li>\n<li>12 arome disponibile<\/li>\n<\/ul>\n<h4>\u00ceNTREB\u0102RI FRECVENTE<\/h4>\n<h5>Care este avantajul ecranului de afi\u0219are?<\/h5>\n<p>Ecranul integrat v\u0103 permite s\u0103 monitoriza\u021bi \u00een timp real bateria r\u0103mas\u0103 \u0219i nivelurile de e-lichid, elimin\u00e2nd presupunerile \u0219i asigur\u00e2ndu-v\u0103 c\u0103 nu sunte\u021bi niciodat\u0103 prins cu garda jos. Este o caracteristic\u0103 cheie pentru a v\u0103 maximiza experien\u021ba de vapat \u0219i pentru a v\u0103 bucura de fiecare ultim fum.<\/p>\n<h5>Ce metode de expediere sunt utilizate?<\/h5>\n<p>Suntem parteneri cu transportatori de top precum UPS, DHL, FedEx \u0219i DPD pentru a oferi o expediere fiabil\u0103 \u0219i eficient\u0103. Select\u0103m cel mai potrivit transportator \u00een func\u021bie de loca\u021bia dvs. pentru a asigura o livrare rapid\u0103.<\/p>\n<h5>C\u00e2t timp dureaz\u0103 s\u0103 ajung\u0103?<\/h5>\n<p>De obicei, livrarea dureaz\u0103 \u00eentre 7-15 zile lucr\u0103toare. V\u0103 rug\u0103m s\u0103 acorda\u021bi p\u00e2n\u0103 la 20 de zile lucr\u0103toare \u00een timpul s\u0103rb\u0103torilor sau al condi\u021biilor meteorologice nefavorabile.<\/p>\n<h5>Voi \u00eent\u00e2mpina probleme vamale sau taxe suplimentare?<\/h5>\n<p>Ne ocup\u0103m de toate procesele de v\u0103muire, garant\u00e2nd o livrare f\u0103r\u0103 probleme, f\u0103r\u0103 taxe sau taxe nea\u0219teptate. Fi\u021bi siguri c\u0103 100% dintre expedierile noastre trec vama f\u0103r\u0103 probleme.<\/p>\n<h5>Pot avea \u00eencredere \u00een calitate \u0219i servicii?<\/h5>\n<p>Oferim op\u021biuni de plat\u0103 sigur\u0103 prin PayPal, care include protec\u021bia cump\u0103r\u0103torului. De asemenea, pute\u021bi verifica fiabilitatea noastr\u0103 citind recenziile clien\u021bilor pe <a href=\"https:\/\/www.trustpilot.com\/review\/volovape.com?utm_medium=trustbox&amp;utm_source=TrustBoxReviewCollector\">TrustPilot<\/a>.<\/p>","protected":false},"excerpt":{"rendered":"<p>R\u0103sf\u0103\u021ba\u021bi-v\u0103 cu o vaporizare prelungit\u0103 \u0219i aromat\u0103 cu Bang 25000 Puffs. Afi\u0219aj u\u0219or de utilizat, ochiuri de 1,0\u03a9, 25ml, re\u00eenc\u0103rcabil. Perfect pentru uz personal sau en-gros, cu diverse op\u021biuni de nicotin\u0103.<\/p>","protected":false},"featured_media":786,"comment_status":"open","ping_status":"closed","template":"","meta":[],"product_brand":[],"product_cat":[61,45,21,18,39,20,23,24,22,25,26,27,28,29,30,31,32,33,34,35,44,36,40],"product_tag":[],"class_list":{"0":"post-495","1":"product","2":"type-product","3":"status-publish","4":"has-post-thumbnail","6":"product_cat-bang","7":"product_cat-25000-puffs-disposable-vape","8":"product_cat-big-puffs-vapes","9":"product_cat-different-puffs-of-disposable-vapes","10":"product_cat-digital-box-vapes","11":"product_cat-disposable-vape-types","12":"product_cat-disposable-vapes-in-austria","13":"product_cat-disposable-vapes-in-belgium","14":"product_cat-disposable-vapes-in-europe","15":"product_cat-disposable-vapes-in-france","16":"product_cat-disposable-vapes-in-germany","17":"product_cat-disposable-vapes-in-hungary","18":"product_cat-disposable-vapes-in-ltaly","19":"product_cat-disposable-vapes-in-netherlands","20":"product_cat-disposable-vapes-in-norway","21":"product_cat-disposable-vapes-in-poland","22":"product_cat-disposable-vapes-in-portugal","23":"product_cat-disposable-vapes-in-spain","24":"product_cat-disposable-vapes-in-sweden","25":"product_cat-disposable-vapes-in-switzerland","26":"product_cat-dual-mesh-vapes","27":"product_cat-rechargeable-vapes","28":"product_cat-smart-screen-vapes","30":"first","31":"instock","32":"shipping-taxable","33":"purchasable","34":"product-type-variable","35":"has-default-attributes"},"jetpack_sharing_enabled":true,"tiered_pricing_type":"fixed","tiered_pricing_fixed_rules":{"30":7.160000000000000142108547152020037174224853515625,"50":6.910000000000000142108547152020037174224853515625,"100":6.1699999999999999289457264239899814128875732421875,"200":5.79999999999999982236431605997495353221893310546875,"400":5.30999999999999960920149533194489777088165283203125},"tiered_pricing_product_settings":{"layout":"default","base_unit_name":{"singular":null,"plural":null},"default_variation":null},"tiered_pricing_minimum_quantity":10,"tiered_pricing_roles_data":[],"tiered_pricing_percentage_rules":[],"tiered_pricing_maximum_quantity":null,"tiered_pricing_quantity_step":"10","_links":{"self":[{"href":"https:\/\/volovape.com\/ro\/wp-json\/wp\/v2\/product\/495","targetHints":{"allow":["GET"]}}],"collection":[{"href":"https:\/\/volovape.com\/ro\/wp-json\/wp\/v2\/product"}],"about":[{"href":"https:\/\/volovape.com\/ro\/wp-json\/wp\/v2\/types\/product"}],"replies":[{"embeddable":true,"href":"https:\/\/volovape.com\/ro\/wp-json\/wp\/v2\/comments?post=495"}],"wp:featuredmedia":[{"embeddable":true,"href":"https:\/\/volovape.com\/ro\/wp-json\/wp\/v2\/media\/786"}],"wp:attachment":[{"href":"https:\/\/volovape.com\/ro\/wp-json\/wp\/v2\/media?parent=495"}],"wp:term":[{"taxonomy":"product_brand","embeddable":true,"href":"https:\/\/volovape.com\/ro\/wp-json\/wp\/v2\/product_brand?post=495"},{"taxonomy":"product_cat","embeddable":true,"href":"https:\/\/volovape.com\/ro\/wp-json\/wp\/v2\/product_cat?post=495"},{"taxonomy":"product_tag","embeddable":true,"href":"https:\/\/volovape.com\/ro\/wp-json\/wp\/v2\/product_tag?post=495"}],"curies":[{"name":"wp","href":"https:\/\/api.w.org\/{rel}","templated":true}]}}