{"id":492,"date":"2024-11-21T03:30:07","date_gmt":"2024-11-21T03:30:07","guid":{"rendered":"https:\/\/volovape.com\/?post_type=product&#038;p=492"},"modified":"2025-07-26T06:14:36","modified_gmt":"2025-07-26T06:14:36","slug":"vopk-tornado-15000-pufuri","status":"publish","type":"product","link":"https:\/\/volovape.com\/ro\/product\/vopk-tornado-15000-puffs\/","title":{"rendered":"VOPK TORNADO 15000 Puffs Vape de unic\u0103 folosin\u021b\u0103 - re\u00eenc\u0103rcabil\u0103, 1.0\u03a9 Mesh Coil"},"content":{"rendered":"<p><iframe title=\"VideoPress Player video\" aria-label='VideoPress Player video' width='421' height='750' src='https:\/\/videopress.com\/embed\/IVRVhbGH?hd=0&amp;cover=1' frameborder='0' allowfullscreen allow='clipboard-write'><\/iframe><script src='https:\/\/v0.wordpress.com\/js\/next\/videopress-iframe.js?m=1739540970'><\/script><\/p>\n<p><strong>VOPK TORNADO 15000 Puffs Vape de unic\u0103 folosin\u021b\u0103<\/strong> - Vaping prelungit cu tehnologia Smooth Mesh Coil.<\/p>\n<p>The <strong>VOPK TORNADO 15000 Puffs<\/strong> vape de unic\u0103 folosin\u021b\u0103 ofer\u0103 o experien\u021b\u0103 de vaporizare excep\u021bional\u0103 cu p\u00e2n\u0103 la 15.000 de pufuri \u0219i un rezervor masiv de e-lichid de 25mL. Dispun\u00e2nd de o baterie re\u00eenc\u0103rcabil\u0103 de 850mAh \u0219i de o bobin\u0103 cu ochiuri de 1,0\u03a9, acest dispozitiv asigur\u0103 \u00een mod constant un abur fin \u0219i aromat. Alege\u021bi din concentra\u021biile de nicotin\u0103 0%, 2%, 3% sau 5% \u0219i bucura\u021bi-v\u0103 de 10 arome distincte. Designul s\u0103u portabil \u0219i f\u0103r\u0103 \u00eentre\u021binere \u00eel face perfect pentru uz personal \u0219i <strong>vape de unic\u0103 folosin\u021b\u0103 en-gros<\/strong> sau <strong>comenzi \u00een vrac<\/strong>.<\/p>\n<h3><strong>VOPK TORNADO 15000 Puffs Caracteristici:<\/strong><\/h3>\n<ul>\n<li>Puffs: P\u00e2n\u0103 la 15.000<\/li>\n<li>Capacitate E-liquid: 25mL<\/li>\n<li>Baterie: 850mAh (re\u00eenc\u0103rcabil\u0103)<\/li>\n<li>\u00cenc\u0103rcare: Tip-C<\/li>\n<li>Bobin\u0103: 1.0\u03a9 Mesh Coil<\/li>\n<li>Concentra\u021bii de nicotin\u0103: 0%, 2%, 3%, 5%<\/li>\n<li>10 arome unice<\/li>\n<\/ul>\n<h4>\u00ceNTREB\u0102RI FRECVENTE<\/h4>\n<h5>Ce op\u021biuni de expediere sunt disponibile?<\/h5>\n<p>Lucr\u0103m cu o varietate de transportatori pentru a oferi op\u021biuni de transport fiabile. Cea mai potrivit\u0103 metod\u0103 este aleas\u0103 \u00een func\u021bie de loca\u021bia dvs. pentru a asigura livrarea la timp a <strong>vape de unic\u0103 folosin\u021b\u0103<\/strong> produse. V\u0103 rug\u0103m s\u0103 fi\u021bi con\u0219tien\u021bi de faptul c\u0103, din cauza reglement\u0103rilor, transportul maritim al produselor de vapat a devenit mai restric\u021bionat \u0219i c\u0103 serviciile de la transportatori precum UPS, DHL \u0219i FedEx nu mai sunt disponibile.<\/p>\n<h5>C\u00e2t dureaz\u0103 de obicei livrarea standard?<\/h5>\n<p>Livrarea standard dureaz\u0103 \u00een general 7-15 zile lucr\u0103toare. V\u0103 rug\u0103m s\u0103 \u021bine\u021bi cont de eventualele \u00eent\u00e2rzieri \u00een timpul s\u0103rb\u0103torilor sau din cauza condi\u021biilor meteorologice nefavorabile, care pot prelungi timpul de livrare cu p\u00e2n\u0103 la 20 de zile lucr\u0103toare.<\/p>\n<h5>Sunt gestionate procedurile vamale?<\/h5>\n<p>Ne ocup\u0103m de procedurile vamale necesare pentru a asigura un proces de livrare f\u0103r\u0103 probleme. Scopul nostru este de a minimiza orice probleme poten\u021biale, cu toate acestea, v\u0103 rug\u0103m s\u0103 fi\u021bi con\u0219tien\u021bi de faptul c\u0103, din cauza situa\u021biilor juridice din jurul produselor de vaping, c\u0103 \u00een orice moment, c\u0103 agen\u021biile vamale pot opri sau \u00eenceta un pachet, \u0219i c\u0103 aceast\u0103 situa\u021bie ar fi \u00een afara controlului nostru.<\/p>\n<h5>Cum \u00eembun\u0103t\u0103\u021be\u0219te bobina cu ochiuri de 1,0\u03a9 experien\u021ba de vapat?<\/h5>\n<p>Bobina cu ochiuri de 1,0\u03a9 ofer\u0103 o suprafa\u021b\u0103 de \u00eenc\u0103lzire echilibrat\u0103, asigur\u00e2nd \u00eenc\u0103lzirea constant\u0103 \u0219i uniform\u0103 a e-lichidului. Acest design \u00eembun\u0103t\u0103\u021be\u0219te livrarea aromei \u0219i produce vapori netezi \u0219i satisf\u0103c\u0103tori, oferind o experien\u021b\u0103 de vaping premium cu arom\u0103 \u0219i produc\u021bie de vapori constante.<\/p>\n<h5>Este achizi\u021bia mea sigur\u0103?<\/h5>\n<p>Oferim op\u021biuni de plat\u0103 sigure, \u00een special prin platforme precum Paypal, care asigur\u0103 protec\u021bia cump\u0103r\u0103torului. \u00cen timp ce recenziile pot ajuta la luarea deciziilor de cump\u0103rare, noi nu ne conect\u0103m direct la acestea.<\/p>","protected":false},"excerpt":{"rendered":"<p>\u00cenv\u00e2rte \u00een aroma de durat\u0103 cu VOPK TORNADO 15000 Puffs. Plas\u0103 de 1,0\u03a9, 25ml, re\u00eenc\u0103rcabil\u0103 850mAh. Ideal pentru uz personal sau en-gros \u00een vrac, cu op\u021biuni variate de nicotin\u0103.<\/p>","protected":false},"featured_media":751,"comment_status":"open","ping_status":"closed","template":"","meta":[],"product_brand":[],"product_cat":[65,41,21,18,20,23,24,22,25,26,27,28,29,30,31,32,33,34,35,36,40],"product_tag":[],"class_list":{"0":"post-492","1":"product","2":"type-product","3":"status-publish","4":"has-post-thumbnail","6":"product_cat-vopk","7":"product_cat-15000-puffs-disposable-vape","8":"product_cat-big-puffs-vapes","9":"product_cat-different-puffs-of-disposable-vapes","10":"product_cat-disposable-vape-types","11":"product_cat-disposable-vapes-in-austria","12":"product_cat-disposable-vapes-in-belgium","13":"product_cat-disposable-vapes-in-europe","14":"product_cat-disposable-vapes-in-france","15":"product_cat-disposable-vapes-in-germany","16":"product_cat-disposable-vapes-in-hungary","17":"product_cat-disposable-vapes-in-ltaly","18":"product_cat-disposable-vapes-in-netherlands","19":"product_cat-disposable-vapes-in-norway","20":"product_cat-disposable-vapes-in-poland","21":"product_cat-disposable-vapes-in-portugal","22":"product_cat-disposable-vapes-in-spain","23":"product_cat-disposable-vapes-in-sweden","24":"product_cat-disposable-vapes-in-switzerland","25":"product_cat-rechargeable-vapes","26":"product_cat-smart-screen-vapes","28":"first","29":"instock","30":"shipping-taxable","31":"purchasable","32":"product-type-variable","33":"has-default-attributes"},"jetpack_sharing_enabled":true,"tiered_pricing_type":"fixed","tiered_pricing_fixed_rules":{"30":6.62000000000000010658141036401502788066864013671875,"50":6.19000000000000039079850466805510222911834716796875,"100":5.87999999999999989341858963598497211933135986328125,"200":5.67999999999999971578290569595992565155029296875,"400":4.87999999999999989341858963598497211933135986328125},"tiered_pricing_product_settings":{"layout":"default","base_unit_name":{"singular":null,"plural":null},"default_variation":null},"tiered_pricing_minimum_quantity":10,"tiered_pricing_roles_data":[],"tiered_pricing_percentage_rules":[],"tiered_pricing_maximum_quantity":null,"tiered_pricing_quantity_step":"10","_links":{"self":[{"href":"https:\/\/volovape.com\/ro\/wp-json\/wp\/v2\/product\/492","targetHints":{"allow":["GET"]}}],"collection":[{"href":"https:\/\/volovape.com\/ro\/wp-json\/wp\/v2\/product"}],"about":[{"href":"https:\/\/volovape.com\/ro\/wp-json\/wp\/v2\/types\/product"}],"replies":[{"embeddable":true,"href":"https:\/\/volovape.com\/ro\/wp-json\/wp\/v2\/comments?post=492"}],"wp:featuredmedia":[{"embeddable":true,"href":"https:\/\/volovape.com\/ro\/wp-json\/wp\/v2\/media\/751"}],"wp:attachment":[{"href":"https:\/\/volovape.com\/ro\/wp-json\/wp\/v2\/media?parent=492"}],"wp:term":[{"taxonomy":"product_brand","embeddable":true,"href":"https:\/\/volovape.com\/ro\/wp-json\/wp\/v2\/product_brand?post=492"},{"taxonomy":"product_cat","embeddable":true,"href":"https:\/\/volovape.com\/ro\/wp-json\/wp\/v2\/product_cat?post=492"},{"taxonomy":"product_tag","embeddable":true,"href":"https:\/\/volovape.com\/ro\/wp-json\/wp\/v2\/product_tag?post=492"}],"curies":[{"name":"wp","href":"https:\/\/api.w.org\/{rel}","templated":true}]}}