{"id":491,"date":"2024-11-21T03:30:07","date_gmt":"2024-11-21T03:30:07","guid":{"rendered":"https:\/\/volovape.com\/?post_type=product&#038;p=491"},"modified":"2025-07-08T04:50:17","modified_gmt":"2025-07-08T04:50:17","slug":"bang-shisha-15000-pufuri","status":"publish","type":"product","link":"https:\/\/volovape.com\/ro\/product\/bang-shisha-15000-puffs\/","title":{"rendered":"Bang SHISHA 15000 Puffs XXL Vape de unic\u0103 folosin\u021b\u0103 - 0.6\u03a9 Mesh Coil, re\u00eenc\u0103rcabil\u0103"},"content":{"rendered":"<p><strong>Bang SHISHA 15000 Puffs XXL Vap\u0103 de unic\u0103 folosin\u021b\u0103<\/strong> - Arome inspirate de narghilea cu bobin\u0103 de plas\u0103 puternic\u0103.<\/p>\n<p>Experimenta\u021bi aromele bogate \u0219i suave ale shishei tradi\u021bionale \u00eentr-un format convenabil de unic\u0103 folosin\u021b\u0103 cu <strong>Bang SHISHA 15000 Puffs XXL<\/strong>. Acest dispozitiv are o capacitate impresionant\u0103 de 15.000 de pufuri, un rezervor de e-lichid de 25mL \u0219i o baterie re\u00eenc\u0103rcabil\u0103 de 650mAh. Bobina cu ochiuri de 0,6\u03a9 este optimizat\u0103 pentru nori densi \u0219i arom\u0103 bogat\u0103, replic\u00e2nd experien\u021ba narghilea autentic\u0103. Alege\u021bi din concentra\u021biile de nicotin\u0103 0%, 2% sau 5% \u0219i bucura\u021bi-v\u0103 de 12 arome inspirate de shisha. Ideal pentru uz personal \u0219i <strong>vape de unic\u0103 folosin\u021b\u0103 en-gros<\/strong> sau <strong>comenzi \u00een vrac<\/strong>.<\/p>\n<h3><strong>Bang SHISHA 15000 Puffs XXL Caracteristici:<\/strong><\/h3>\n<ul>\n<li>Puffs: P\u00e2n\u0103 la 15.000<\/li>\n<li>Capacitate E-liquid: 25mL<\/li>\n<li>Baterie: 650mAh (re\u00eenc\u0103rcabil\u0103)<\/li>\n<li>\u00cenc\u0103rcare: Tip-C<\/li>\n<li>Bobin\u0103: 0.6\u03a9 Mesh Coil<\/li>\n<li>Concentra\u021bii de nicotin\u0103: 0%, 2%, 5%<\/li>\n<li>12 arome inspirate de Shisha<\/li>\n<\/ul>\n<h4>\u00ceNTREB\u0102RI FRECVENTE<\/h4>\n<h5>Ce op\u021biuni de expediere sunt disponibile?<\/h5>\n<p>Lucr\u0103m cu o varietate de transportatori pentru a oferi op\u021biuni de transport fiabile. Cea mai potrivit\u0103 metod\u0103 este aleas\u0103 \u00een func\u021bie de loca\u021bia dvs. pentru a asigura livrarea la timp a <strong>vape de unic\u0103 folosin\u021b\u0103<\/strong> produse. V\u0103 rug\u0103m s\u0103 fi\u021bi con\u0219tien\u021bi de faptul c\u0103, din cauza reglement\u0103rilor, transportul maritim al produselor de vapat a devenit mai restric\u021bionat \u0219i c\u0103 serviciile de la transportatori precum UPS, DHL \u0219i FedEx nu mai sunt disponibile.<\/p>\n<h5>C\u00e2t dureaz\u0103 de obicei livrarea standard?<\/h5>\n<p>Livrarea standard dureaz\u0103 \u00een general 7-15 zile lucr\u0103toare. V\u0103 rug\u0103m s\u0103 \u021bine\u021bi cont de eventualele \u00eent\u00e2rzieri \u00een timpul s\u0103rb\u0103torilor sau din cauza condi\u021biilor meteorologice nefavorabile, care pot prelungi timpul de livrare cu p\u00e2n\u0103 la 20 de zile lucr\u0103toare.<\/p>\n<h5>Sunt gestionate procedurile vamale?<\/h5>\n<p>Ne ocup\u0103m de procedurile vamale necesare pentru a asigura un proces de livrare f\u0103r\u0103 probleme. Scopul nostru este de a minimiza orice probleme poten\u021biale, cu toate acestea, v\u0103 rug\u0103m s\u0103 fi\u021bi con\u0219tien\u021bi de faptul c\u0103, din cauza situa\u021biilor juridice din jurul produselor de vaping, c\u0103 \u00een orice moment, c\u0103 agen\u021biile vamale pot opri sau \u00eenceta un pachet, \u0219i c\u0103 aceast\u0103 situa\u021bie ar fi \u00een afara controlului nostru.<\/p>\n<h5>Cum \u00eembun\u0103t\u0103\u021be\u0219te bobina cu ochiuri de 0,6\u03a9 experien\u021ba de vapat asem\u0103n\u0103toare shisha?<\/h5>\n<p>Bobina cu ochiuri de 0,6\u03a9 este special conceput\u0103 pentru a produce nori mai mari \u0219i mai densi \u0219i pentru a oferi arome bogate \u0219i intense, replic\u00e2nd tragerea lin\u0103 \u0219i satisf\u0103c\u0103toare a unei narghilele tradi\u021bionale. Aceast\u0103 bobin\u0103 optimizeaz\u0103 produc\u021bia de vapori \u0219i livrarea de arome, oferind o experien\u021b\u0103 shisha autentic\u0103.<\/p>\n<h5>Este achizi\u021bia mea sigur\u0103?<\/h5>\n<p>Oferim op\u021biuni de plat\u0103 sigure, \u00een special prin platforme precum Paypal, care asigur\u0103 protec\u021bia cump\u0103r\u0103torului. \u00cen timp ce recenziile pot ajuta la luarea deciziilor de cump\u0103rare, noi nu ne conect\u0103m direct la acestea.<\/p>","protected":false},"excerpt":{"rendered":"<p>R\u0103sf\u0103\u021ba\u021bi-v\u0103 cu arome de shisha pe drum cu Bang SHISHA 15000 Puffs XXL. Plas\u0103 de 0,6\u03a9, 25ml, re\u00eenc\u0103rcabil\u0103. Perfect pentru uz personal sau en-gros, oferind pl\u0103cere autentic\u0103 de shisha.<\/p>","protected":false},"featured_media":734,"comment_status":"open","ping_status":"closed","template":"","meta":[],"product_brand":[],"product_cat":[41,61,21,18,20,23,24,22,25,26,27,28,29,30,31,32,33,34,35,36,47],"product_tag":[],"class_list":{"0":"post-491","1":"product","2":"type-product","3":"status-publish","4":"has-post-thumbnail","6":"product_cat-15000-puffs-disposable-vape","7":"product_cat-bang","8":"product_cat-big-puffs-vapes","9":"product_cat-different-puffs-of-disposable-vapes","10":"product_cat-disposable-vape-types","11":"product_cat-disposable-vapes-in-austria","12":"product_cat-disposable-vapes-in-belgium","13":"product_cat-disposable-vapes-in-europe","14":"product_cat-disposable-vapes-in-france","15":"product_cat-disposable-vapes-in-germany","16":"product_cat-disposable-vapes-in-hungary","17":"product_cat-disposable-vapes-in-ltaly","18":"product_cat-disposable-vapes-in-netherlands","19":"product_cat-disposable-vapes-in-norway","20":"product_cat-disposable-vapes-in-poland","21":"product_cat-disposable-vapes-in-portugal","22":"product_cat-disposable-vapes-in-spain","23":"product_cat-disposable-vapes-in-sweden","24":"product_cat-disposable-vapes-in-switzerland","25":"product_cat-rechargeable-vapes","26":"product_cat-shisha-hookah-vapes","28":"first","29":"instock","30":"shipping-taxable","31":"purchasable","32":"product-type-variable","33":"has-default-attributes"},"jetpack_sharing_enabled":true,"tiered_pricing_type":"fixed","tiered_pricing_fixed_rules":{"2000":4.9900000000000002131628207280300557613372802734375},"tiered_pricing_product_settings":{"layout":"default","base_unit_name":{"singular":null,"plural":null},"default_variation":null},"tiered_pricing_minimum_quantity":1000,"tiered_pricing_roles_data":[],"tiered_pricing_percentage_rules":[],"tiered_pricing_maximum_quantity":null,"tiered_pricing_quantity_step":"10","_links":{"self":[{"href":"https:\/\/volovape.com\/ro\/wp-json\/wp\/v2\/product\/491","targetHints":{"allow":["GET"]}}],"collection":[{"href":"https:\/\/volovape.com\/ro\/wp-json\/wp\/v2\/product"}],"about":[{"href":"https:\/\/volovape.com\/ro\/wp-json\/wp\/v2\/types\/product"}],"replies":[{"embeddable":true,"href":"https:\/\/volovape.com\/ro\/wp-json\/wp\/v2\/comments?post=491"}],"wp:featuredmedia":[{"embeddable":true,"href":"https:\/\/volovape.com\/ro\/wp-json\/wp\/v2\/media\/734"}],"wp:attachment":[{"href":"https:\/\/volovape.com\/ro\/wp-json\/wp\/v2\/media?parent=491"}],"wp:term":[{"taxonomy":"product_brand","embeddable":true,"href":"https:\/\/volovape.com\/ro\/wp-json\/wp\/v2\/product_brand?post=491"},{"taxonomy":"product_cat","embeddable":true,"href":"https:\/\/volovape.com\/ro\/wp-json\/wp\/v2\/product_cat?post=491"},{"taxonomy":"product_tag","embeddable":true,"href":"https:\/\/volovape.com\/ro\/wp-json\/wp\/v2\/product_tag?post=491"}],"curies":[{"name":"wp","href":"https:\/\/api.w.org\/{rel}","templated":true}]}}