{"id":489,"date":"2024-11-21T03:30:07","date_gmt":"2024-11-21T03:30:07","guid":{"rendered":"https:\/\/volovape.com\/?post_type=product&#038;p=489"},"modified":"2025-06-20T03:18:00","modified_gmt":"2025-06-20T03:18:00","slug":"bang-9000-pufuri","status":"publish","type":"product","link":"https:\/\/volovape.com\/ro\/product\/bang-9000-puffs\/","title":{"rendered":"Bang 9000 Puffs Vape de unic\u0103 folosin\u021b\u0103 - re\u00eenc\u0103rcabil\u0103, 1.1\u03a9 Mesh Coil"},"content":{"rendered":"<p><strong>Bang 9000 Puffs Vape de unic\u0103 folosin\u021b\u0103<\/strong> - Performan\u021b\u0103 fiabil\u0103 cu tehnologia Smooth Mesh Coil.<\/p>\n<p>The <strong>Bang 9000 Puffs<\/strong> vape de unic\u0103 folosin\u021b\u0103 ofer\u0103 o experien\u021b\u0103 de vaporizare convenabil\u0103 \u0219i extins\u0103 cu p\u00e2n\u0103 la 9.000 de pufuri \u0219i un rezervor de e-lichid de 16mL. Dispun\u00e2nd de o baterie re\u00eenc\u0103rcabil\u0103 de 550mAh \u0219i de o bobin\u0103 cu ochiuri de 1,1\u03a9, acest dispozitiv asigur\u0103 un abur uniform \u0219i aromat. Alege\u021bi din concentra\u021biile de nicotin\u0103 0%, 2%, 3% sau 5% \u0219i bucura\u021bi-v\u0103 de 12 arome distincte. Designul s\u0103u portabil \u0219i f\u0103r\u0103 \u00eentre\u021binere \u00eel face perfect pentru uz personal \u0219i <strong>vape de unic\u0103 folosin\u021b\u0103 en-gros<\/strong> sau <strong>comenzi \u00een vrac<\/strong>.<\/p>\n<h3><strong>Bang 9000 Puffs Caracteristici:<\/strong><\/h3>\n<ul>\n<li>Puffs: P\u00e2n\u0103 la 9,000<\/li>\n<li>Capacitate E-liquid: 16mL<\/li>\n<li>Baterie: 550mAh (re\u00eenc\u0103rcabil\u0103)<\/li>\n<li>\u00cenc\u0103rcare: Tip-C<\/li>\n<li>Bobin\u0103: 1.1\u03a9 Mesh Coil<\/li>\n<li>Concentra\u021bii de nicotin\u0103: 0%, 2%, 3%, 5%<\/li>\n<li>12 arome unice<\/li>\n<\/ul>\n<h4>\u00ceNTREB\u0102RI FRECVENTE<\/h4>\n<h5>Ce op\u021biuni de expediere sunt disponibile?<\/h5>\n<p>Lucr\u0103m cu o varietate de transportatori pentru a oferi op\u021biuni de transport fiabile. Cea mai potrivit\u0103 metod\u0103 este aleas\u0103 \u00een func\u021bie de loca\u021bia dvs. pentru a asigura livrarea la timp a <strong>vape de unic\u0103 folosin\u021b\u0103<\/strong> produse. V\u0103 rug\u0103m s\u0103 fi\u021bi con\u0219tien\u021bi de faptul c\u0103, din cauza reglement\u0103rilor, transportul maritim al produselor de vapat a devenit mai restric\u021bionat \u0219i c\u0103 serviciile de la transportatori precum UPS, DHL \u0219i FedEx nu mai sunt disponibile.<\/p>\n<h5>C\u00e2t dureaz\u0103 de obicei expedierea standard?<\/h5>\n<p>Livrarea standard dureaz\u0103 \u00een general 7-15 zile lucr\u0103toare. V\u0103 rug\u0103m s\u0103 \u021bine\u021bi cont de eventualele \u00eent\u00e2rzieri \u00een timpul s\u0103rb\u0103torilor sau din cauza condi\u021biilor meteorologice nefavorabile, care pot prelungi timpul de livrare cu p\u00e2n\u0103 la 20 de zile lucr\u0103toare.<\/p>\n<h5>Sunt gestionate procedurile vamale?<\/h5>\n<p>Ne ocup\u0103m de procedurile vamale necesare pentru a asigura un proces de livrare f\u0103r\u0103 probleme. Scopul nostru este de a minimiza orice probleme poten\u021biale, cu toate acestea, v\u0103 rug\u0103m s\u0103 fi\u021bi con\u0219tien\u021bi de faptul c\u0103, din cauza situa\u021biilor juridice din jurul produselor de vaping, c\u0103 \u00een orice moment, c\u0103 agen\u021biile vamale pot opri sau \u00eenceta un pachet, \u0219i c\u0103 aceast\u0103 situa\u021bie ar fi \u00een afara controlului nostru.<\/p>\n<h5>Cum \u00eembun\u0103t\u0103\u021be\u0219te bobina cu ochiuri de 1,1\u03a9 experien\u021ba de vapat?<\/h5>\n<p>Bobina cu ochiuri de 1,1\u03a9 ofer\u0103 o suprafa\u021b\u0103 de \u00eenc\u0103lzire echilibrat\u0103, asigur\u00e2nd \u00eenc\u0103lzirea constant\u0103 \u0219i uniform\u0103 a e-lichidului. Acest design \u00eembun\u0103t\u0103\u021be\u0219te livrarea aromei \u0219i produce vapori netezi \u0219i satisf\u0103c\u0103tori, oferind o experien\u021b\u0103 de vapat fiabil\u0103 \u0219i pl\u0103cut\u0103.<\/p>\n<h5>Este achizi\u021bia mea sigur\u0103?<\/h5>\n<p>Oferim op\u021biuni de plat\u0103 sigure, \u00een special prin platforme precum Paypal, care asigur\u0103 protec\u021bia cump\u0103r\u0103torului. \u00cen timp ce recenziile pot ajuta la luarea deciziilor de cump\u0103rare, noi nu ne conect\u0103m direct la acestea.<\/p>","protected":false},"excerpt":{"rendered":"<p>Ob\u021bine\u021bi o arom\u0103 consistent\u0103 cu Bang 9000 Puffs. Plas\u0103 de 1,1\u03a9, 16ml, re\u00eenc\u0103rcabil\u0103. Perfect pentru uz personal sau en-gros, oferind vaping fiabil \u0219i diferite concentra\u021bii de nicotin\u0103.<\/p>","protected":false},"featured_media":720,"comment_status":"open","ping_status":"closed","template":"","meta":[],"product_brand":[],"product_cat":[61,48,21,18,20,23,24,22,25,26,27,28,29,30,31,32,33,34,35,36],"product_tag":[],"class_list":{"0":"post-489","1":"product","2":"type-product","3":"status-publish","4":"has-post-thumbnail","6":"product_cat-bang","7":"product_cat-9000-puffs-disposable-vape","8":"product_cat-big-puffs-vapes","9":"product_cat-different-puffs-of-disposable-vapes","10":"product_cat-disposable-vape-types","11":"product_cat-disposable-vapes-in-austria","12":"product_cat-disposable-vapes-in-belgium","13":"product_cat-disposable-vapes-in-europe","14":"product_cat-disposable-vapes-in-france","15":"product_cat-disposable-vapes-in-germany","16":"product_cat-disposable-vapes-in-hungary","17":"product_cat-disposable-vapes-in-ltaly","18":"product_cat-disposable-vapes-in-netherlands","19":"product_cat-disposable-vapes-in-norway","20":"product_cat-disposable-vapes-in-poland","21":"product_cat-disposable-vapes-in-portugal","22":"product_cat-disposable-vapes-in-spain","23":"product_cat-disposable-vapes-in-sweden","24":"product_cat-disposable-vapes-in-switzerland","25":"product_cat-rechargeable-vapes","27":"first","28":"instock","29":"shipping-taxable","30":"purchasable","31":"product-type-variable","32":"has-default-attributes"},"jetpack_sharing_enabled":true,"tiered_pricing_type":"fixed","tiered_pricing_fixed_rules":{"2000":9.0999999999999996447286321199499070644378662109375},"tiered_pricing_product_settings":{"layout":"default","base_unit_name":{"singular":null,"plural":null},"default_variation":null},"tiered_pricing_minimum_quantity":1000,"tiered_pricing_roles_data":[],"tiered_pricing_percentage_rules":[],"tiered_pricing_maximum_quantity":null,"tiered_pricing_quantity_step":"100","_links":{"self":[{"href":"https:\/\/volovape.com\/ro\/wp-json\/wp\/v2\/product\/489","targetHints":{"allow":["GET"]}}],"collection":[{"href":"https:\/\/volovape.com\/ro\/wp-json\/wp\/v2\/product"}],"about":[{"href":"https:\/\/volovape.com\/ro\/wp-json\/wp\/v2\/types\/product"}],"replies":[{"embeddable":true,"href":"https:\/\/volovape.com\/ro\/wp-json\/wp\/v2\/comments?post=489"}],"wp:featuredmedia":[{"embeddable":true,"href":"https:\/\/volovape.com\/ro\/wp-json\/wp\/v2\/media\/720"}],"wp:attachment":[{"href":"https:\/\/volovape.com\/ro\/wp-json\/wp\/v2\/media?parent=489"}],"wp:term":[{"taxonomy":"product_brand","embeddable":true,"href":"https:\/\/volovape.com\/ro\/wp-json\/wp\/v2\/product_brand?post=489"},{"taxonomy":"product_cat","embeddable":true,"href":"https:\/\/volovape.com\/ro\/wp-json\/wp\/v2\/product_cat?post=489"},{"taxonomy":"product_tag","embeddable":true,"href":"https:\/\/volovape.com\/ro\/wp-json\/wp\/v2\/product_tag?post=489"}],"curies":[{"name":"wp","href":"https:\/\/api.w.org\/{rel}","templated":true}]}}