{"id":488,"date":"2024-11-21T03:30:07","date_gmt":"2024-11-21T03:30:07","guid":{"rendered":"https:\/\/volovape.com\/?post_type=product&#038;p=488"},"modified":"2025-07-06T04:06:38","modified_gmt":"2025-07-06T04:06:38","slug":"bang-crown-bar-18000-pufuri","status":"publish","type":"product","link":"https:\/\/volovape.com\/ro\/product\/bang-crown-bar-18000-puffs\/","title":{"rendered":"Bang Crown Bar 18000 pufuri de unic\u0103 folosin\u021b\u0103 vape vrac en-gros - re\u00eenc\u0103rcabil\u0103, mesh Coil"},"content":{"rendered":"<p><strong>Bang Crown Bar 18000 Puffs Vape de unic\u0103 folosin\u021b\u0103<\/strong> - Vaping prelungit cu tehnologia avansat\u0103 a bobinei Mesh.<\/p>\n<p>The <strong>Bang Crown Bar 18000 Puffs<\/strong> ofer\u0103 o experien\u021b\u0103 de vaporizare de lung\u0103 durat\u0103 \u0219i satisf\u0103c\u0103toare, cu p\u00e2n\u0103 la 18.000 de pufuri \u0219i un rezervor de e-lichid de 24mL. Dispun\u00e2nd de o baterie re\u00eenc\u0103rcabil\u0103 de 650mAh \u0219i de o tehnologie avansat\u0103 a bobinei mesh, acest dispozitiv asigur\u0103 \u00een mod constant un abur fin \u0219i aromat. Alege\u021bi din concentra\u021biile de nicotin\u0103 0%, 2%, 3% sau 5% \u0219i bucura\u021bi-v\u0103 de 15 arome distincte. Designul s\u0103u portabil \u0219i f\u0103r\u0103 \u00eentre\u021binere \u00eel face perfect pentru uz personal \u0219i <strong>vape de unic\u0103 folosin\u021b\u0103 en-gros<\/strong> sau <strong>comenzi \u00een vrac<\/strong>.<\/p>\n<h3><strong>Bang Crown Bar 18000 Puffs Caracteristici:<\/strong><\/h3>\n<ul>\n<li>Puffs: P\u00e2n\u0103 la 18,000<\/li>\n<li>Capacitate E-liquid: 24mL<\/li>\n<li>Baterie: 650mAh (re\u00eenc\u0103rcabil\u0103)<\/li>\n<li>\u00cenc\u0103rcare: Tip-C<\/li>\n<li>Bobin\u0103: Bobin\u0103 de plas\u0103<\/li>\n<li>Concentra\u021bii de nicotin\u0103: 0%, 2%, 3%, 5%<\/li>\n<li>15 arome unice<\/li>\n<\/ul>\n<h4>\u00ceNTREB\u0102RI FRECVENTE<\/h4>\n<h5>Care sunt op\u021biunile tipice de expediere?<\/h5>\n<p>Lucr\u0103m cu o re\u021bea de transportatori de \u00eencredere pentru a ne asigura c\u0103 comanda dvs. este livrat\u0103 eficient. Metodele de expediere sunt alese pentru a se potrivi cel mai bine loca\u021biei dvs. \u0219i pentru a asigura sosirea la timp a <strong>vape de unic\u0103 folosin\u021b\u0103<\/strong> comenzi. V\u0103 rug\u0103m s\u0103 fi\u021bi con\u0219tien\u021bi de faptul c\u0103, din cauza reglement\u0103rilor, expedierea produselor de vaping a devenit mai restric\u021bionat\u0103 \u0219i c\u0103 serviciile de la transportatori precum UPS, DHL \u0219i FedEx nu mai sunt disponibile.<\/p>\n<h5>C\u00e2t dureaz\u0103 de obicei livrarea standard?<\/h5>\n<p>Livrarea standard dureaz\u0103 \u00een general 7-15 zile lucr\u0103toare. V\u0103 rug\u0103m s\u0103 \u021bine\u021bi cont de eventualele \u00eent\u00e2rzieri \u00een timpul s\u0103rb\u0103torilor sau din cauza condi\u021biilor meteorologice neprev\u0103zute, care pot prelungi timpul de livrare cu p\u00e2n\u0103 la 20 de zile lucr\u0103toare.<\/p>\n<h5>Sunt gestionate procedurile vamale?<\/h5>\n<p>Ne ocup\u0103m de procedurile vamale necesare pentru a asigura un proces de livrare f\u0103r\u0103 probleme. Scopul nostru este de a minimiza orice probleme poten\u021biale, cu toate acestea, v\u0103 rug\u0103m s\u0103 fi\u021bi con\u0219tien\u021bi de faptul c\u0103, din cauza situa\u021biilor juridice din jurul produselor de vaping, c\u0103 \u00een orice moment, c\u0103 agen\u021biile vamale pot opri sau \u00eenceta un pachet, \u0219i c\u0103 aceast\u0103 situa\u021bie ar fi \u00een afara controlului nostru.<\/p>\n<h5>Cum \u00eembun\u0103t\u0103\u021be\u0219te tehnologia avansat\u0103 a bobinei mesh experien\u021ba de vapat?<\/h5>\n<p>Tehnologia avansat\u0103 a bobinei mesh este conceput\u0103 pentru a optimiza at\u00e2t aroma, c\u00e2t \u0219i produc\u021bia de vapori. Aceast\u0103 configura\u021bie a bobinei asigur\u0103 o experien\u021b\u0103 de vaporizare mai consistent\u0103 \u0219i mai satisf\u0103c\u0103toare, oferind o \u00eenc\u0103lzire eficient\u0103 \u0219i o distribu\u021bie uniform\u0103 a e-lichidului, rezult\u00e2nd arome mai bogate \u0219i vapori mai moi.<\/p>\n<h5>Este achizi\u021bia mea sigur\u0103?<\/h5>\n<p>Acord\u0103m prioritate tranzac\u021biilor sigure, \u00een special prin platforme de plat\u0103 precum Paypal, care ofer\u0103 protec\u021bie cump\u0103r\u0103torului. De\u0219i recenziile pot ajuta la luarea deciziilor de cump\u0103rare, nu ne conect\u0103m direct la acestea.<\/p>","protected":false},"excerpt":{"rendered":"<p>Domin\u0103 suprem cu Bang Crown Bar 18000 Puffs. Bobin\u0103 Mesh, 24ml, re\u00eenc\u0103rcabil\u0103. Ideal pentru uz personal sau en-gros, oferind vaping prelungit \u0219i o gam\u0103 larg\u0103 de concentra\u021bii de nicotin\u0103.<\/p>","protected":false},"featured_media":703,"comment_status":"open","ping_status":"closed","template":"","meta":[],"product_brand":[],"product_cat":[61,50,21,18,20,23,24,22,25,26,27,28,29,30,31,32,33,34,35,47],"product_tag":[],"class_list":{"0":"post-488","1":"product","2":"type-product","3":"status-publish","4":"has-post-thumbnail","6":"product_cat-bang","7":"product_cat-18000-puffs-disposable-vape","8":"product_cat-big-puffs-vapes","9":"product_cat-different-puffs-of-disposable-vapes","10":"product_cat-disposable-vape-types","11":"product_cat-disposable-vapes-in-austria","12":"product_cat-disposable-vapes-in-belgium","13":"product_cat-disposable-vapes-in-europe","14":"product_cat-disposable-vapes-in-france","15":"product_cat-disposable-vapes-in-germany","16":"product_cat-disposable-vapes-in-hungary","17":"product_cat-disposable-vapes-in-ltaly","18":"product_cat-disposable-vapes-in-netherlands","19":"product_cat-disposable-vapes-in-norway","20":"product_cat-disposable-vapes-in-poland","21":"product_cat-disposable-vapes-in-portugal","22":"product_cat-disposable-vapes-in-spain","23":"product_cat-disposable-vapes-in-sweden","24":"product_cat-disposable-vapes-in-switzerland","25":"product_cat-shisha-hookah-vapes","27":"first","28":"instock","29":"shipping-taxable","30":"purchasable","31":"product-type-variable","32":"has-default-attributes"},"jetpack_sharing_enabled":true,"tiered_pricing_type":"fixed","tiered_pricing_fixed_rules":{"2000":4.88999999999999968025576890795491635799407958984375},"tiered_pricing_product_settings":{"layout":"default","base_unit_name":{"singular":null,"plural":null},"default_variation":null},"tiered_pricing_minimum_quantity":1000,"tiered_pricing_roles_data":[],"tiered_pricing_percentage_rules":[],"tiered_pricing_maximum_quantity":null,"tiered_pricing_quantity_step":"10","_links":{"self":[{"href":"https:\/\/volovape.com\/ro\/wp-json\/wp\/v2\/product\/488","targetHints":{"allow":["GET"]}}],"collection":[{"href":"https:\/\/volovape.com\/ro\/wp-json\/wp\/v2\/product"}],"about":[{"href":"https:\/\/volovape.com\/ro\/wp-json\/wp\/v2\/types\/product"}],"replies":[{"embeddable":true,"href":"https:\/\/volovape.com\/ro\/wp-json\/wp\/v2\/comments?post=488"}],"wp:featuredmedia":[{"embeddable":true,"href":"https:\/\/volovape.com\/ro\/wp-json\/wp\/v2\/media\/703"}],"wp:attachment":[{"href":"https:\/\/volovape.com\/ro\/wp-json\/wp\/v2\/media?parent=488"}],"wp:term":[{"taxonomy":"product_brand","embeddable":true,"href":"https:\/\/volovape.com\/ro\/wp-json\/wp\/v2\/product_brand?post=488"},{"taxonomy":"product_cat","embeddable":true,"href":"https:\/\/volovape.com\/ro\/wp-json\/wp\/v2\/product_cat?post=488"},{"taxonomy":"product_tag","embeddable":true,"href":"https:\/\/volovape.com\/ro\/wp-json\/wp\/v2\/product_tag?post=488"}],"curies":[{"name":"wp","href":"https:\/\/api.w.org\/{rel}","templated":true}]}}