{"id":423,"date":"2024-11-21T03:29:43","date_gmt":"2024-11-21T03:29:43","guid":{"rendered":"https:\/\/volovape.com\/?post_type=product&#038;p=423"},"modified":"2025-11-03T05:04:33","modified_gmt":"2025-11-03T05:04:33","slug":"bang-king-25000-pufuri","status":"publish","type":"product","link":"https:\/\/volovape.com\/ro\/product\/bang-king-25000-puffs\/","title":{"rendered":"Bang King 25000 Puffs | vape re\u00eenc\u0103rcabil\u0103 de unic\u0103 folosin\u021b\u0103 - vrac en-gros (0%, 2%, 3%, 5% nicotin\u0103)"},"content":{"rendered":"<p>Bang King 25000 Puffs: Vape re\u00eenc\u0103rcabile de unic\u0103 folosin\u021b\u0103 - vrac cu ridicata (0%, 2%, 3%, 5% Nicotin\u0103)<br \/>\n<strong>Bang King 25000 Puffs Vape de unic\u0103 folosin\u021b\u0103<\/strong> - Design Dual-Pod pentru savurarea extins\u0103 a aromei.<\/p>\n<p>The <strong>Bang King 25000 Puffs<\/strong> ofer\u0103 o experien\u021b\u0103 de vaporizare excep\u021bional\u0103 cu sistemul s\u0103u inovator dual-pod, oferind o capacitate masiv\u0103 de 46mL e-lichid (2x23mL pods) \u0219i p\u00e2n\u0103 la 25.000 de pufuri. Alimentat de o baterie re\u00eenc\u0103rcabil\u0103 de 650 mAh \u0219i av\u00e2nd o bobin\u0103 cu ochiuri de 1,0\u03a9, acest dispozitiv ofer\u0103 vapori netezi, constan\u021bi \u0219i o arom\u0103 bogat\u0103. Alege\u021bi din concentra\u021biile de nicotin\u0103 0%, 2%, 3% sau 5% \u0219i bucura\u021bi-v\u0103 de 12 arome delicioase. \u00cenc\u0103rcarea sa Type-C \u0219i confortul dual-pod \u00eel fac perfect pentru uz personal \u0219i <strong>vape de unic\u0103 folosin\u021b\u0103 en-gros<\/strong> sau <strong>comenzi \u00een vrac<\/strong>.<\/p>\n<h3><strong>Bang King 25000 Puffs Caracteristici:<\/strong><\/h3>\n<ul>\n<li>Puffs: P\u00e2n\u0103 la 25,000<\/li>\n<li>Capacitate E-liquid: 46mL (2 x 23mL poduri)<\/li>\n<li>Baterie: 650mAh (re\u00eenc\u0103rcabil\u0103)<\/li>\n<li>Bobin\u0103: 1.0\u03a9 Mesh Coil<\/li>\n<li>Concentra\u021bii de nicotin\u0103: 0%, 2%, 3%, 5%<\/li>\n<li>\u00cenc\u0103rcare: Tip-C<\/li>\n<li>Sistem Dual-Pod<\/li>\n<li>12 arome unice<\/li>\n<\/ul>\n<h4>\u00ceNTREB\u0102RI FRECVENTE<\/h4>\n<h5>Ce op\u021biuni de expediere sunt disponibile?<\/h5>\n<p>Lucr\u0103m cu diver\u0219i transportatori pentru a oferi op\u021biuni de transport fiabile. Cea mai potrivit\u0103 metod\u0103 este aleas\u0103 \u00een func\u021bie de loca\u021bia dvs. pentru a asigura livrarea la timp a <strong>vape de unic\u0103 folosin\u021b\u0103<\/strong> produse. V\u0103 rug\u0103m s\u0103 fi\u021bi con\u0219tien\u021bi de faptul c\u0103, din cauza reglement\u0103rilor, transportul maritim al produselor de vapat a devenit mai restric\u021bionat \u0219i c\u0103 serviciile de la transportatori precum UPS, DHL \u0219i FedEx nu mai sunt disponibile.<\/p>\n<h5>C\u00e2t dureaz\u0103 de obicei livrarea standard?<\/h5>\n<p>Livrarea standard dureaz\u0103 \u00een general 7-15 zile lucr\u0103toare. V\u0103 rug\u0103m s\u0103 \u021bine\u021bi cont de eventualele \u00eent\u00e2rzieri \u00een timpul s\u0103rb\u0103torilor sau din cauza condi\u021biilor meteorologice nefavorabile, care pot prelungi timpul de livrare cu p\u00e2n\u0103 la 20 de zile lucr\u0103toare.<\/p>\n<h5>Sunt gestionate procedurile vamale?<\/h5>\n<p>Ne ocup\u0103m de procedurile vamale necesare pentru a asigura un proces de livrare f\u0103r\u0103 probleme. Scopul nostru este de a minimiza orice probleme poten\u021biale, cu toate acestea, v\u0103 rug\u0103m s\u0103 fi\u021bi con\u0219tien\u021bi de faptul c\u0103, din cauza situa\u021biilor juridice din jurul produselor de vaping, c\u0103 \u00een orice moment, c\u0103 agen\u021biile vamale pot opri sau \u00eenceta un pachet, \u0219i c\u0103 aceast\u0103 situa\u021bie ar fi \u00een afara controlului nostru.<\/p>\n<h5>Cum \u00eembun\u0103t\u0103\u021be\u0219te sistemul dual-pod experien\u021ba de vapat?<\/h5>\n<p>Sistemul dual-pod permite comutarea u\u0219oar\u0103 \u00eentre dou\u0103 doze de e-lichid de 23mL, oferind confort \u0219i posibilitatea de a schimba aromele f\u0103r\u0103 a avea nevoie de mai multe dispozitive. Acest design asigur\u0103 o durat\u0103 mai lung\u0103 de vaporizare \u0219i permite o experien\u021b\u0103 personalizabil\u0103 a aromei.<\/p>\n<h5>Este achizi\u021bia mea sigur\u0103?<\/h5>\n<p>Oferim op\u021biuni de plat\u0103 sigure, \u00een special prin platforme precum Paypal, care asigur\u0103 protec\u021bia cump\u0103r\u0103torului. \u00cen timp ce recenziile pot ajuta la luarea deciziilor de cump\u0103rare, noi nu ne conect\u0103m direct la acestea.<\/p>","protected":false},"excerpt":{"rendered":"<p>Domina\u021bi pia\u021ba de vape de unic\u0103 folosin\u021b\u0103 cu Bang King 25000, o vape re\u00eenc\u0103rcabil\u0103 de mare capacitate, care ofer\u0103 un num\u0103r impresionant de 25.000 de pufuri. Perfect pentru cump\u0103r\u0103torii en-gros \u00een vrac care caut\u0103 o solu\u021bie de vaporizare de lung\u0103 durat\u0103 \u0219i aromat\u0103.<\/p>","protected":false},"featured_media":640,"comment_status":"open","ping_status":"closed","template":"","meta":[],"product_brand":[],"product_cat":[61,45,21,18,20,23,24,22,25,26,27,28,29,30,31,32,33,34,35,44,36],"product_tag":[],"class_list":{"0":"post-423","1":"product","2":"type-product","3":"status-publish","4":"has-post-thumbnail","6":"product_cat-bang","7":"product_cat-25000-puffs-disposable-vape","8":"product_cat-big-puffs-vapes","9":"product_cat-different-puffs-of-disposable-vapes","10":"product_cat-disposable-vape-types","11":"product_cat-disposable-vapes-in-austria","12":"product_cat-disposable-vapes-in-belgium","13":"product_cat-disposable-vapes-in-europe","14":"product_cat-disposable-vapes-in-france","15":"product_cat-disposable-vapes-in-germany","16":"product_cat-disposable-vapes-in-hungary","17":"product_cat-disposable-vapes-in-ltaly","18":"product_cat-disposable-vapes-in-netherlands","19":"product_cat-disposable-vapes-in-norway","20":"product_cat-disposable-vapes-in-poland","21":"product_cat-disposable-vapes-in-portugal","22":"product_cat-disposable-vapes-in-spain","23":"product_cat-disposable-vapes-in-sweden","24":"product_cat-disposable-vapes-in-switzerland","25":"product_cat-dual-mesh-vapes","26":"product_cat-rechargeable-vapes","28":"first","29":"instock","30":"shipping-taxable","31":"purchasable","32":"product-type-variable","33":"has-default-attributes"},"jetpack_sharing_enabled":true,"tiered_pricing_type":"fixed","tiered_pricing_fixed_rules":{"30":6.63999999999999968025576890795491635799407958984375,"50":5.9900000000000002131628207280300557613372802734375,"100":5.25,"200":4.87999999999999989341858963598497211933135986328125,"400":4.32000000000000028421709430404007434844970703125},"tiered_pricing_product_settings":{"layout":"default","base_unit_name":{"singular":null,"plural":null},"default_variation":null},"tiered_pricing_minimum_quantity":10,"tiered_pricing_roles_data":[],"tiered_pricing_percentage_rules":[],"tiered_pricing_maximum_quantity":null,"tiered_pricing_quantity_step":"10","_links":{"self":[{"href":"https:\/\/volovape.com\/ro\/wp-json\/wp\/v2\/product\/423","targetHints":{"allow":["GET"]}}],"collection":[{"href":"https:\/\/volovape.com\/ro\/wp-json\/wp\/v2\/product"}],"about":[{"href":"https:\/\/volovape.com\/ro\/wp-json\/wp\/v2\/types\/product"}],"replies":[{"embeddable":true,"href":"https:\/\/volovape.com\/ro\/wp-json\/wp\/v2\/comments?post=423"}],"wp:featuredmedia":[{"embeddable":true,"href":"https:\/\/volovape.com\/ro\/wp-json\/wp\/v2\/media\/640"}],"wp:attachment":[{"href":"https:\/\/volovape.com\/ro\/wp-json\/wp\/v2\/media?parent=423"}],"wp:term":[{"taxonomy":"product_brand","embeddable":true,"href":"https:\/\/volovape.com\/ro\/wp-json\/wp\/v2\/product_brand?post=423"},{"taxonomy":"product_cat","embeddable":true,"href":"https:\/\/volovape.com\/ro\/wp-json\/wp\/v2\/product_cat?post=423"},{"taxonomy":"product_tag","embeddable":true,"href":"https:\/\/volovape.com\/ro\/wp-json\/wp\/v2\/product_tag?post=423"}],"curies":[{"name":"wp","href":"https:\/\/api.w.org\/{rel}","templated":true}]}}