{"id":421,"date":"2024-11-21T03:29:43","date_gmt":"2024-11-21T03:29:43","guid":{"rendered":"https:\/\/volovape.com\/?post_type=product&#038;p=421"},"modified":"2025-07-08T04:50:02","modified_gmt":"2025-07-08T04:50:02","slug":"bang-vape-racheta-18000-puffs","status":"publish","type":"product","link":"https:\/\/volovape.com\/ro\/product\/bang-vape-rocket-18000-puffs\/","title":{"rendered":"Bang Vape Rocket 18000 Puffs LED Display Screen 0% 2% 3% 5% Nicotine Bulk Cumpara Vapes de unic\u0103 folosin\u021b\u0103 cu ridicata"},"content":{"rendered":"<p><strong>Bang Vape Rocket 18000 Puffs Vape de unic\u0103 folosin\u021b\u0103<\/strong> - Vaping Dual-Mode cu longevitate extins\u0103.<\/p>\n<p>Experimenta\u021bi versatilitatea de neegalat cu <strong>Bang Vape Rocket 18000 Puffs<\/strong>, oferind p\u00e2n\u0103 la 18.000 de pufuri \u00een modul normal \u0219i 9.000 de pufuri \u00een modul puls. Acest dispozitiv are o capacitate generoas\u0103 de 26 ml de e-lichid, o baterie re\u00eenc\u0103rcabil\u0103 robust\u0103 de 650 mAh \u0219i o tehnologie avansat\u0103 de bobin\u0103 bi-shot cu re\u021bea dubl\u0103 pentru arom\u0103 \u0219i vapori constan\u021bi. Alege\u021bi din concentra\u021biile de nicotin\u0103 0%, 2%, 3% sau 5% \u0219i bucura\u021bi-v\u0103 de 12 arome unice. Afi\u0219ajul digital LED \u0219i \u00eenc\u0103rcarea Type-C sporesc confortul utilizatorului, f\u0103c\u00e2ndu-l perfect pentru uz personal \u0219i <strong>vape de unic\u0103 folosin\u021b\u0103 en-gros<\/strong> sau <strong>comenzi \u00een vrac<\/strong>.<\/p>\n<h3><strong>Bang Vape Rocket 18000 Puffs Caracteristici:<\/strong><\/h3>\n<ul>\n<li>Puffs: P\u00e2n\u0103 la 18.000 (Mod normal), 9.000 (Mod puls)<\/li>\n<li>Capacitate E-liquid: 26mL<\/li>\n<li>Baterie: 650mAh (re\u00eenc\u0103rcabil\u0103)<\/li>\n<li>\u00cenc\u0103rcare: Tip-C<\/li>\n<li>Bobin\u0103: Bobin\u0103 Dual Network Bi-Shot<\/li>\n<li>Concentra\u021bii de nicotin\u0103: 0%, 2%, 3%, 5%<\/li>\n<li>Afi\u0219aj digital cu LED<\/li>\n<li>12 arome unice<\/li>\n<\/ul>\n<h4>\u00ceNTREB\u0102RI FRECVENTE<\/h4>\n<h5>Care sunt op\u021biunile tipice de expediere?<\/h5>\n<p>Lucr\u0103m cu o re\u021bea de transportatori de \u00eencredere pentru a ne asigura c\u0103 comanda dvs. este livrat\u0103 eficient. Metodele de expediere sunt alese pentru a se potrivi cel mai bine loca\u021biei dvs. \u0219i pentru a asigura sosirea la timp a <strong>vape de unic\u0103 folosin\u021b\u0103<\/strong> comenzi. V\u0103 rug\u0103m s\u0103 fi\u021bi con\u0219tien\u021bi de faptul c\u0103, din cauza reglement\u0103rilor, expedierea produselor de vaping a devenit mai restric\u021bionat\u0103 \u0219i c\u0103 serviciile de la transportatori precum UPS, DHL \u0219i FedEx nu mai sunt disponibile.<\/p>\n<h5>C\u00e2t dureaz\u0103 de obicei livrarea standard?<\/h5>\n<p>Livrarea standard dureaz\u0103 \u00een general 7-15 zile lucr\u0103toare. V\u0103 rug\u0103m s\u0103 \u021bine\u021bi cont de eventualele \u00eent\u00e2rzieri \u00een timpul s\u0103rb\u0103torilor sau din cauza condi\u021biilor meteorologice neprev\u0103zute, care pot prelungi timpul de livrare cu p\u00e2n\u0103 la 20 de zile lucr\u0103toare.<\/p>\n<h5>Sunt gestionate procedurile vamale?<\/h5>\n<p>Ne ocup\u0103m de procedurile vamale necesare pentru a asigura un proces de livrare f\u0103r\u0103 probleme. Scopul nostru este de a minimiza orice probleme poten\u021biale, cu toate acestea, v\u0103 rug\u0103m s\u0103 fi\u021bi con\u0219tien\u021bi de faptul c\u0103, din cauza situa\u021biilor juridice din jurul produselor de vaping, c\u0103 \u00een orice moment, c\u0103 agen\u021biile vamale pot opri sau \u00eenceta un pachet, \u0219i c\u0103 aceast\u0103 situa\u021bie ar fi \u00een afara controlului nostru.<\/p>\n<h5>Care este avantajul tehnologiei bobinei bi-shot cu re\u021bea dubl\u0103?<\/h5>\n<p>Tehnologia bobinei dual network bi-shot este conceput\u0103 pentru a optimiza at\u00e2t aroma, c\u00e2t \u0219i produc\u021bia de vapori. Aceast\u0103 configura\u021bie avansat\u0103 a bobinei asigur\u0103 o experien\u021b\u0103 de vaporizare mai consistent\u0103 \u0219i mai satisf\u0103c\u0103toare, oferind o \u00eenc\u0103lzire eficient\u0103 \u0219i o distribu\u021bie uniform\u0103 a e-lichidului.<\/p>\n<h5>C\u00e2t de sigur\u0103 este achizi\u021bia mea?<\/h5>\n<p>Acord\u0103m prioritate tranzac\u021biilor sigure, \u00een special prin platforme de plat\u0103 precum Paypal, care ofer\u0103 protec\u021bie cump\u0103r\u0103torului. De\u0219i recenziile pot ajuta la luarea deciziilor de cump\u0103rare, nu ne conect\u0103m direct la acestea.<\/p>","protected":false},"excerpt":{"rendered":"<p>Bang Vape Rocket 18000 Puffs ofer\u0103 p\u00e2n\u0103 la 18.000 de pufuri \u00een modul normal, un rezervor de e-lichid de 26 ml \u0219i o baterie re\u00eenc\u0103rcabil\u0103 de 650 mAh. Dispun\u00e2nd de bobine bi-shot cu re\u021bea dubl\u0103, un afi\u0219aj LED \u0219i 12 arome delicioase, este vapa perfect\u0103 de lung\u0103 durat\u0103 pentru orice preferin\u021b\u0103.<\/p>","protected":false},"featured_media":617,"comment_status":"open","ping_status":"closed","template":"","meta":[],"product_brand":[],"product_cat":[61,50,21,18,39,20,23,24,22,25,26,27,28,29,30,31,32,33,34,35,44,36,40],"product_tag":[],"class_list":{"0":"post-421","1":"product","2":"type-product","3":"status-publish","4":"has-post-thumbnail","6":"product_cat-bang","7":"product_cat-18000-puffs-disposable-vape","8":"product_cat-big-puffs-vapes","9":"product_cat-different-puffs-of-disposable-vapes","10":"product_cat-digital-box-vapes","11":"product_cat-disposable-vape-types","12":"product_cat-disposable-vapes-in-austria","13":"product_cat-disposable-vapes-in-belgium","14":"product_cat-disposable-vapes-in-europe","15":"product_cat-disposable-vapes-in-france","16":"product_cat-disposable-vapes-in-germany","17":"product_cat-disposable-vapes-in-hungary","18":"product_cat-disposable-vapes-in-ltaly","19":"product_cat-disposable-vapes-in-netherlands","20":"product_cat-disposable-vapes-in-norway","21":"product_cat-disposable-vapes-in-poland","22":"product_cat-disposable-vapes-in-portugal","23":"product_cat-disposable-vapes-in-spain","24":"product_cat-disposable-vapes-in-sweden","25":"product_cat-disposable-vapes-in-switzerland","26":"product_cat-dual-mesh-vapes","27":"product_cat-rechargeable-vapes","28":"product_cat-smart-screen-vapes","30":"first","31":"instock","32":"shipping-taxable","33":"purchasable","34":"product-type-variable","35":"has-default-attributes"},"jetpack_sharing_enabled":true,"tiered_pricing_type":"fixed","tiered_pricing_fixed_rules":{"2000":6},"tiered_pricing_product_settings":{"layout":"default","base_unit_name":{"singular":null,"plural":null},"default_variation":null},"tiered_pricing_minimum_quantity":1000,"tiered_pricing_roles_data":[],"tiered_pricing_percentage_rules":[],"tiered_pricing_maximum_quantity":null,"tiered_pricing_quantity_step":"10","_links":{"self":[{"href":"https:\/\/volovape.com\/ro\/wp-json\/wp\/v2\/product\/421","targetHints":{"allow":["GET"]}}],"collection":[{"href":"https:\/\/volovape.com\/ro\/wp-json\/wp\/v2\/product"}],"about":[{"href":"https:\/\/volovape.com\/ro\/wp-json\/wp\/v2\/types\/product"}],"replies":[{"embeddable":true,"href":"https:\/\/volovape.com\/ro\/wp-json\/wp\/v2\/comments?post=421"}],"wp:featuredmedia":[{"embeddable":true,"href":"https:\/\/volovape.com\/ro\/wp-json\/wp\/v2\/media\/617"}],"wp:attachment":[{"href":"https:\/\/volovape.com\/ro\/wp-json\/wp\/v2\/media?parent=421"}],"wp:term":[{"taxonomy":"product_brand","embeddable":true,"href":"https:\/\/volovape.com\/ro\/wp-json\/wp\/v2\/product_brand?post=421"},{"taxonomy":"product_cat","embeddable":true,"href":"https:\/\/volovape.com\/ro\/wp-json\/wp\/v2\/product_cat?post=421"},{"taxonomy":"product_tag","embeddable":true,"href":"https:\/\/volovape.com\/ro\/wp-json\/wp\/v2\/product_tag?post=421"}],"curies":[{"name":"wp","href":"https:\/\/api.w.org\/{rel}","templated":true}]}}