{"id":420,"date":"2024-11-21T03:29:43","date_gmt":"2024-11-21T03:29:43","guid":{"rendered":"https:\/\/volovape.com\/?post_type=product&#038;p=420"},"modified":"2026-04-29T02:09:38","modified_gmt":"2026-04-29T02:09:38","slug":"waspe-40k-dublu-aroma-gemeni-40000-puffs","status":"publish","type":"product","link":"https:\/\/volovape.com\/ro\/product\/waspe-40k-double-flavor-twins-40000-puffs\/","title":{"rendered":"WASPE 40K vape de unic\u0103 folosin\u021b\u0103 | 40000 puffs arom\u0103 dubl\u0103 gemeni cu ochiuri duble"},"content":{"rendered":"<p><iframe title=\"VideoPress Player video\" aria-label='VideoPress Player video' width='500' height='281' src='https:\/\/videopress.com\/embed\/JseA5Oeo?hd=0&amp;cover=1' frameborder='0' allowfullscreen allow='clipboard-write'><\/iframe><script src='https:\/\/v0.wordpress.com\/js\/next\/videopress-iframe.js?m=1739540970'><\/script><\/p>\n<p><strong>WASPE 40K Double Flavor Twins Vape de unic\u0103 folosin\u021b\u0103<\/strong> - Arome duble, num\u0103r de pufuri de neegalat.<\/p>\n<p>Experimenta\u021bi inova\u021bia de la <strong>WASPE 40K Gemeni cu arom\u0103 dubl\u0103<\/strong>, cu o prezentare revolu\u021bionar\u0103 <em>design cu dou\u0103 arome<\/em> \u0219i un uimitor <strong>Capacitate de 40.000 de pufuri<\/strong>. Bucura\u021bi-v\u0103 de dou\u0103 arome distincte \u00eentr-un singur dispozitiv re\u00eenc\u0103rcabil, alimentat de un <strong>Baterie 850mAh<\/strong> \u0219i un masiv <strong>Rezervor de e-lichid de 36mL<\/strong>. The <em>tehnologia bobinei dual mesh<\/em> asigur\u0103 o arom\u0103 excep\u021bional\u0103 \u0219i un abur fin. Alege\u021bi din <strong>Concentra\u021bii de nicotin\u0103 0%, 2% sau 5%<\/strong> \u0219i explora\u021bi <strong>16 combina\u021bii unice de arome<\/strong>. Perfect pentru pl\u0103cerea personal\u0103 \u0219i <strong>vape de unic\u0103 folosin\u021b\u0103 en-gros<\/strong> sau <strong>comand\u0103 \u00een vrac<\/strong> nevoi.<\/p>\n<h3><strong>WASPE 40K Double Flavor Twins Caracteristici:<\/strong><\/h3>\n<ul>\n<li>Puffs: P\u00e2n\u0103 la 40.000<\/li>\n<li>Capacitate E-liquid: 36mL<\/li>\n<li>Baterie: 850mAh (re\u00eenc\u0103rcabil\u0103)<\/li>\n<li>\u00cenc\u0103rcare: Tip-C<\/li>\n<li>Coil: Bobine Dual Mesh<\/li>\n<li>Concentra\u021bii de nicotin\u0103: 0%, 2%, 5%<\/li>\n<li>16 combina\u021bii unice de arome<\/li>\n<\/ul>\n<h4>\u00ceNTREB\u0102RI FRECVENTE<\/h4>\n<h5>Ce metode de expediere sunt disponibile?<\/h5>\n<p>Suntem parteneri cu transportatori de top precum UPS, DHL, FedEx \u0219i DPD pentru a oferi o gam\u0103 larg\u0103 de op\u021biuni de expediere. Cea mai potrivit\u0103 metod\u0103 este selectat\u0103 \u00een func\u021bie de loca\u021bia dvs. pentru a asigura livrarea la timp a <strong>vape de unic\u0103 folosin\u021b\u0103<\/strong> produse.<\/p>\n<h5>C\u00e2t dureaz\u0103 de obicei expedierea?<\/h5>\n<p>Livrarea standard dureaz\u0103 de obicei 7-15 zile lucr\u0103toare. V\u0103 rug\u0103m s\u0103 acorda\u021bi p\u00e2n\u0103 la 20 de zile lucr\u0103toare \u00een timpul s\u0103rb\u0103torilor sau \u00een condi\u021bii meteorologice nefavorabile.<\/p>\n<h5>Voi \u00eent\u00e2mpina probleme vamale?<\/h5>\n<p>Ne ocup\u0103m de toate procedurile de v\u0103muire, asigur\u00e2nd o experien\u021b\u0103 f\u0103r\u0103 cusur \u0219i f\u0103r\u0103 complica\u021bii. Nu ve\u021bi suporta nicio tax\u0103 sau impozit suplimentar. Garant\u0103m v\u0103muirea 100% pentru toate produsele noastre.<\/p>\n<h5>Cum \u00eembun\u0103t\u0103\u021be\u0219te bobina cu plas\u0103 dubl\u0103 experien\u021ba de vapat?<\/h5>\n<p>Tehnologia bobinei dual mesh ofer\u0103 o suprafa\u021b\u0103 de \u00eenc\u0103lzire mai mare, rezult\u00e2nd o \u00eenc\u0103lzire mai uniform\u0103 \u0219i o produc\u021bie de vapori consistent\u0103 pentru ambele arome. Acest lucru asigur\u0103 arome mai bogate, mai intense \u0219i vapori mai fluizi, oferind o experien\u021b\u0103 de vaporizare superioar\u0103 \u00een compara\u021bie cu dispozitivele cu o singur\u0103 bobin\u0103.<\/p>\n<h5>Este achizi\u021bia mea sigur\u0103?<\/h5>\n<p>Oferim op\u021biuni de plat\u0103 sigur\u0103 prin PayPal, care include protec\u021bia cump\u0103r\u0103torului. De asemenea, pute\u021bi consulta feedback-ul clien\u021bilor no\u0219tri pe <a href=\"https:\/\/www.trustpilot.com\/review\/volovape.com?utm_medium=trustbox&amp;utm_source=TrustBoxReviewCollector\">TrustPilot<\/a>.<\/p>","protected":false},"excerpt":{"rendered":"<p>Maximiza\u021bi aroma \u0219i pufurile cu WASPE 40K Twins Vape de unic\u0103 folosin\u021b\u0103! Arome duble, 40.000 de pufuri \u0219i bobine cu plas\u0103 dubl\u0103. Ideal pentru pl\u0103cerea personal\u0103 sau volum mare de v\u00e2nzare cu ridicata.<\/p>\n<p><strong>Livrare rapid\u0103 \u00een 3-7 zile de la depozitul nostru local din Europa - vapori reali de unic\u0103 folosin\u021b\u0103, livra\u021bi aproape de tine<\/strong> (numai pentru op\u021biunea standard 5% cu nicotin\u0103).<\/p>","protected":false},"featured_media":28967,"comment_status":"open","ping_status":"closed","template":"","meta":[],"product_brand":[],"product_cat":[17,74,21,18,39,20,23,24,22,25,26,27,28,29,30,31,32,33,34,35,64,36,40],"product_tag":[],"class_list":{"0":"post-420","1":"product","2":"type-product","3":"status-publish","4":"has-post-thumbnail","6":"product_cat-waspe","7":"product_cat-40000-puffs-disposable-vape","8":"product_cat-big-puffs-vapes","9":"product_cat-different-puffs-of-disposable-vapes","10":"product_cat-digital-box-vapes","11":"product_cat-disposable-vape-types","12":"product_cat-disposable-vapes-in-austria","13":"product_cat-disposable-vapes-in-belgium","14":"product_cat-disposable-vapes-in-europe","15":"product_cat-disposable-vapes-in-france","16":"product_cat-disposable-vapes-in-germany","17":"product_cat-disposable-vapes-in-hungary","18":"product_cat-disposable-vapes-in-ltaly","19":"product_cat-disposable-vapes-in-netherlands","20":"product_cat-disposable-vapes-in-norway","21":"product_cat-disposable-vapes-in-poland","22":"product_cat-disposable-vapes-in-portugal","23":"product_cat-disposable-vapes-in-spain","24":"product_cat-disposable-vapes-in-sweden","25":"product_cat-disposable-vapes-in-switzerland","26":"product_cat-dual-flavor-vapes","27":"product_cat-rechargeable-vapes","28":"product_cat-smart-screen-vapes","30":"first","31":"instock","32":"shipping-taxable","33":"purchasable","34":"product-type-variable","35":"has-default-attributes"},"jetpack_sharing_enabled":true,"tiered_pricing_type":"fixed","tiered_pricing_fixed_rules":{"30":7.32000000000000028421709430404007434844970703125,"50":6.5999999999999996447286321199499070644378662109375,"100":6.36000000000000031974423109204508364200592041015625,"200":5.9900000000000002131628207280300557613372802734375,"400":5.42999999999999971578290569595992565155029296875},"tiered_pricing_product_settings":{"layout":"default","base_unit_name":{"singular":null,"plural":null},"default_variation":null},"tiered_pricing_minimum_quantity":10,"tiered_pricing_roles_data":[],"tiered_pricing_percentage_rules":[],"tiered_pricing_maximum_quantity":null,"tiered_pricing_quantity_step":"10","_links":{"self":[{"href":"https:\/\/volovape.com\/ro\/wp-json\/wp\/v2\/product\/420","targetHints":{"allow":["GET"]}}],"collection":[{"href":"https:\/\/volovape.com\/ro\/wp-json\/wp\/v2\/product"}],"about":[{"href":"https:\/\/volovape.com\/ro\/wp-json\/wp\/v2\/types\/product"}],"replies":[{"embeddable":true,"href":"https:\/\/volovape.com\/ro\/wp-json\/wp\/v2\/comments?post=420"}],"wp:featuredmedia":[{"embeddable":true,"href":"https:\/\/volovape.com\/ro\/wp-json\/wp\/v2\/media\/28967"}],"wp:attachment":[{"href":"https:\/\/volovape.com\/ro\/wp-json\/wp\/v2\/media?parent=420"}],"wp:term":[{"taxonomy":"product_brand","embeddable":true,"href":"https:\/\/volovape.com\/ro\/wp-json\/wp\/v2\/product_brand?post=420"},{"taxonomy":"product_cat","embeddable":true,"href":"https:\/\/volovape.com\/ro\/wp-json\/wp\/v2\/product_cat?post=420"},{"taxonomy":"product_tag","embeddable":true,"href":"https:\/\/volovape.com\/ro\/wp-json\/wp\/v2\/product_tag?post=420"}],"curies":[{"name":"wp","href":"https:\/\/api.w.org\/{rel}","templated":true}]}}