{"id":419,"date":"2024-11-21T03:29:43","date_gmt":"2024-11-21T03:29:43","guid":{"rendered":"https:\/\/volovape.com\/?post_type=product&#038;p=419"},"modified":"2025-11-01T06:09:25","modified_gmt":"2025-11-01T06:09:25","slug":"mrvi-castiga-30k-puffs","status":"publish","type":"product","link":"https:\/\/volovape.com\/ro\/product\/mrvi-winning-30k-puffs\/","title":{"rendered":"MRVI WINNING 30K Puffs Vape de unic\u0103 folosin\u021b\u0103 - 30,000 Puff Count (2%\/5% Nicotin\u0103)"},"content":{"rendered":"<p><iframe title=\"VideoPress Player video\" aria-label='VideoPress Player video' width='500' height='281' src='https:\/\/videopress.com\/embed\/13e6MPsk?hd=0&amp;cover=1' frameborder='0' allowfullscreen allow='clipboard-write'><\/iframe><script src='https:\/\/v0.wordpress.com\/js\/next\/videopress-iframe.js?m=1739540970'><\/script><\/p>\n<p><strong>MRVI WINNING 30K Vape de unic\u0103 folosin\u021b\u0103<\/strong> - Experimenta\u021bi o longevitate \u0219i un gust de neegalat.<\/p>\n<p>The <strong>MRVI C\u00c2\u0218TIG\u0102TOARE 30K<\/strong> redefine\u0219te vapatul de unic\u0103 folosin\u021b\u0103 cu o performan\u021b\u0103 uimitoare <strong>Capacitate de 30.000 de pufuri<\/strong> \u0219i un substan\u021bial <strong>Rezervor de e-lichid de 35mL<\/strong>. Alimentat de un <strong>Baterie re\u00eenc\u0103rcabil\u0103 de 800mAh<\/strong> \u0219i oferind <em>tehnologie avansat\u0103 a bobinei de plas\u0103<\/em>, acest dispozitiv ofer\u0103 \u00een mod constant un abur fin \u0219i aromat. Alege\u021bi \u00eentre <strong>2% sau 5% concentra\u021bii de nicotin\u0103<\/strong> \u0219i s\u0103 v\u0103 bucura\u021bi de o gam\u0103 variat\u0103 de <strong>10 arome delicioase<\/strong>. Designul s\u0103u elegant \u0219i portabil \u00eel face perfect pentru vaparea \u00een mi\u0219care \u0219i ideal pentru <strong>vape de unic\u0103 folosin\u021b\u0103 en-gros<\/strong> sau <strong>comenzi \u00een vrac<\/strong>.<\/p>\n<h3><strong>MRVI WINNING 30K Caracteristici:<\/strong><\/h3>\n<ul>\n<li>Puffs: P\u00e2n\u0103 la 30,000<\/li>\n<li>Capacitate E-liquid: 35mL<\/li>\n<li>Baterie: 800mAh (re\u00eenc\u0103rcabil\u0103)<\/li>\n<li>\u00cenc\u0103rcare: Tip-C<\/li>\n<li>Bobin\u0103: Bobin\u0103 de plas\u0103<\/li>\n<li>Concentra\u021bii de nicotin\u0103: 2%, 5%<\/li>\n<li>10 arome unice<\/li>\n<\/ul>\n<h4>\u00ceNTREB\u0102RI FRECVENTE<\/h4>\n<h5>Ce metode de expediere sunt disponibile?<\/h5>\n<p>Lucr\u0103m cu transportatori de \u00eencredere precum UPS, DHL, FedEx \u0219i DPD pentru a oferi o varietate de op\u021biuni de expediere. Cea mai potrivit\u0103 metod\u0103 este selectat\u0103 \u00een func\u021bie de loca\u021bia dvs. pentru a asigura livrarea prompt\u0103 a <strong>vape de unic\u0103 folosin\u021b\u0103<\/strong> produse.<\/p>\n<h5>C\u00e2t dureaz\u0103 de obicei expedierea?<\/h5>\n<p>Livrarea standard dureaz\u0103 de obicei 7-15 zile lucr\u0103toare. V\u0103 rug\u0103m s\u0103 acorda\u021bi p\u00e2n\u0103 la 20 de zile lucr\u0103toare \u00een timpul s\u0103rb\u0103torilor sau \u00een condi\u021bii meteorologice nefavorabile.<\/p>\n<h5>Voi \u00eent\u00e2mpina probleme vamale?<\/h5>\n<p>Gestion\u0103m toate procedurile de v\u0103muire, asigur\u00e2nd o experien\u021b\u0103 u\u0219oar\u0103 \u0219i f\u0103r\u0103 complica\u021bii. Nu ve\u021bi suporta nicio tax\u0103 sau impozit suplimentar. Garant\u0103m v\u0103muirea 100% pentru toate produsele noastre.<\/p>\n<h5>Cum \u00eembun\u0103t\u0103\u021be\u0219te bobina mesh experien\u021ba de vapat?<\/h5>\n<p>Tehnologia avansat\u0103 a bobinei mesh ofer\u0103 o suprafa\u021b\u0103 de \u00eenc\u0103lzire mai mare, rezult\u00e2nd o \u00eenc\u0103lzire mai uniform\u0103 \u0219i o produc\u021bie consistent\u0103 de vapori. Acest lucru \u00eembun\u0103t\u0103\u021be\u0219te livrarea aromei \u0219i produce nori mai netezi \u0219i mai boga\u021bi, oferind o experien\u021b\u0103 de vaping superioar\u0103 \u00een compara\u021bie cu bobinele tradi\u021bionale.<\/p>\n<h5>Este achizi\u021bia mea sigur\u0103?<\/h5>\n<p>Oferim op\u021biuni de plat\u0103 sigur\u0103 prin PayPal, care include protec\u021bia cump\u0103r\u0103torului. De asemenea, pute\u021bi consulta feedback-ul clien\u021bilor no\u0219tri pe <a href=\"https:\/\/www.trustpilot.com\/review\/volovape.com?utm_medium=trustbox&amp;utm_source=TrustBoxReviewCollector\">TrustPilot<\/a>.<\/p>","protected":false},"excerpt":{"rendered":"<p>C\u00e2\u0219tig\u0103 mult cu MRVI WINNING 30K Puffs! 30,000 puffs, 35ml, bobin\u0103 mesh, re\u00eenc\u0103rcabil\u0103. Perfect pentru uz personal sau en-gros \u00een vrac, oferind longevitate maxim\u0103 de vaping.<\/p>","protected":false},"featured_media":5822,"comment_status":"open","ping_status":"closed","template":"","meta":[],"product_brand":[],"product_cat":[55,63,21,18,39,20,23,24,22,25,26,27,28,29,30,31,32,33,34,35,44,36,40],"product_tag":[],"class_list":{"0":"post-419","1":"product","2":"type-product","3":"status-publish","4":"has-post-thumbnail","6":"product_cat-mrvi","7":"product_cat-30000-puffs-disposable-vape","8":"product_cat-big-puffs-vapes","9":"product_cat-different-puffs-of-disposable-vapes","10":"product_cat-digital-box-vapes","11":"product_cat-disposable-vape-types","12":"product_cat-disposable-vapes-in-austria","13":"product_cat-disposable-vapes-in-belgium","14":"product_cat-disposable-vapes-in-europe","15":"product_cat-disposable-vapes-in-france","16":"product_cat-disposable-vapes-in-germany","17":"product_cat-disposable-vapes-in-hungary","18":"product_cat-disposable-vapes-in-ltaly","19":"product_cat-disposable-vapes-in-netherlands","20":"product_cat-disposable-vapes-in-norway","21":"product_cat-disposable-vapes-in-poland","22":"product_cat-disposable-vapes-in-portugal","23":"product_cat-disposable-vapes-in-spain","24":"product_cat-disposable-vapes-in-sweden","25":"product_cat-disposable-vapes-in-switzerland","26":"product_cat-dual-mesh-vapes","27":"product_cat-rechargeable-vapes","28":"product_cat-smart-screen-vapes","30":"first","31":"instock","32":"shipping-taxable","33":"purchasable","34":"product-type-variable","35":"has-default-attributes"},"jetpack_sharing_enabled":true,"tiered_pricing_type":"fixed","tiered_pricing_fixed_rules":{"100":6.910000000000000142108547152020037174224853515625,"200":6.29999999999999982236431605997495353221893310546875,"400":5.9900000000000002131628207280300557613372802734375},"tiered_pricing_product_settings":{"layout":"default","base_unit_name":{"singular":null,"plural":null},"default_variation":null},"tiered_pricing_minimum_quantity":50,"tiered_pricing_roles_data":[],"tiered_pricing_percentage_rules":[],"tiered_pricing_maximum_quantity":null,"tiered_pricing_quantity_step":"10","_links":{"self":[{"href":"https:\/\/volovape.com\/ro\/wp-json\/wp\/v2\/product\/419","targetHints":{"allow":["GET"]}}],"collection":[{"href":"https:\/\/volovape.com\/ro\/wp-json\/wp\/v2\/product"}],"about":[{"href":"https:\/\/volovape.com\/ro\/wp-json\/wp\/v2\/types\/product"}],"replies":[{"embeddable":true,"href":"https:\/\/volovape.com\/ro\/wp-json\/wp\/v2\/comments?post=419"}],"wp:featuredmedia":[{"embeddable":true,"href":"https:\/\/volovape.com\/ro\/wp-json\/wp\/v2\/media\/5822"}],"wp:attachment":[{"href":"https:\/\/volovape.com\/ro\/wp-json\/wp\/v2\/media?parent=419"}],"wp:term":[{"taxonomy":"product_brand","embeddable":true,"href":"https:\/\/volovape.com\/ro\/wp-json\/wp\/v2\/product_brand?post=419"},{"taxonomy":"product_cat","embeddable":true,"href":"https:\/\/volovape.com\/ro\/wp-json\/wp\/v2\/product_cat?post=419"},{"taxonomy":"product_tag","embeddable":true,"href":"https:\/\/volovape.com\/ro\/wp-json\/wp\/v2\/product_tag?post=419"}],"curies":[{"name":"wp","href":"https:\/\/api.w.org\/{rel}","templated":true}]}}