{"id":418,"date":"2024-11-21T03:29:43","date_gmt":"2024-11-21T03:29:43","guid":{"rendered":"https:\/\/volovape.com\/?post_type=product&#038;p=418"},"modified":"2026-04-29T02:09:35","modified_gmt":"2026-04-29T02:09:35","slug":"bang-king-30000-pufuri","status":"publish","type":"product","link":"https:\/\/volovape.com\/ro\/product\/bang-king-30000-puffs\/","title":{"rendered":"Bang King 30000 puffs vape de unic\u0103 folosin\u021b\u0103 cu afi\u0219aj digital - furnizare en-gros \u00een vrac"},"content":{"rendered":"<p><strong>Bang King 30000 Puffs Vape de unic\u0103 folosin\u021b\u0103<\/strong> - Longevitate de neegalat \u0219i afi\u0219are avansat\u0103.<\/p>\n<p>Experimenta\u021bi cea mai bun\u0103 experien\u021b\u0103 \u00een vaparea de unic\u0103 folosin\u021b\u0103 cu <strong>Bang King 30000 Puffs<\/strong>, care se laud\u0103 cu un impresionant <strong>Capacitate de 30.000 de pufuri<\/strong> \u0219i un masiv <strong>Rezervor de e-lichid de 36mL<\/strong>. Acest dispozitiv dispune de un <strong>Afi\u0219aj digital cu LED<\/strong> pentru monitorizarea u\u0219oar\u0103 a duratei de via\u021b\u0103 a bateriei \u0219i a num\u0103rului de pufuri, asigur\u00e2ndu-v\u0103 c\u0103 sunte\u021bi \u00eentotdeauna informat. Alimentat de o <strong>Baterie re\u00eenc\u0103rcabil\u0103 550mAh<\/strong> cu <strong>\u00cenc\u0103rcare de tip C<\/strong> \u0219i o <strong>Bobin\u0103 cu ochiuri de 1.0-ohm<\/strong>, ofer\u0103 un abur consistent \u0219i aromat. Alege\u021bi din <strong>Concentra\u021bii de nicotin\u0103 0%, 2%, 3% sau 5%<\/strong> \u0219i bucura\u021bi-v\u0103 de combina\u021bii unice cu dou\u0103 arome. Ideal pentru uz personal \u0219i <strong>vape de unic\u0103 folosin\u021b\u0103 en-gros<\/strong> sau <strong>comenzi \u00een vrac<\/strong>.<\/p>\n<h3><strong>Bang King 30000 Puffs Caracteristici:<\/strong><\/h3>\n<ul>\n<li>Puffs: P\u00e2n\u0103 la 30,000<\/li>\n<li>Capacitate E-liquid: 36mL<\/li>\n<li>Baterie: 550mAh (re\u00eenc\u0103rcabil\u0103)<\/li>\n<li>\u00cenc\u0103rcare: Tip-C<\/li>\n<li>Bobin\u0103: 1.0-ohm Mesh Coil<\/li>\n<li>Concentra\u021bii de nicotin\u0103: 0%, 2%, 3%, 5%<\/li>\n<li>Afi\u0219aj: Afi\u0219aj digital cu LED (baterie \u0219i num\u0103r de pufuri)<\/li>\n<li>Arome duale<\/li>\n<\/ul>\n<h4>\u00ceNTREB\u0102RI FRECVENTE<\/h4>\n<h5>Care sunt op\u021biunile de expediere disponibile?<\/h5>\n<p>Suntem parteneri cu transportatori de \u00eencredere precum UPS, DHL, FedEx \u0219i DPD pentru a oferi diverse op\u021biuni de expediere. Cea mai potrivit\u0103 metod\u0103 va fi aleas\u0103 \u00een func\u021bie de loca\u021bia de livrare, asigur\u00e2nd livrarea prompt\u0103 a <strong>vape de unic\u0103 folosin\u021b\u0103<\/strong> produse.<\/p>\n<h5>C\u00e2t dureaz\u0103 de obicei expedierea?<\/h5>\n<p>Livrarea standard dureaz\u0103 de obicei 7-15 zile lucr\u0103toare. Cu toate acestea, v\u0103 rug\u0103m s\u0103 acorda\u021bi p\u00e2n\u0103 la 20 de zile lucr\u0103toare \u00een timpul s\u0103rb\u0103torilor sau \u00een condi\u021bii meteorologice nefavorabile.<\/p>\n<h5>Voi avea probleme cu vama?<\/h5>\n<p>Ne ocup\u0103m de toate procedurile de v\u0103muire, garant\u00e2nd o experien\u021b\u0103 f\u0103r\u0103 probleme \u0219i f\u0103r\u0103 complica\u021bii. Nu ve\u021bi suporta nicio tax\u0103 sau impozit suplimentar. Garant\u0103m v\u0103muirea 100% pentru toate produsele noastre.<\/p>\n<h5>C\u00e2t de exacte sunt num\u0103rul de fumuri \u0219i durata de via\u021b\u0103 a bateriei afi\u0219ate pe ecranul LED?<\/h5>\n<p>Afi\u0219ajul digital LED integrat ofer\u0103 citiri exacte, \u00een timp real, at\u00e2t ale num\u0103rului de fumuri, c\u00e2t \u0219i ale duratei de via\u021b\u0103 a bateriei. Acest lucru permite o monitorizare precis\u0103, asigur\u00e2ndu-v\u0103 o experien\u021b\u0103 de vapat consistent\u0103 \u0219i fiabil\u0103. Aceast\u0103 precizie \u00eenseamn\u0103 c\u0103 pute\u021bi \u0219ti \u00eentotdeauna c\u00e2nd trebuie s\u0103 re\u00eenc\u0103rca\u021bi.<\/p>\n<h5>Achizi\u021bia mea este protejat\u0103?<\/h5>\n<p>Oferim op\u021biuni de plat\u0103 sigure prin PayPal, inclusiv protec\u021bia cump\u0103r\u0103torului. De asemenea, pute\u021bi consulta m\u0103rturiile clien\u021bilor no\u0219tri pe <a href=\"https:\/\/www.trustpilot.com\/review\/volovape.com?utm_medium=trustbox&amp;utm_source=TrustBoxReviewCollector\">TrustPilot<\/a>.<\/p>","protected":false},"excerpt":{"rendered":"<p>Ridic\u0103-\u021bi experien\u021ba de vape cu Bang King 30000 Puffs. Afi\u0219aj LED, 36 ml, ochiuri de 1,0\u03a9, re\u00eenc\u0103rcabil\u0103. Ideal pentru pl\u0103cerea personal\u0103 sau en-gros de volum mare.<\/p>","protected":false},"featured_media":662,"comment_status":"open","ping_status":"closed","template":"","meta":[],"product_brand":[],"product_cat":[61,63,21,18,39,20,23,24,22,25,26,27,28,29,30,31,32,33,34,35,64,36,40],"product_tag":[],"class_list":{"0":"post-418","1":"product","2":"type-product","3":"status-publish","4":"has-post-thumbnail","6":"product_cat-bang","7":"product_cat-30000-puffs-disposable-vape","8":"product_cat-big-puffs-vapes","9":"product_cat-different-puffs-of-disposable-vapes","10":"product_cat-digital-box-vapes","11":"product_cat-disposable-vape-types","12":"product_cat-disposable-vapes-in-austria","13":"product_cat-disposable-vapes-in-belgium","14":"product_cat-disposable-vapes-in-europe","15":"product_cat-disposable-vapes-in-france","16":"product_cat-disposable-vapes-in-germany","17":"product_cat-disposable-vapes-in-hungary","18":"product_cat-disposable-vapes-in-ltaly","19":"product_cat-disposable-vapes-in-netherlands","20":"product_cat-disposable-vapes-in-norway","21":"product_cat-disposable-vapes-in-poland","22":"product_cat-disposable-vapes-in-portugal","23":"product_cat-disposable-vapes-in-spain","24":"product_cat-disposable-vapes-in-sweden","25":"product_cat-disposable-vapes-in-switzerland","26":"product_cat-dual-flavor-vapes","27":"product_cat-rechargeable-vapes","28":"product_cat-smart-screen-vapes","30":"first","31":"instock","32":"shipping-taxable","33":"purchasable","34":"product-type-variable","35":"has-default-attributes"},"jetpack_sharing_enabled":true,"tiered_pricing_type":"fixed","tiered_pricing_fixed_rules":{"30":6.87000000000000010658141036401502788066864013671875,"50":6.36000000000000031974423109204508364200592041015625,"100":5.4900000000000002131628207280300557613372802734375,"200":5.12000000000000010658141036401502788066864013671875,"400":4.57000000000000028421709430404007434844970703125},"tiered_pricing_product_settings":{"layout":"default","base_unit_name":{"singular":null,"plural":null},"default_variation":null},"tiered_pricing_minimum_quantity":10,"tiered_pricing_roles_data":[],"tiered_pricing_percentage_rules":[],"tiered_pricing_maximum_quantity":null,"tiered_pricing_quantity_step":"10","_links":{"self":[{"href":"https:\/\/volovape.com\/ro\/wp-json\/wp\/v2\/product\/418","targetHints":{"allow":["GET"]}}],"collection":[{"href":"https:\/\/volovape.com\/ro\/wp-json\/wp\/v2\/product"}],"about":[{"href":"https:\/\/volovape.com\/ro\/wp-json\/wp\/v2\/types\/product"}],"replies":[{"embeddable":true,"href":"https:\/\/volovape.com\/ro\/wp-json\/wp\/v2\/comments?post=418"}],"wp:featuredmedia":[{"embeddable":true,"href":"https:\/\/volovape.com\/ro\/wp-json\/wp\/v2\/media\/662"}],"wp:attachment":[{"href":"https:\/\/volovape.com\/ro\/wp-json\/wp\/v2\/media?parent=418"}],"wp:term":[{"taxonomy":"product_brand","embeddable":true,"href":"https:\/\/volovape.com\/ro\/wp-json\/wp\/v2\/product_brand?post=418"},{"taxonomy":"product_cat","embeddable":true,"href":"https:\/\/volovape.com\/ro\/wp-json\/wp\/v2\/product_cat?post=418"},{"taxonomy":"product_tag","embeddable":true,"href":"https:\/\/volovape.com\/ro\/wp-json\/wp\/v2\/product_tag?post=418"}],"curies":[{"name":"wp","href":"https:\/\/api.w.org\/{rel}","templated":true}]}}