{"id":417,"date":"2024-11-21T03:29:43","date_gmt":"2024-11-21T03:29:43","guid":{"rendered":"https:\/\/volovape.com\/?post_type=product&#038;p=417"},"modified":"2025-10-31T03:56:57","modified_gmt":"2025-10-31T03:56:57","slug":"poco-sl-15000-pufuri","status":"publish","type":"product","link":"https:\/\/volovape.com\/ro\/product\/poco-sl-15000-puffs\/","title":{"rendered":"Poco SL 15000 pufuri flux de aer reglabil vape de unic\u0103 folosin\u021b\u0103 - re\u00eenc\u0103rcabil\u0103 cu \u00eenc\u0103rcare tip-c (0-5% nicotin\u0103)"},"content":{"rendered":"<p>Poco SL 15000 Puffs Vape de unic\u0103 folosin\u021b\u0103 - flux de aer reglabil \u0219i re\u00eenc\u0103rcabil\u0103 (0-5% Nicotin\u0103)<\/p>\n<p><strong>Poco SL 15000 Puffs Vape de unic\u0103 folosin\u021b\u0103<\/strong> - Vapare personalizat\u0103 cu flux de aer reglabil.<\/p>\n<p>Experimenta\u021bi vaparea personalizat\u0103 cu <strong>Poco SL 15000 Puffs<\/strong>, cu <em>debit de aer reglabil<\/em> pentru trageri personalizate \u0219i arom\u0103 optim\u0103. Bucura\u021bi-v\u0103 de p\u00e2n\u0103 la <strong>15.000 de pufuri<\/strong> de la un mare <strong>Capacitate de 25mL e-lichid<\/strong>, alimentat de un <strong>Baterie re\u00eenc\u0103rcabil\u0103 650mAh<\/strong> cu <strong>\u00cenc\u0103rcare de tip C<\/strong>. Alege\u021bi din <strong>Concentra\u021bii de nicotin\u0103 0%, 2%, 3% sau 5%<\/strong>, \u0219i explora\u021bi <strong>12 arome unice<\/strong>. Acest dispozitiv ofer\u0103 un amestec de confort \u0219i personalizare, ideal at\u00e2t pentru uz personal, c\u00e2t \u0219i pentru <strong>vape de unic\u0103 folosin\u021b\u0103 en-gros<\/strong> sau <strong>comenzi \u00een vrac<\/strong>.<\/p>\n<h3><strong>Poco SL 15000 Puffs Caracteristici:<\/strong><\/h3>\n<ul>\n<li>Puffs: P\u00e2n\u0103 la 15.000<\/li>\n<li>Capacitate E-liquid: 25mL<\/li>\n<li>Baterie: 650mAh (re\u00eenc\u0103rcabil\u0103)<\/li>\n<li>\u00cenc\u0103rcare: Tip-C<\/li>\n<li>Flux de aer: Reglabil<\/li>\n<li>Concentra\u021bii de nicotin\u0103: 0%, 2%, 3%, 5%<\/li>\n<li>12 arome unice<\/li>\n<\/ul>\n<h4>\u00ceNTREB\u0102RI FRECVENTE<\/h4>\n<h5>Care sunt op\u021biunile tipice de expediere?<\/h5>\n<p>Utiliz\u0103m transportatori de \u00eencredere precum UPS, DHL, FedEx \u0219i DPD pentru a ne asigura c\u0103 comanda dvs. ajunge prompt. Cea mai eficient\u0103 metod\u0103 de expediere este selectat\u0103 \u00een func\u021bie de loca\u021bia dvs., garant\u00e2nd livrarea la timp a <strong>vape de unic\u0103 folosin\u021b\u0103<\/strong> produse.<\/p>\n<h5>C\u00e2t dureaz\u0103 de obicei expedierea?<\/h5>\n<p>Livrarea standard dureaz\u0103 \u00een general 7-15 zile lucr\u0103toare. Cu toate acestea, v\u0103 rug\u0103m s\u0103 acorda\u021bi p\u00e2n\u0103 la 20 de zile lucr\u0103toare \u00een timpul s\u0103rb\u0103torilor sau din cauza condi\u021biilor meteorologice neprev\u0103zute.<\/p>\n<h5>Exist\u0103 preocup\u0103ri legate de vam\u0103?<\/h5>\n<p>Gestion\u0103m toate procedurile vamale, asigur\u00e2nd o experien\u021b\u0103 f\u0103r\u0103 probleme, f\u0103r\u0103 taxe sau tarife suplimentare. Garant\u0103m v\u0103muirea 100% pentru toate produsele noastre.<\/p>\n<h5>Cum \u00eembun\u0103t\u0103\u021be\u0219te fluxul de aer reglabil experien\u021ba de vapat?<\/h5>\n<p>Fluxul de aer reglabil v\u0103 permite s\u0103 personaliza\u021bi rezisten\u021ba la tragere, permi\u021b\u00e2ndu-v\u0103 s\u0103 regla\u021bi fin echilibrul dintre intensitatea aromei \u0219i produc\u021bia de vapori. Fie c\u0103 prefera\u021bi o extrac\u021bie mai str\u00e2ns\u0103 \u0219i mai concentrat\u0103 sau o vaporizare mai liber\u0103 \u0219i mai aerisit\u0103, aceast\u0103 caracteristic\u0103 v\u0103 permite s\u0103 v\u0103 personaliza\u021bi experien\u021ba pentru a se potrivi cu preferin\u021bele dvs.<\/p>\n<h5>Este achizi\u021bia mea sigur\u0103?<\/h5>\n<p>Oferim op\u021biuni de plat\u0103 sigur\u0103 prin PayPal, care include protec\u021bia cump\u0103r\u0103torului. De asemenea, pute\u021bi analiza feedback-ul \u0219i evalu\u0103rile clien\u021bilor no\u0219tri pe <a href=\"https:\/\/www.trustpilot.com\/review\/volovape.com?utm_medium=trustbox&#038;utm_source=TrustBoxReviewCollector\">TrustPilot<\/a>.<\/p>","protected":false},"excerpt":{"rendered":"<p>Adapteaz\u0103-\u021bi vape-ul cu Poco SL 15000 Puffs. Flux de aer reglabil, 25 ml, re\u00eenc\u0103rcabil\u0103. Livrare rapid\u0103 \u00een UE! Ideal pentru uz personal sau en-gros. Nicotin\u0103 variat\u0103.<\/p>","protected":false},"featured_media":601,"comment_status":"open","ping_status":"closed","template":"","meta":[],"product_brand":[],"product_cat":[58,41,21,18,39,20,23,24,22,25,26,27,28,29,30,31,32,33,34,35,36,40],"product_tag":[],"class_list":{"0":"post-417","1":"product","2":"type-product","3":"status-publish","4":"has-post-thumbnail","6":"product_cat-poco","7":"product_cat-15000-puffs-disposable-vape","8":"product_cat-big-puffs-vapes","9":"product_cat-different-puffs-of-disposable-vapes","10":"product_cat-digital-box-vapes","11":"product_cat-disposable-vape-types","12":"product_cat-disposable-vapes-in-austria","13":"product_cat-disposable-vapes-in-belgium","14":"product_cat-disposable-vapes-in-europe","15":"product_cat-disposable-vapes-in-france","16":"product_cat-disposable-vapes-in-germany","17":"product_cat-disposable-vapes-in-hungary","18":"product_cat-disposable-vapes-in-ltaly","19":"product_cat-disposable-vapes-in-netherlands","20":"product_cat-disposable-vapes-in-norway","21":"product_cat-disposable-vapes-in-poland","22":"product_cat-disposable-vapes-in-portugal","23":"product_cat-disposable-vapes-in-spain","24":"product_cat-disposable-vapes-in-sweden","25":"product_cat-disposable-vapes-in-switzerland","26":"product_cat-rechargeable-vapes","27":"product_cat-smart-screen-vapes","29":"first","30":"instock","31":"shipping-taxable","32":"purchasable","33":"product-type-variable","34":"has-default-attributes"},"jetpack_sharing_enabled":true,"tiered_pricing_type":"fixed","tiered_pricing_fixed_rules":{"100":7.5,"400":7.0999999999999996447286321199499070644378662109375,"1000":7},"tiered_pricing_product_settings":{"layout":"default","base_unit_name":{"singular":null,"plural":null},"default_variation":null},"tiered_pricing_minimum_quantity":50,"tiered_pricing_roles_data":[],"tiered_pricing_percentage_rules":[],"tiered_pricing_maximum_quantity":null,"tiered_pricing_quantity_step":"10","_links":{"self":[{"href":"https:\/\/volovape.com\/ro\/wp-json\/wp\/v2\/product\/417","targetHints":{"allow":["GET"]}}],"collection":[{"href":"https:\/\/volovape.com\/ro\/wp-json\/wp\/v2\/product"}],"about":[{"href":"https:\/\/volovape.com\/ro\/wp-json\/wp\/v2\/types\/product"}],"replies":[{"embeddable":true,"href":"https:\/\/volovape.com\/ro\/wp-json\/wp\/v2\/comments?post=417"}],"wp:featuredmedia":[{"embeddable":true,"href":"https:\/\/volovape.com\/ro\/wp-json\/wp\/v2\/media\/601"}],"wp:attachment":[{"href":"https:\/\/volovape.com\/ro\/wp-json\/wp\/v2\/media?parent=417"}],"wp:term":[{"taxonomy":"product_brand","embeddable":true,"href":"https:\/\/volovape.com\/ro\/wp-json\/wp\/v2\/product_brand?post=417"},{"taxonomy":"product_cat","embeddable":true,"href":"https:\/\/volovape.com\/ro\/wp-json\/wp\/v2\/product_cat?post=417"},{"taxonomy":"product_tag","embeddable":true,"href":"https:\/\/volovape.com\/ro\/wp-json\/wp\/v2\/product_tag?post=417"}],"curies":[{"name":"wp","href":"https:\/\/api.w.org\/{rel}","templated":true}]}}