{"id":416,"date":"2024-11-21T03:29:43","date_gmt":"2024-11-21T03:29:43","guid":{"rendered":"https:\/\/volovape.com\/?post_type=product&#038;p=416"},"modified":"2026-04-08T01:50:51","modified_gmt":"2026-04-08T01:50:51","slug":"bang-vape-20000-puffs","status":"publish","type":"product","link":"https:\/\/volovape.com\/ro\/product\/bang-vape-20000-puffs\/","title":{"rendered":"Bang Vape 20000 pufuri de unic\u0103 folosin\u021b\u0103 - afi\u0219aj LED, re\u00eenc\u0103rcabil\u0103, bobin\u0103 mesh"},"content":{"rendered":"<p><strong>Bang Vape 20000 Puffs Vape de unic\u0103 folosin\u021b\u0103<\/strong> - Experimenta\u021bi vaparea extins\u0103 cu tehnologie avansat\u0103.<\/p>\n<p>The <strong>Bang Vape 20000 Puffs<\/strong> stabile\u0219te un nou standard pentru vapoarele de unic\u0103 folosin\u021b\u0103 de mare capacitate, oferind p\u00e2n\u0103 la <strong>20.000 de pufuri<\/strong> cu un generos <strong>Rezervor de e-lichid de 25mL<\/strong>. Dispun\u00e2nd de o <strong>Bobin\u0103 cu ochiuri de 0,8\u03a9<\/strong> pentru un abur neted, aromat \u0219i un <strong>Afi\u0219aj digital cu LED<\/strong> pentru monitorizare \u00een timp real, acest dispozitiv combin\u0103 confortul cu tehnologia de ultim\u0103 or\u0103. Alege\u021bi de la <strong>Concentra\u021bii de nicotin\u0103 0%, 2%, 3% sau 5%<\/strong>, \u0219i s\u0103 se bucure de o gam\u0103 larg\u0103 de <strong>15 arome unice<\/strong>. The <strong>Baterie re\u00eenc\u0103rcabil\u0103 650mAh<\/strong> cu <strong>\u00cenc\u0103rcare de tip C<\/strong> asigur\u0103 performan\u021be de lung\u0103 durat\u0103, f\u0103c\u00e2ndu-l perfect at\u00e2t pentru uz personal, c\u00e2t \u0219i pentru <strong>vape de unic\u0103 folosin\u021b\u0103 en-gros<\/strong> sau <strong>comand\u0103 \u00een vrac<\/strong> nevoi.<\/p>\n<h3><strong>Bang Vape 20000 Puffs Caracteristici:<\/strong><\/h3>\n<ul>\n<li>Puffs: P\u00e2n\u0103 la 20.000<\/li>\n<li>Capacitate E-liquid: 25mL<\/li>\n<li>Baterie: 650mAh (re\u00eenc\u0103rcabil\u0103)<\/li>\n<li>\u00cenc\u0103rcare: Tip-C<\/li>\n<li>Bobin\u0103: 0.8\u03a9 Mesh Coil<\/li>\n<li>Afi\u0219aj: Afi\u0219aj digital cu LED<\/li>\n<li>Concentra\u021bii de nicotin\u0103: 0%, 2%, 3%, 5%<\/li>\n<li>15 arome unice<\/li>\n<\/ul>\n<h4>\u00ceNTREB\u0102RI FRECVENTE<\/h4>\n<h5>Ce metode de expediere sunt utilizate?<\/h5>\n<p>Suntem parteneri cu transportatori de top precum UPS, DHL, FedEx \u0219i DPD pentru a asigura o livrare rapid\u0103 \u0219i fiabil\u0103. Cea mai potrivit\u0103 metod\u0103 de expediere este selectat\u0103 \u00een func\u021bie de loca\u021bia dvs., garant\u00e2ndu-v\u0103 c\u0103 ve\u021bi primi <strong>vape de unic\u0103 folosin\u021b\u0103<\/strong> comanda c\u00e2t mai repede posibil.<\/p>\n<h5>C\u00e2t dureaz\u0103 de obicei livrarea?<\/h5>\n<p>Livrarea standard dureaz\u0103 de obicei \u00eentre 7-15 zile lucr\u0103toare. Cu toate acestea, v\u0103 rug\u0103m s\u0103 acorda\u021bi p\u00e2n\u0103 la 20 de zile lucr\u0103toare \u00een timpul s\u0103rb\u0103torilor sau al condi\u021biilor meteorologice nefavorabile.<\/p>\n<h5>Voi \u00eent\u00e2mpina probleme vamale?<\/h5>\n<p>Noi ne ocup\u0103m de toate procedurile de v\u0103muire, asigur\u00e2nd o experien\u021b\u0103 f\u0103r\u0103 complica\u021bii. Nu ve\u021bi suporta nicio tax\u0103 sau impozit suplimentar. Garant\u0103m v\u0103muirea 100% pentru toate produsele noastre.<\/p>\n<h5>C\u00e2t de exacte sunt num\u0103rul de fumuri \u0219i durata de via\u021b\u0103 a bateriei afi\u0219ate pe ecranul LED?<\/h5>\n<p>Afi\u0219ajul digital cu LED ofer\u0103 date exacte, \u00een timp real, at\u00e2t cu privire la num\u0103rul de pufuri, c\u00e2t \u0219i la durata de via\u021b\u0103 a bateriei. Acest lucru v\u0103 permite s\u0103 v\u0103 monitoriza\u021bi cu precizie utilizarea \u0219i starea bateriei, asigur\u00e2ndu-v\u0103 c\u0103 nu sunte\u021bi niciodat\u0103 prins cu garda jos. Pute\u021bi avea \u00eencredere \u00een acurate\u021bea afi\u0219ajului pentru o experien\u021b\u0103 de vapat consistent\u0103.<\/p>\n<h5>Pot avea \u00eencredere \u00een aceast\u0103 achizi\u021bie?<\/h5>\n<p>Accept\u0103m plata prin PayPal \u0219i oferim protec\u021bie cump\u0103r\u0103torului pentru tranzac\u021bii sigure. De asemenea, pute\u021bi verifica credibilitatea noastr\u0103 prin verificarea recenziilor clien\u021bilor no\u0219tri pe <a href=\"https:\/\/www.trustpilot.com\/review\/volovape.com?utm_medium=trustbox&amp;utm_source=TrustBoxReviewCollector\">TrustPilot<\/a>.<\/p>","protected":false},"excerpt":{"rendered":"<p>Bucura\u021bi-v\u0103 de o vaporizare prelungit\u0103 \u0219i aromat\u0103 cu Bang Vape 20000 Puffs. Afi\u0219aj LED, bobin\u0103 cu ochiuri de 0,8\u03a9, 25 ml, re\u00eenc\u0103rcabil\u0103. Perfect pentru uz personal sau en-gros, cu diferite concentra\u021bii de nicotin\u0103.<\/p>","protected":false},"featured_media":579,"comment_status":"open","ping_status":"closed","template":"","meta":[],"product_brand":[],"product_cat":[61,42,21,18,39,20,23,24,22,25,26,27,28,29,30,31,32,33,34,35,44,36,40],"product_tag":[],"class_list":{"0":"post-416","1":"product","2":"type-product","3":"status-publish","4":"has-post-thumbnail","6":"product_cat-bang","7":"product_cat-20000-puffs-disposable-vape","8":"product_cat-big-puffs-vapes","9":"product_cat-different-puffs-of-disposable-vapes","10":"product_cat-digital-box-vapes","11":"product_cat-disposable-vape-types","12":"product_cat-disposable-vapes-in-austria","13":"product_cat-disposable-vapes-in-belgium","14":"product_cat-disposable-vapes-in-europe","15":"product_cat-disposable-vapes-in-france","16":"product_cat-disposable-vapes-in-germany","17":"product_cat-disposable-vapes-in-hungary","18":"product_cat-disposable-vapes-in-ltaly","19":"product_cat-disposable-vapes-in-netherlands","20":"product_cat-disposable-vapes-in-norway","21":"product_cat-disposable-vapes-in-poland","22":"product_cat-disposable-vapes-in-portugal","23":"product_cat-disposable-vapes-in-spain","24":"product_cat-disposable-vapes-in-sweden","25":"product_cat-disposable-vapes-in-switzerland","26":"product_cat-dual-mesh-vapes","27":"product_cat-rechargeable-vapes","28":"product_cat-smart-screen-vapes","30":"first","31":"instock","32":"shipping-taxable","33":"purchasable","34":"product-type-variable","35":"has-default-attributes"},"jetpack_sharing_enabled":true,"tiered_pricing_type":"fixed","tiered_pricing_fixed_rules":{"30":6.36000000000000031974423109204508364200592041015625,"50":6.04999999999999982236431605997495353221893310546875,"100":5.30999999999999960920149533194489777088165283203125,"200":5.05999999999999960920149533194489777088165283203125,"400":4.5099999999999997868371792719699442386627197265625},"tiered_pricing_product_settings":{"layout":"default","base_unit_name":{"singular":null,"plural":null},"default_variation":null},"tiered_pricing_minimum_quantity":10,"tiered_pricing_roles_data":[],"tiered_pricing_percentage_rules":[],"tiered_pricing_maximum_quantity":null,"tiered_pricing_quantity_step":"10","_links":{"self":[{"href":"https:\/\/volovape.com\/ro\/wp-json\/wp\/v2\/product\/416","targetHints":{"allow":["GET"]}}],"collection":[{"href":"https:\/\/volovape.com\/ro\/wp-json\/wp\/v2\/product"}],"about":[{"href":"https:\/\/volovape.com\/ro\/wp-json\/wp\/v2\/types\/product"}],"replies":[{"embeddable":true,"href":"https:\/\/volovape.com\/ro\/wp-json\/wp\/v2\/comments?post=416"}],"wp:featuredmedia":[{"embeddable":true,"href":"https:\/\/volovape.com\/ro\/wp-json\/wp\/v2\/media\/579"}],"wp:attachment":[{"href":"https:\/\/volovape.com\/ro\/wp-json\/wp\/v2\/media?parent=416"}],"wp:term":[{"taxonomy":"product_brand","embeddable":true,"href":"https:\/\/volovape.com\/ro\/wp-json\/wp\/v2\/product_brand?post=416"},{"taxonomy":"product_cat","embeddable":true,"href":"https:\/\/volovape.com\/ro\/wp-json\/wp\/v2\/product_cat?post=416"},{"taxonomy":"product_tag","embeddable":true,"href":"https:\/\/volovape.com\/ro\/wp-json\/wp\/v2\/product_tag?post=416"}],"curies":[{"name":"wp","href":"https:\/\/api.w.org\/{rel}","templated":true}]}}