{"id":415,"date":"2024-11-21T03:29:43","date_gmt":"2024-11-21T03:29:43","guid":{"rendered":"https:\/\/volovape.com\/?post_type=product&#038;p=415"},"modified":"2025-08-06T07:56:39","modified_gmt":"2025-08-06T07:56:39","slug":"poco-pt-12000-pufuri","status":"publish","type":"product","link":"https:\/\/volovape.com\/ro\/product\/poco-pt-12000-puffs\/","title":{"rendered":"POCO PT 12000 Puffs Vape de unic\u0103 folosin\u021b\u0103 - flux de aer reglabil, re\u00eenc\u0103rcabil\u0103"},"content":{"rendered":"<p><strong>POCO PT 12000 Vap\u0103 de unic\u0103 folosin\u021b\u0103: Vaping personalizat cu flux de aer reglabil.<\/strong><\/p>\n<p>\u00cembun\u0103t\u0103\u021be\u0219te-\u021bi experien\u021ba de vapat cu <strong>POCO PT 12000<\/strong>, cu p\u00e2n\u0103 la <strong>12.000 de pufuri<\/strong> \u0219i un substan\u021bial <strong>Capacitate de 22ml e-lichid<\/strong>. Acest dispozitiv este alimentat de un <strong>Baterie re\u00eenc\u0103rcabil\u0103 650mAh<\/strong> cu <strong>\u00cenc\u0103rcare de tip C<\/strong> pentru performan\u021be constante. Personaliza\u021bi-v\u0103 vape-ul cu <strong>debit de aer reglabil<\/strong>, comutarea \u00eentre stilurile MTL \u0219i DTL pentru o satisfac\u021bie optim\u0103. Bucura\u021bi-v\u0103 de un potent <strong>Puterea nicotinei 5%<\/strong> peste <strong>10 arome unice<\/strong>. Ideal pentru cei care caut\u0103 o solu\u021bie personalizabil\u0103, de lung\u0103 durat\u0103 \u0219i convenabil\u0103 <strong>vape de unic\u0103 folosin\u021b\u0103<\/strong>, disponibil pentru <strong>comenzi \u00een vrac<\/strong> \u0219i <strong>en-gros<\/strong>.<\/p>\n<h3><strong>POCO PT 12000 Caracteristici:<\/strong><\/h3>\n<ul>\n<li>Puffs: P\u00e2n\u0103 la 12.000<\/li>\n<li>Capacitate E-liquid: 22ml<\/li>\n<li>Baterie: 650mAh (re\u00eenc\u0103rcabil\u0103)<\/li>\n<li>\u00cenc\u0103rcare: Tip-C<\/li>\n<li>Flux de aer: Reglabil<\/li>\n<li>Puterea Nicotinei: 5%<\/li>\n<li>10 op\u021biuni de arome<\/li>\n<li>Dispozitiv de unic\u0103 folosin\u021b\u0103<\/li>\n<\/ul>\n<h4>\u00ceNTREB\u0102RI FRECVENTE<\/h4>\n<h5>Cum \u00eembun\u0103t\u0103\u021be\u0219te fluxul de aer reglabil experien\u021ba mea de vapat?<\/h5>\n<p>Caracteristica fluxului de aer reglabil v\u0103 permite s\u0103 v\u0103 personaliza\u021bi tragerea, oferind versatilitate at\u00e2t pentru stilurile de vaporizare MTL (gur\u0103-la-lung), c\u00e2t \u0219i DTL (direct-la-lung). Acest lucru \u00eenseamn\u0103 c\u0103 pute\u021bi regla fin fluxul de aer pentru a ob\u021bine echilibrul preferat al intensit\u0103\u021bii aromei \u0219i al produc\u021biei de vapori, sporindu-v\u0103 satisfac\u021bia general\u0103.<\/p>\n<h5>Ce metode de expediere sunt utilizate?<\/h5>\n<p>Cooper\u0103m cu UPS\/DHL\/FEDEX\/DPD, etc. Vom alege op\u021biunea de expediere adecvat\u0103 \u00een func\u021bie de \u021bara de livrare pentru a ne asigura c\u0103 ve\u021bi primi produsele c\u00e2t mai repede posibil.<\/p>\n<h5>C\u00e2t timp dureaz\u0103 s\u0103 ajung\u0103?<\/h5>\n<p>Acest lucru dureaz\u0103 de obicei 7-15 zile lucr\u0103toare \u0219i poate dura p\u00e2n\u0103 la 20 de zile lucr\u0103toare \u00een zilele de s\u0103rb\u0103toare legal\u0103 sau \u00een condi\u021bii meteorologice nefavorabile.<\/p>\n<h5>Poate trece prin vam\u0103 \u0219i \u00eemi va cauza probleme?<\/h5>\n<p>V\u0103 garant\u0103m c\u0103 nu ve\u021bi avea probleme, deoarece noi ne vom ocupa de v\u0103muire \u0219i nu vor exista taxe sau tarife. V\u0103 garant\u0103m c\u0103 100% din produsele noastre vor trece vama.<\/p>\n<h5>Pot avea \u00eencredere \u00een ea?<\/h5>\n<p>Noi sus\u021binem plata PayPal \u0219i serviciul de protec\u021bie a cump\u0103r\u0103torului. De asemenea, pute\u021bi verifica recenziile noastre pe <a href=\"https:\/\/www.trustpilot.com\/review\/volovape.com?utm_medium=trustbox&amp;utm_source=TrustBoxReviewCollector\">TrustPilot<\/a>.<\/p>","protected":false},"excerpt":{"rendered":"<p>Personaliza\u021bi-v\u0103 vape cu POCO PT 12000 Puffs. Flux de aer reglabil, 22ml, re\u00eenc\u0103rcabil, 5% nicotin\u0103. Livrare rapid\u0103 \u00een UE! Ideal pentru nevoi personale sau en-gros.<\/p>","protected":false},"featured_media":567,"comment_status":"open","ping_status":"closed","template":"","meta":[],"product_brand":[],"product_cat":[36,38,21,18,20,23,24,22,25,26,27,28,29,30,31,32,33,34,35,58],"product_tag":[],"class_list":{"0":"post-415","1":"product","2":"type-product","3":"status-publish","4":"has-post-thumbnail","6":"product_cat-rechargeable-vapes","7":"product_cat-12000-puffs-disposable-vape","8":"product_cat-big-puffs-vapes","9":"product_cat-different-puffs-of-disposable-vapes","10":"product_cat-disposable-vape-types","11":"product_cat-disposable-vapes-in-austria","12":"product_cat-disposable-vapes-in-belgium","13":"product_cat-disposable-vapes-in-europe","14":"product_cat-disposable-vapes-in-france","15":"product_cat-disposable-vapes-in-germany","16":"product_cat-disposable-vapes-in-hungary","17":"product_cat-disposable-vapes-in-ltaly","18":"product_cat-disposable-vapes-in-netherlands","19":"product_cat-disposable-vapes-in-norway","20":"product_cat-disposable-vapes-in-poland","21":"product_cat-disposable-vapes-in-portugal","22":"product_cat-disposable-vapes-in-spain","23":"product_cat-disposable-vapes-in-sweden","24":"product_cat-disposable-vapes-in-switzerland","25":"product_cat-poco","27":"first","28":"instock","29":"shipping-taxable","30":"purchasable","31":"product-type-variable","32":"has-default-attributes"},"jetpack_sharing_enabled":true,"tiered_pricing_type":"fixed","tiered_pricing_fixed_rules":{"2000":6.69000000000000039079850466805510222911834716796875},"tiered_pricing_product_settings":{"layout":"default","base_unit_name":{"singular":null,"plural":null},"default_variation":null},"tiered_pricing_minimum_quantity":1000,"tiered_pricing_roles_data":[],"tiered_pricing_percentage_rules":[],"tiered_pricing_maximum_quantity":null,"tiered_pricing_quantity_step":"10","_links":{"self":[{"href":"https:\/\/volovape.com\/ro\/wp-json\/wp\/v2\/product\/415","targetHints":{"allow":["GET"]}}],"collection":[{"href":"https:\/\/volovape.com\/ro\/wp-json\/wp\/v2\/product"}],"about":[{"href":"https:\/\/volovape.com\/ro\/wp-json\/wp\/v2\/types\/product"}],"replies":[{"embeddable":true,"href":"https:\/\/volovape.com\/ro\/wp-json\/wp\/v2\/comments?post=415"}],"wp:featuredmedia":[{"embeddable":true,"href":"https:\/\/volovape.com\/ro\/wp-json\/wp\/v2\/media\/567"}],"wp:attachment":[{"href":"https:\/\/volovape.com\/ro\/wp-json\/wp\/v2\/media?parent=415"}],"wp:term":[{"taxonomy":"product_brand","embeddable":true,"href":"https:\/\/volovape.com\/ro\/wp-json\/wp\/v2\/product_brand?post=415"},{"taxonomy":"product_cat","embeddable":true,"href":"https:\/\/volovape.com\/ro\/wp-json\/wp\/v2\/product_cat?post=415"},{"taxonomy":"product_tag","embeddable":true,"href":"https:\/\/volovape.com\/ro\/wp-json\/wp\/v2\/product_tag?post=415"}],"curies":[{"name":"wp","href":"https:\/\/api.w.org\/{rel}","templated":true}]}}