{"id":414,"date":"2024-11-21T03:29:42","date_gmt":"2024-11-21T03:29:42","guid":{"rendered":"https:\/\/volovape.com\/?post_type=product&#038;p=414"},"modified":"2025-07-07T03:41:56","modified_gmt":"2025-07-07T03:41:56","slug":"cutie-elf-cristal-bar-600-puffs","status":"publish","type":"product","link":"https:\/\/volovape.com\/ro\/product\/elf-box-crystal-bar-600-puffs\/","title":{"rendered":"ELF BOX CRYSTAL BAR 600 Puffs Vape de unic\u0103 folosin\u021b\u0103 - Compact \u0219i re\u00eenc\u0103rcabil"},"content":{"rendered":"<p><iframe title=\"VideoPress Player video\" aria-label='VideoPress Player video' width='421' height='750' src='https:\/\/videopress.com\/embed\/J12z3YdL?hd=0&amp;cover=1' frameborder='0' allowfullscreen allow='clipboard-write'><\/iframe><script src='https:\/\/v0.wordpress.com\/js\/next\/videopress-iframe.js?m=1739540970'><\/script><\/p>\n<h2>ELF BOX CRYSTAL BAR 600 Puffs: Vap\u0103 elegant\u0103, re\u00eenc\u0103rcabil\u0103 \u0219i compact\u0103.<\/h2>\n<p>Descoperi\u021bi <strong>ELF BOX CRISTAL BAR 600<\/strong>, un dispozitiv elegant \u0219i portabil <strong>Vape re\u00eenc\u0103rcabil\u0103 de unic\u0103 folosin\u021b\u0103<\/strong> concepute pentru stil \u0219i confort. Oferind p\u00e2n\u0103 la <strong>600 de pufuri<\/strong> cu un <strong>2ml capacitate e-lichid<\/strong> \u0219i o <strong>Baterie re\u00eenc\u0103rcabil\u0103 500mAh<\/strong>, acest dispozitiv asigur\u0103 o experien\u021b\u0103 de vapat satisf\u0103c\u0103toare. Elegant <strong>design de cristal<\/strong> \u0219i <strong>Rezisten\u021b\u0103 de 1,6\u03a9<\/strong> ofer\u0103 un abur fin \u0219i aromat \u00eentr-o form\u0103 compact\u0103. Alege\u021bi din <strong>Concentra\u021bii de nicotin\u0103 0%, 2% sau 5%<\/strong> \u0219i bucura\u021bi-v\u0103 <strong>13 arome delicioase<\/strong>. Ideal pentru vaparea \u00een mi\u0219care \u0219i perfect pentru cei care caut\u0103 un dispozitiv elegant, f\u0103r\u0103 complica\u021bii <strong>vape de unic\u0103 folosin\u021b\u0103<\/strong>, disponibil pentru <strong>comand\u0103 \u00een vrac<\/strong> \u0219i <strong>en-gros<\/strong>.<\/p>\n<h3><strong>ELF BOX CRYSTAL BAR 600 Caracteristici:<\/strong><\/h3>\n<ul>\n<li>Puffs: P\u00e2n\u0103 la 600<\/li>\n<li>Capacitate E-liquid: 2ml<\/li>\n<li>Baterie: 500mAh (re\u00eenc\u0103rcabil\u0103)<\/li>\n<li>\u00cenc\u0103rcare: Tip-C<\/li>\n<li>Rezisten\u021b\u0103: 1,6\u03a9<\/li>\n<li>Concentra\u021bii de nicotin\u0103: 0%, 2%, 5%<\/li>\n<li>13 op\u021biuni de arome<\/li>\n<li>Design de cristal<\/li>\n<li>Dispozitiv de unic\u0103 folosin\u021b\u0103<\/li>\n<\/ul>\n<h4>\u00ceNTREB\u0102RI FRECVENTE<\/h4>\n<h5>Care sunt avantajele func\u021biei re\u00eenc\u0103rcabile pentru utilizatori?<\/h5>\n<p>Bateria re\u00eenc\u0103rcabil\u0103 de 500 mAh permite utilizatorilor s\u0103 maximizeze utilizarea e-lichidului preumplut, asigur\u00e2ndu-v\u0103 c\u0103 v\u0103 pute\u021bi bucura de fiecare fum f\u0103r\u0103 s\u0103 v\u0103 face\u021bi griji c\u0103 bateria moare prematur. Aceast\u0103 caracteristic\u0103 prelunge\u0219te durata de via\u021b\u0103 a dispozitivului \u0219i ofer\u0103 o putere constant\u0103 pentru o experien\u021b\u0103 de vaping fiabil\u0103.<\/p>\n<h5>Ce metode de expediere sunt utilizate?<\/h5>\n<p>Cooper\u0103m cu UPS\/DHL\/FEDEX\/DPD, etc. Vom alege op\u021biunea de expediere adecvat\u0103 \u00een func\u021bie de \u021bara de livrare pentru a ne asigura c\u0103 ve\u021bi primi produsele c\u00e2t mai repede posibil.<\/p>\n<h5>C\u00e2t timp dureaz\u0103 s\u0103 ajung\u0103?<\/h5>\n<p>Acest lucru dureaz\u0103 de obicei 7-15 zile lucr\u0103toare \u0219i poate dura p\u00e2n\u0103 la 20 de zile lucr\u0103toare \u00een zilele de s\u0103rb\u0103toare legal\u0103 sau \u00een condi\u021bii meteorologice nefavorabile.<\/p>\n<h5>Poate trece prin vam\u0103 \u0219i \u00eemi va cauza probleme?<\/h5>\n<p>V\u0103 garant\u0103m c\u0103 nu ve\u021bi avea probleme, deoarece noi ne vom ocupa de v\u0103muire \u0219i nu vor exista taxe sau tarife. V\u0103 garant\u0103m c\u0103 100% din produsele noastre vor trece vama.<\/p>\n<h5>Pot avea \u00eencredere \u00een ea?<\/h5>\n<p>Noi sus\u021binem plata PayPal \u0219i serviciul de protec\u021bie a cump\u0103r\u0103torului. De asemenea, pute\u021bi verifica recenziile noastre pe <a href=\"https:\/\/www.trustpilot.com\/review\/volovape.com?utm_medium=trustbox&amp;utm_source=TrustBoxReviewCollector\">TrustPilot<\/a>.<\/p>","protected":false},"excerpt":{"rendered":"<p>Experimenta\u021bi vapatul elegant \u0219i portabil cu ELF BOX CRYSTAL BAR 600 Puffs. Re\u00eenc\u0103rcabil\u0103, design cristal, 2ml, rezisten\u021b\u0103 de 1,6\u03a9. Perfect pentru uz personal sau en-gros, cu nicotin\u0103 variat\u0103.<\/p>","protected":false},"featured_media":556,"comment_status":"open","ping_status":"closed","template":"","meta":[],"product_brand":[],"product_cat":[54,59,43,18,20,23,24,22,25,26,27,28,29,30,31,32,33,34,35,60],"product_tag":[],"class_list":{"0":"post-414","1":"product","2":"type-product","3":"status-publish","4":"has-post-thumbnail","6":"product_cat-elf-box","7":"product_cat-800-puffs-disposable-vape","8":"product_cat-crystal-vapes","9":"product_cat-different-puffs-of-disposable-vapes","10":"product_cat-disposable-vape-types","11":"product_cat-disposable-vapes-in-austria","12":"product_cat-disposable-vapes-in-belgium","13":"product_cat-disposable-vapes-in-europe","14":"product_cat-disposable-vapes-in-france","15":"product_cat-disposable-vapes-in-germany","16":"product_cat-disposable-vapes-in-hungary","17":"product_cat-disposable-vapes-in-ltaly","18":"product_cat-disposable-vapes-in-netherlands","19":"product_cat-disposable-vapes-in-norway","20":"product_cat-disposable-vapes-in-poland","21":"product_cat-disposable-vapes-in-portugal","22":"product_cat-disposable-vapes-in-spain","23":"product_cat-disposable-vapes-in-sweden","24":"product_cat-disposable-vapes-in-switzerland","25":"product_cat-mini-puffs-vapes","27":"first","28":"instock","29":"featured","30":"shipping-taxable","31":"purchasable","32":"product-type-variable","33":"has-default-attributes"},"jetpack_sharing_enabled":true,"tiered_pricing_type":"fixed","tiered_pricing_fixed_rules":{"2000":3.100000000000000088817841970012523233890533447265625},"tiered_pricing_product_settings":{"layout":"default","base_unit_name":{"singular":null,"plural":null},"default_variation":null},"tiered_pricing_minimum_quantity":1000,"tiered_pricing_roles_data":[],"tiered_pricing_percentage_rules":[],"tiered_pricing_maximum_quantity":null,"tiered_pricing_quantity_step":"10","_links":{"self":[{"href":"https:\/\/volovape.com\/ro\/wp-json\/wp\/v2\/product\/414","targetHints":{"allow":["GET"]}}],"collection":[{"href":"https:\/\/volovape.com\/ro\/wp-json\/wp\/v2\/product"}],"about":[{"href":"https:\/\/volovape.com\/ro\/wp-json\/wp\/v2\/types\/product"}],"replies":[{"embeddable":true,"href":"https:\/\/volovape.com\/ro\/wp-json\/wp\/v2\/comments?post=414"}],"wp:featuredmedia":[{"embeddable":true,"href":"https:\/\/volovape.com\/ro\/wp-json\/wp\/v2\/media\/556"}],"wp:attachment":[{"href":"https:\/\/volovape.com\/ro\/wp-json\/wp\/v2\/media?parent=414"}],"wp:term":[{"taxonomy":"product_brand","embeddable":true,"href":"https:\/\/volovape.com\/ro\/wp-json\/wp\/v2\/product_brand?post=414"},{"taxonomy":"product_cat","embeddable":true,"href":"https:\/\/volovape.com\/ro\/wp-json\/wp\/v2\/product_cat?post=414"},{"taxonomy":"product_tag","embeddable":true,"href":"https:\/\/volovape.com\/ro\/wp-json\/wp\/v2\/product_tag?post=414"}],"curies":[{"name":"wp","href":"https:\/\/api.w.org\/{rel}","templated":true}]}}