{"id":412,"date":"2024-11-21T03:29:42","date_gmt":"2024-11-21T03:29:42","guid":{"rendered":"https:\/\/volovape.com\/?post_type=product&#038;p=412"},"modified":"2025-08-06T07:55:41","modified_gmt":"2025-08-06T07:55:41","slug":"pufuri-poco-bl10000","status":"publish","type":"product","link":"https:\/\/volovape.com\/ro\/product\/poco-bl10000-puffs\/","title":{"rendered":"POCO BL10000 Puffs Vape de unic\u0103 folosin\u021b\u0103 - flux de aer reglabil, re\u00eenc\u0103rcabil\u0103"},"content":{"rendered":"<p><strong>POCO BL10000 Puffs Vape de unic\u0103 folosin\u021b\u0103<\/strong> - Vaping personalizabil cu debit de aer reglabil.<\/p>\n<p>Experimenta\u021bi sesiuni de vapat prelungite cu <strong>POCO BL10000<\/strong>, oferind p\u00e2n\u0103 la <strong>10.000 de pufuri<\/strong> \u0219i un substan\u021bial <strong>20ml capacitate e-lichid<\/strong>. Acest dispozitiv dispune de un <strong>Baterie re\u00eenc\u0103rcabil\u0103 650mAh<\/strong> cu <strong>\u00cenc\u0103rcare de tip C<\/strong> pentru o putere constant\u0103. Adapteaz\u0103-\u021bi vapatul cu <strong>debit de aer reglabil<\/strong>, permi\u021b\u00e2ndu-v\u0103 s\u0103 v\u0103 regla\u021bi fin tragerea pentru arom\u0103 \u0219i vapori optimi. Bucura\u021bi-v\u0103 de o satisfac\u021bie <strong>Puterea nicotinei 5%<\/strong> peste <strong>14 arome unice<\/strong>, perfect at\u00e2t pentru uz personal, c\u00e2t \u0219i pentru <strong>vape de unic\u0103 folosin\u021b\u0103 en-gros<\/strong>. Ideal pentru cei care caut\u0103 o solu\u021bie de vapat de mare capacitate, personalizabil\u0103 \u0219i f\u0103r\u0103 complica\u021bii pentru <strong>comand\u0103 \u00een vrac<\/strong> sau pl\u0103cerea individual\u0103.<\/p>\n<h3><strong>POCO BL10000 Caracteristici:<\/strong><\/h3>\n<ul>\n<li>Puffs: P\u00e2n\u0103 la 10.000<\/li>\n<li>Capacitate E-liquid: 20ml<\/li>\n<li>Baterie: 650mAh (re\u00eenc\u0103rcabil\u0103)<\/li>\n<li>\u00cenc\u0103rcare: Tip-C<\/li>\n<li>Flux de aer: Reglabil<\/li>\n<li>Puterea Nicotinei: 5%<\/li>\n<li>14 op\u021biuni de arome<\/li>\n<li>Dispozitiv de unic\u0103 folosin\u021b\u0103<\/li>\n<\/ul>\n<h4>\u00ceNTREB\u0102RI FRECVENTE<\/h4>\n<h5>Cum \u00eemi pot personaliza experien\u021ba de vapat cu acest dispozitiv?<\/h5>\n<p>POCO BL10000 are flux de aer reglabil, permi\u021b\u00e2ndu-v\u0103 s\u0103 v\u0103 personaliza\u021bi tragerea. Indiferent dac\u0103 prefera\u021bi o arom\u0103 mai str\u00e2ns\u0103 \u0219i mai intens\u0103 sau o vape mai relaxat\u0103, concentrat\u0103 pe nori, pute\u021bi ajusta cu u\u0219urin\u021b\u0103 set\u0103rile pentru a v\u0103 potrivi preferin\u021bele.<\/p>\n<h5>Ce metode de expediere sunt utilizate?<\/h5>\n<p>Cooper\u0103m cu UPS\/DHL\/FEDEX\/DPD, etc. Vom alege op\u021biunea de expediere adecvat\u0103 \u00een func\u021bie de \u021bara de livrare pentru a ne asigura c\u0103 ve\u021bi primi produsele c\u00e2t mai repede posibil.<\/p>\n<h5>C\u00e2t timp dureaz\u0103 s\u0103 ajung\u0103?<\/h5>\n<p>Acest lucru dureaz\u0103 de obicei 7-15 zile lucr\u0103toare \u0219i poate dura p\u00e2n\u0103 la 20 de zile lucr\u0103toare \u00een zilele de s\u0103rb\u0103toare legal\u0103 sau \u00een condi\u021bii meteorologice nefavorabile.<\/p>\n<h5>Poate trece prin vam\u0103 \u0219i \u00eemi va cauza probleme?<\/h5>\n<p>V\u0103 garant\u0103m c\u0103 nu ve\u021bi avea probleme, deoarece noi ne vom ocupa de v\u0103muire \u0219i nu vor exista taxe sau tarife. V\u0103 garant\u0103m c\u0103 100% din produsele noastre vor trece vama.<\/p>\n<h5>Pot avea \u00eencredere \u00een ea?<\/h5>\n<p>Noi sus\u021binem plata PayPal \u0219i serviciul de protec\u021bie a cump\u0103r\u0103torului. De asemenea, pute\u021bi verifica recenziile noastre pe <a href=\"https:\/\/www.trustpilot.com\/review\/volovape.com?utm_medium=trustbox&amp;utm_source=TrustBoxReviewCollector\">TrustPilot<\/a>.<\/p>","protected":false},"excerpt":{"rendered":"<p>Ajusteaz\u0103-\u021bi vape-ul cu POCO BL10000 Puffs. Flux de aer reglabil, 20 ml, re\u00eenc\u0103rcabil, 5% nicotin\u0103. Livrare rapid\u0103 \u00een UE! Ideal pentru uz personal sau en-gros.<\/p>","protected":false},"featured_media":536,"comment_status":"open","ping_status":"closed","template":"","meta":[],"product_brand":[],"product_cat":[36,57,21,18,20,23,24,22,25,26,27,28,29,30,31,32,33,34,35,58],"product_tag":[],"class_list":{"0":"post-412","1":"product","2":"type-product","3":"status-publish","4":"has-post-thumbnail","6":"product_cat-rechargeable-vapes","7":"product_cat-10000-puffs-disposable-vape","8":"product_cat-big-puffs-vapes","9":"product_cat-different-puffs-of-disposable-vapes","10":"product_cat-disposable-vape-types","11":"product_cat-disposable-vapes-in-austria","12":"product_cat-disposable-vapes-in-belgium","13":"product_cat-disposable-vapes-in-europe","14":"product_cat-disposable-vapes-in-france","15":"product_cat-disposable-vapes-in-germany","16":"product_cat-disposable-vapes-in-hungary","17":"product_cat-disposable-vapes-in-ltaly","18":"product_cat-disposable-vapes-in-netherlands","19":"product_cat-disposable-vapes-in-norway","20":"product_cat-disposable-vapes-in-poland","21":"product_cat-disposable-vapes-in-portugal","22":"product_cat-disposable-vapes-in-spain","23":"product_cat-disposable-vapes-in-sweden","24":"product_cat-disposable-vapes-in-switzerland","25":"product_cat-poco","27":"first","28":"instock","29":"shipping-taxable","30":"purchasable","31":"product-type-variable","32":"has-default-attributes"},"jetpack_sharing_enabled":true,"tiered_pricing_type":"fixed","tiered_pricing_fixed_rules":{"2000":5.69000000000000039079850466805510222911834716796875},"tiered_pricing_product_settings":{"layout":"default","base_unit_name":{"singular":null,"plural":null},"default_variation":null},"tiered_pricing_minimum_quantity":1000,"tiered_pricing_roles_data":[],"tiered_pricing_percentage_rules":[],"tiered_pricing_maximum_quantity":null,"tiered_pricing_quantity_step":"10","_links":{"self":[{"href":"https:\/\/volovape.com\/ro\/wp-json\/wp\/v2\/product\/412","targetHints":{"allow":["GET"]}}],"collection":[{"href":"https:\/\/volovape.com\/ro\/wp-json\/wp\/v2\/product"}],"about":[{"href":"https:\/\/volovape.com\/ro\/wp-json\/wp\/v2\/types\/product"}],"replies":[{"embeddable":true,"href":"https:\/\/volovape.com\/ro\/wp-json\/wp\/v2\/comments?post=412"}],"wp:featuredmedia":[{"embeddable":true,"href":"https:\/\/volovape.com\/ro\/wp-json\/wp\/v2\/media\/536"}],"wp:attachment":[{"href":"https:\/\/volovape.com\/ro\/wp-json\/wp\/v2\/media?parent=412"}],"wp:term":[{"taxonomy":"product_brand","embeddable":true,"href":"https:\/\/volovape.com\/ro\/wp-json\/wp\/v2\/product_brand?post=412"},{"taxonomy":"product_cat","embeddable":true,"href":"https:\/\/volovape.com\/ro\/wp-json\/wp\/v2\/product_cat?post=412"},{"taxonomy":"product_tag","embeddable":true,"href":"https:\/\/volovape.com\/ro\/wp-json\/wp\/v2\/product_tag?post=412"}],"curies":[{"name":"wp","href":"https:\/\/api.w.org\/{rel}","templated":true}]}}