{"id":411,"date":"2024-11-21T03:29:42","date_gmt":"2024-11-21T03:29:42","guid":{"rendered":"https:\/\/volovape.com\/?post_type=product&#038;p=411"},"modified":"2025-07-07T03:41:17","modified_gmt":"2025-07-07T03:41:17","slug":"cutie-elf-rgb14000-pufuri","status":"publish","type":"product","link":"https:\/\/volovape.com\/ro\/product\/elf-box-rgb14000-puffs\/","title":{"rendered":"ELF BOX RGB14000 Pro Vap\u0103 de unic\u0103 folosin\u021b\u0103 - 1.0\u03a9 Bobin\u0103 Mesh, RGB, Afi\u0219aj LED"},"content":{"rendered":"<p><iframe title=\"VideoPress Player video\" aria-label='VideoPress Player video' width='500' height='667' src='https:\/\/videopress.com\/embed\/LZPMSJgK?hd=0&amp;cover=1' frameborder='0' allowfullscreen allow='clipboard-write'><\/iframe><script src='https:\/\/v0.wordpress.com\/js\/next\/videopress-iframe.js?m=1739540970'><\/script><\/p>\n<p><strong>ELF BOX RGB14000 Pro Vape de unic\u0103 folosin\u021b\u0103<\/strong> - Vaping de \u00eenalt\u0103 performan\u021b\u0103 cu iluminare RGB \u0219i afi\u0219aj LED.<\/p>\n<p>The <strong>ELF BOX RGB14000 Pro<\/strong> vape de unic\u0103 folosin\u021b\u0103 combin\u0103 performan\u021ba ridicat\u0103, utilizarea prelungit\u0103 \u0219i estetica atr\u0103g\u0103toare. Bucura\u021bi-v\u0103 de p\u00e2n\u0103 la <strong>14.000 de pufuri<\/strong> cu un generos <strong>Rezervor de e-lichid de 25 ml<\/strong> \u0219i o <strong>Baterie re\u00eenc\u0103rcabil\u0103 600mAh<\/strong>. The <strong>Bobin\u0103 cu ochiuri de 1,0\u03a9<\/strong> ofer\u0103 \u00een mod constant un abur fin, bogat \u0219i aromat. Caracteristicile <strong>iluminare RGB vibrant\u0103<\/strong> adaug\u0103 o not\u0103 personalizat\u0103, \u00een timp ce <strong>Afi\u0219aj LED<\/strong> ofer\u0103 informa\u021bii la prima vedere privind durata de via\u021b\u0103 a bateriei \u0219i nivelurile de e-lichid. Alege\u021bi de la <strong>Concentra\u021bii de nicotin\u0103 0%, 2%, 3% sau 5%<\/strong> pentru a se potrivi preferin\u021belor dvs. Cu <strong>10 op\u021biuni de arome delicioase<\/strong>, acest dispozitiv este perfect pentru <strong>vape de unic\u0103 folosin\u021b\u0103 en-gros<\/strong>, <strong>comenzi \u00een vrac<\/strong>, sau <strong>uz personal<\/strong>.<\/p>\n<h3><strong>ELF BOX RGB14000 Pro Caracteristici:<\/strong><\/h3>\n<ul>\n<li>Puffs: P\u00e2n\u0103 la 14.000 de pufuri<\/li>\n<li>Capacitate E-liquid: 25mL<\/li>\n<li>Baterie: 600mAh (re\u00eenc\u0103rcabil\u0103)<\/li>\n<li>\u00cenc\u0103rcare: Tip-C<\/li>\n<li>Bobin\u0103: 1.0\u03a9 Mesh Coil<\/li>\n<li>Iluminare: RGB<\/li>\n<li>Afi\u0219aj: Afi\u0219aj LED<\/li>\n<li>Concentra\u021bii de nicotin\u0103: 0%, 2%, 3%, 5%<\/li>\n<li>Arome: 10 op\u021biuni unice<\/li>\n<li>Dispozitiv de unic\u0103 folosin\u021b\u0103<\/li>\n<\/ul>\n<h4>\u00ceNTREB\u0102RI FRECVENTE<\/h4>\n<h5>Cum \u00eembun\u0103t\u0103\u021be\u0219te ecranul LED \u0219i iluminarea RGB experien\u021ba utilizatorului?<\/h5>\n<p>Afi\u0219ajul LED ofer\u0103 informa\u021bii \u00een timp real cu privire la nivelul bateriei \u0219i al e-lichidului, asigur\u00e2ndu-se c\u0103 utilizatorii sunt \u00eentotdeauna informa\u021bi cu privire la starea dispozitivului lor. Iluminarea RGB vibrant\u0103 adaug\u0103 un element personalizabil \u0219i elegant, f\u0103c\u00e2nd dispozitivul atractiv vizual \u0219i unic.<\/p>\n<h5>Ce metode de expediere sunt utilizate?<\/h5>\n<p>Suntem parteneri cu transportatori de \u00eencredere precum UPS, DHL, FedEx \u0219i DPD pentru a ne asigura c\u0103 comanda dvs. este livrat\u0103 prompt \u0219i \u00een siguran\u021b\u0103. Cea mai eficient\u0103 metod\u0103 de expediere este selectat\u0103 \u00een func\u021bie de loca\u021bia dvs. pentru a optimiza viteza \u0219i fiabilitatea livr\u0103rii.<\/p>\n<h5>C\u00e2t timp dureaz\u0103 sosirea comenzii mele?<\/h5>\n<p>Livrarea dureaz\u0103 de obicei 7-15 zile lucr\u0103toare. Cu toate acestea, v\u0103 rug\u0103m s\u0103 acorda\u021bi p\u00e2n\u0103 la 20 de zile lucr\u0103toare \u00een timpul s\u0103rb\u0103torilor sau al condi\u021biilor meteorologice nefavorabile, care pot cauza mici \u00eent\u00e2rzieri \u00een tranzit.<\/p>\n<h5>Voi \u00eent\u00e2mpina probleme vamale sau taxe suplimentare?<\/h5>\n<p>Ne ocup\u0103m de toate procedurile de v\u0103muire, garant\u00e2nd o experien\u021b\u0103 f\u0103r\u0103 probleme \u0219i f\u0103r\u0103 complica\u021bii. Nu ve\u021bi suporta nicio tax\u0103 sau impozit suplimentar. Ne asigur\u0103m c\u0103 100% dintre produsele noastre trec cu succes de vam\u0103.<\/p>\n<h5>Achizi\u021biile de pe site-ul dvs. sunt sigure \u0219i de \u00eencredere?<\/h5>\n<p>Da, oferim tranzac\u021bii PayPal sigure cu protec\u021bia cump\u0103r\u0103torului. Pute\u021bi verifica, de asemenea, fiabilitatea noastr\u0103 prin verificarea recenziilor clien\u021bilor no\u0219tri pe <a href=\"https:\/\/www.trustpilot.com\/review\/volovape.com?utm_medium=trustbox&amp;utm_source=TrustBoxReviewCollector\">TrustPilot<\/a>, unde ve\u021bi g\u0103si m\u0103rturii de la clien\u021bi mul\u021bumi\u021bi.<\/p>","protected":false},"excerpt":{"rendered":"<p>Lumineaz\u0103-\u021bi vape-ul cu ELF BOX RGB14000 Pro. Iluminare RGB, afi\u0219aj LED, ochiuri de 1,0\u03a9, 25ml, re\u00eenc\u0103rcabil\u0103. Ideal pentru pl\u0103cerea personal\u0103 sau en-gros, oferind o vapare elegant\u0103 \u0219i extins\u0103.<\/p>","protected":false},"featured_media":522,"comment_status":"open","ping_status":"closed","template":"","meta":[],"product_brand":[],"product_cat":[54,56,21,18,20,23,24,22,25,26,27,28,29,30,31,32,33,34,35,36],"product_tag":[],"class_list":{"0":"post-411","1":"product","2":"type-product","3":"status-publish","4":"has-post-thumbnail","6":"product_cat-elf-box","7":"product_cat-14000-puffs-disposable-vape","8":"product_cat-big-puffs-vapes","9":"product_cat-different-puffs-of-disposable-vapes","10":"product_cat-disposable-vape-types","11":"product_cat-disposable-vapes-in-austria","12":"product_cat-disposable-vapes-in-belgium","13":"product_cat-disposable-vapes-in-europe","14":"product_cat-disposable-vapes-in-france","15":"product_cat-disposable-vapes-in-germany","16":"product_cat-disposable-vapes-in-hungary","17":"product_cat-disposable-vapes-in-ltaly","18":"product_cat-disposable-vapes-in-netherlands","19":"product_cat-disposable-vapes-in-norway","20":"product_cat-disposable-vapes-in-poland","21":"product_cat-disposable-vapes-in-portugal","22":"product_cat-disposable-vapes-in-spain","23":"product_cat-disposable-vapes-in-sweden","24":"product_cat-disposable-vapes-in-switzerland","25":"product_cat-rechargeable-vapes","27":"first","28":"instock","29":"shipping-taxable","30":"purchasable","31":"product-type-variable","32":"has-default-attributes"},"jetpack_sharing_enabled":true,"tiered_pricing_type":"fixed","tiered_pricing_fixed_rules":{"2000":5.79000000000000003552713678800500929355621337890625},"tiered_pricing_product_settings":{"layout":"default","base_unit_name":{"singular":null,"plural":null},"default_variation":null},"tiered_pricing_minimum_quantity":1000,"tiered_pricing_roles_data":[],"tiered_pricing_percentage_rules":[],"tiered_pricing_maximum_quantity":null,"tiered_pricing_quantity_step":"10","_links":{"self":[{"href":"https:\/\/volovape.com\/ro\/wp-json\/wp\/v2\/product\/411","targetHints":{"allow":["GET"]}}],"collection":[{"href":"https:\/\/volovape.com\/ro\/wp-json\/wp\/v2\/product"}],"about":[{"href":"https:\/\/volovape.com\/ro\/wp-json\/wp\/v2\/types\/product"}],"replies":[{"embeddable":true,"href":"https:\/\/volovape.com\/ro\/wp-json\/wp\/v2\/comments?post=411"}],"wp:featuredmedia":[{"embeddable":true,"href":"https:\/\/volovape.com\/ro\/wp-json\/wp\/v2\/media\/522"}],"wp:attachment":[{"href":"https:\/\/volovape.com\/ro\/wp-json\/wp\/v2\/media?parent=411"}],"wp:term":[{"taxonomy":"product_brand","embeddable":true,"href":"https:\/\/volovape.com\/ro\/wp-json\/wp\/v2\/product_brand?post=411"},{"taxonomy":"product_cat","embeddable":true,"href":"https:\/\/volovape.com\/ro\/wp-json\/wp\/v2\/product_cat?post=411"},{"taxonomy":"product_tag","embeddable":true,"href":"https:\/\/volovape.com\/ro\/wp-json\/wp\/v2\/product_tag?post=411"}],"curies":[{"name":"wp","href":"https:\/\/api.w.org\/{rel}","templated":true}]}}