{"id":37871,"date":"2025-10-21T03:02:43","date_gmt":"2025-10-21T03:02:43","guid":{"rendered":"https:\/\/volovape.com\/?post_type=product&#038;p=37871"},"modified":"2026-04-14T03:13:07","modified_gmt":"2026-04-14T03:13:07","slug":"bang-lider-110k-puffs-6-moduri-inteligente-de-unica-folosinta-vape-pentru-distribuitori-angrosisti","status":"publish","type":"product","link":"https:\/\/volovape.com\/ro\/product\/bang-leader-110k-puffs-6-mode-smart-disposable-vape-for-wholesalers-distributors\/","title":{"rendered":"Bang Leader 110K Puffs | 6-mode smart vape de unic\u0103 folosin\u021b\u0103 pentru angrosi\u0219ti \u0219i distribuitori"},"content":{"rendered":"<h2>Bang Leader 110K Puffs | 6-mode smart vape de unic\u0103 folosin\u021b\u0103 pentru angrosi\u0219ti \u0219i distribuitori<\/h2>\n<h3>\ud83d\udcbc Puncte forte ale produsului<\/h3>\n<ul>\n<li>\ud83d\udce6 <strong>Preg\u0103tit pentru v\u00e2nzare cu ridicata:<\/strong> 10 buc\u0103\u021bi pe cutie, performan\u021b\u0103 stabil\u0103 \u0219i valoare de rev\u00e2nzare puternic\u0103.<\/li>\n<li>\ud83c\udf08 <strong>6 moduri de arom\u0103:<\/strong> Amesteca\u021bi aromele folosind controlul inteligent - modul simplu sau dublu.<\/li>\n<li>\ud83d\udca8 <strong>Capacitate de 110.000 de pufuri:<\/strong> Una dintre cele mai mari de pe pia\u021ba vape-urilor de unic\u0103 folosin\u021b\u0103.<\/li>\n<li>\u2699\ufe0f <strong>Bobin\u0103 cu ochiuri triple:<\/strong> Consisten\u021b\u0103 neted\u0103 a vaporilor \u0219i utilizare eficient\u0103 a uleiului.<\/li>\n<li>\ud83d\udd0b <strong>Baterie re\u00eenc\u0103rcabil\u0103 850mAh:<\/strong> Putere de lung\u0103 durat\u0103 cu portul Type-C.<\/li>\n<li>\ud83d\udda5\ufe0f <strong>Ecran LED inteligent:<\/strong> Afi\u0219eaz\u0103 nivelul bateriei \u0219i al rezervorului pentru confort.<\/li>\n<li>\ud83c\udf0d <strong>Op\u021biuni de nicotin\u0103:<\/strong> 2%, 3% \u0219i 5% - potrivite pentru diferite conformit\u0103\u021bi regionale.<\/li>\n<\/ul>\n<h3>\u2699\ufe0f Specifica\u021biile produsului<\/h3>\n<table>\n<tbody>\n<tr>\n<td><strong>Num\u0103r de pufuri<\/strong><\/td>\n<td>P\u00e2n\u0103 la 110,000<\/td>\n<\/tr>\n<tr>\n<td><strong>Puterea nicotinei<\/strong><\/td>\n<td>2% \/ 3% \/ 5%<\/td>\n<\/tr>\n<tr>\n<td><strong>Moduri de arom\u0103<\/strong><\/td>\n<td>A, B, C, A+B, A+C, B+C<\/td>\n<\/tr>\n<tr>\n<td><strong>Rezervor de ulei<\/strong><\/td>\n<td>3 rezervoare independente<\/td>\n<\/tr>\n<tr>\n<td><strong>Baterie<\/strong><\/td>\n<td>850mAh re\u00eenc\u0103rcabil\u0103<\/td>\n<\/tr>\n<tr>\n<td><strong>Bobin\u0103<\/strong><\/td>\n<td>Bobin\u0103 cu ochiuri triple<\/td>\n<\/tr>\n<tr>\n<td><strong>Afi\u0219aj<\/strong><\/td>\n<td>Ecran LED inteligent<\/td>\n<\/tr>\n<tr>\n<td><strong>Port de \u00eenc\u0103rcare<\/strong><\/td>\n<td>Tip C<\/td>\n<\/tr>\n<tr>\n<td><strong>Ambalaje<\/strong><\/td>\n<td>10 buc\/pachet<\/td>\n<\/tr>\n<\/tbody>\n<\/table>\n<h3>\ud83c\udf47 Portofoliu de arome<\/h3>\n<ul>\n<li>Ghea\u021b\u0103 de pepene galben &amp; Mamba de c\u0103p\u0219uni &amp; Pepene galben de c\u0103p\u0219uni<\/li>\n<li>Fuji Ice &amp; Apple Strugure &amp; Cherry Rodie<\/li>\n<li>Blueberry Ice &amp; Raspberry Lemon &amp; Watermelon Bubblegum<\/li>\n<li>Afine Zmeur\u0103 \u0219i ananas acru Portocale \u0219i zmeur\u0103 Pepeni verzi<\/li>\n<li>Ghea\u021b\u0103 de struguri \u0219i mango Piersic\u0103 \u0219i afine Pepene galben<\/li>\n<li>C\u0103p\u0219uni Ghea\u021b\u0103 \u0219i piersici L\u0103m\u00e2ie \u0219i kiwi Fructul pasiunii Guava<\/li>\n<li>Ananas nuc\u0103 de cocos &amp; afine Red Bull &amp; pepene verde ghea\u021b\u0103<\/li>\n<li>C\u0103p\u0219uni Kiwi &amp; Afine Nuc\u0103 de cocos &amp; Fructe mixte<\/li>\n<li>Lemon Romance &amp; Blueberry Zmeur\u0103 &amp; Piersic\u0103 Mentol<\/li>\n<li>Ghea\u021b\u0103 de piersici \u0219i coac\u0103ze negre Ghea\u021b\u0103 de ananas \u0219i mere verzi Kiwi<\/li>\n<\/ul>\n<h3>\ud83d\udcac \u00centreb\u0103ri frecvente cu ridicata<\/h3>\n<p><strong>Q:<\/strong> Acest produs poate fi etichetat alb?<br \/>\n<strong>A:<\/strong> Da, personalizarea OEM\/ODM \u0219i brandingul sunt disponibile pentru comenzi de volum mare.<\/p>\n<p><strong>Q:<\/strong> Care sunt pie\u021bele ideale pentru rev\u00e2nzare?<br \/>\n<strong>A:<\/strong> Cerere puternic\u0103 \u00een Spania, Germania, Fran\u021ba, Italia \u0219i Italia.<\/p>","protected":false},"excerpt":{"rendered":"<p>The <strong>Bang Leader 110K<\/strong> este proiectat pentru distribuitorii de vape pe scar\u0103 larg\u0103 - oferind 6 moduri de arom\u0103 reglabile, o capacitate masiv\u0103 de 110.000 de pufuri \u0219i o tehnologie avansat\u0103 a bobinei cu ochiuri triple. Perfect pentru v\u00e2nz\u0103ri \u00een vrac pe pie\u021bele din UE \u0219i Marea Britanie.<\/p>","protected":false},"featured_media":37938,"comment_status":"open","ping_status":"closed","template":"","meta":[],"product_brand":[227],"product_cat":[61,249,230],"product_tag":[285,284,287,288,286],"class_list":{"0":"post-37871","1":"product","2":"type-product","3":"status-publish","4":"has-post-thumbnail","6":"product_brand-bang","7":"product_cat-bang","8":"product_cat-100k-puffs-disposable-vape","9":"product_cat-new","10":"product_tag-110000-puff-disposable-vape","11":"product_tag-bang-leader-110k","12":"product_tag-smart-led-vape","13":"product_tag-triple-mesh-coil-disposable","14":"product_tag-wholesale-vape-europe","16":"first","17":"instock","18":"shipping-taxable","19":"purchasable","20":"product-type-variable","21":"has-default-attributes"},"jetpack_sharing_enabled":true,"tiered_pricing_type":"fixed","tiered_pricing_fixed_rules":{"30":8.949999999999999289457264239899814128875732421875,"50":7.21999999999999975131004248396493494510650634765625,"100":6.5999999999999996447286321199499070644378662109375,"200":6.1500000000000003552713678800500929355621337890625,"400":5.5},"tiered_pricing_product_settings":{"layout":"default","base_unit_name":{"singular":null,"plural":null},"default_variation":null},"tiered_pricing_minimum_quantity":10,"tiered_pricing_roles_data":[],"tiered_pricing_percentage_rules":[],"tiered_pricing_maximum_quantity":null,"tiered_pricing_quantity_step":"10","_links":{"self":[{"href":"https:\/\/volovape.com\/ro\/wp-json\/wp\/v2\/product\/37871","targetHints":{"allow":["GET"]}}],"collection":[{"href":"https:\/\/volovape.com\/ro\/wp-json\/wp\/v2\/product"}],"about":[{"href":"https:\/\/volovape.com\/ro\/wp-json\/wp\/v2\/types\/product"}],"replies":[{"embeddable":true,"href":"https:\/\/volovape.com\/ro\/wp-json\/wp\/v2\/comments?post=37871"}],"wp:featuredmedia":[{"embeddable":true,"href":"https:\/\/volovape.com\/ro\/wp-json\/wp\/v2\/media\/37938"}],"wp:attachment":[{"href":"https:\/\/volovape.com\/ro\/wp-json\/wp\/v2\/media?parent=37871"}],"wp:term":[{"taxonomy":"product_brand","embeddable":true,"href":"https:\/\/volovape.com\/ro\/wp-json\/wp\/v2\/product_brand?post=37871"},{"taxonomy":"product_cat","embeddable":true,"href":"https:\/\/volovape.com\/ro\/wp-json\/wp\/v2\/product_cat?post=37871"},{"taxonomy":"product_tag","embeddable":true,"href":"https:\/\/volovape.com\/ro\/wp-json\/wp\/v2\/product_tag?post=37871"}],"curies":[{"name":"wp","href":"https:\/\/api.w.org\/{rel}","templated":true}]}}