{"id":358,"date":"2024-11-21T03:29:21","date_gmt":"2024-11-21T03:29:21","guid":{"rendered":"https:\/\/volovape.com\/?post_type=product&#038;p=358"},"modified":"2025-07-06T04:24:36","modified_gmt":"2025-07-06T04:24:36","slug":"cutie-elf-ls15000-15000-pufuri","status":"publish","type":"product","link":"https:\/\/volovape.com\/ro\/product\/elf-box-ls15000-15000-puffs\/","title":{"rendered":"ELF BOX LS15000 puffs 0.6\u03a9 mesh coil vape de unic\u0103 folosin\u021b\u0103 - re\u00eenc\u0103rcabil\u0103 cu \u00eenc\u0103rcare tip C (0-5% nicotin\u0103)"},"content":{"rendered":"<p><iframe title=\"VideoPress Player video\" aria-label='VideoPress Player video' width='500' height='667' src='https:\/\/videopress.com\/embed\/JmE4p5tH?hd=0&amp;cover=1' frameborder='0' allowfullscreen allow='clipboard-write'><\/iframe><script src='https:\/\/v0.wordpress.com\/js\/next\/videopress-iframe.js?m=1739540970'><\/script><\/p>\n<p>ELF BOX LS15000 Puffs Vap\u0103 de unic\u0103 folosin\u021b\u0103 - 0.6\u03a9 Bobin\u0103 Mesh, re\u00eenc\u0103rcabil\u0103<br \/>\n<strong>ELF BOX LS15000 Puffs Vape de unic\u0103 folosin\u021b\u0103<\/strong> - Vaping de mare capacitate cu o performan\u021b\u0103 \u00eembun\u0103t\u0103\u021bit\u0103 a bobinei cu ochiuri de 0,6\u03a9.<\/p>\n<p>The <strong>ELF BOX LS15000<\/strong> Vape de unic\u0103 folosin\u021b\u0103 ofer\u0103 o experien\u021b\u0103 de vapat excep\u021bional\u0103 cu <strong>Capacitate de 15.000 de pufuri<\/strong> \u0219i un masiv <strong>Rezervor de e-lichid de 26 ml<\/strong>. Alimentat de un <strong>Baterie re\u00eenc\u0103rcabil\u0103 600mAh<\/strong> \u0219i oferind <strong>\u00cenc\u0103rcare de tip C<\/strong>, acest dispozitiv asigur\u0103 utilizare prelungit\u0103 \u0219i confort. Caracteristicile <strong>Bobin\u0103 cu ochiuri de 0,6\u03a9<\/strong> este special conceput pentru o arom\u0103 bogat\u0103 \u0219i o produc\u021bie dens\u0103 de vapori, oferind o vape satisf\u0103c\u0103toare de la prima la ultima suflare. Alege\u021bi din <strong>Concentra\u021bii de nicotin\u0103 0%, 2% sau 5%<\/strong> pentru a se potrivi preferin\u021belor dvs. Cu <strong>12 op\u021biuni de arome delicioase<\/strong>, ELF BOX LS15000 este perfect pentru <strong>vape de unic\u0103 folosin\u021b\u0103 en-gros<\/strong>, <strong>comenzi \u00een vrac<\/strong>, sau <strong>uz personal<\/strong>, care combin\u0103 performan\u021ba ridicat\u0103 cu portabilitatea maxim\u0103.<\/p>\n<h3><strong>ELF BOX LS15000 Caracteristici:<\/strong><\/h3>\n<ul>\n<li>Puffs: P\u00e2n\u0103 la 15.000 de pufuri<\/li>\n<li>Capacitate E-liquid: 26mL<\/li>\n<li>Baterie: 600mAh (re\u00eenc\u0103rcabil\u0103)<\/li>\n<li>\u00cenc\u0103rcare: Tip-C<\/li>\n<li>Bobin\u0103: 0.6\u03a9 Mesh Coil<\/li>\n<li>Concentra\u021bii de nicotin\u0103: 0%, 2%, 5%<\/li>\n<li>Arome: 12 op\u021biuni unice<\/li>\n<li>Dimensiuni: 91,5 x 56,5 x 28,5 mm<\/li>\n<li>Greutate: 91g<\/li>\n<li>Dispozitiv de unic\u0103 folosin\u021b\u0103<\/li>\n<\/ul>\n<h4>\u00ceNTREB\u0102RI FRECVENTE<\/h4>\n<h5>Cum \u00eembun\u0103t\u0103\u021be\u0219te bobina cu ochiuri de 0,6\u03a9 experien\u021ba de vapat?<\/h5>\n<p>Bobina cu ochiuri de 0,6\u03a9 este proiectat\u0103 pentru a optimiza produc\u021bia de vapori \u0219i furnizarea de arome. Ofer\u0103 o suprafa\u021b\u0103 de \u00eenc\u0103lzire mai mare, rezult\u00e2nd nori mai densi \u0219i arome mai bogate, asigur\u00e2nd o experien\u021b\u0103 de vaporizare constant satisf\u0103c\u0103toare cu fiecare fum.<\/p>\n<h5>Ce metode de expediere sunt utilizate?<\/h5>\n<p>Suntem parteneri cu transportatori de \u00eencredere precum UPS, DHL, FedEx \u0219i DPD pentru a ne asigura c\u0103 comanda dvs. este livrat\u0103 prompt \u0219i \u00een siguran\u021b\u0103. Cea mai eficient\u0103 metod\u0103 de expediere este selectat\u0103 \u00een func\u021bie de loca\u021bia dvs. pentru a optimiza viteza \u0219i fiabilitatea livr\u0103rii.<\/p>\n<h5>C\u00e2t timp dureaz\u0103 sosirea comenzii mele?<\/h5>\n<p>Livrarea dureaz\u0103 de obicei 7-15 zile lucr\u0103toare. Cu toate acestea, v\u0103 rug\u0103m s\u0103 acorda\u021bi p\u00e2n\u0103 la 20 de zile lucr\u0103toare \u00een timpul s\u0103rb\u0103torilor sau al condi\u021biilor meteorologice nefavorabile, care pot cauza mici \u00eent\u00e2rzieri \u00een tranzit.<\/p>\n<h5>Voi \u00eent\u00e2mpina probleme vamale sau taxe suplimentare?<\/h5>\n<p>Ne ocup\u0103m de toate procedurile de v\u0103muire, garant\u00e2nd o experien\u021b\u0103 f\u0103r\u0103 probleme \u0219i f\u0103r\u0103 complica\u021bii. Nu ve\u021bi suporta nicio tax\u0103 sau impozit suplimentar. Ne asigur\u0103m c\u0103 100% dintre produsele noastre trec cu succes de vam\u0103.<\/p>\n<h5>Achizi\u021biile de pe site-ul dvs. sunt sigure \u0219i de \u00eencredere?<\/h5>\n<p>Da, oferim tranzac\u021bii PayPal sigure cu protec\u021bia cump\u0103r\u0103torului. Pute\u021bi verifica, de asemenea, fiabilitatea noastr\u0103 prin verificarea recenziilor clien\u021bilor no\u0219tri pe <a href=\"https:\/\/www.trustpilot.com\/review\/volovape.com?utm_medium=trustbox&amp;utm_source=TrustBoxReviewCollector\">TrustPilot<\/a>, unde ve\u021bi g\u0103si m\u0103rturii de la clien\u021bi mul\u021bumi\u021bi.<\/p>","protected":false},"excerpt":{"rendered":"<p>Bucur\u0103-te de vapori \u00eembun\u0103t\u0103\u021bi\u021bi cu ELF BOX LS15000 Puffs. Plas\u0103 de 0,6\u03a9, 26ml, re\u00eenc\u0103rcabil\u0103. Perfect pentru uz personal sau en-gros, oferind arom\u0103 de lung\u0103 durat\u0103 \u0219i op\u021biuni variate de nicotin\u0103.<\/p>","protected":false},"featured_media":445,"comment_status":"open","ping_status":"closed","template":"","meta":[],"product_brand":[],"product_cat":[54,41,21,18,20,23,24,22,25,26,27,28,29,30,31,32,33,34,35,36,47],"product_tag":[],"class_list":{"0":"post-358","1":"product","2":"type-product","3":"status-publish","4":"has-post-thumbnail","6":"product_cat-elf-box","7":"product_cat-15000-puffs-disposable-vape","8":"product_cat-big-puffs-vapes","9":"product_cat-different-puffs-of-disposable-vapes","10":"product_cat-disposable-vape-types","11":"product_cat-disposable-vapes-in-austria","12":"product_cat-disposable-vapes-in-belgium","13":"product_cat-disposable-vapes-in-europe","14":"product_cat-disposable-vapes-in-france","15":"product_cat-disposable-vapes-in-germany","16":"product_cat-disposable-vapes-in-hungary","17":"product_cat-disposable-vapes-in-ltaly","18":"product_cat-disposable-vapes-in-netherlands","19":"product_cat-disposable-vapes-in-norway","20":"product_cat-disposable-vapes-in-poland","21":"product_cat-disposable-vapes-in-portugal","22":"product_cat-disposable-vapes-in-spain","23":"product_cat-disposable-vapes-in-sweden","24":"product_cat-disposable-vapes-in-switzerland","25":"product_cat-rechargeable-vapes","26":"product_cat-shisha-hookah-vapes","28":"first","29":"instock","30":"shipping-taxable","31":"purchasable","32":"product-type-variable","33":"has-default-attributes"},"jetpack_sharing_enabled":true,"tiered_pricing_type":"fixed","tiered_pricing_fixed_rules":{"2000":5.38999999999999968025576890795491635799407958984375},"tiered_pricing_product_settings":{"layout":"default","base_unit_name":{"singular":null,"plural":null},"default_variation":null},"tiered_pricing_minimum_quantity":1000,"tiered_pricing_roles_data":[],"tiered_pricing_percentage_rules":[],"tiered_pricing_maximum_quantity":null,"tiered_pricing_quantity_step":"10","_links":{"self":[{"href":"https:\/\/volovape.com\/ro\/wp-json\/wp\/v2\/product\/358","targetHints":{"allow":["GET"]}}],"collection":[{"href":"https:\/\/volovape.com\/ro\/wp-json\/wp\/v2\/product"}],"about":[{"href":"https:\/\/volovape.com\/ro\/wp-json\/wp\/v2\/types\/product"}],"replies":[{"embeddable":true,"href":"https:\/\/volovape.com\/ro\/wp-json\/wp\/v2\/comments?post=358"}],"wp:featuredmedia":[{"embeddable":true,"href":"https:\/\/volovape.com\/ro\/wp-json\/wp\/v2\/media\/445"}],"wp:attachment":[{"href":"https:\/\/volovape.com\/ro\/wp-json\/wp\/v2\/media?parent=358"}],"wp:term":[{"taxonomy":"product_brand","embeddable":true,"href":"https:\/\/volovape.com\/ro\/wp-json\/wp\/v2\/product_brand?post=358"},{"taxonomy":"product_cat","embeddable":true,"href":"https:\/\/volovape.com\/ro\/wp-json\/wp\/v2\/product_cat?post=358"},{"taxonomy":"product_tag","embeddable":true,"href":"https:\/\/volovape.com\/ro\/wp-json\/wp\/v2\/product_tag?post=358"}],"curies":[{"name":"wp","href":"https:\/\/api.w.org\/{rel}","templated":true}]}}