{"id":357,"date":"2024-11-21T03:29:21","date_gmt":"2024-11-21T03:29:21","guid":{"rendered":"https:\/\/volovape.com\/?post_type=product&#038;p=357"},"modified":"2025-08-06T08:04:15","modified_gmt":"2025-08-06T08:04:15","slug":"mrvi-dragon-13000-pufuri","status":"publish","type":"product","link":"https:\/\/volovape.com\/ro\/product\/mrvi-dragon-13000-puffs\/","title":{"rendered":"MRVI Dragon 13000 Puffs Vape de unic\u0103 folosin\u021b\u0103 - Dual Mesh, Dual Mode, re\u00eenc\u0103rcabil\u0103"},"content":{"rendered":"<p><strong>MRVI Dragon 13000 Puffs Vape de unic\u0103 folosin\u021b\u0103<\/strong> - Vapare personalizabil\u0103 \u00een mod dual cu precizie Dual Mesh.<\/p>\n<p>The <strong>MRVI Dragon 13000<\/strong> vape de unic\u0103 folosin\u021b\u0103 ofer\u0103 o experien\u021b\u0103 de vapat personalizat\u0103 cu func\u021bionalitatea sa de mod dual \u0219i tehnologia bobinei cu plas\u0103 dubl\u0103. Bucura\u021bi-v\u0103 de p\u00e2n\u0103 la <strong>13.000 de pufuri<\/strong> cu un generos <strong>Rezervor de e-lichid de 20 ml<\/strong> \u0219i o <strong>Baterie re\u00eenc\u0103rcabil\u0103 650mAh<\/strong>. The <strong>bobine avansate cu ochiuri duble<\/strong> asigur\u0103 \u00een mod constant un abur fin, bogat \u0219i aromat. Comuta\u021bi \u00eentre <strong>Mod regulat<\/strong> pentru o produc\u021bie consecvent\u0103 \u0219i <strong>Mod puls<\/strong> pentru o experien\u021b\u0103 de vapat mai intens\u0103. Alege\u021bi \u00eentre <strong>2% \u0219i 5% concentra\u021bii de nicotin\u0103<\/strong> pentru a se potrivi preferin\u021belor dvs. Cu <strong>10 op\u021biuni de arome delicioase<\/strong>, MRVI Dragon 13000 este perfect pentru <strong>vape de unic\u0103 folosin\u021b\u0103 en-gros<\/strong>, <strong>comenzi \u00een vrac<\/strong>, sau <strong>uz personal<\/strong>.<\/p>\n<h3><strong>MRVI Dragon 13000 Caracteristici:<\/strong><\/h3>\n<ul>\n<li>Puffs: P\u00e2n\u0103 la 13.000 de pufuri<\/li>\n<li>Capacitate E-liquid: 20mL<\/li>\n<li>Baterie: 650mAh (re\u00eenc\u0103rcabil\u0103)<\/li>\n<li>\u00cenc\u0103rcare: Tip-C<\/li>\n<li>Coil: Bobine Dual Mesh<\/li>\n<li>Moduri: Mod regulat, Mod puls<\/li>\n<li>Concentra\u021bii de nicotin\u0103: 2%, 5%<\/li>\n<li>Arome: 10 op\u021biuni unice<\/li>\n<li>Dispozitiv de unic\u0103 folosin\u021b\u0103<\/li>\n<\/ul>\n<h4>\u00ceNTREB\u0102RI FRECVENTE<\/h4>\n<h5>Cum \u00eembun\u0103t\u0103\u021besc experien\u021ba utilizatorului modurile duble de vapare?<\/h5>\n<p>Func\u021bionalitatea modului dual permite utilizatorilor s\u0103 \u00ee\u0219i personalizeze experien\u021ba de vapare. Modul regulat ofer\u0103 o ie\u0219ire constant\u0103 pentru o vaporizare lin\u0103 \u0219i constant\u0103, \u00een timp ce modul Pulse ofer\u0103 o lovitur\u0103 mai intens\u0103 pentru cei care caut\u0103 o experien\u021b\u0103 mai puternic\u0103. Aceast\u0103 versatilitate se adreseaz\u0103 diferitelor preferin\u021be de vapare.<\/p>\n<h5>Ce metode de expediere sunt utilizate?<\/h5>\n<p>Suntem parteneri cu transportatori de \u00eencredere precum UPS, DHL, FedEx \u0219i DPD pentru a ne asigura c\u0103 comanda dvs. este livrat\u0103 prompt \u0219i \u00een siguran\u021b\u0103. Cea mai eficient\u0103 metod\u0103 de expediere este selectat\u0103 \u00een func\u021bie de loca\u021bia dvs. pentru a optimiza viteza \u0219i fiabilitatea livr\u0103rii.<\/p>\n<h5>C\u00e2t timp dureaz\u0103 sosirea comenzii mele?<\/h5>\n<p>Livrarea dureaz\u0103 de obicei 7-15 zile lucr\u0103toare. Cu toate acestea, v\u0103 rug\u0103m s\u0103 acorda\u021bi p\u00e2n\u0103 la 20 de zile lucr\u0103toare \u00een timpul s\u0103rb\u0103torilor sau al condi\u021biilor meteorologice nefavorabile, care pot cauza mici \u00eent\u00e2rzieri \u00een tranzit.<\/p>\n<h5>Voi \u00eent\u00e2mpina probleme vamale sau taxe suplimentare?<\/h5>\n<p>Ne ocup\u0103m de toate procedurile de v\u0103muire, garant\u00e2nd o experien\u021b\u0103 f\u0103r\u0103 probleme \u0219i f\u0103r\u0103 complica\u021bii. Nu ve\u021bi suporta nicio tax\u0103 sau impozit suplimentar. Ne asigur\u0103m c\u0103 100% dintre produsele noastre trec cu succes de vam\u0103.<\/p>\n<h5>Achizi\u021biile de pe site-ul dvs. sunt sigure \u0219i de \u00eencredere?<\/h5>\n<p>Da, oferim tranzac\u021bii PayPal sigure cu protec\u021bia cump\u0103r\u0103torului. Pute\u021bi verifica, de asemenea, fiabilitatea noastr\u0103 prin verificarea recenziilor clien\u021bilor no\u0219tri pe <a href=\"https:\/\/www.trustpilot.com\/review\/volovape.com?utm_medium=trustbox&amp;utm_source=TrustBoxReviewCollector\">TrustPilot<\/a>, unde ve\u021bi g\u0103si m\u0103rturii de la clien\u021bi mul\u021bumi\u021bi.<\/p>","protected":false},"excerpt":{"rendered":"<p>Dezl\u0103n\u021bui\u021bi vaparea personalizabil\u0103 cu MRVI Dragon 13000 Puffs. Dual mesh, mod dual, 20ml, re\u00eenc\u0103rcabil. Ideal pentru uz personal sau en-gros, oferind arom\u0103 superioar\u0103 \u0219i flexibilitate.<\/p>","protected":false},"featured_media":435,"comment_status":"open","ping_status":"closed","template":"","meta":[],"product_brand":[],"product_cat":[55,56,21,18,39,20,23,24,22,25,26,27,28,29,30,31,32,33,34,35,36,40],"product_tag":[],"class_list":{"0":"post-357","1":"product","2":"type-product","3":"status-publish","4":"has-post-thumbnail","6":"product_cat-mrvi","7":"product_cat-14000-puffs-disposable-vape","8":"product_cat-big-puffs-vapes","9":"product_cat-different-puffs-of-disposable-vapes","10":"product_cat-digital-box-vapes","11":"product_cat-disposable-vape-types","12":"product_cat-disposable-vapes-in-austria","13":"product_cat-disposable-vapes-in-belgium","14":"product_cat-disposable-vapes-in-europe","15":"product_cat-disposable-vapes-in-france","16":"product_cat-disposable-vapes-in-germany","17":"product_cat-disposable-vapes-in-hungary","18":"product_cat-disposable-vapes-in-ltaly","19":"product_cat-disposable-vapes-in-netherlands","20":"product_cat-disposable-vapes-in-norway","21":"product_cat-disposable-vapes-in-poland","22":"product_cat-disposable-vapes-in-portugal","23":"product_cat-disposable-vapes-in-spain","24":"product_cat-disposable-vapes-in-sweden","25":"product_cat-disposable-vapes-in-switzerland","26":"product_cat-rechargeable-vapes","27":"product_cat-smart-screen-vapes","29":"first","30":"instock","31":"shipping-taxable","32":"purchasable","33":"product-type-variable","34":"has-default-attributes"},"jetpack_sharing_enabled":true,"tiered_pricing_type":"fixed","tiered_pricing_fixed_rules":{"2000":5.9900000000000002131628207280300557613372802734375},"tiered_pricing_product_settings":{"layout":"default","base_unit_name":{"singular":null,"plural":null},"default_variation":null},"tiered_pricing_minimum_quantity":1000,"tiered_pricing_roles_data":[],"tiered_pricing_percentage_rules":[],"tiered_pricing_maximum_quantity":null,"tiered_pricing_quantity_step":"10","_links":{"self":[{"href":"https:\/\/volovape.com\/ro\/wp-json\/wp\/v2\/product\/357","targetHints":{"allow":["GET"]}}],"collection":[{"href":"https:\/\/volovape.com\/ro\/wp-json\/wp\/v2\/product"}],"about":[{"href":"https:\/\/volovape.com\/ro\/wp-json\/wp\/v2\/types\/product"}],"replies":[{"embeddable":true,"href":"https:\/\/volovape.com\/ro\/wp-json\/wp\/v2\/comments?post=357"}],"wp:featuredmedia":[{"embeddable":true,"href":"https:\/\/volovape.com\/ro\/wp-json\/wp\/v2\/media\/435"}],"wp:attachment":[{"href":"https:\/\/volovape.com\/ro\/wp-json\/wp\/v2\/media?parent=357"}],"wp:term":[{"taxonomy":"product_brand","embeddable":true,"href":"https:\/\/volovape.com\/ro\/wp-json\/wp\/v2\/product_brand?post=357"},{"taxonomy":"product_cat","embeddable":true,"href":"https:\/\/volovape.com\/ro\/wp-json\/wp\/v2\/product_cat?post=357"},{"taxonomy":"product_tag","embeddable":true,"href":"https:\/\/volovape.com\/ro\/wp-json\/wp\/v2\/product_tag?post=357"}],"curies":[{"name":"wp","href":"https:\/\/api.w.org\/{rel}","templated":true}]}}