{"id":35613,"date":"2025-08-16T11:41:34","date_gmt":"2025-08-16T11:41:34","guid":{"rendered":"https:\/\/volovape.com\/?post_type=product&#038;p=35613"},"modified":"2026-04-14T05:57:10","modified_gmt":"2026-04-14T05:57:10","slug":"bang-king-twins-50000","status":"publish","type":"product","link":"https:\/\/volovape.com\/ro\/product\/bang-king-twins-50000\/","title":{"rendered":"Bang King Twins 50000 Puffs | arom\u0103 dubl\u0103 Afi\u0219aj LED de unic\u0103 folosin\u021b\u0103 vape en-gros"},"content":{"rendered":"<h2>Bang King Twins 50000 Puffs - Prezentare general\u0103 \u0219i caracteristici<\/h2>\n<p>Preg\u0103te\u0219te-te pentru o experien\u021b\u0103 de vapat extraordinar\u0103 cu <strong>Bang King Twins 50000 Puffs<\/strong> vape de unic\u0103 folosin\u021b\u0103! Cu p\u00e2n\u0103 la 50.000 de pufuri \u0219i arome duale, acest dispozitiv ofer\u0103 ce este mai bun din ambele lumi. Cu un design elegant, bobine mesh \u0219i o baterie re\u00eenc\u0103rcabil\u0103 de tip C, aceasta este cea mai bun\u0103 alegere pentru cei care t\u00e2njesc dup\u0103 arome intense \u0219i satisfac\u021bie de lung\u0103 durat\u0103. The <strong>Bang King Twins<\/strong> combin\u0103 56mL de e-lichid (28mL + 28mL) \u0219i ofer\u0103 mai multe op\u021biuni de nicotin\u0103 pentru a satisface toate gusturile \u0219i preferin\u021bele. Echipat cu un afi\u0219aj digital LED, este u\u0219or s\u0103 urm\u0103ri\u021bi experien\u021ba dvs. de vapare \u0219i s\u0103 men\u021bine\u021bi distrac\u021bia mai mult timp. Fie c\u0103 sunte\u021bi un vaper \u00eenr\u0103it sau un distribuitor care dore\u0219te s\u0103 stocheze produse premium, modelul <strong>Bang King Twins<\/strong> v\u0103 acoper\u0103.<\/p>\n<h4>Specifica\u021bii<\/h4>\n<table>\n<tbody>\n<tr>\n<td><strong>Capacitatea pufului:<\/strong><\/td>\n<td>P\u00e2n\u0103 la 50000 de pufuri<\/td>\n<\/tr>\n<tr>\n<td><strong>Capacitate E-liquid:<\/strong><\/td>\n<td>56mL (28mL + 28mL)<\/td>\n<\/tr>\n<tr>\n<td><strong>Baterie:<\/strong><\/td>\n<td>650mAh, re\u00eenc\u0103rcabil\u0103 de tip C<\/td>\n<\/tr>\n<tr>\n<td><strong>Tip bobin\u0103:<\/strong><\/td>\n<td>Bobin\u0103 Mesh 1.0\u03a9<\/td>\n<\/tr>\n<tr>\n<td><strong>Op\u021biuni de nicotin\u0103:<\/strong><\/td>\n<td>2%, 3%, 5%<\/td>\n<\/tr>\n<tr>\n<td><strong>Afi\u0219are:<\/strong><\/td>\n<td>Afi\u0219aj digital cu LED<\/td>\n<\/tr>\n<tr>\n<td><strong>Design:<\/strong><\/td>\n<td>Stilat, elegant \u0219i ergonomic<\/td>\n<\/tr>\n<\/tbody>\n<\/table>\n<h4>Arome disponibile<\/h4>\n<ul>\n<li>Dragoste 66 &amp; l\u0103m\u00e2ie fructul pasiunii<\/li>\n<li>Piersic\u0103 Guava C\u0103p\u0219uni &amp; Sakura Struguri<\/li>\n<li>Banan\u0103 cu c\u0103p\u0219uni &amp; Heisenberg<\/li>\n<li>Blue Razz Ice &amp; Blue Razz Cherry<\/li>\n<li>Pepene ro\u0219u cu c\u0103p\u0219uni \u0219i \u00eenghe\u021bat\u0103 de c\u0103p\u0219uni<\/li>\n<li>Ghea\u021b\u0103 de pepene \u0219i Hubba Bubba de pepene<\/li>\n<li>Aloe Vera dublu cu l\u0103m\u00e2ie verde \u0219i ghea\u021b\u0103<\/li>\n<li>Mix Berry &amp; Kiwi cu c\u0103p\u0219uni<\/li>\n<li>Super Cool Lychee &amp; Pink Man<\/li>\n<li>Suc de piersici cu ghea\u021b\u0103 \u0219i mango cu c\u0103p\u0219uni<\/li>\n<li>Cola Lemon &amp; Strawberry Skittles<\/li>\n<li>Piersic\u0103 Mango Pepene galben &amp; Cire\u0219e Blue Razz<\/li>\n<\/ul>\n<h4>De ce s\u0103 alege\u021bi Bang King Twins 50000 Puffs?<\/h4>\n<ul>\n<li><strong>Performan\u021b\u0103 de lung\u0103 durat\u0103:<\/strong> 50.000 de pufuri de pl\u0103cere continu\u0103<\/li>\n<li><strong>Experien\u021b\u0103 cu arom\u0103 dubl\u0103:<\/strong> Bucura\u021bi-v\u0103 de dou\u0103 arome unice cu fiecare puf<\/li>\n<li><strong>Comoditate re\u00eenc\u0103rcabil\u0103:<\/strong> \u00cenc\u0103rcarea Type-C v\u0103 asigur\u0103 c\u0103 sunte\u021bi \u00eentotdeauna gata de plecare<\/li>\n<li><strong>Bobine de plas\u0103 premium:<\/strong> Pentru lovituri mai u\u0219oare \u0219i arom\u0103 \u00eembun\u0103t\u0103\u021bit\u0103<\/li>\n<li><strong>Op\u021biuni largi de nicotin\u0103:<\/strong> Alege\u021bi \u00eentre 2%, 3% sau 5% putere nicotin\u0103<\/li>\n<li><strong>Afi\u0219aj digital LED:<\/strong> \u021aine\u021bi eviden\u021ba progresului dvs. de vape<\/li>\n<li><strong>Perfect pentru distribu\u021bie:<\/strong> Ideal pentru magazinele en-gros \u0219i de vape<\/li>\n<\/ul>\n<p>The <strong>Bang King Twins 50000 Puffs<\/strong> vape de unic\u0103 folosin\u021b\u0103 este cea mai bun\u0103 alegere pentru magazinele de vape \u0219i distribuitorii en-gros care doresc s\u0103 ofere un produs de \u00eenalt\u0103 calitate, de lung\u0103 durat\u0103. Cu aromele sale duble, bateria re\u00eenc\u0103rcabil\u0103 \u0219i tehnologia bobinei cu ochiuri, este proiectat pentru vaperii grei \u0219i v\u00e2n\u0103torii de arome deopotriv\u0103. Aproviziona\u021bi-v\u0103 acum \u0219i oferi\u021bi clien\u021bilor dvs. o experien\u021b\u0103 de vapare premium pe care o vor iubi!<\/p>\n<p><img decoding=\"async\" class=\"alignnone wp-image-35622 size-full\" src=\"https:\/\/volovape.com\/wp-content\/uploads\/2025\/08\/Bang-King-Twins-50000-flavor-chart.avif\" alt=\"\" title=\"\"><\/p>\n<p><img data-recalc-dims=\"1\" loading=\"lazy\" decoding=\"async\" class=\"alignnone wp-image-35632 size-full\" src=\"https:\/\/i0.wp.com\/volovape.com\/wp-content\/uploads\/2025\/08\/imgi_2_Bang_King_Twins_50K_11.webp?resize=800%2C800&#038;ssl=1\" alt=\"\" width=\"800\" height=\"800\" title=\"\" srcset=\"https:\/\/i0.wp.com\/volovape.com\/wp-content\/uploads\/2025\/08\/imgi_2_Bang_King_Twins_50K_11.webp?w=800&amp;ssl=1 800w, https:\/\/i0.wp.com\/volovape.com\/wp-content\/uploads\/2025\/08\/imgi_2_Bang_King_Twins_50K_11.webp?resize=300%2C300&amp;ssl=1 300w, https:\/\/i0.wp.com\/volovape.com\/wp-content\/uploads\/2025\/08\/imgi_2_Bang_King_Twins_50K_11.webp?resize=150%2C150&amp;ssl=1 150w, https:\/\/i0.wp.com\/volovape.com\/wp-content\/uploads\/2025\/08\/imgi_2_Bang_King_Twins_50K_11.webp?resize=768%2C768&amp;ssl=1 768w, https:\/\/i0.wp.com\/volovape.com\/wp-content\/uploads\/2025\/08\/imgi_2_Bang_King_Twins_50K_11.webp?resize=12%2C12&amp;ssl=1 12w, https:\/\/i0.wp.com\/volovape.com\/wp-content\/uploads\/2025\/08\/imgi_2_Bang_King_Twins_50K_11.webp?resize=510%2C510&amp;ssl=1 510w, https:\/\/i0.wp.com\/volovape.com\/wp-content\/uploads\/2025\/08\/imgi_2_Bang_King_Twins_50K_11.webp?resize=100%2C100&amp;ssl=1 100w, https:\/\/i0.wp.com\/volovape.com\/wp-content\/uploads\/2025\/08\/imgi_2_Bang_King_Twins_50K_11.webp?resize=50%2C50&amp;ssl=1 50w\" sizes=\"auto, (max-width: 800px) 100vw, 800px\" \/><\/p>","protected":false},"excerpt":{"rendered":"<p>Descoperi\u021bi Bang King Twins 50000 Puffs vape de unic\u0103 folosin\u021b\u0103 cu arome duale, bobine mesh, 56mL e-lichid \u0219i o baterie re\u00eenc\u0103rcabil\u0103 de tip C. Perfect pentru pasiona\u021bii de arome \u0219i cump\u0103r\u0103torii en-gros!<\/p>","protected":false},"featured_media":35672,"comment_status":"open","ping_status":"closed","template":"","meta":[],"product_brand":[227],"product_cat":[61,230],"product_tag":[],"class_list":{"0":"post-35613","1":"product","2":"type-product","3":"status-publish","4":"has-post-thumbnail","6":"product_brand-bang","7":"product_cat-bang","8":"product_cat-new","10":"first","11":"instock","12":"shipping-taxable","13":"purchasable","14":"product-type-variable","15":"has-default-attributes"},"jetpack_sharing_enabled":true,"tiered_pricing_type":"fixed","tiered_pricing_fixed_rules":{"30":7.29999999999999982236431605997495353221893310546875,"50":6.0999999999999996447286321199499070644378662109375,"100":5.4000000000000003552713678800500929355621337890625,"200":4.9900000000000002131628207280300557613372802734375,"400":4.37999999999999989341858963598497211933135986328125},"tiered_pricing_product_settings":{"layout":"default","base_unit_name":{"singular":null,"plural":null},"default_variation":null},"tiered_pricing_minimum_quantity":10,"tiered_pricing_roles_data":[],"tiered_pricing_percentage_rules":[],"tiered_pricing_maximum_quantity":null,"tiered_pricing_quantity_step":"10","_links":{"self":[{"href":"https:\/\/volovape.com\/ro\/wp-json\/wp\/v2\/product\/35613","targetHints":{"allow":["GET"]}}],"collection":[{"href":"https:\/\/volovape.com\/ro\/wp-json\/wp\/v2\/product"}],"about":[{"href":"https:\/\/volovape.com\/ro\/wp-json\/wp\/v2\/types\/product"}],"replies":[{"embeddable":true,"href":"https:\/\/volovape.com\/ro\/wp-json\/wp\/v2\/comments?post=35613"}],"wp:featuredmedia":[{"embeddable":true,"href":"https:\/\/volovape.com\/ro\/wp-json\/wp\/v2\/media\/35672"}],"wp:attachment":[{"href":"https:\/\/volovape.com\/ro\/wp-json\/wp\/v2\/media?parent=35613"}],"wp:term":[{"taxonomy":"product_brand","embeddable":true,"href":"https:\/\/volovape.com\/ro\/wp-json\/wp\/v2\/product_brand?post=35613"},{"taxonomy":"product_cat","embeddable":true,"href":"https:\/\/volovape.com\/ro\/wp-json\/wp\/v2\/product_cat?post=35613"},{"taxonomy":"product_tag","embeddable":true,"href":"https:\/\/volovape.com\/ro\/wp-json\/wp\/v2\/product_tag?post=35613"}],"curies":[{"name":"wp","href":"https:\/\/api.w.org\/{rel}","templated":true}]}}