{"id":356,"date":"2024-11-21T03:29:21","date_gmt":"2024-11-21T03:29:21","guid":{"rendered":"https:\/\/volovape.com\/?post_type=product&#038;p=356"},"modified":"2025-10-30T05:03:18","modified_gmt":"2025-10-30T05:03:18","slug":"mrvi-15000-pufuri","status":"publish","type":"product","link":"https:\/\/volovape.com\/ro\/product\/mrvi-15000-puffs\/","title":{"rendered":"MRVI 15000 Puffs Vape de unic\u0103 folosin\u021b\u0103 - Dual Mesh, afi\u0219aj de putere, \u0219nur"},"content":{"rendered":"<p><strong>MRVI 15000 Puffs Vape de unic\u0103 folosin\u021b\u0103<\/strong> - Vaping de mare capacitate cu precizie Dual Mesh \u0219i afi\u0219aj de putere.<\/p>\n<p>The <strong>MRVI 15000<\/strong> Vape de unic\u0103 folosin\u021b\u0103 ofer\u0103 o experien\u021b\u0103 de vapat excep\u021bional\u0103 cu <strong>Capacitate de 15.000 de pufuri<\/strong> \u0219i un masiv <strong>Rezervor de e-lichid de 25 ml<\/strong>. Alimentat de un <strong>Baterie re\u00eenc\u0103rcabil\u0103 de 750mAh<\/strong> \u0219i oferind <strong>\u00cenc\u0103rcare de tip C<\/strong>, acest dispozitiv asigur\u0103 performan\u021be de lung\u0103 durat\u0103. Caracteristicile <strong>tehnologie avansat\u0103 a bobinei dual mesh<\/strong> ofer\u0103 \u00een mod constant un abur fin, bogat \u0219i aromat. Sistemul integrat <strong>afi\u0219aj de putere<\/strong> ofer\u0103 monitorizarea \u00een timp real a duratei de via\u021b\u0103 a bateriei \u0219i a nivelurilor de e-lichid, sporind confortul utilizatorului. A <strong>lanyard convenabil<\/strong> este inclus pentru o portabilitate u\u0219oar\u0103. Alege\u021bi \u00eentre <strong>2% \u0219i 5% concentra\u021bii de nicotin\u0103<\/strong> pentru a se potrivi preferin\u021belor dvs. Cu <strong>10 op\u021biuni de arome delicioase<\/strong>, MRVI 15000 este perfect pentru <strong>vape de unic\u0103 folosin\u021b\u0103 en-gros<\/strong>, <strong>comenzi \u00een vrac<\/strong>, sau <strong>uz personal<\/strong>.<\/p>\n<h3><strong>MRVI 15000 Caracteristici:<\/strong><\/h3>\n<ul>\n<li>Puffs: P\u00e2n\u0103 la 15.000 de pufuri<\/li>\n<li>Capacitate E-liquid: 25mL<\/li>\n<li>Baterie: 750mAh (re\u00eenc\u0103rcabil\u0103)<\/li>\n<li>\u00cenc\u0103rcare: Tip-C<\/li>\n<li>Coil: Bobine Dual Mesh<\/li>\n<li>Afi\u0219aj: Afi\u0219aj putere (nivel baterie \u0219i E-liquid)<\/li>\n<li>Lanyard: Inclus<\/li>\n<li>Concentra\u021bii de nicotin\u0103: 2%, 5%<\/li>\n<li>Arome: 10 op\u021biuni unice<\/li>\n<li>Dispozitiv de unic\u0103 folosin\u021b\u0103<\/li>\n<\/ul>\n<h4>\u00ceNTREB\u0102RI FRECVENTE<\/h4>\n<h5>Cum \u00eembun\u0103t\u0103\u021be\u0219te tehnologia bobinei dual mesh aroma \u0219i produc\u021bia de vapori?<\/h5>\n<p>Designul bobinei cu ochiuri duble cre\u0219te suprafa\u021ba de \u00eenc\u0103lzire, asigur\u00e2nd distribu\u021bia uniform\u0103 a c\u0103ldurii \u0219i maximiz\u00e2nd vaporizarea e-lichidului. Acest lucru are ca rezultat arome mai bogate, mai intense \u0219i nori de vapori mai densi, oferind o experien\u021b\u0103 de vaporizare superioar\u0103 comparativ cu dispozitivele cu bobin\u0103 unic\u0103.<\/p>\n<h5>Ce metode de expediere sunt utilizate?<\/h5>\n<p>Suntem parteneri cu transportatori de \u00eencredere precum UPS, DHL, FedEx \u0219i DPD pentru a ne asigura c\u0103 comanda dvs. este livrat\u0103 prompt \u0219i \u00een siguran\u021b\u0103. Cea mai eficient\u0103 metod\u0103 de expediere este selectat\u0103 \u00een func\u021bie de loca\u021bia dvs. pentru a optimiza viteza \u0219i fiabilitatea livr\u0103rii.<\/p>\n<h5>C\u00e2t timp dureaz\u0103 sosirea comenzii mele?<\/h5>\n<p>Livrarea dureaz\u0103 de obicei 7-15 zile lucr\u0103toare. Cu toate acestea, v\u0103 rug\u0103m s\u0103 acorda\u021bi p\u00e2n\u0103 la 20 de zile lucr\u0103toare \u00een timpul s\u0103rb\u0103torilor sau al condi\u021biilor meteorologice nefavorabile, care pot cauza mici \u00eent\u00e2rzieri \u00een tranzit.<\/p>\n<h5>Voi \u00eent\u00e2mpina probleme vamale sau taxe suplimentare?<\/h5>\n<p>Ne ocup\u0103m de toate procedurile de v\u0103muire, garant\u00e2nd o experien\u021b\u0103 f\u0103r\u0103 probleme \u0219i f\u0103r\u0103 complica\u021bii. Nu ve\u021bi suporta nicio tax\u0103 sau impozit suplimentar. Ne asigur\u0103m c\u0103 100% dintre produsele noastre trec cu succes de vam\u0103.<\/p>\n<h5>Achizi\u021biile de pe site-ul dvs. sunt sigure \u0219i de \u00eencredere?<\/h5>\n<p>Da, oferim tranzac\u021bii PayPal sigure cu protec\u021bia cump\u0103r\u0103torului. Pute\u021bi verifica, de asemenea, fiabilitatea noastr\u0103 prin verificarea recenziilor clien\u021bilor no\u0219tri pe <a href=\"https:\/\/www.trustpilot.com\/review\/volovape.com?utm_medium=trustbox&amp;utm_source=TrustBoxReviewCollector\">TrustPilot<\/a>, unde ve\u021bi g\u0103si m\u0103rturii de la clien\u021bi mul\u021bumi\u021bi.<\/p>","protected":false},"excerpt":{"rendered":"<p>Bucura\u021bi-v\u0103 de vaping extins \u0219i bogat cu MRVI 15000 Puffs. Plas\u0103 dubl\u0103, afi\u0219aj de putere, \u0219nur, 25ml, 750mAh re\u00eenc\u0103rcabil\u0103. Perfect pentru uz personal sau en-gros, cu confort inclus.<\/p>","protected":false},"featured_media":425,"comment_status":"open","ping_status":"closed","template":"","meta":[],"product_brand":[],"product_cat":[55,41,21,43,18,39,20,23,24,22,25,26,27,28,29,30,31,32,33,34,35,36,40],"product_tag":[],"class_list":{"0":"post-356","1":"product","2":"type-product","3":"status-publish","4":"has-post-thumbnail","6":"product_cat-mrvi","7":"product_cat-15000-puffs-disposable-vape","8":"product_cat-big-puffs-vapes","9":"product_cat-crystal-vapes","10":"product_cat-different-puffs-of-disposable-vapes","11":"product_cat-digital-box-vapes","12":"product_cat-disposable-vape-types","13":"product_cat-disposable-vapes-in-austria","14":"product_cat-disposable-vapes-in-belgium","15":"product_cat-disposable-vapes-in-europe","16":"product_cat-disposable-vapes-in-france","17":"product_cat-disposable-vapes-in-germany","18":"product_cat-disposable-vapes-in-hungary","19":"product_cat-disposable-vapes-in-ltaly","20":"product_cat-disposable-vapes-in-netherlands","21":"product_cat-disposable-vapes-in-norway","22":"product_cat-disposable-vapes-in-poland","23":"product_cat-disposable-vapes-in-portugal","24":"product_cat-disposable-vapes-in-spain","25":"product_cat-disposable-vapes-in-sweden","26":"product_cat-disposable-vapes-in-switzerland","27":"product_cat-rechargeable-vapes","28":"product_cat-smart-screen-vapes","30":"first","31":"instock","32":"shipping-taxable","33":"purchasable","34":"product-type-variable","35":"has-default-attributes"},"jetpack_sharing_enabled":true,"tiered_pricing_type":"fixed","tiered_pricing_fixed_rules":{"100":5.9900000000000002131628207280300557613372802734375,"200":5.37000000000000010658141036401502788066864013671875,"400":5.05999999999999960920149533194489777088165283203125},"tiered_pricing_product_settings":{"layout":"default","base_unit_name":{"singular":null,"plural":null},"default_variation":null},"tiered_pricing_minimum_quantity":50,"tiered_pricing_roles_data":[],"tiered_pricing_percentage_rules":[],"tiered_pricing_maximum_quantity":null,"tiered_pricing_quantity_step":"10","_links":{"self":[{"href":"https:\/\/volovape.com\/ro\/wp-json\/wp\/v2\/product\/356","targetHints":{"allow":["GET"]}}],"collection":[{"href":"https:\/\/volovape.com\/ro\/wp-json\/wp\/v2\/product"}],"about":[{"href":"https:\/\/volovape.com\/ro\/wp-json\/wp\/v2\/types\/product"}],"replies":[{"embeddable":true,"href":"https:\/\/volovape.com\/ro\/wp-json\/wp\/v2\/comments?post=356"}],"wp:featuredmedia":[{"embeddable":true,"href":"https:\/\/volovape.com\/ro\/wp-json\/wp\/v2\/media\/425"}],"wp:attachment":[{"href":"https:\/\/volovape.com\/ro\/wp-json\/wp\/v2\/media?parent=356"}],"wp:term":[{"taxonomy":"product_brand","embeddable":true,"href":"https:\/\/volovape.com\/ro\/wp-json\/wp\/v2\/product_brand?post=356"},{"taxonomy":"product_cat","embeddable":true,"href":"https:\/\/volovape.com\/ro\/wp-json\/wp\/v2\/product_cat?post=356"},{"taxonomy":"product_tag","embeddable":true,"href":"https:\/\/volovape.com\/ro\/wp-json\/wp\/v2\/product_tag?post=356"}],"curies":[{"name":"wp","href":"https:\/\/api.w.org\/{rel}","templated":true}]}}