{"id":31959,"date":"2025-07-02T03:28:59","date_gmt":"2025-07-02T03:28:59","guid":{"rendered":"https:\/\/volovape.com\/?post_type=product&#038;p=31959"},"modified":"2025-08-30T09:26:48","modified_gmt":"2025-08-30T09:26:48","slug":"vozol-rave-40000-pufuri","status":"publish","type":"product","link":"https:\/\/volovape.com\/ro\/product\/vozol-rave-40000-puffs\/","title":{"rendered":"Vozol Rave 40000 Puffs | dubl\u0103 arom\u0103 dual-mode de unic\u0103 folosin\u021b\u0103 vape en-gros"},"content":{"rendered":"<p>\ud83d\udd25 <strong>Vozol Rave 40000 Vape de unic\u0103 folosin\u021b\u0103<\/strong> \ud83d\udd25 Experimenta\u021bi maximul \u00een vaping cu Vozol Rave 40000. Bucura\u021bi-v\u0103 de o uimitoare <strong>40.000 de pufuri<\/strong>, <strong>camere cu arom\u0103 dubl\u0103<\/strong>, \u0219i <strong>bobin\u0103 cu ochiuri duble<\/strong> pentru un gust intens, pur. Cu <strong>\u00cenc\u0103rcare rapid\u0103 de tip C<\/strong> (80% \u00een 20 de minute) \u0219i orbitoare <strong>lumini LED reactive la muzic\u0103<\/strong>, experien\u021ba ta de vaping tocmai a primit un upgrade! Personalizeaz\u0103-\u021bi lovitura cu <strong>debit de aer reglabil<\/strong> \u0219i <strong>moduri duble de alimentare<\/strong>. Perfect pentru en-gros sau uz personal. \ud83d\ude80<\/p>\n<h3>\ud83d\udccb Specifica\u021bii:<\/h3>\n<ul>\n<li><strong>Puff Count:<\/strong> P\u00e2n\u0103 la 40.000 de pufuri<\/li>\n<li><strong>Bobin\u0103:<\/strong> Bobin\u0103 Dual Mesh<\/li>\n<li><strong>\u00cenc\u0103rcare:<\/strong> \u00cenc\u0103rcare rapid\u0103 Type-C (80% \u00een 20 de minute)<\/li>\n<li><strong>Caracteristici:<\/strong> Camere cu dou\u0103 arome, lumini LED cu muzic\u0103 reactiv\u0103, flux de aer reglabil, dou\u0103 moduri de alimentare<\/li>\n<\/ul>\n<h3>\ud83c\udf53 Lista de arome:<\/h3>\n<p>Exploreaz\u0103 20 de combina\u021bii de arome delicioase! (<em>Not\u0103: Lista de arome specifice ar merge aici, de exemplu, Strawberry Kiwi, Blue Razz Lemonade, etc.<\/em>) \ud83c\udf47\ud83c\udf4d\ud83e\udd6d<\/p>","protected":false},"excerpt":{"rendered":"<p>Lumineaz\u0103-\u021bi experien\u021ba de vape cu <strong>Vozol Rave 40000<\/strong> - o putere compact\u0103 construit\u0103 pentru v\u00e2n\u0103torii de arome serio\u0219i \u0219i profesioni\u0219tii en-gros deopotriv\u0103.<\/p>","protected":false},"featured_media":32269,"comment_status":"open","ping_status":"closed","template":"","meta":[],"product_brand":[241],"product_cat":[230,228],"product_tag":[],"class_list":{"0":"post-31959","1":"product","2":"type-product","3":"status-publish","4":"has-post-thumbnail","6":"product_brand-vozol","7":"product_cat-new","8":"product_cat-vozol","10":"first","11":"instock","12":"shipping-taxable","13":"purchasable","14":"product-type-variable","15":"has-default-attributes"},"jetpack_sharing_enabled":true,"tiered_pricing_type":"fixed","tiered_pricing_fixed_rules":{"2000":7.0999999999999996447286321199499070644378662109375},"tiered_pricing_product_settings":{"layout":"default","base_unit_name":{"singular":null,"plural":null},"default_variation":null},"tiered_pricing_minimum_quantity":1000,"tiered_pricing_roles_data":[],"tiered_pricing_percentage_rules":[],"tiered_pricing_maximum_quantity":null,"tiered_pricing_quantity_step":"10","_links":{"self":[{"href":"https:\/\/volovape.com\/ro\/wp-json\/wp\/v2\/product\/31959","targetHints":{"allow":["GET"]}}],"collection":[{"href":"https:\/\/volovape.com\/ro\/wp-json\/wp\/v2\/product"}],"about":[{"href":"https:\/\/volovape.com\/ro\/wp-json\/wp\/v2\/types\/product"}],"replies":[{"embeddable":true,"href":"https:\/\/volovape.com\/ro\/wp-json\/wp\/v2\/comments?post=31959"}],"wp:featuredmedia":[{"embeddable":true,"href":"https:\/\/volovape.com\/ro\/wp-json\/wp\/v2\/media\/32269"}],"wp:attachment":[{"href":"https:\/\/volovape.com\/ro\/wp-json\/wp\/v2\/media?parent=31959"}],"wp:term":[{"taxonomy":"product_brand","embeddable":true,"href":"https:\/\/volovape.com\/ro\/wp-json\/wp\/v2\/product_brand?post=31959"},{"taxonomy":"product_cat","embeddable":true,"href":"https:\/\/volovape.com\/ro\/wp-json\/wp\/v2\/product_cat?post=31959"},{"taxonomy":"product_tag","embeddable":true,"href":"https:\/\/volovape.com\/ro\/wp-json\/wp\/v2\/product_tag?post=31959"}],"curies":[{"name":"wp","href":"https:\/\/api.w.org\/{rel}","templated":true}]}}