{"id":30895,"date":"2025-08-16T11:40:18","date_gmt":"2025-08-16T11:40:18","guid":{"rendered":"https:\/\/volovape.com\/?post_type=product&#038;p=30895"},"modified":"2026-03-16T08:50:06","modified_gmt":"2026-03-16T08:50:06","slug":"uwin-gemeni-de-cristal-40k","status":"publish","type":"product","link":"https:\/\/volovape.com\/ro\/product\/uwin-crystal-twins-40k\/","title":{"rendered":"Uwin Crystal Twins 40K 40000 Puffs | arom\u0103 dubl\u0103 de unic\u0103 folosin\u021b\u0103 vape whoelsale"},"content":{"rendered":"<h2><strong>Uwin Crystal Twins 40K - Vape de unic\u0103 folosin\u021b\u0103 cu dou\u0103 arome \ud83c\udf1f<\/strong><\/h2>\n<p>V\u0103 prezent\u0103m Uwin Crystal Twins 40K, o schimbare de joc pe pia\u021ba vapei de unic\u0103 folosin\u021b\u0103! Cu p\u00e2n\u0103 la 40.000 de pufuri de pl\u0103cere pur\u0103 de vaporizare, acest dispozitiv are un design unic cu dou\u0103 arome, oferind o combina\u021bie interesant\u0103 de gusturi \u00een fiecare puf. Fie c\u0103 sunte\u021bi un v\u00e2n\u0103tor de arome sau un vaper greu, acest vape ofer\u0103 o experien\u021b\u0103 neted\u0103 \u0219i satisf\u0103c\u0103toare, toate \u00eentr-un corp elegant, cristalin. Ia-\u021bi adio de la reumplere \u0219i bucur\u0103-te de confort ca niciodat\u0103 \u00eenainte. \ud83d\udd25\ud83d\udca8<\/p>\n<h4><strong>Specifica\u021bii:<\/strong><\/h4>\n<table>\n<thead>\n<tr>\n<th><strong>Caracteristic\u0103<\/strong><\/th>\n<th><strong>Detalii<\/strong><\/th>\n<\/tr>\n<\/thead>\n<tbody>\n<tr>\n<td><strong>Capacitatea pufului<\/strong><\/td>\n<td>40.000 de pufuri<\/td>\n<\/tr>\n<tr>\n<td><strong>Capacitate E-liquid<\/strong><\/td>\n<td>8mL (per camer\u0103)<\/td>\n<\/tr>\n<tr>\n<td><strong>Baterie<\/strong><\/td>\n<td>850mAh, Tip-C<\/td>\n<\/tr>\n<tr>\n<td><strong>Tip bobin\u0103<\/strong><\/td>\n<td>Bobin\u0103 cu ochiuri de 0,6\u03a9<\/td>\n<\/tr>\n<tr>\n<td><strong>Op\u021biuni privind nicotina<\/strong><\/td>\n<td>0%, 2%, 3%, 5%<\/td>\n<\/tr>\n<tr>\n<td><strong>Afi\u0219aj<\/strong><\/td>\n<td>Ecran inteligent<\/td>\n<\/tr>\n<tr>\n<td><strong>Design<\/strong><\/td>\n<td>Corp clar ca cristalul<\/td>\n<\/tr>\n<\/tbody>\n<\/table>\n<h4><strong>Combina\u021bii de arome:<\/strong><\/h4>\n<table>\n<thead>\n<tr>\n<th><strong>Arom\u0103 A<\/strong><\/th>\n<th><strong>Arom\u0103 B<\/strong><\/th>\n<\/tr>\n<\/thead>\n<tbody>\n<tr>\n<td>Afine pe ghea\u021b\u0103<\/td>\n<td>Ghea\u021b\u0103 de var\u0103 cu piersici<\/td>\n<\/tr>\n<tr>\n<td>Kiwi fructul pasiunii Guava<\/td>\n<td>Afine Zmeur\u0103<\/td>\n<\/tr>\n<tr>\n<td>C\u0103p\u0219uni Kiwi<\/td>\n<td>Ghea\u021b\u0103 de struguri<\/td>\n<\/tr>\n<tr>\n<td>Kiwi fructul pasiunii Guava<\/td>\n<td>Dou\u0103 mere<\/td>\n<\/tr>\n<tr>\n<td>Pepene ro\u0219u cu c\u0103p\u0219uni<\/td>\n<td>L\u0103m\u00e2ie Lime<\/td>\n<\/tr>\n<tr>\n<td>Afine Zmeur\u0103<\/td>\n<td>Ghea\u021b\u0103 de cire\u0219e<\/td>\n<\/tr>\n<tr>\n<td>C\u0103p\u0219uni Zmeur\u0103 Cire\u0219e<\/td>\n<td>Domnul Blue<\/td>\n<\/tr>\n<tr>\n<td>Piersic\u0103 Mango Ananas<\/td>\n<td>Red Bull<\/td>\n<\/tr>\n<tr>\n<td>Ghea\u021b\u0103 de pepene ro\u0219u<\/td>\n<td>Fructe de p\u0103dure mixte<\/td>\n<\/tr>\n<tr>\n<td>Banan\u0103 cu c\u0103p\u0219uni<\/td>\n<td>Love 66 (Ghea\u021b\u0103 de melon cu fructul pasiunii)<\/td>\n<\/tr>\n<tr>\n<td>Dragon Fruit Banan\u0103 Cire\u0219e<\/td>\n<td>Limonad\u0103 roz<\/td>\n<\/tr>\n<tr>\n<td>Piersic\u0103 Mango<\/td>\n<td>Cherry Cola<\/td>\n<\/tr>\n<tr>\n<td>Ghea\u021b\u0103 de c\u0103p\u0219uni<\/td>\n<td>Mango pe ghea\u021b\u0103<\/td>\n<\/tr>\n<tr>\n<td>Blue Razz Ice<\/td>\n<td>Ghea\u021b\u0103 cu fructe de dragon<\/td>\n<\/tr>\n<tr>\n<td>Red Bull cu c\u0103p\u0219uni<\/td>\n<td>Ghea\u021b\u0103 de cire\u0219e<\/td>\n<\/tr>\n<\/tbody>\n<\/table>\n<h4><strong>De ce s\u0103 alege\u021bi Uwin Crystal Twins 40K?<\/strong><\/h4>\n<ul>\n<li><strong>Design Dual Flavor:<\/strong> Bucur\u0103-te de dou\u0103 arome distincte cu fiecare fum pentru o experien\u021b\u0103 dinamic\u0103 de vapat.<\/li>\n<li><strong>Num\u0103r masiv de pufuri:<\/strong> Ob\u021bine\u021bi p\u00e2n\u0103 la 40.000 de pufuri, care dureaz\u0103 mai mult dec\u00e2t majoritatea vaporizatoarelor de unic\u0103 folosin\u021b\u0103.<\/li>\n<li><strong>Op\u021biuni cu con\u021binut ridicat de nicotin\u0103:<\/strong> Disponibil \u00een nicotin\u0103 0%, 2%, 3% \u0219i 5% pentru satisfac\u021bie personalizat\u0103.<\/li>\n<li><strong>Premium Mesh Coil:<\/strong> Experimenta\u021bi o produc\u021bie de vapori lin\u0103 \u0219i consistent\u0103 la fiecare suflare.<\/li>\n<li><strong>Portabil \u0219i convenabil:<\/strong> Designul transparent al corpului asigur\u0103 at\u00e2t durabilitate, c\u00e2t \u0219i un aspect elegant.<\/li>\n<li><strong>Afi\u0219aj cu ecran inteligent:<\/strong> Afi\u0219ajul inteligent u\u0219or de citit \u021bine eviden\u021ba sesiunilor dvs. de vape.<\/li>\n<\/ul>\n<p>Uwin Crystal Twins 40K este ideal at\u00e2t pentru utilizatorii obi\u0219nui\u021bi, c\u00e2t \u0219i pentru cump\u0103r\u0103torii \u00een vrac, cum ar fi magazinele de vape \u0219i distribuitorii. Cu performan\u021ba sa de lung\u0103 durat\u0103, op\u021biunile unice cu dou\u0103 arome \u0219i designul elegant, este o alegere perfect\u0103 pentru cei care doresc s\u0103 \u00ee\u0219i \u00eembun\u0103t\u0103\u021beasc\u0103 experien\u021ba de vaping. Fie c\u0103 sunte\u021bi un v\u00e2n\u0103tor de arome sau un distribuitor cu ridicata, acest dispozitiv este perfect pentru nevoile dvs.<\/p>\n<p><img data-recalc-dims=\"1\" loading=\"lazy\" decoding=\"async\" class=\"alignnone wp-image-31448 size-full\" src=\"https:\/\/i0.wp.com\/volovape.com\/wp-content\/uploads\/2025\/06\/%E8%81%94%E5%90%8D%E6%B5%B7%E6%8A%A5-2.jpg?resize=1480%2C1810&#038;ssl=1\" alt=\"\" width=\"1480\" height=\"1810\" title=\"\" srcset=\"https:\/\/i0.wp.com\/volovape.com\/wp-content\/uploads\/2025\/06\/%E8%81%94%E5%90%8D%E6%B5%B7%E6%8A%A5-2.jpg?w=1480&amp;ssl=1 1480w, https:\/\/i0.wp.com\/volovape.com\/wp-content\/uploads\/2025\/06\/%E8%81%94%E5%90%8D%E6%B5%B7%E6%8A%A5-2.jpg?resize=245%2C300&amp;ssl=1 245w, https:\/\/i0.wp.com\/volovape.com\/wp-content\/uploads\/2025\/06\/%E8%81%94%E5%90%8D%E6%B5%B7%E6%8A%A5-2.jpg?resize=837%2C1024&amp;ssl=1 837w, https:\/\/i0.wp.com\/volovape.com\/wp-content\/uploads\/2025\/06\/%E8%81%94%E5%90%8D%E6%B5%B7%E6%8A%A5-2.jpg?resize=768%2C939&amp;ssl=1 768w, https:\/\/i0.wp.com\/volovape.com\/wp-content\/uploads\/2025\/06\/%E8%81%94%E5%90%8D%E6%B5%B7%E6%8A%A5-2.jpg?resize=1256%2C1536&amp;ssl=1 1256w, https:\/\/i0.wp.com\/volovape.com\/wp-content\/uploads\/2025\/06\/%E8%81%94%E5%90%8D%E6%B5%B7%E6%8A%A5-2.jpg?resize=10%2C12&amp;ssl=1 10w, https:\/\/i0.wp.com\/volovape.com\/wp-content\/uploads\/2025\/06\/%E8%81%94%E5%90%8D%E6%B5%B7%E6%8A%A5-2.jpg?resize=800%2C978&amp;ssl=1 800w\" sizes=\"auto, (max-width: 1000px) 100vw, 1000px\" \/><\/p>\n<p><img data-recalc-dims=\"1\" loading=\"lazy\" decoding=\"async\" class=\"alignnone wp-image-31447 size-large\" src=\"https:\/\/i0.wp.com\/volovape.com\/wp-content\/uploads\/2025\/06\/40k%E5%8F%A3%E5%91%B3%E6%B5%B7%E6%8A%A5.jpg?resize=905%2C1024&#038;ssl=1\" alt=\"\" width=\"905\" height=\"1024\" title=\"\" srcset=\"https:\/\/i0.wp.com\/volovape.com\/wp-content\/uploads\/2025\/06\/40k%E5%8F%A3%E5%91%B3%E6%B5%B7%E6%8A%A5.jpg?resize=905%2C1024&amp;ssl=1 905w, https:\/\/i0.wp.com\/volovape.com\/wp-content\/uploads\/2025\/06\/40k%E5%8F%A3%E5%91%B3%E6%B5%B7%E6%8A%A5.jpg?resize=265%2C300&amp;ssl=1 265w, https:\/\/i0.wp.com\/volovape.com\/wp-content\/uploads\/2025\/06\/40k%E5%8F%A3%E5%91%B3%E6%B5%B7%E6%8A%A5.jpg?resize=768%2C869&amp;ssl=1 768w, https:\/\/i0.wp.com\/volovape.com\/wp-content\/uploads\/2025\/06\/40k%E5%8F%A3%E5%91%B3%E6%B5%B7%E6%8A%A5.jpg?resize=1358%2C1536&amp;ssl=1 1358w, https:\/\/i0.wp.com\/volovape.com\/wp-content\/uploads\/2025\/06\/40k%E5%8F%A3%E5%91%B3%E6%B5%B7%E6%8A%A5.jpg?resize=11%2C12&amp;ssl=1 11w, https:\/\/i0.wp.com\/volovape.com\/wp-content\/uploads\/2025\/06\/40k%E5%8F%A3%E5%91%B3%E6%B5%B7%E6%8A%A5.jpg?resize=800%2C905&amp;ssl=1 800w, https:\/\/i0.wp.com\/volovape.com\/wp-content\/uploads\/2025\/06\/40k%E5%8F%A3%E5%91%B3%E6%B5%B7%E6%8A%A5.jpg?w=1697&amp;ssl=1 1697w\" sizes=\"auto, (max-width: 905px) 100vw, 905px\" \/><\/p>\n<p><img data-recalc-dims=\"1\" loading=\"lazy\" decoding=\"async\" class=\"alignnone wp-image-31449 size-full\" src=\"https:\/\/i0.wp.com\/volovape.com\/wp-content\/uploads\/2025\/06\/%E7%BD%91%E7%AB%99-Banner-2.jpg?resize=1920%2C656&#038;ssl=1\" alt=\"\" width=\"1920\" height=\"656\" title=\"\" srcset=\"https:\/\/i0.wp.com\/volovape.com\/wp-content\/uploads\/2025\/06\/%E7%BD%91%E7%AB%99-Banner-2.jpg?w=1920&amp;ssl=1 1920w, https:\/\/i0.wp.com\/volovape.com\/wp-content\/uploads\/2025\/06\/%E7%BD%91%E7%AB%99-Banner-2.jpg?resize=300%2C103&amp;ssl=1 300w, https:\/\/i0.wp.com\/volovape.com\/wp-content\/uploads\/2025\/06\/%E7%BD%91%E7%AB%99-Banner-2.jpg?resize=1024%2C350&amp;ssl=1 1024w, https:\/\/i0.wp.com\/volovape.com\/wp-content\/uploads\/2025\/06\/%E7%BD%91%E7%AB%99-Banner-2.jpg?resize=768%2C262&amp;ssl=1 768w, https:\/\/i0.wp.com\/volovape.com\/wp-content\/uploads\/2025\/06\/%E7%BD%91%E7%AB%99-Banner-2.jpg?resize=1536%2C525&amp;ssl=1 1536w, https:\/\/i0.wp.com\/volovape.com\/wp-content\/uploads\/2025\/06\/%E7%BD%91%E7%AB%99-Banner-2.jpg?resize=18%2C6&amp;ssl=1 18w, https:\/\/i0.wp.com\/volovape.com\/wp-content\/uploads\/2025\/06\/%E7%BD%91%E7%AB%99-Banner-2.jpg?resize=800%2C273&amp;ssl=1 800w\" sizes=\"auto, (max-width: 1000px) 100vw, 1000px\" \/><\/p>","protected":false},"excerpt":{"rendered":"<p>Experimenta\u021bi satisfac\u021bia de lung\u0103 durat\u0103 cu Uwin Crystal Twins 40K Vape de unic\u0103 folosin\u021b\u0103! 40.000 de pufuri, op\u021biuni cu dou\u0103 arome \u0219i arome r\u0103coritoare.<\/p>","protected":false},"featured_media":30896,"comment_status":"open","ping_status":"closed","template":"","meta":[],"product_brand":[],"product_cat":[16,224],"product_tag":[],"class_list":{"0":"post-30895","1":"product","2":"type-product","3":"status-publish","4":"has-post-thumbnail","6":"product_cat-volo-vape","7":"product_cat-uwin","9":"first","10":"instock","11":"shipping-taxable","12":"purchasable","13":"product-type-variable","14":"has-default-attributes"},"jetpack_sharing_enabled":true,"tiered_pricing_type":"fixed","tiered_pricing_fixed_rules":{"30":7.589999999999999857891452847979962825775146484375,"50":6.20999999999999996447286321199499070644378662109375,"100":5.88999999999999968025576890795491635799407958984375,"200":5.4900000000000002131628207280300557613372802734375,"400":5.04000000000000003552713678800500929355621337890625},"tiered_pricing_product_settings":{"layout":"default","base_unit_name":{"singular":null,"plural":null},"default_variation":null},"tiered_pricing_minimum_quantity":10,"tiered_pricing_roles_data":[],"tiered_pricing_percentage_rules":[],"tiered_pricing_maximum_quantity":null,"tiered_pricing_quantity_step":"10","_links":{"self":[{"href":"https:\/\/volovape.com\/ro\/wp-json\/wp\/v2\/product\/30895","targetHints":{"allow":["GET"]}}],"collection":[{"href":"https:\/\/volovape.com\/ro\/wp-json\/wp\/v2\/product"}],"about":[{"href":"https:\/\/volovape.com\/ro\/wp-json\/wp\/v2\/types\/product"}],"replies":[{"embeddable":true,"href":"https:\/\/volovape.com\/ro\/wp-json\/wp\/v2\/comments?post=30895"}],"wp:featuredmedia":[{"embeddable":true,"href":"https:\/\/volovape.com\/ro\/wp-json\/wp\/v2\/media\/30896"}],"wp:attachment":[{"href":"https:\/\/volovape.com\/ro\/wp-json\/wp\/v2\/media?parent=30895"}],"wp:term":[{"taxonomy":"product_brand","embeddable":true,"href":"https:\/\/volovape.com\/ro\/wp-json\/wp\/v2\/product_brand?post=30895"},{"taxonomy":"product_cat","embeddable":true,"href":"https:\/\/volovape.com\/ro\/wp-json\/wp\/v2\/product_cat?post=30895"},{"taxonomy":"product_tag","embeddable":true,"href":"https:\/\/volovape.com\/ro\/wp-json\/wp\/v2\/product_tag?post=30895"}],"curies":[{"name":"wp","href":"https:\/\/api.w.org\/{rel}","templated":true}]}}