{"id":29669,"date":"2025-04-24T06:39:08","date_gmt":"2025-04-24T06:39:08","guid":{"rendered":"https:\/\/volovape.com\/?post_type=product&#038;p=29669"},"modified":"2026-04-14T06:31:09","modified_gmt":"2026-04-14T06:31:09","slug":"mrvi-df-40000-pufuri","status":"publish","type":"product","link":"https:\/\/volovape.com\/ro\/product\/mrvi-df-40000-puffs\/","title":{"rendered":"MRVI DF 40000 puff vape de unic\u0103 folosin\u021b\u0103 cu arom\u0103 dubl\u0103 | sistem de arom\u0103 2-in-1, capacitate masiv\u0103 de 40mL ejuice"},"content":{"rendered":"<p><strong>MRVI DF 40000 Vape de unic\u0103 folosin\u021b\u0103 cu arom\u0103 dubl\u0103<\/strong> - Plas\u0103 dubl\u0103, arom\u0103 dubl\u0103, pl\u0103cere maxim\u0103.<\/p>\n<p>Prezentarea <strong>MRVI DF 40000<\/strong>, o vape de unic\u0103 folosin\u021b\u0103 care schimb\u0103 jocul, conceput\u0103 pentru cei care t\u00e2njesc dup\u0103 arom\u0103 \u0219i longevitate. Acest dispozitiv de vape inovator ofer\u0103 p\u00e2n\u0103 la <strong>40.000 de pufuri<\/strong> \u0219i combin\u0103 <em>comutare cu arom\u0103 dubl\u0103<\/em> cu <strong>bobin\u0103 cu ochiuri duble<\/strong> asigur\u00e2nd tragere lin\u0103 \u0219i gust puternic la fiecare fum. Echipat cu un <strong>baterie re\u00eenc\u0103rcabil\u0103 850mAh<\/strong> \u0219i un impresionant <strong>40mL capacitate e-lichid<\/strong>, este construit pentru a rezista la distan\u021b\u0103.<\/p>\n<p>Cu op\u021biuni pentru <strong>Puterea nicotinei 5% sau 2%<\/strong>, a <strong>Port de \u00eenc\u0103rcare de tip C<\/strong>, \u0219i <strong>10 selec\u021bii de arome bogate<\/strong>MRVI DF 40000 este perfect pentru utilizatorii adul\u021bi \u0219i angrosi\u0219tii de vape care caut\u0103 produse fiabile \u0219i de \u00eenalt\u0103 performan\u021b\u0103. Fie c\u0103 vaporiza\u021bi singur sau v\u0103 face\u021bi provizii pentru rev\u00e2nzare, acest dispozitiv ofer\u0103 at\u00e2t calitate, c\u00e2t \u0219i cantitate \u00eentr-un design elegant \u0219i compact.<\/p>\n<h3><strong>MRVI DF 40000 Caracteristici:<\/strong><\/h3>\n<ul>\n<li>Puffs: P\u00e2n\u0103 la 40.000<\/li>\n<li>Capacitate E-liquid: 40mL<\/li>\n<li>Baterie: 850mAh (re\u00eenc\u0103rcabil\u0103)<\/li>\n<li>\u00cenc\u0103rcare: Tip-C (\u00eenc\u0103rcare complet\u0103 \u00een 2 ore)<\/li>\n<li>Bobin\u0103: Bobin\u0103 Dual Mesh pentru un abur fin \u0219i bogat<\/li>\n<li>Concentra\u021bii de nicotin\u0103: 5%, 2% (nicotin\u0103 f\u0103r\u0103 tutun)<\/li>\n<li>Op\u021biuni de arome: 10 combina\u021bii dinamice cu dou\u0103 arome<\/li>\n<li>Utilizare: Inhala\u021bi pentru a activa (nu este necesar niciun buton)<\/li>\n<li>Pachet: 10PCS per cutie de afi\u0219are<\/li>\n<li>Dimensiune: 92*41*19mm - u\u0219or de buzunar \u0219i ergonomic<\/li>\n<\/ul>","protected":false},"excerpt":{"rendered":"<p>\u00cembun\u0103t\u0103\u021be\u0219te-\u021bi experien\u021ba de vapat cu MRVI DF 40000! Putere cu arom\u0103 dubl\u0103, 40.000 de pufuri \u0219i tehnologie Dual Mesh coil. Ideal pentru uz personal sau comenzi en-gros \u00een vrac.<\/p>","protected":false},"featured_media":29675,"comment_status":"open","ping_status":"closed","template":"","meta":[],"product_brand":[],"product_cat":[55,74,64,44],"product_tag":[],"class_list":{"0":"post-29669","1":"product","2":"type-product","3":"status-publish","4":"has-post-thumbnail","6":"product_cat-mrvi","7":"product_cat-40000-puffs-disposable-vape","8":"product_cat-dual-flavor-vapes","9":"product_cat-dual-mesh-vapes","11":"first","12":"instock","13":"shipping-taxable","14":"purchasable","15":"product-type-variable","16":"has-default-attributes"},"jetpack_sharing_enabled":true,"tiered_pricing_type":"fixed","tiered_pricing_fixed_rules":{"100":6.730000000000000426325641456060111522674560546875,"200":6.11000000000000031974423109204508364200592041015625,"400":5.79999999999999982236431605997495353221893310546875},"tiered_pricing_product_settings":{"layout":"default","base_unit_name":{"singular":null,"plural":null},"default_variation":null},"tiered_pricing_minimum_quantity":50,"tiered_pricing_roles_data":[],"tiered_pricing_percentage_rules":[],"tiered_pricing_maximum_quantity":null,"tiered_pricing_quantity_step":"10","_links":{"self":[{"href":"https:\/\/volovape.com\/ro\/wp-json\/wp\/v2\/product\/29669","targetHints":{"allow":["GET"]}}],"collection":[{"href":"https:\/\/volovape.com\/ro\/wp-json\/wp\/v2\/product"}],"about":[{"href":"https:\/\/volovape.com\/ro\/wp-json\/wp\/v2\/types\/product"}],"replies":[{"embeddable":true,"href":"https:\/\/volovape.com\/ro\/wp-json\/wp\/v2\/comments?post=29669"}],"wp:featuredmedia":[{"embeddable":true,"href":"https:\/\/volovape.com\/ro\/wp-json\/wp\/v2\/media\/29675"}],"wp:attachment":[{"href":"https:\/\/volovape.com\/ro\/wp-json\/wp\/v2\/media?parent=29669"}],"wp:term":[{"taxonomy":"product_brand","embeddable":true,"href":"https:\/\/volovape.com\/ro\/wp-json\/wp\/v2\/product_brand?post=29669"},{"taxonomy":"product_cat","embeddable":true,"href":"https:\/\/volovape.com\/ro\/wp-json\/wp\/v2\/product_cat?post=29669"},{"taxonomy":"product_tag","embeddable":true,"href":"https:\/\/volovape.com\/ro\/wp-json\/wp\/v2\/product_tag?post=29669"}],"curies":[{"name":"wp","href":"https:\/\/api.w.org\/{rel}","templated":true}]}}