{"id":28648,"date":"2025-03-21T06:47:18","date_gmt":"2025-03-21T06:47:18","guid":{"rendered":"https:\/\/volovape.com\/?post_type=product&#038;p=28648"},"modified":"2026-04-29T02:09:28","modified_gmt":"2026-04-29T02:09:28","slug":"waspe-60000-puffs-3-in-1-vape-de-unica-folosinta","status":"publish","type":"product","link":"https:\/\/volovape.com\/ro\/product\/waspe-60000-puffs-3-in-1-disposable-vape\/","title":{"rendered":"WASPE 60K 3-in-1 vape de unic\u0103 folosin\u021b\u0103 | arome triple, 60.000 pufuri, vrac en-gros"},"content":{"rendered":"<p><strong>WASPE 60K 3-in-1 Vape de unic\u0103 folosin\u021b\u0103<\/strong> - Triplu de arom\u0103, triplu de distrac\u021bie, cu un num\u0103r f\u0103r\u0103 precedent de 60.000 de pufuri. Aceast\u0103 vape de unic\u0103 folosin\u021b\u0103 revolu\u021bionar\u0103 ofer\u0103 o <strong>60.000 de pufuri<\/strong>, combin\u00e2nd <strong>trei arome distincte<\/strong> \u00eentr-un singur dispozitiv elegant. Inspirat de popularul WASPE Crystal, acest vape ofer\u0103 <strong>12 triouri de arome unice<\/strong>, pentru toate gusturile. Perfect pentru v\u00e2nzarea cu ridicata \u00een vrac, acest dispozitiv asigur\u0103 clien\u021bilor dvs. o pl\u0103cere extins\u0103 de a vaporiza \u0219i experien\u021be cu arome diverse. Designul s\u0103u portabil \u0219i capacitatea ridicat\u0103 \u00eel fac o alegere remarcabil\u0103 at\u00e2t pentru uz personal, c\u00e2t \u0219i pentru v\u00e2nzarea cu ridicata.<\/p>\n<h3><strong>WASPE 60K 3-in-1 Caracteristici:<\/strong><\/h3>\n<ul>\n<li>Puffs: 60,000 Puffs (54ml e-lichid)<\/li>\n<li>Arome: 3-in-1 Design cu trei arome<\/li>\n<li>Op\u021biuni de arome: 12 triouri de arome unice<\/li>\n<li>Design: Elegant \u0219i portabil<\/li>\n<li>Ideal pentru: Comer\u021b cu ridicata \u00een vrac<\/li>\n<\/ul>\n<h4>\u00ceNTREB\u0102RI FRECVENTE<\/h4>\n<h5>Cum func\u021bioneaz\u0103 mecanismul de comutare a aromei 3 \u00een 1?<\/h5>\n<p>WASPE 60K 3-in-1 are un mecanism inovator care permite utilizatorilor s\u0103 comute f\u0103r\u0103 probleme \u00eentre cele trei arome incluse. O simpl\u0103 ajustare pe dispozitiv activeaz\u0103 camere cu arome diferite, oferind o experien\u021b\u0103 de vapat variat\u0103 \u0219i pl\u0103cut\u0103 f\u0103r\u0103 a avea nevoie de mai multe dispozitive.<\/p>\n<h5>Exist\u0103 vreun avantaj la v\u00e2nzarea en-gros a WASPE 60K 3-in-1 \u00een vrac?<\/h5>\n<p>V\u00e2nzarea angro \u00een vrac asigur\u0103 accesul prioritar la acest produs foarte solicitat, asigur\u00e2ndu-v\u0103 c\u0103 sunte\u021bi printre primii care \u00eel ofer\u0103 clien\u021bilor dumneavoastr\u0103. De asemenea, v\u0103 permite s\u0103 profita\u021bi de pre\u021burile \u00een vrac rentabile, maximiz\u00e2ndu-v\u0103 rentabilitatea. Acest lucru v\u0103 asigur\u0103 c\u0103 pute\u021bi satisface cererea ini\u021bial\u0103 ridicat\u0103 \u0219i c\u0103 pute\u021bi men\u021bine un stoc constant.<\/p>\n<h5>Cum garanta\u021bi calitatea \u0219i siguran\u021ba unui dispozitiv cu o capacitate at\u00e2t de mare?<\/h5>\n<p>Ne baz\u0103m pe reputa\u021bia stabilit\u0103 a WASPE Crystal, asigur\u00e2ndu-ne c\u0103 WASPE 60K 3-in-1 \u00eendepline\u0219te standardele riguroase de calitate \u0219i siguran\u021b\u0103. Fiecare dispozitiv este supus unor teste am\u0103nun\u021bite pentru a asigura performan\u021be constante \u0219i siguran\u021ba utilizatorului. De asemenea, sus\u021binem plata PayPal \u0219i serviciul de protec\u021bie a cump\u0103r\u0103torului. De asemenea, pute\u021bi verifica recenziile noastre pe <a href=\"https:\/\/www.trustpilot.com\/review\/volovape.com?utm_medium=trustbox&amp;utm_source=TrustBoxReviewCollector\">TrustPilot<\/a>.<\/p>","protected":false},"excerpt":{"rendered":"<p>Dezl\u0103n\u021buie pl\u0103cerea a trei arome cu WASPE 60K 3-in-1 Vape de unic\u0103 folosin\u021b\u0103! Bucura\u021bi-v\u0103 de 60.000 de fumuri \u0219i 3 arome unice \u00eentr-un singur dispozitiv elegant.<\/p>\n<p><strong>Comer\u021b cu ridicata<\/strong>\u00a0\u00een vrac acum \u0219i stoc pe acest upgradat <a href=\"https:\/\/volovape.com\/ro\/product\/waspe-40k-dublu-aroma-gemeni-40000-puffs\/\">WASPE 40k<\/a> vape inspirat cu 12 arome din care s\u0103 alegi.<\/p>","protected":false},"featured_media":37388,"comment_status":"open","ping_status":"closed","template":"","meta":[],"product_brand":[],"product_cat":[17],"product_tag":[],"class_list":{"0":"post-28648","1":"product","2":"type-product","3":"status-publish","4":"has-post-thumbnail","6":"product_cat-waspe","8":"first","9":"instock","10":"shipping-taxable","11":"purchasable","12":"product-type-variable","13":"has-default-attributes"},"jetpack_sharing_enabled":true,"tiered_pricing_type":"fixed","tiered_pricing_fixed_rules":{"30":8.17999999999999971578290569595992565155029296875,"50":7.78000000000000024868995751603506505489349365234375,"100":7.28000000000000024868995751603506505489349365234375,"200":6.6699999999999999289457264239899814128875732421875,"400":6.36000000000000031974423109204508364200592041015625},"tiered_pricing_product_settings":{"layout":"default","base_unit_name":{"singular":null,"plural":null},"default_variation":null},"tiered_pricing_minimum_quantity":10,"tiered_pricing_roles_data":[],"tiered_pricing_percentage_rules":[],"tiered_pricing_maximum_quantity":null,"tiered_pricing_quantity_step":"10","_links":{"self":[{"href":"https:\/\/volovape.com\/ro\/wp-json\/wp\/v2\/product\/28648","targetHints":{"allow":["GET"]}}],"collection":[{"href":"https:\/\/volovape.com\/ro\/wp-json\/wp\/v2\/product"}],"about":[{"href":"https:\/\/volovape.com\/ro\/wp-json\/wp\/v2\/types\/product"}],"replies":[{"embeddable":true,"href":"https:\/\/volovape.com\/ro\/wp-json\/wp\/v2\/comments?post=28648"}],"wp:featuredmedia":[{"embeddable":true,"href":"https:\/\/volovape.com\/ro\/wp-json\/wp\/v2\/media\/37388"}],"wp:attachment":[{"href":"https:\/\/volovape.com\/ro\/wp-json\/wp\/v2\/media?parent=28648"}],"wp:term":[{"taxonomy":"product_brand","embeddable":true,"href":"https:\/\/volovape.com\/ro\/wp-json\/wp\/v2\/product_brand?post=28648"},{"taxonomy":"product_cat","embeddable":true,"href":"https:\/\/volovape.com\/ro\/wp-json\/wp\/v2\/product_cat?post=28648"},{"taxonomy":"product_tag","embeddable":true,"href":"https:\/\/volovape.com\/ro\/wp-json\/wp\/v2\/product_tag?post=28648"}],"curies":[{"name":"wp","href":"https:\/\/api.w.org\/{rel}","templated":true}]}}