{"id":28646,"date":"2025-03-21T06:47:18","date_gmt":"2025-03-21T06:47:18","guid":{"rendered":"https:\/\/volovape.com\/?post_type=product&#038;p=28646"},"modified":"2026-03-16T08:57:45","modified_gmt":"2026-03-16T08:57:45","slug":"uwin-cristal-10000-puffs-vape-de-unica-folosinta","status":"publish","type":"product","link":"https:\/\/volovape.com\/ro\/product\/uwin-crystal-10000-puffs-disposable-vape\/","title":{"rendered":"Uwin Crystal 10000 Puffs re\u00eenc\u0103rcabil\u0103 de unic\u0103 folosin\u021b\u0103 vape | 15 arome, 0-5% nicotin\u0103, vrac en-gros"},"content":{"rendered":"<p><iframe title=\"VideoPress Player video\" aria-label='VideoPress Player video' width='421' height='750' src='https:\/\/videopress.com\/embed\/TT81Wr9Y?hd=0&amp;cover=1' frameborder='0' allowfullscreen allow='clipboard-write'><\/iframe><script src='https:\/\/v0.wordpress.com\/js\/next\/videopress-iframe.js?m=1739540970'><\/script><\/p>\n<p><strong>Uwin Crystal 10000 Puffs Vape re\u00eenc\u0103rcabil\u0103 de unic\u0103 folosin\u021b\u0103<\/strong> - Experimenta\u021bi o arom\u0103 \u0219i o longevitate de neegalat. Aproviziona\u021bi-v\u0103 cu aceast\u0103 vape de unic\u0103 folosin\u021b\u0103 de mare capacitate at\u00e2t pentru uz personal, c\u00e2t \u0219i pentru oportunit\u0103\u021bi lucrative de v\u00e2nzare cu ridicata a vapei de unic\u0103 folosin\u021b\u0103. Cu o capacitate masiv\u0103 <strong>Capacitate de 10.000 de pufuri<\/strong> \u0219i <strong>18ml de e-lichid premium<\/strong>, Uwin Crystal ofer\u0103 o pl\u0103cere de vapat prelungit\u0103. Alege\u021bi de la <strong>30 de arome diverse<\/strong> \u0219i concentra\u021bii de nicotin\u0103 de <strong>0%, 2%, 3% sau 5%<\/strong> pentru a satisface orice preferin\u021b\u0103. Echipat cu un <strong>Baterie re\u00eenc\u0103rcabil\u0103 650mAh<\/strong> \u0219i <strong>\u00cenc\u0103rcare de tip C<\/strong>, acest dispozitiv asigur\u0103 performan\u021be de durat\u0103. Caracteristicile <strong>Bobin\u0103 cu ochiuri de 0,8\u03a9<\/strong> \u00eembun\u0103t\u0103\u021be\u0219te aroma \u0219i produc\u021bia de vapori, \u00een timp ce <strong>Lumini RGB<\/strong> ad\u0103uga\u021bi o not\u0103 elegant\u0103. Ideal pentru comenzi \u00een vrac, fiecare cutie con\u021bine 10 unit\u0103\u021bi, iar fiecare cutie con\u021bine 200 de unit\u0103\u021bi.<\/p>\n<h3><strong>Uwin Crystal 10000 Puffs Caracteristici:<\/strong><\/h3>\n<ul>\n<li>Puffs: 10,000 Puffs<\/li>\n<li>Capacitate E-liquid: 18ml<\/li>\n<li>Puterea nicotinei: 0%\/2%\/3%\/5%<\/li>\n<li>Baterie: 650mAh re\u00eenc\u0103rcabil\u0103<\/li>\n<li>\u00cenc\u0103rcare: \u00cenc\u0103rcare rapid\u0103 de tip C<\/li>\n<li>Bobin\u0103: 0.8\u03a9 Mesh Coil<\/li>\n<li>Lumini: Lumini RGB<\/li>\n<li>Arome: 30 de arome unice<\/li>\n<\/ul>\n<h4>\u00ceNTREB\u0102RI FRECVENTE<\/h4>\n<h5>C\u00e2t de repede pot primi comanda mea \u00een vrac?<\/h5>\n<p>Acord\u0103m prioritate transportului eficient \u0219i livr\u0103m de obicei \u00een termen de 7-15 zile lucr\u0103toare. Cu toate acestea, \u00een timpul perioadelor de v\u00e2rf sau din cauza unor circumstan\u021be neprev\u0103zute, cum ar fi s\u0103rb\u0103torile publice sau vremea sever\u0103, livrarea se poate prelungi p\u00e2n\u0103 la 20 de zile lucr\u0103toare. Utiliz\u0103m transportatori de renume precum UPS, DHL, FEDEX \u0219i DPD, select\u00e2nd cea mai bun\u0103 op\u021biune \u00een func\u021bie de loca\u021bia dvs. de livrare pentru vitez\u0103 \u0219i fiabilitate optime.<\/p>\n<h5>Comanda mea va \u00eent\u00e2mpina probleme vamale sau taxe suplimentare?<\/h5>\n<p>Ne ocup\u0103m de toate procesele de v\u0103muire, asigur\u00e2nd o experien\u021b\u0103 f\u0103r\u0103 probleme pentru dvs. V\u0103 garant\u0103m c\u0103 100% dintre produsele noastre vor trece cu succes de vam\u0103 \u0219i nu ve\u021bi suporta taxe nea\u0219teptate sau taxe suplimentare. Comanda dvs. va ajunge f\u0103r\u0103 probleme \u0219i direct la destina\u021bia dvs. desemnat\u0103.<\/p>\n<h5>Aromele enumerate \u0219i num\u0103rul de pufule\u021bi sunt reprezentate cu exactitate?<\/h5>\n<p>Da, toate informa\u021biile privind aromele \u0219i num\u0103rul de pufuri sunt garantate a fi exacte. Select\u0103m \u0219i test\u0103m meticulos fiecare produs pentru a ne asigura c\u0103 \u00eendepline\u0219te standardele noastre riguroase \u0219i ofer\u0103 exact ceea ce este anun\u021bat. Cu 30 de arome unice \u0219i o capacitate confirmat\u0103 de 10.000 de pufuri, ve\u021bi primi un produs de \u00eenalt\u0103 calitate de fiecare dat\u0103. De asemenea, ne sus\u021binem calitatea produselor noastre, permi\u021b\u00e2ndu-v\u0103 s\u0103 face\u021bi achizi\u021bii sigure cu plata prin Paypal \u0219i av\u00e2nd recenzii disponibile pe <a href=\"https:\/\/www.trustpilot.com\/review\/volovape.com?utm_medium=trustbox&amp;utm_source=TrustBoxReviewCollector\">TrustPilot<\/a>.<\/p>","protected":false},"excerpt":{"rendered":"<p>Face\u021bi cuno\u0219tin\u021b\u0103 cu Uwin Crystal 10000 Puffs Rechargeable Disposable Vape - p\u00e2n\u0103 la 10.000 de puffs, 15 arome \u00eendr\u0103zne\u021be \u0219i op\u021biuni de nicotin\u0103 0-5%. Cu o baterie de 650mAh, \u00eenc\u0103rcare Type-C \u0219i lumini RGB, este perfect\u0103 pentru comenzi \u00een vrac la VoloVape. Aproviziona\u021bi-v\u0103 acum!<\/p>","protected":false},"featured_media":28694,"comment_status":"open","ping_status":"closed","template":"","meta":[],"product_brand":[],"product_cat":[57,224],"product_tag":[],"class_list":{"0":"post-28646","1":"product","2":"type-product","3":"status-publish","4":"has-post-thumbnail","6":"product_cat-10000-puffs-disposable-vape","7":"product_cat-uwin","9":"first","10":"instock","11":"shipping-taxable","12":"purchasable","13":"product-type-variable","14":"has-default-attributes"},"jetpack_sharing_enabled":true,"tiered_pricing_type":"fixed","tiered_pricing_fixed_rules":{"30":5.28000000000000024868995751603506505489349365234375,"50":4.75,"100":4.160000000000000142108547152020037174224853515625,"200":3.979999999999999982236431605997495353221893310546875,"400":3.5800000000000000710542735760100185871124267578125},"tiered_pricing_product_settings":{"layout":"default","base_unit_name":{"singular":null,"plural":null},"default_variation":null},"tiered_pricing_minimum_quantity":10,"tiered_pricing_roles_data":[],"tiered_pricing_percentage_rules":[],"tiered_pricing_maximum_quantity":null,"tiered_pricing_quantity_step":"10","_links":{"self":[{"href":"https:\/\/volovape.com\/ro\/wp-json\/wp\/v2\/product\/28646","targetHints":{"allow":["GET"]}}],"collection":[{"href":"https:\/\/volovape.com\/ro\/wp-json\/wp\/v2\/product"}],"about":[{"href":"https:\/\/volovape.com\/ro\/wp-json\/wp\/v2\/types\/product"}],"replies":[{"embeddable":true,"href":"https:\/\/volovape.com\/ro\/wp-json\/wp\/v2\/comments?post=28646"}],"wp:featuredmedia":[{"embeddable":true,"href":"https:\/\/volovape.com\/ro\/wp-json\/wp\/v2\/media\/28694"}],"wp:attachment":[{"href":"https:\/\/volovape.com\/ro\/wp-json\/wp\/v2\/media?parent=28646"}],"wp:term":[{"taxonomy":"product_brand","embeddable":true,"href":"https:\/\/volovape.com\/ro\/wp-json\/wp\/v2\/product_brand?post=28646"},{"taxonomy":"product_cat","embeddable":true,"href":"https:\/\/volovape.com\/ro\/wp-json\/wp\/v2\/product_cat?post=28646"},{"taxonomy":"product_tag","embeddable":true,"href":"https:\/\/volovape.com\/ro\/wp-json\/wp\/v2\/product_tag?post=28646"}],"curies":[{"name":"wp","href":"https:\/\/api.w.org\/{rel}","templated":true}]}}