{"id":27742,"date":"2025-01-21T03:31:17","date_gmt":"2025-01-21T03:31:17","guid":{"rendered":"https:\/\/volovape.com\/?post_type=product&#038;p=27742"},"modified":"2026-04-29T02:13:28","modified_gmt":"2026-04-29T02:13:28","slug":"waspe-cristal-40k-aroma-dubla-40000-pufuri","status":"publish","type":"product","link":"https:\/\/volovape.com\/ro\/product\/waspe-crystal-40k-double-flavor-40000-puffs\/","title":{"rendered":"WASPE Crystal 40K: gust dublu 40000 puf de unic\u0103 folosin\u021b\u0103 vape (arom\u0103 dubl\u0103) - vrac en-gros"},"content":{"rendered":"<p><iframe title=\"VideoPress Player video\" aria-label='VideoPress Player video' width='421' height='750' src='https:\/\/videopress.com\/embed\/xUagakYO?hd=0&amp;cover=1' frameborder='0' allowfullscreen allow='clipboard-write'><\/iframe><script src='https:\/\/v0.wordpress.com\/js\/next\/videopress-iframe.js?m=1739540970'><\/script><\/p>\n<p><strong>WASPE Crystal 40K Vape de unic\u0103 folosin\u021b\u0103<\/strong> - Experimenta\u021bi o longevitate \u0219i un gust de neegalat.<\/p>\n<p>The <strong>WASPE Cristal 40K<\/strong> este proiectat pentru vaperii care caut\u0103 o experien\u021b\u0103 prelungit\u0103, aromat\u0103. Dispun\u00e2nd de un masiv <strong>40,000 puf<\/strong> \u0219i o capacitate substan\u021bial\u0103 <strong>32ml e-lichid preumplut<\/strong> rezervor, acest dispozitiv minimizeaz\u0103 nevoia de reumplere. Alimentat de o baterie robust\u0103 <strong>Baterie re\u00eenc\u0103rcabil\u0103 850mAh<\/strong> cu <strong>\u00cenc\u0103rcare rapid\u0103 de tip C<\/strong>, asigur\u0103 performan\u021be de lung\u0103 durat\u0103. Tehnologia avansat\u0103 <strong>tehnologia bobinei dual mesh<\/strong> (0.9ohm + 0.9ohm) ofer\u0103 \u00een mod constant un abur fin \u0219i bogat. Disponibil \u00een <strong>Concentra\u021bii de nicotin\u0103 0%, 2% \u0219i 5%<\/strong> \u0219i prezent\u00e2nd interesante <strong>combina\u021bii duble de arome<\/strong>, WASPE Crystal 40K satisface diverse preferin\u021be. Ideal at\u00e2t pentru pl\u0103cerea personal\u0103, c\u00e2t \u0219i pentru <strong>vape de unic\u0103 folosin\u021b\u0103 en-gros<\/strong>, explora\u021bi op\u021biunile noastre pentru <strong>comand\u0103 \u00een vrac<\/strong> economii.<\/p>\n<h3><strong>WASPE Crystal 40K Caracteristici:<\/strong><\/h3>\n<ul>\n<li>Puffs: P\u00e2n\u0103 la 40.000<\/li>\n<li>Capacitate E-liquid: 32ml<\/li>\n<li>Baterie: 850mAh (re\u00eenc\u0103rcabil\u0103)<\/li>\n<li>Tip bobin\u0103: Dual Mesh (0.9ohm + 0.9ohm)<\/li>\n<li>Concentra\u021bii de nicotin\u0103: 0%, 2%, 5%<\/li>\n<li>\u00cenc\u0103rcare: Tip-C<\/li>\n<li>Combina\u021bii duble de arome<\/li>\n<\/ul>\n<h4>\u00ceNTREB\u0102RI FRECVENTE<\/h4>\n<h5>Cum \u00eembun\u0103t\u0103\u021be\u0219te bobina cu plas\u0103 dubl\u0103 aroma \u0219i produc\u021bia de vapori?<\/h5>\n<p>Designul bobinei cu ochiuri duble WASPE Crystal 40K asigur\u0103 o \u00eenc\u0103lzire uniform\u0103 \u0219i maximizeaz\u0103 suprafa\u021ba bobinei \u00een contact cu e-lichidul. Acest lucru are ca rezultat o intensitate sporit\u0103 a aromei, o produc\u021bie de vapori mai dens\u0103 \u0219i o tragere uniform\u0103 pe \u00eentreaga durat\u0103 de via\u021b\u0103 a dispozitivului.<\/p>\n<h5>Care sunt combina\u021biile de arome duble disponibile?<\/h5>\n<p>WASPE Crystal 40K ofer\u0103 o gam\u0103 larg\u0103 de combina\u021bii unice de arome duble, inclusiv Watermelon Ice &amp; Lemon Lime, Red Bull Ice &amp; Strawberry Mango, Blueberry Candy &amp; Strawberry Watermelon, Peach Ice &amp; Watermelon Mango Peach, \u0219i Grape Ice &amp; Black Dragon Ice. Fiecare combina\u021bie este atent creat\u0103 pentru a oferi o experien\u021b\u0103 de vaporizare interesant\u0103 \u0219i satisf\u0103c\u0103toare.<\/p>\n<h5>Cum \u0219tiu ce concentra\u021bie de nicotin\u0103 este potrivit\u0103 pentru mine?<\/h5>\n<p>WASPE Crystal 40K este disponibil \u00een concentra\u021biile de nicotin\u0103 0%, 2% \u0219i 5%. 0% este f\u0103r\u0103 nicotin\u0103, potrivit pentru cei c\u0103rora le place s\u0103 fumeze f\u0103r\u0103 nicotin\u0103. 2% ofer\u0103 o atingere u\u0219oar\u0103 a nicotinei, ideal\u0103 pentru fum\u0103torii u\u0219ori sau pentru cei care fac tranzi\u021bia de la concentra\u021bii mai mari. 5% ofer\u0103 o experien\u021b\u0103 nicotinic\u0103 mai puternic\u0103, potrivit\u0103 pentru fum\u0103torii \u00eenr\u0103i\u021bi sau pentru cei care prefer\u0103 un efect nicotinic mai pronun\u021bat.<\/p>\n<h5>Cum pot achizi\u021biona WASPE Crystal 40K \u00een vrac?<\/h5>\n<p>WASPE Crystal 40K este disponibil pentru cump\u0103rare cu ridicata \u00een vrac. V\u0103 rug\u0103m s\u0103 ne contacta\u021bi pentru mai multe detalii privind pre\u021burile \u0219i op\u021biunile de comand\u0103 \u00een vrac, asigur\u00e2ndu-v\u0103 c\u0103 ob\u021bine\u021bi cea mai bun\u0103 valoare pentru nevoile dumneavoastr\u0103.<\/p>","protected":false},"excerpt":{"rendered":"<p>Experimenta\u021bi un vaping de neegalat cu WASPE Crystal 40K, un vape de unic\u0103 folosin\u021b\u0103 revolu\u021bionar care ofer\u0103 un incredibil 40.000 de pufuri \u0219i combina\u021bii inovatoare de arome duble. Ideal pentru cump\u0103r\u0103torii en-gros \u0219i \u00een vrac.<\/p>","protected":false},"featured_media":27772,"comment_status":"open","ping_status":"closed","template":"","meta":[],"product_brand":[],"product_cat":[17,74,21,43,18,39,20,23,24,22,25,26,27,28,29,30,31,32,33,34,35,64,36,40],"product_tag":[],"class_list":{"0":"post-27742","1":"product","2":"type-product","3":"status-publish","4":"has-post-thumbnail","6":"product_cat-waspe","7":"product_cat-40000-puffs-disposable-vape","8":"product_cat-big-puffs-vapes","9":"product_cat-crystal-vapes","10":"product_cat-different-puffs-of-disposable-vapes","11":"product_cat-digital-box-vapes","12":"product_cat-disposable-vape-types","13":"product_cat-disposable-vapes-in-austria","14":"product_cat-disposable-vapes-in-belgium","15":"product_cat-disposable-vapes-in-europe","16":"product_cat-disposable-vapes-in-france","17":"product_cat-disposable-vapes-in-germany","18":"product_cat-disposable-vapes-in-hungary","19":"product_cat-disposable-vapes-in-ltaly","20":"product_cat-disposable-vapes-in-netherlands","21":"product_cat-disposable-vapes-in-norway","22":"product_cat-disposable-vapes-in-poland","23":"product_cat-disposable-vapes-in-portugal","24":"product_cat-disposable-vapes-in-spain","25":"product_cat-disposable-vapes-in-sweden","26":"product_cat-disposable-vapes-in-switzerland","27":"product_cat-dual-flavor-vapes","28":"product_cat-rechargeable-vapes","29":"product_cat-smart-screen-vapes","31":"first","32":"instock","33":"shipping-taxable","34":"purchasable","35":"product-type-variable","36":"has-default-attributes"},"jetpack_sharing_enabled":true,"tiered_pricing_type":"fixed","tiered_pricing_fixed_rules":{"30":6.980000000000000426325641456060111522674560546875,"50":6.20999999999999996447286321199499070644378662109375,"100":5.95999999999999996447286321199499070644378662109375,"200":5.589999999999999857891452847979962825775146484375,"400":5.04000000000000003552713678800500929355621337890625},"tiered_pricing_product_settings":{"layout":"default","base_unit_name":{"singular":null,"plural":null},"default_variation":null},"tiered_pricing_minimum_quantity":10,"tiered_pricing_roles_data":[],"tiered_pricing_percentage_rules":[],"tiered_pricing_maximum_quantity":null,"tiered_pricing_quantity_step":"10","_links":{"self":[{"href":"https:\/\/volovape.com\/ro\/wp-json\/wp\/v2\/product\/27742","targetHints":{"allow":["GET"]}}],"collection":[{"href":"https:\/\/volovape.com\/ro\/wp-json\/wp\/v2\/product"}],"about":[{"href":"https:\/\/volovape.com\/ro\/wp-json\/wp\/v2\/types\/product"}],"replies":[{"embeddable":true,"href":"https:\/\/volovape.com\/ro\/wp-json\/wp\/v2\/comments?post=27742"}],"wp:featuredmedia":[{"embeddable":true,"href":"https:\/\/volovape.com\/ro\/wp-json\/wp\/v2\/media\/27772"}],"wp:attachment":[{"href":"https:\/\/volovape.com\/ro\/wp-json\/wp\/v2\/media?parent=27742"}],"wp:term":[{"taxonomy":"product_brand","embeddable":true,"href":"https:\/\/volovape.com\/ro\/wp-json\/wp\/v2\/product_brand?post=27742"},{"taxonomy":"product_cat","embeddable":true,"href":"https:\/\/volovape.com\/ro\/wp-json\/wp\/v2\/product_cat?post=27742"},{"taxonomy":"product_tag","embeddable":true,"href":"https:\/\/volovape.com\/ro\/wp-json\/wp\/v2\/product_tag?post=27742"}],"curies":[{"name":"wp","href":"https:\/\/api.w.org\/{rel}","templated":true}]}}