{"id":1269,"date":"2024-11-21T03:39:32","date_gmt":"2024-11-21T03:39:32","guid":{"rendered":"https:\/\/volovape.com\/?post_type=product&#038;p=1269"},"modified":"2025-09-08T03:35:43","modified_gmt":"2025-09-08T03:35:43","slug":"waspe-30000-pufuri-de-unica-folosinta-vape-en-gros","status":"publish","type":"product","link":"https:\/\/volovape.com\/ro\/product\/waspe-30000-puffs-disposable-vape-wholesale\/","title":{"rendered":"WASPE 30000 puffs dual mesh vape de unic\u0103 folosin\u021b\u0103 cu baterie re\u00eenc\u0103rcabil\u0103 850mah"},"content":{"rendered":"<p>WASPE 30000 Puffs Dual Mesh Vape de unic\u0103 folosin\u021b\u0103 - 30,000 Puff Count, re\u00eenc\u0103rcabil\u0103<br \/>\n<strong>WASPE 30000 Puffs Dual Mesh Vape de unic\u0103 folosin\u021b\u0103<\/strong> - Experimenta\u021bi o longevitate \u0219i un gust f\u0103r\u0103 precedent.<\/p>\n<p>\u00cembun\u0103t\u0103\u021be\u0219te-\u021bi experien\u021ba de vapat cu <strong>WASPE 30000<\/strong>, o vape de unic\u0103 folosin\u021b\u0103 revolu\u021bionar\u0103 conceput\u0103 pentru performan\u021b\u0103 maxim\u0103. Oferind un num\u0103r uimitor de 30.000 de pufuri, o capacitate generoas\u0103 de 28 ml de e-lichid \u0219i o baterie re\u00eenc\u0103rcabil\u0103 de 850 mAh cu \u00eenc\u0103rcare Type-C, acest dispozitiv asigur\u0103 sesiuni extinse de vaporizare f\u0103r\u0103 compromisuri. Tehnologia avansat\u0103 a bobinei cu ochiuri duble ofer\u0103 \u00een mod constant un abur bogat \u0219i aromat, f\u0103c\u00e2ndu-l perfect at\u00e2t pentru pl\u0103cerea personal\u0103, c\u00e2t \u0219i pentru comenzile en-gros de vape de unic\u0103 folosin\u021b\u0103. Explora\u021bi 16 op\u021biuni unice de arome, fiecare creat\u0103 la perfec\u021biune, \u0219i bucura\u021bi-v\u0103 de confortul unui dispozitiv de mare capacitate, gata de utilizare.<\/p>\n<h3><strong>WASPE 30000 Caracteristici\uff1a<\/strong><\/h3>\n<ul>\n<li>Puffs: P\u00e2n\u0103 la 30.000 de pufuri<\/li>\n<li>Capacitate E-liquid: 28ml<\/li>\n<li>Baterie: 850mAh (re\u00eenc\u0103rcabil\u0103)<\/li>\n<li>\u00cenc\u0103rcare: Tip-C<\/li>\n<li>Bobin\u0103: Bobin\u0103 Dual Mesh<\/li>\n<li>16 arome unice<\/li>\n<li>Dispozitiv de unic\u0103 folosin\u021b\u0103<\/li>\n<\/ul>\n<h4>\u00ceNTREB\u0102RI FRECVENTE<\/h4>\n<h5>Ce metode de expediere sunt utilizate?<\/h5>\n<p>Cooper\u0103m cu UPS\/DHL\/FEDEX\/DPD, etc. Vom alege op\u021biunea de expediere adecvat\u0103 \u00een func\u021bie de \u021bara de livrare pentru a ne asigura c\u0103 ve\u021bi primi produsele c\u00e2t mai repede posibil.<\/p>\n<h5>C\u00e2t timp dureaz\u0103 s\u0103 ajung\u0103?<\/h5>\n<p>Acest lucru dureaz\u0103 de obicei 7-15 zile lucr\u0103toare \u0219i poate dura p\u00e2n\u0103 la 20 de zile lucr\u0103toare \u00een zilele de s\u0103rb\u0103toare legal\u0103 sau \u00een condi\u021bii meteorologice nefavorabile.<\/p>\n<h5>Poate trece prin vam\u0103 \u0219i \u00eemi va cauza probleme?<\/h5>\n<p>V\u0103 garant\u0103m c\u0103 nu ve\u021bi avea probleme, deoarece noi ne vom ocupa de v\u0103muire \u0219i nu vor exista taxe sau tarife. V\u0103 garant\u0103m c\u0103 100% din produsele noastre vor trece vama.<\/p>\n<h5>Ce face special\u0103 tehnologia bobinei dual mesh?<\/h5>\n<p>Bobina cu ochiuri duble din WASPE 30000 \u00eembun\u0103t\u0103\u021be\u0219te distribu\u021bia aromei \u0219i produc\u021bia de vapori, oferind o experien\u021b\u0103 de vaporizare uniform\u0103 \u0219i satisf\u0103c\u0103toare cu fiecare suflare, maximiz\u00e2nd poten\u021bialul fiec\u0103rei arome.<\/p>\n<h5>Pot avea \u00eencredere \u00een ea?<\/h5>\n<p>Noi sus\u021binem plata PayPal \u0219i serviciul de protec\u021bie a cump\u0103r\u0103torului.<br \/>\nDe asemenea, pute\u021bi verifica recenziile noastre pe <a href=\"https:\/\/www.trustpilot.com\/review\/volovape.com?utm_medium=trustbox&amp;utm_source=TrustBoxReviewCollector\">TrustPilot<\/a><\/p>","protected":false},"excerpt":{"rendered":"<p>Dezl\u0103n\u021buie rezisten\u021ba la vaping cu WASPE 30000 Puffs Vape de unic\u0103 folosin\u021b\u0103. Dispune de 28 ml e-lichid, baterie de 850 mAh, bobine cu plas\u0103 dubl\u0103 \u0219i 16 arome. Disponibil cu ridicata \u00een vrac, \u00eenc\u0103rcare de tip C.<\/p>","protected":false},"featured_media":1491,"comment_status":"open","ping_status":"closed","template":"","meta":[],"product_brand":[],"product_cat":[46,63,21,18,39,20,23,24,22,25,26,27,28,29,30,31,32,33,34,35,44,36,40,17],"product_tag":[],"class_list":{"0":"post-1269","1":"product","2":"type-product","3":"status-publish","4":"has-post-thumbnail","6":"product_cat-fihp","7":"product_cat-30000-puffs-disposable-vape","8":"product_cat-big-puffs-vapes","9":"product_cat-different-puffs-of-disposable-vapes","10":"product_cat-digital-box-vapes","11":"product_cat-disposable-vape-types","12":"product_cat-disposable-vapes-in-austria","13":"product_cat-disposable-vapes-in-belgium","14":"product_cat-disposable-vapes-in-europe","15":"product_cat-disposable-vapes-in-france","16":"product_cat-disposable-vapes-in-germany","17":"product_cat-disposable-vapes-in-hungary","18":"product_cat-disposable-vapes-in-ltaly","19":"product_cat-disposable-vapes-in-netherlands","20":"product_cat-disposable-vapes-in-norway","21":"product_cat-disposable-vapes-in-poland","22":"product_cat-disposable-vapes-in-portugal","23":"product_cat-disposable-vapes-in-spain","24":"product_cat-disposable-vapes-in-sweden","25":"product_cat-disposable-vapes-in-switzerland","26":"product_cat-dual-mesh-vapes","27":"product_cat-rechargeable-vapes","28":"product_cat-smart-screen-vapes","29":"product_cat-waspe","31":"first","32":"instock","33":"shipping-taxable","34":"purchasable","35":"product-type-variable","36":"has-default-attributes"},"jetpack_sharing_enabled":true,"tiered_pricing_type":"fixed","tiered_pricing_fixed_rules":{"2000":5.5},"tiered_pricing_product_settings":{"layout":"default","base_unit_name":{"singular":null,"plural":null},"default_variation":null},"tiered_pricing_minimum_quantity":1000,"tiered_pricing_roles_data":[],"tiered_pricing_percentage_rules":[],"tiered_pricing_maximum_quantity":null,"tiered_pricing_quantity_step":"10","_links":{"self":[{"href":"https:\/\/volovape.com\/ro\/wp-json\/wp\/v2\/product\/1269","targetHints":{"allow":["GET"]}}],"collection":[{"href":"https:\/\/volovape.com\/ro\/wp-json\/wp\/v2\/product"}],"about":[{"href":"https:\/\/volovape.com\/ro\/wp-json\/wp\/v2\/types\/product"}],"replies":[{"embeddable":true,"href":"https:\/\/volovape.com\/ro\/wp-json\/wp\/v2\/comments?post=1269"}],"wp:featuredmedia":[{"embeddable":true,"href":"https:\/\/volovape.com\/ro\/wp-json\/wp\/v2\/media\/1491"}],"wp:attachment":[{"href":"https:\/\/volovape.com\/ro\/wp-json\/wp\/v2\/media?parent=1269"}],"wp:term":[{"taxonomy":"product_brand","embeddable":true,"href":"https:\/\/volovape.com\/ro\/wp-json\/wp\/v2\/product_brand?post=1269"},{"taxonomy":"product_cat","embeddable":true,"href":"https:\/\/volovape.com\/ro\/wp-json\/wp\/v2\/product_cat?post=1269"},{"taxonomy":"product_tag","embeddable":true,"href":"https:\/\/volovape.com\/ro\/wp-json\/wp\/v2\/product_tag?post=1269"}],"curies":[{"name":"wp","href":"https:\/\/api.w.org\/{rel}","templated":true}]}}