{"id":1168,"date":"2024-11-21T03:37:57","date_gmt":"2024-11-21T03:37:57","guid":{"rendered":"https:\/\/volovape.com\/?post_type=product&#038;p=1168"},"modified":"2025-07-13T13:49:52","modified_gmt":"2025-07-13T13:49:52","slug":"vapsolo-tornado-pro-12000-pufuri","status":"publish","type":"product","link":"https:\/\/volovape.com\/ro\/product\/vapsolo-tornado-pro-12000-puffs\/","title":{"rendered":"Vapsolo Tornado Pro 12000 Puffs Vape de unic\u0103 folosin\u021b\u0103 - RGB, flux de aer reglabil, bobin\u0103 Mesh"},"content":{"rendered":"<p><iframe title=\"VideoPress Player video\" aria-label='VideoPress Player video' width='421' height='750' src='https:\/\/videopress.com\/embed\/IQNVFUQ9?hd=0&amp;cover=1' frameborder='0' allowfullscreen allow='clipboard-write'><\/iframe><script src='https:\/\/v0.wordpress.com\/js\/next\/videopress-iframe.js?m=1739540970'><\/script><\/p>\n<p><strong>Vapsolo Tornado Pro 12000 Puffs Vap\u0103 de unic\u0103 folosin\u021b\u0103<\/strong> - Vaping personalizabil cu iluminare RGB \u0219i flux de aer reglabil.<\/p>\n<p>The <strong>Vapsolo Tornado Pro 12000 Puffs<\/strong> Vape de unic\u0103 folosin\u021b\u0103 ofer\u0103 o experien\u021b\u0103 de vapat personalizat\u0103 cu <strong>Flux de aer reglabil pe 4 niveluri<\/strong> \u0219i vibrante <strong>Iluminare RGB<\/strong>. Cu p\u00e2n\u0103 la <strong>12.000 de pufuri<\/strong>, a <strong>Rezervor de e-lichid de 20 ml<\/strong>, \u0219i o <strong>Baterie re\u00eenc\u0103rcabil\u0103 650mAh<\/strong>, acest dispozitiv ofer\u0103 o longevitate excep\u021bional\u0103. Caracteristicile <strong>Bobin\u0103 cu ochiuri de 0,9\u03a9<\/strong> asigur\u0103 un abur fin \u0219i aromat, \u00een timp ce afi\u0219ajul cuprinz\u0103tor v\u0103 informeaz\u0103 cu privire la nivelul bateriei \u0219i al e-lichidului. Not\u0103: De\u0219i este \u00een principal de unic\u0103 folosin\u021b\u0103, capacitatea mare poate permite 1-2 reumpleri dup\u0103 utilizarea ini\u021bial\u0103, de\u0219i performan\u021ba optim\u0103 este cu e-lichidul preumplut. Ideal pentru vaperii care caut\u0103 personalizare \u0219i stil, Vapsolo Tornado Pro este perfect pentru uz personal \u0219i <strong>vape de unic\u0103 folosin\u021b\u0103 en-gros<\/strong>. <strong>Comand\u0103 \u00een vrac<\/strong> sunt disponibile op\u021biuni pentru comercian\u021bii cu am\u0103nuntul.<\/p>\n<h3><strong>Vapsolo Tornado Pro 12000 Puffs Caracteristici:<\/strong><\/h3>\n<ul>\n<li>Puffs: P\u00e2n\u0103 la 12.000<\/li>\n<li>Capacitate E-liquid: 20ml<\/li>\n<li>Baterie: 650mAh (re\u00eenc\u0103rcabil\u0103)<\/li>\n<li>\u00cenc\u0103rcare: Tip-C<\/li>\n<li>Bobin\u0103: 0.9\u03a9 Mesh Coil<\/li>\n<li>Flux de aer: Reglabil pe 4 niveluri<\/li>\n<li>Iluminare: RGB<\/li>\n<li>Afi\u0219aj: Complet (nivel baterie \u0219i E-liquid)<\/li>\n<li>Arome disponibile: Pepene ghea\u021b\u0103, C\u0103p\u0219uni Kiwi, Blue Razz, Fizzy Cherry, Blueberry Ice, C\u0103p\u0219uni Zmeur\u0103 Cherry Ice, Piersici Mango Ananas, Struguri ghea\u021b\u0103, Zmeur\u0103 Pepene, C\u0103p\u0219uni Banan\u0103.<\/li>\n<\/ul>\n<h4>\u00ceNTREB\u0102RI FRECVENTE<\/h4>\n<h5>Cum \u00eembun\u0103t\u0103\u021be\u0219te fluxul de aer reglabil pe 4 niveluri experien\u021ba de vapat?<\/h5>\n<p>Fluxul de aer reglabil pe 4 niveluri permite utilizatorilor s\u0103 \u00ee\u0219i regleze cu precizie tragerea, comut\u00e2nd \u00eentre un stil MTL (gur\u0103-la-pulmon) str\u00e2ns pentru o arom\u0103 mai concentrat\u0103 \u0219i un stil DTL (direct-la-pulmon) mai liber pentru nori de vapori mai mari. Aceast\u0103 versatilitate r\u0103spunde preferin\u021belor individuale, oferind o experien\u021b\u0103 de vaping personalizat\u0103 \u0219i satisf\u0103c\u0103toare.<\/p>\n<h5>Care sunt avantajele iluminatului RGB \u0219i ale afi\u0219ajului complet?<\/h5>\n<p>Iluminarea RGB vibrant\u0103 adaug\u0103 un element vizual elegant \u0219i personalizabil, \u00eembun\u0103t\u0103\u021bind experien\u021ba general\u0103 de vaping. Afi\u0219ajul cuprinz\u0103tor ofer\u0103 informa\u021bii \u00een timp real despre nivelul bateriei \u0219i al e-lichidului, asigur\u00e2ndu-v\u0103 c\u0103 sunte\u021bi \u00eentotdeauna informat cu privire la starea dispozitivului dvs.<\/p>\n<h5>Care este semnifica\u021bia bobinei cu ochiuri de 0,9\u03a9?<\/h5>\n<p>Bobina cu ochiuri de 0,9\u03a9 este proiectat\u0103 pentru a oferi o \u00eenc\u0103lzire constant\u0103 \u0219i uniform\u0103, rezult\u00e2nd o produc\u021bie de vapori lin\u0103, bogat\u0103 \u0219i aromat\u0103. Aceast\u0103 bobin\u0103 asigur\u0103 c\u0103 fiecare fum este satisf\u0103c\u0103tor \u0219i maximizeaz\u0103 eliberarea aromei din e-lichid.<\/p>\n<h5>Ce metode de expediere sunt utilizate?<\/h5>\n<p>Suntem parteneri cu transportatori de \u00eencredere precum UPS, DHL, FedEx \u0219i DPD pentru a asigura o livrare eficient\u0103 \u0219i sigur\u0103. Select\u0103m cea mai potrivit\u0103 metod\u0103 de expediere \u00een func\u021bie de loca\u021bia dvs. pentru a v\u0103 trimite comanda c\u00e2t mai repede posibil.<\/p>\n<h5>Pot avea \u00eencredere \u00een achizi\u021bia mea?<\/h5>\n<p>Acord\u0103m prioritate satisfac\u021biei clien\u021bilor \u0219i oferim op\u021biuni de plat\u0103 sigure, inclusiv PayPal cu protec\u021bia cump\u0103r\u0103torului. De asemenea, pute\u021bi vizualiza recenziile clien\u021bilor pe TrustPilot: <a href=\"https:\/\/www.trustpilot.com\/review\/volovape.com?utm_medium=trustbox&amp;utm_source=TrustBoxReviewCollector\">TrustPilot<\/a>.<\/p>","protected":false},"excerpt":{"rendered":"<p>Cre\u0219te\u021bi-v\u0103 v\u00e2nz\u0103rile de vape cu Vapsolo Tornado Pro 12000 Puffs en-gros! Flux de aer reglabil, lumini RGB, bobin\u0103 de plas\u0103 0.9\u03a9, 20ml, re\u00eenc\u0103rcabil\u0103. Stoc vibrant, vapori personalizabili.<\/p>","protected":false},"featured_media":1407,"comment_status":"open","ping_status":"closed","template":"","meta":[],"product_brand":[],"product_cat":[72,38,21,18,39,20,23,24,22,25,26,27,28,29,30,31,32,33,34,35,36,40],"product_tag":[],"class_list":{"0":"post-1168","1":"product","2":"type-product","3":"status-publish","4":"has-post-thumbnail","6":"product_cat-vapsolo","7":"product_cat-12000-puffs-disposable-vape","8":"product_cat-big-puffs-vapes","9":"product_cat-different-puffs-of-disposable-vapes","10":"product_cat-digital-box-vapes","11":"product_cat-disposable-vape-types","12":"product_cat-disposable-vapes-in-austria","13":"product_cat-disposable-vapes-in-belgium","14":"product_cat-disposable-vapes-in-europe","15":"product_cat-disposable-vapes-in-france","16":"product_cat-disposable-vapes-in-germany","17":"product_cat-disposable-vapes-in-hungary","18":"product_cat-disposable-vapes-in-ltaly","19":"product_cat-disposable-vapes-in-netherlands","20":"product_cat-disposable-vapes-in-norway","21":"product_cat-disposable-vapes-in-poland","22":"product_cat-disposable-vapes-in-portugal","23":"product_cat-disposable-vapes-in-spain","24":"product_cat-disposable-vapes-in-sweden","25":"product_cat-disposable-vapes-in-switzerland","26":"product_cat-rechargeable-vapes","27":"product_cat-smart-screen-vapes","29":"first","30":"instock","31":"shipping-taxable","32":"purchasable","33":"product-type-variable","34":"has-default-attributes"},"jetpack_sharing_enabled":true,"tiered_pricing_type":"fixed","tiered_pricing_fixed_rules":{"2000":6.4900000000000002131628207280300557613372802734375},"tiered_pricing_product_settings":{"layout":"default","base_unit_name":{"singular":null,"plural":null},"default_variation":null},"tiered_pricing_minimum_quantity":1000,"tiered_pricing_roles_data":[],"tiered_pricing_percentage_rules":[],"tiered_pricing_maximum_quantity":null,"tiered_pricing_quantity_step":"10","_links":{"self":[{"href":"https:\/\/volovape.com\/ro\/wp-json\/wp\/v2\/product\/1168","targetHints":{"allow":["GET"]}}],"collection":[{"href":"https:\/\/volovape.com\/ro\/wp-json\/wp\/v2\/product"}],"about":[{"href":"https:\/\/volovape.com\/ro\/wp-json\/wp\/v2\/types\/product"}],"replies":[{"embeddable":true,"href":"https:\/\/volovape.com\/ro\/wp-json\/wp\/v2\/comments?post=1168"}],"wp:featuredmedia":[{"embeddable":true,"href":"https:\/\/volovape.com\/ro\/wp-json\/wp\/v2\/media\/1407"}],"wp:attachment":[{"href":"https:\/\/volovape.com\/ro\/wp-json\/wp\/v2\/media?parent=1168"}],"wp:term":[{"taxonomy":"product_brand","embeddable":true,"href":"https:\/\/volovape.com\/ro\/wp-json\/wp\/v2\/product_brand?post=1168"},{"taxonomy":"product_cat","embeddable":true,"href":"https:\/\/volovape.com\/ro\/wp-json\/wp\/v2\/product_cat?post=1168"},{"taxonomy":"product_tag","embeddable":true,"href":"https:\/\/volovape.com\/ro\/wp-json\/wp\/v2\/product_tag?post=1168"}],"curies":[{"name":"wp","href":"https:\/\/api.w.org\/{rel}","templated":true}]}}