{"id":1167,"date":"2024-11-21T03:37:57","date_gmt":"2024-11-21T03:37:57","guid":{"rendered":"https:\/\/volovape.com\/?post_type=product&#038;p=1167"},"modified":"2025-07-13T13:48:06","modified_gmt":"2025-07-13T13:48:06","slug":"vapsolo-dg18000-pufuri","status":"publish","type":"product","link":"https:\/\/volovape.com\/ro\/product\/vapsolo-dg18000-puffs\/","title":{"rendered":"Vapsolo DG18000 Puffs Vape de unic\u0103 folosin\u021b\u0103 - capacitate 28ml, rezisten\u021b\u0103 0.9\u03a9"},"content":{"rendered":"<p><iframe title=\"VideoPress Player video\" aria-label='VideoPress Player video' width='500' height='281' src='https:\/\/videopress.com\/embed\/ss3cmXiS?hd=0&amp;cover=1' frameborder='0' allowfullscreen allow='clipboard-write'><\/iframe><script src='https:\/\/v0.wordpress.com\/js\/next\/videopress-iframe.js?m=1739540970'><\/script><\/p>\n<p><strong>Vapsolo DG18000 Puffs Vape de unic\u0103 folosin\u021b\u0103<\/strong> - Longevitate de neegalat \u0219i vapori netezi \u00eentr-un dispozitiv de mare capacitate.<\/p>\n<p>The <strong>Vapsolo DG18000 Puffs<\/strong> vape de unic\u0103 folosin\u021b\u0103 este proiectat pentru vaperi care cer utilizare prelungit\u0103 \u0219i performan\u021b\u0103 superioar\u0103. Cu o impresionant\u0103 <strong>18,000 puf<\/strong> capacitate, un masiv <strong>Rezervor de e-lichid de 28 ml<\/strong>, \u0219i o <strong>Baterie re\u00eenc\u0103rcabil\u0103 650mAh<\/strong>, acest dispozitiv ofer\u0103 longevitate \u0219i confort de neegalat. Optimizat <strong>0,9\u03a9 rezisten\u021b\u0103<\/strong> asigur\u0103 o produc\u021bie de vapori uniform\u0103 \u0219i aromat\u0103. Alege\u021bi \u00eentre <strong>2% \u0219i 5% concentra\u021bii de nicotin\u0103<\/strong>. Ideal pentru vaperii care caut\u0103 pl\u0103cere de lung\u0103 durat\u0103, Vapsolo DG18000 este perfect pentru uz personal \u0219i <strong>vape de unic\u0103 folosin\u021b\u0103 en-gros<\/strong>. <strong>Comand\u0103 \u00een vrac<\/strong> sunt disponibile op\u021biuni pentru comercian\u021bii cu am\u0103nuntul.<\/p>\n<h3><strong>Vapsolo DG18000 Puffs Caracteristici:<\/strong><\/h3>\n<ul>\n<li>Puffs: P\u00e2n\u0103 la 18,000<\/li>\n<li>Capacitate E-liquid: 28ml<\/li>\n<li>Baterie: 650mAh (re\u00eenc\u0103rcabil\u0103)<\/li>\n<li>\u00cenc\u0103rcare: Tip-C<\/li>\n<li>Rezisten\u021b\u0103: 0.9\u03a9<\/li>\n<li>Concentra\u021bii de nicotin\u0103: 2%, 5%<\/li>\n<li>Arome disponibile: Piersic\u0103 Mango Ananas, fructul pasiunii Kiwi Ice, afine Cherry Cranberry, pepene galben Ice, Kiwi c\u0103p\u0219uni, l\u0103m\u00e2ie Lime, banane c\u0103p\u0219uni, Red Bull, fructe de p\u0103dure mixte, Prime c\u0103p\u0219uni pepene galben.<\/li>\n<\/ul>\n<h4>\u00ceNTREB\u0102RI FRECVENTE<\/h4>\n<h5>Cum \u00eembun\u0103t\u0103\u021be\u0219te rezisten\u021ba de 0,9\u03a9 experien\u021ba de vapat?<\/h5>\n<p>Rezisten\u021ba de 0,9\u03a9 este special conceput\u0103 pentru a oferi un echilibru \u00eentre arom\u0103 \u0219i produc\u021bia de vapori. Aceast\u0103 rezisten\u021b\u0103 asigur\u0103 un abur consistent \u0219i neted, oferind arome bogate \u0219i satisf\u0103c\u0103toare cu fiecare fum. Este optimizat\u0103 pentru o experien\u021b\u0103 de vaporizare confortabil\u0103 \u0219i pl\u0103cut\u0103.<\/p>\n<h5>Care sunt avantajele capacit\u0103\u021bii de 18.000 de pufuri \u0219i ale rezervorului de e-lichid de 28 ml?<\/h5>\n<p>Capacitatea de 18.000 de pufuri \u0219i rezervorul de e-lichid de 28 ml ofer\u0103 o utilizare prelungit\u0103, minimiz\u00e2nd nevoia de \u00eenlocuiri frecvente. Acest lucru face ca Vapsolo DG18000 s\u0103 fie ideal pentru utilizatorii care doresc o solu\u021bie de vapat de lung\u0103 durat\u0103 \u0219i convenabil\u0103, perfect\u0103 pentru c\u0103l\u0103torie sau utilizare zilnic\u0103.<\/p>\n<h5>C\u00e2t de repede se re\u00eencarc\u0103 bateria de 650 mAh?<\/h5>\n<p>Bateria de 650 mAh suport\u0103 sesiuni lungi de vapat \u0219i se re\u00eencarc\u0103 rapid prin intermediul \u00eenc\u0103rc\u0103rii Type-C. Acest lucru asigur\u0103 un timp minim de inactivitate, permi\u021b\u00e2ndu-v\u0103 s\u0103 v\u0103 bucura\u021bi de dispozitiv f\u0103r\u0103 a\u0219tept\u0103ri lungi.<\/p>\n<h5>Ce metode de expediere sunt utilizate?<\/h5>\n<p>Suntem parteneri cu transportatori de \u00eencredere precum UPS, DHL, FedEx \u0219i DPD pentru a asigura o livrare eficient\u0103 \u0219i sigur\u0103. Select\u0103m cea mai potrivit\u0103 metod\u0103 de expediere \u00een func\u021bie de loca\u021bia dvs. pentru a v\u0103 trimite comanda c\u00e2t mai repede posibil.<\/p>\n<h5>Pot avea \u00eencredere \u00een achizi\u021bia mea?<\/h5>\n<p>Acord\u0103m prioritate satisfac\u021biei clien\u021bilor \u0219i oferim op\u021biuni de plat\u0103 sigure, inclusiv PayPal cu protec\u021bia cump\u0103r\u0103torului. De asemenea, pute\u021bi vizualiza recenziile clien\u021bilor pe TrustPilot: <a href=\"https:\/\/www.trustpilot.com\/review\/volovape.com?utm_medium=trustbox&amp;utm_source=TrustBoxReviewCollector\">TrustPilot<\/a>.<\/p>","protected":false},"excerpt":{"rendered":"<p>Aproviziona\u021bi-v\u0103 cu Vapsolo DG18000 Puffs Disposable Vape \u00een vrac. Cu 28 ml e-lichid, 2% &amp; 5% op\u021biuni de nicotin\u0103 \u0219i vapori netezi, este ideal pentru furnizorii de vape en-gros \u0219i comercian\u021bii cu am\u0103nuntul.<\/p>","protected":false},"featured_media":1388,"comment_status":"open","ping_status":"closed","template":"","meta":[],"product_brand":[],"product_cat":[72,50,21,18,39,20,23,24,22,25,26,27,28,29,30,31,32,33,34,35,36,40],"product_tag":[],"class_list":{"0":"post-1167","1":"product","2":"type-product","3":"status-publish","4":"has-post-thumbnail","6":"product_cat-vapsolo","7":"product_cat-18000-puffs-disposable-vape","8":"product_cat-big-puffs-vapes","9":"product_cat-different-puffs-of-disposable-vapes","10":"product_cat-digital-box-vapes","11":"product_cat-disposable-vape-types","12":"product_cat-disposable-vapes-in-austria","13":"product_cat-disposable-vapes-in-belgium","14":"product_cat-disposable-vapes-in-europe","15":"product_cat-disposable-vapes-in-france","16":"product_cat-disposable-vapes-in-germany","17":"product_cat-disposable-vapes-in-hungary","18":"product_cat-disposable-vapes-in-ltaly","19":"product_cat-disposable-vapes-in-netherlands","20":"product_cat-disposable-vapes-in-norway","21":"product_cat-disposable-vapes-in-poland","22":"product_cat-disposable-vapes-in-portugal","23":"product_cat-disposable-vapes-in-spain","24":"product_cat-disposable-vapes-in-sweden","25":"product_cat-disposable-vapes-in-switzerland","26":"product_cat-rechargeable-vapes","27":"product_cat-smart-screen-vapes","29":"first","30":"instock","31":"shipping-taxable","32":"purchasable","33":"product-type-variable","34":"has-default-attributes"},"jetpack_sharing_enabled":true,"tiered_pricing_type":"fixed","tiered_pricing_fixed_rules":{"2000":6.9900000000000002131628207280300557613372802734375},"tiered_pricing_product_settings":{"layout":"default","base_unit_name":{"singular":null,"plural":null},"default_variation":null},"tiered_pricing_minimum_quantity":1000,"tiered_pricing_roles_data":[],"tiered_pricing_percentage_rules":[],"tiered_pricing_maximum_quantity":null,"tiered_pricing_quantity_step":"10","_links":{"self":[{"href":"https:\/\/volovape.com\/ro\/wp-json\/wp\/v2\/product\/1167","targetHints":{"allow":["GET"]}}],"collection":[{"href":"https:\/\/volovape.com\/ro\/wp-json\/wp\/v2\/product"}],"about":[{"href":"https:\/\/volovape.com\/ro\/wp-json\/wp\/v2\/types\/product"}],"replies":[{"embeddable":true,"href":"https:\/\/volovape.com\/ro\/wp-json\/wp\/v2\/comments?post=1167"}],"wp:featuredmedia":[{"embeddable":true,"href":"https:\/\/volovape.com\/ro\/wp-json\/wp\/v2\/media\/1388"}],"wp:attachment":[{"href":"https:\/\/volovape.com\/ro\/wp-json\/wp\/v2\/media?parent=1167"}],"wp:term":[{"taxonomy":"product_brand","embeddable":true,"href":"https:\/\/volovape.com\/ro\/wp-json\/wp\/v2\/product_brand?post=1167"},{"taxonomy":"product_cat","embeddable":true,"href":"https:\/\/volovape.com\/ro\/wp-json\/wp\/v2\/product_cat?post=1167"},{"taxonomy":"product_tag","embeddable":true,"href":"https:\/\/volovape.com\/ro\/wp-json\/wp\/v2\/product_tag?post=1167"}],"curies":[{"name":"wp","href":"https:\/\/api.w.org\/{rel}","templated":true}]}}