{"id":1166,"date":"2024-11-21T03:37:57","date_gmt":"2024-11-21T03:37:57","guid":{"rendered":"https:\/\/volovape.com\/?post_type=product&#038;p=1166"},"modified":"2025-08-07T08:19:46","modified_gmt":"2025-08-07T08:19:46","slug":"vapsolo-viking-12000-pufuri","status":"publish","type":"product","link":"https:\/\/volovape.com\/ro\/product\/vapsolo-viking-12000-puffs\/","title":{"rendered":"VapSolo Viking 12000 Puffs Vape de unic\u0103 folosin\u021b\u0103 - flux de aer reglabil, bobin\u0103 Mesh, LCD"},"content":{"rendered":"<p><iframe title=\"VideoPress Player video\" aria-label='VideoPress Player video' width='500' height='281' src='https:\/\/videopress.com\/embed\/ngfVq1VJ?hd=0&amp;cover=1' frameborder='0' allowfullscreen allow='clipboard-write'><\/iframe><script src='https:\/\/v0.wordpress.com\/js\/next\/videopress-iframe.js?m=1739540970'><\/script><\/p>\n<p><strong>VapSolo Viking 12000 Puffs Vap\u0103 de unic\u0103 folosin\u021b\u0103<\/strong> - Vapare personalizat\u0103 cu flux de aer reglabil \u0219i afi\u0219aj LCD.<\/p>\n<p>The <strong>VapSolo Viking 12000 Puffs<\/strong> Vape de unic\u0103 folosin\u021b\u0103 ofer\u0103 o experien\u021b\u0103 de vapat personalizabil\u0103 cu <strong>Flux de aer reglabil pe 4 niveluri<\/strong>, permi\u021b\u00e2ndu-v\u0103 s\u0103 comuta\u021bi \u00eentre stilurile MTL \u0219i DTL. Cu p\u00e2n\u0103 la <strong>12.000 de pufuri<\/strong>, un generos <strong>Rezervor de e-lichid de 22 ml<\/strong>, \u0219i o <strong>Baterie re\u00eenc\u0103rcabil\u0103 650mAh<\/strong>, acest dispozitiv ofer\u0103 o valoare \u0219i o longevitate excep\u021bionale. Caracteristicile <strong>Bobin\u0103 cu ochiuri de 1,0\u03a9<\/strong> asigur\u0103 \u00een mod constant un abur fin \u0219i aromat, \u00een timp ce <strong>Afi\u0219aj LCD<\/strong> asigur\u0103 monitorizarea \u00een timp real a duratei de via\u021b\u0103 a bateriei \u0219i a st\u0103rii de vapare. Ideal pentru vaperii care caut\u0103 control personalizat, VapSolo Viking este perfect pentru uz personal \u0219i <strong>vape de unic\u0103 folosin\u021b\u0103 en-gros<\/strong>. <strong>Comand\u0103 \u00een vrac<\/strong> sunt disponibile op\u021biuni pentru comercian\u021bii cu am\u0103nuntul.<\/p>\n<h3><strong>VapSolo Viking 12000 Puffs Caracteristici:<\/strong><\/h3>\n<ul>\n<li>Puffs: P\u00e2n\u0103 la 12.000<\/li>\n<li>Capacitate E-liquid: 22ml<\/li>\n<li>Baterie: 650mAh (re\u00eenc\u0103rcabil\u0103)<\/li>\n<li>\u00cenc\u0103rcare: Tip-C<\/li>\n<li>Bobin\u0103: 1.0\u03a9 Mesh Coil<\/li>\n<li>Flux de aer: Reglabil pe 4 niveluri<\/li>\n<li>Afi\u0219aj: LCD (starea bateriei \u0219i a vaporiz\u0103rii)<\/li>\n<li>Arome disponibile: Blueberry Raspberry, Blueberry, Cherry, Watermelon Ice, Strawberry Kiwi, Strawberry Watermelon, Blueberry Cherry Cranberry, Lemon Lime, Gummy Bear, Strawberry Banana, Fresh Mint, Strawberry Raspberry Ice, Lemon Peach, Red Apple Ice.<\/li>\n<\/ul>\n<h4>\u00ceNTREB\u0102RI FRECVENTE<\/h4>\n<h5>Cum \u00eembun\u0103t\u0103\u021be\u0219te fluxul de aer reglabil pe 4 niveluri experien\u021ba de vapat?<\/h5>\n<p>Fluxul de aer reglabil pe 4 niveluri permite utilizatorilor s\u0103 \u00ee\u0219i regleze cu precizie tragerea, comut\u00e2nd \u00eentre un stil MTL (gur\u0103-la-pulmon) str\u00e2ns pentru o arom\u0103 mai concentrat\u0103 \u0219i un stil DTL (direct-la-pulmon) mai liber pentru nori de vapori mai mari. Aceast\u0103 versatilitate r\u0103spunde preferin\u021belor individuale, oferind o experien\u021b\u0103 de vaping personalizat\u0103 \u0219i satisf\u0103c\u0103toare.<\/p>\n<h5>Care sunt avantajele afi\u0219ajului LCD?<\/h5>\n<p>Afi\u0219ajul LCD ofer\u0103 informa\u021bii \u00een timp real despre durata de via\u021b\u0103 a bateriei \u0219i starea de vapare, permi\u021b\u00e2nd utilizatorilor s\u0103 monitorizeze cu u\u0219urin\u021b\u0103 starea dispozitivului lor. Aceast\u0103 caracteristic\u0103 v\u0103 asigur\u0103 c\u0103 sunte\u021bi \u00eentotdeauna informat \u0219i v\u0103 pute\u021bi planifica sesiunile de vapat \u00een consecin\u021b\u0103, sporind confortul \u0219i prevenind \u00eentreruperile nea\u0219teptate.<\/p>\n<h5>Cum contribuie bobina cu ochiuri de 1,0\u03a9 la aroma \u0219i produc\u021bia de vapori?<\/h5>\n<p>Bobina cu ochiuri de 1,0\u03a9 este proiectat\u0103 pentru a oferi o \u00eenc\u0103lzire constant\u0103 \u0219i uniform\u0103, rezult\u00e2nd o produc\u021bie de vapori lin\u0103, bogat\u0103 \u0219i aromat\u0103. Aceast\u0103 bobin\u0103 asigur\u0103 c\u0103 fiecare fum este satisf\u0103c\u0103tor \u0219i maximizeaz\u0103 eliberarea aromei din e-lichid.<\/p>\n<h5>Ce metode de expediere sunt utilizate?<\/h5>\n<p>Suntem parteneri cu transportatori de \u00eencredere precum UPS, DHL, FedEx \u0219i DPD pentru a asigura o livrare eficient\u0103 \u0219i sigur\u0103. Select\u0103m cea mai potrivit\u0103 metod\u0103 de expediere \u00een func\u021bie de loca\u021bia dvs. pentru a v\u0103 trimite comanda c\u00e2t mai repede posibil.<\/p>\n<h5>Pot avea \u00eencredere \u00een achizi\u021bia mea?<\/h5>\n<p>Acord\u0103m prioritate satisfac\u021biei clien\u021bilor \u0219i oferim op\u021biuni de plat\u0103 sigure, inclusiv PayPal cu protec\u021bia cump\u0103r\u0103torului. De asemenea, pute\u021bi vizualiza recenziile clien\u021bilor pe TrustPilot: <a href=\"https:\/\/www.trustpilot.com\/review\/volovape.com?utm_medium=trustbox&amp;utm_source=TrustBoxReviewCollector\">TrustPilot<\/a>.<\/p>","protected":false},"excerpt":{"rendered":"<p>Comanda\u021bi VapSolo Viking 12000 Puffs Vape de unic\u0103 folosin\u021b\u0103 \u00een vrac. Fluxul de aer reglabil, ecranul LCD \u0219i aroma neted\u0103 \u00eel fac perfect pentru cump\u0103r\u0103torii de vape en-gros \u0219i rev\u00e2nz\u0103torii care caut\u0103 op\u021biuni de \u00eenalt\u0103 performan\u021b\u0103.<\/p>","protected":false},"featured_media":1373,"comment_status":"open","ping_status":"closed","template":"","meta":[],"product_brand":[],"product_cat":[72,38,21,18,39,20,23,24,22,25,26,27,28,29,30,31,32,33,34,35,36,40],"product_tag":[],"class_list":{"0":"post-1166","1":"product","2":"type-product","3":"status-publish","4":"has-post-thumbnail","6":"product_cat-vapsolo","7":"product_cat-12000-puffs-disposable-vape","8":"product_cat-big-puffs-vapes","9":"product_cat-different-puffs-of-disposable-vapes","10":"product_cat-digital-box-vapes","11":"product_cat-disposable-vape-types","12":"product_cat-disposable-vapes-in-austria","13":"product_cat-disposable-vapes-in-belgium","14":"product_cat-disposable-vapes-in-europe","15":"product_cat-disposable-vapes-in-france","16":"product_cat-disposable-vapes-in-germany","17":"product_cat-disposable-vapes-in-hungary","18":"product_cat-disposable-vapes-in-ltaly","19":"product_cat-disposable-vapes-in-netherlands","20":"product_cat-disposable-vapes-in-norway","21":"product_cat-disposable-vapes-in-poland","22":"product_cat-disposable-vapes-in-portugal","23":"product_cat-disposable-vapes-in-spain","24":"product_cat-disposable-vapes-in-sweden","25":"product_cat-disposable-vapes-in-switzerland","26":"product_cat-rechargeable-vapes","27":"product_cat-smart-screen-vapes","29":"first","30":"instock","31":"shipping-taxable","32":"purchasable","33":"product-type-variable","34":"has-default-attributes"},"jetpack_sharing_enabled":true,"tiered_pricing_type":"fixed","tiered_pricing_fixed_rules":{"2000":5.6500000000000003552713678800500929355621337890625},"tiered_pricing_product_settings":{"layout":"default","base_unit_name":{"singular":null,"plural":null},"default_variation":null},"tiered_pricing_minimum_quantity":1000,"tiered_pricing_roles_data":[],"tiered_pricing_percentage_rules":[],"tiered_pricing_maximum_quantity":null,"tiered_pricing_quantity_step":"10","_links":{"self":[{"href":"https:\/\/volovape.com\/ro\/wp-json\/wp\/v2\/product\/1166","targetHints":{"allow":["GET"]}}],"collection":[{"href":"https:\/\/volovape.com\/ro\/wp-json\/wp\/v2\/product"}],"about":[{"href":"https:\/\/volovape.com\/ro\/wp-json\/wp\/v2\/types\/product"}],"replies":[{"embeddable":true,"href":"https:\/\/volovape.com\/ro\/wp-json\/wp\/v2\/comments?post=1166"}],"wp:featuredmedia":[{"embeddable":true,"href":"https:\/\/volovape.com\/ro\/wp-json\/wp\/v2\/media\/1373"}],"wp:attachment":[{"href":"https:\/\/volovape.com\/ro\/wp-json\/wp\/v2\/media?parent=1166"}],"wp:term":[{"taxonomy":"product_brand","embeddable":true,"href":"https:\/\/volovape.com\/ro\/wp-json\/wp\/v2\/product_brand?post=1166"},{"taxonomy":"product_cat","embeddable":true,"href":"https:\/\/volovape.com\/ro\/wp-json\/wp\/v2\/product_cat?post=1166"},{"taxonomy":"product_tag","embeddable":true,"href":"https:\/\/volovape.com\/ro\/wp-json\/wp\/v2\/product_tag?post=1166"}],"curies":[{"name":"wp","href":"https:\/\/api.w.org\/{rel}","templated":true}]}}