{"id":1121,"date":"2024-11-21T03:37:34","date_gmt":"2024-11-21T03:37:34","guid":{"rendered":"https:\/\/volovape.com\/?post_type=product&#038;p=1121"},"modified":"2025-07-24T07:11:26","modified_gmt":"2025-07-24T07:11:26","slug":"vapsolo-super-15000-pufuri","status":"publish","type":"product","link":"https:\/\/volovape.com\/ro\/product\/vapsolo-super-15000-puffs\/","title":{"rendered":"Vapsolo Super 15000 pufuri cu flux de aer reglabil pe 4 nivele - vape de unic\u0103 folosin\u021b\u0103 - re\u00eenc\u0103rcabil\u0103 cu tip C (2%\/5% nicotin\u0103)"},"content":{"rendered":"<p><iframe title=\"VideoPress Player video\" aria-label='VideoPress Player video' width='421' height='750' src='https:\/\/videopress.com\/embed\/pTqryXkY?hd=0&amp;cover=1' frameborder='0' allowfullscreen allow='clipboard-write'><\/iframe><script src='https:\/\/v0.wordpress.com\/js\/next\/videopress-iframe.js?m=1739540970'><\/script><\/p>\n<p><strong>Vapsolo Super 15000 Puffs Vape de unic\u0103 folosin\u021b\u0103<\/strong> - Vapare personalizat\u0103 cu debit de aer reglabil pe 4 niveluri.<\/p>\n<p>The <strong>Vapsolo Super 15000 Puffs<\/strong> Vape de unic\u0103 folosin\u021b\u0103 ofer\u0103 o experien\u021b\u0103 de vapat personalizabil\u0103 cu <strong>Flux de aer reglabil pe 4 niveluri<\/strong>, permi\u021b\u00e2ndu-v\u0103 s\u0103 comuta\u021bi \u00eentre stilurile MTL \u0219i DTL. Cu p\u00e2n\u0103 la <strong>15.000 de pufuri<\/strong>, un generos <strong>Rezervor de e-lichid de 25 ml<\/strong>, \u0219i o <strong>Baterie re\u00eenc\u0103rcabil\u0103 650mAh<\/strong>, acest dispozitiv ofer\u0103 o longevitate \u0219i un confort excep\u021bionale. Caracteristicile <strong>Bobin\u0103 cu ochiuri de 1,0\u03a9<\/strong> asigur\u0103 \u00een mod constant un abur fin \u0219i aromat. Alege\u021bi \u00eentre <strong>2% \u0219i 5% concentra\u021bii de nicotin\u0103<\/strong>. Ideal pentru vaperii c\u0103rora le place vapatul personalizat, Vapsolo Super este perfect pentru uz personal \u0219i <strong>vape de unic\u0103 folosin\u021b\u0103 en-gros<\/strong>. <strong>Comand\u0103 \u00een vrac<\/strong> sunt disponibile op\u021biuni pentru comercian\u021bii cu am\u0103nuntul.<\/p>\n<h3><strong>Vapsolo Super 15000 Puffs Caracteristici:<\/strong><\/h3>\n<ul>\n<li>Puffs: P\u00e2n\u0103 la 15.000<\/li>\n<li>Capacitate E-liquid: 25ml<\/li>\n<li>Baterie: 650mAh (re\u00eenc\u0103rcabil\u0103)<\/li>\n<li>\u00cenc\u0103rcare: Tip-C<\/li>\n<li>Bobin\u0103: 1.0\u03a9 Mesh Coil<\/li>\n<li>Flux de aer: Reglabil pe 4 niveluri<\/li>\n<li>Concentra\u021bii de nicotin\u0103: 2%, 5%<\/li>\n<li>Arome disponibile: Blue Razz, Blueberry Ice, Double Apple, Watermelon Ice, Strawberry Kiwi, Mixed Berry, Red Bull, Blueberry Cherry Cranberry, Lemon Lime, Skittles, Strawberry Banana, Raspberry Watermelon, Blueberry Cherry Cola, Black Ice Dragonfruit Strawberry.<\/li>\n<\/ul>\n<h4>\u00ceNTREB\u0102RI FRECVENTE<\/h4>\n<h5>Cum \u00eembun\u0103t\u0103\u021be\u0219te fluxul de aer reglabil pe 4 niveluri experien\u021ba de vapat?<\/h5>\n<p>Fluxul de aer reglabil pe 4 niveluri permite utilizatorilor s\u0103 \u00ee\u0219i personalizeze tragerea, comut\u00e2nd \u00eentre un stil MTL (gur\u0103 spre pl\u0103m\u00e2ni) str\u00e2ns pentru o arom\u0103 mai concentrat\u0103 \u0219i un stil DTL (direct spre pl\u0103m\u00e2ni) mai lejer pentru nori de vapori mai mari. Aceast\u0103 versatilitate r\u0103spunde preferin\u021belor individuale, oferind o experien\u021b\u0103 de vaping personalizat\u0103 \u0219i satisf\u0103c\u0103toare.<\/p>\n<h5>Care sunt avantajele bobinei cu ochiuri de 1,0\u03a9?<\/h5>\n<p>Bobina cu ochiuri de 1,0\u03a9 este proiectat\u0103 pentru a oferi o \u00eenc\u0103lzire constant\u0103 \u0219i uniform\u0103, rezult\u00e2nd o produc\u021bie de vapori lin\u0103, bogat\u0103 \u0219i aromat\u0103. Aceast\u0103 bobin\u0103 asigur\u0103 c\u0103 fiecare fum este satisf\u0103c\u0103tor \u0219i maximizeaz\u0103 eliberarea aromei din e-lichid.<\/p>\n<h5>C\u00e2t de mult dureaz\u0103 bateria \u0219i c\u00e2t de repede se re\u00eencarc\u0103?<\/h5>\n<p>Bateria re\u00eenc\u0103rcabil\u0103 de 650 mAh este proiectat\u0103 pentru performan\u021be de lung\u0103 durat\u0103, suport\u00e2nd p\u00e2n\u0103 la 15.000 de fumuri. Cu \u00eenc\u0103rcarea Type-C, dispozitivul se re\u00eencarc\u0103 rapid, minimiz\u00e2nd timpul de inactivitate \u0219i asigur\u00e2ndu-v\u0103 c\u0103 v\u0103 pute\u021bi bucura de vape f\u0103r\u0103 a\u0219tept\u0103ri lungi.<\/p>\n<h5>Ce metode de expediere sunt utilizate?<\/h5>\n<p>Suntem parteneri cu transportatori de \u00eencredere precum UPS, DHL, FedEx \u0219i DPD pentru a asigura o livrare eficient\u0103 \u0219i sigur\u0103. Select\u0103m cea mai potrivit\u0103 metod\u0103 de expediere \u00een func\u021bie de loca\u021bia dvs. pentru a v\u0103 trimite comanda c\u00e2t mai repede posibil.<\/p>\n<h5>Pot avea \u00eencredere \u00een achizi\u021bia mea?<\/h5>\n<p>Acord\u0103m prioritate satisfac\u021biei clien\u021bilor \u0219i oferim op\u021biuni de plat\u0103 sigure, inclusiv PayPal cu protec\u021bia cump\u0103r\u0103torului. De asemenea, pute\u021bi vizualiza recenziile clien\u021bilor pe TrustPilot: <a href=\"https:\/\/www.trustpilot.com\/review\/volovape.com?utm_medium=trustbox&amp;utm_source=TrustBoxReviewCollector\">TrustPilot<\/a>.<\/p>","protected":false},"excerpt":{"rendered":"<p>Bucura\u021bi-v\u0103 de vapat personalizat cu Vapsolo Super 15000 Puffs Vape de unic\u0103 folosin\u021b\u0103. 15.000 de pufuri, 25 ml, flux de aer reglabil, bobin\u0103 cu ochiuri de 1,0\u03a9. 2% &amp; 5% nicotin\u0103. 15 arome.<\/p>","protected":false},"featured_media":1364,"comment_status":"open","ping_status":"closed","template":"","meta":[],"product_brand":[],"product_cat":[72,41,21,18,20,23,24,22,25,26,27,28,29,30,31,32,33,34,35,36],"product_tag":[],"class_list":{"0":"post-1121","1":"product","2":"type-product","3":"status-publish","4":"has-post-thumbnail","6":"product_cat-vapsolo","7":"product_cat-15000-puffs-disposable-vape","8":"product_cat-big-puffs-vapes","9":"product_cat-different-puffs-of-disposable-vapes","10":"product_cat-disposable-vape-types","11":"product_cat-disposable-vapes-in-austria","12":"product_cat-disposable-vapes-in-belgium","13":"product_cat-disposable-vapes-in-europe","14":"product_cat-disposable-vapes-in-france","15":"product_cat-disposable-vapes-in-germany","16":"product_cat-disposable-vapes-in-hungary","17":"product_cat-disposable-vapes-in-ltaly","18":"product_cat-disposable-vapes-in-netherlands","19":"product_cat-disposable-vapes-in-norway","20":"product_cat-disposable-vapes-in-poland","21":"product_cat-disposable-vapes-in-portugal","22":"product_cat-disposable-vapes-in-spain","23":"product_cat-disposable-vapes-in-sweden","24":"product_cat-disposable-vapes-in-switzerland","25":"product_cat-rechargeable-vapes","27":"first","28":"instock","29":"shipping-taxable","30":"purchasable","31":"product-type-variable","32":"has-default-attributes"},"jetpack_sharing_enabled":true,"tiered_pricing_type":"fixed","tiered_pricing_fixed_rules":{"2000":5.9900000000000002131628207280300557613372802734375},"tiered_pricing_product_settings":{"layout":"default","base_unit_name":{"singular":null,"plural":null},"default_variation":null},"tiered_pricing_minimum_quantity":1000,"tiered_pricing_roles_data":[],"tiered_pricing_percentage_rules":[],"tiered_pricing_maximum_quantity":null,"tiered_pricing_quantity_step":"10","_links":{"self":[{"href":"https:\/\/volovape.com\/ro\/wp-json\/wp\/v2\/product\/1121","targetHints":{"allow":["GET"]}}],"collection":[{"href":"https:\/\/volovape.com\/ro\/wp-json\/wp\/v2\/product"}],"about":[{"href":"https:\/\/volovape.com\/ro\/wp-json\/wp\/v2\/types\/product"}],"replies":[{"embeddable":true,"href":"https:\/\/volovape.com\/ro\/wp-json\/wp\/v2\/comments?post=1121"}],"wp:featuredmedia":[{"embeddable":true,"href":"https:\/\/volovape.com\/ro\/wp-json\/wp\/v2\/media\/1364"}],"wp:attachment":[{"href":"https:\/\/volovape.com\/ro\/wp-json\/wp\/v2\/media?parent=1121"}],"wp:term":[{"taxonomy":"product_brand","embeddable":true,"href":"https:\/\/volovape.com\/ro\/wp-json\/wp\/v2\/product_brand?post=1121"},{"taxonomy":"product_cat","embeddable":true,"href":"https:\/\/volovape.com\/ro\/wp-json\/wp\/v2\/product_cat?post=1121"},{"taxonomy":"product_tag","embeddable":true,"href":"https:\/\/volovape.com\/ro\/wp-json\/wp\/v2\/product_tag?post=1121"}],"curies":[{"name":"wp","href":"https:\/\/api.w.org\/{rel}","templated":true}]}}