{"id":1120,"date":"2024-11-21T03:37:34","date_gmt":"2024-11-21T03:37:34","guid":{"rendered":"https:\/\/volovape.com\/?post_type=product&#038;p=1120"},"modified":"2025-09-08T03:35:10","modified_gmt":"2025-09-08T03:35:10","slug":"vapsolo-twins-20000-puffs-dual-flavour-de-unica-folosinta-en-gros","status":"publish","type":"product","link":"https:\/\/volovape.com\/ro\/product\/vapsolo-twins-20000-puffs-dual-flavor-disposable-wholesale\/","title":{"rendered":"VapSolo Twins 20000 puffs dual-flavor vape de unic\u0103 folosin\u021b\u0103 - dublu gust re\u00eenc\u0103rcabil\u0103 cu afi\u0219aj"},"content":{"rendered":"<p><iframe title=\"VideoPress Player video\" aria-label='VideoPress Player video' width='421' height='750' src='https:\/\/videopress.com\/embed\/q9MmvkxP?hd=0&amp;cover=1' frameborder='0' allowfullscreen allow='clipboard-write'><\/iframe><script src='https:\/\/v0.wordpress.com\/js\/next\/videopress-iframe.js?m=1739540970'><\/script><\/p>\n<p><strong>VapSolo Twins 20000 Puffs Dual Flavor Vape de unic\u0103 folosin\u021b\u0103<\/strong> - Experimenta\u021bi gustul dublu, satisfac\u021bia dubl\u0103.<\/p>\n<p>The <strong>VapSolo Twins 20000 Puffs<\/strong> vape de unic\u0103 folosin\u021b\u0103 introduce un design revolu\u021bionar cu dou\u0103 arome, permi\u021b\u00e2ndu-v\u0103 s\u0103 comuta\u021bi \u00eentre dou\u0103 arome distincte \u00eentr-un singur dispozitiv convenabil, re\u00eenc\u0103rcabil. Cu p\u00e2n\u0103 la <strong>20.000 de pufuri<\/strong>, un generos <strong>Capacitate de 25ml e-lichid<\/strong>, \u0219i o <strong>Baterie re\u00eenc\u0103rcabil\u0103 650mAh<\/strong>, acest dispozitiv ofer\u0103 o longevitate \u0219i o varietate excep\u021bionale. Afi\u0219ajul integrat ofer\u0103 o monitorizare \u00een timp real a nivelurilor de e-lichid \u0219i baterie, \u00een timp ce <strong>Bobin\u0103 cu ochiuri de 1\u03a9<\/strong> asigur\u0103 un abur fin \u0219i aromat. Alege\u021bi \u00eentre <strong>2% \u0219i 5% concentra\u021bii de nicotin\u0103<\/strong>. Ideal pentru vaperii care caut\u0103 varietate \u0219i performan\u021b\u0103 de lung\u0103 durat\u0103, VapSolo Twins este perfect pentru uz personal \u0219i <strong>vape de unic\u0103 folosin\u021b\u0103 en-gros<\/strong>. <strong>Comand\u0103 \u00een vrac<\/strong> sunt disponibile op\u021biuni pentru comercian\u021bii cu am\u0103nuntul.<\/p>\n<h3><strong>VapSolo Twins 20000 Puffs Caracteristici:<\/strong><\/h3>\n<ul>\n<li>Puffs: P\u00e2n\u0103 la 20.000<\/li>\n<li>Capacitate E-liquid: 25ml<\/li>\n<li>Baterie: 650mAh (re\u00eenc\u0103rcabil\u0103)<\/li>\n<li>\u00cenc\u0103rcare: Tip-C<\/li>\n<li>Bobin\u0103: Bobin\u0103 Mesh (1\u03a9)<\/li>\n<li>Concentra\u021bii de nicotin\u0103: 2%, 5%<\/li>\n<li>Afi\u0219aj: E-liquid \u0219i nivelul bateriei<\/li>\n<li>Tip arom\u0103: Arom\u0103 dubl\u0103<\/li>\n<li>Combina\u021bii de arome disponibile: Lemon Lime &amp; Watermelon Ice, Grape Ice &amp; Strawberry Kiwi, Pineapple Coconut &amp; Strawberry Banana, Orange Mango Watermelon &amp; Red Bull, Blueberry Ice &amp; Fizzy Cherry, Watermelon Ice &amp; Mixed Berry, Strawberry Banana &amp; Fizzy Cherry, Strawberry Raspberry Cherry Ice &amp; Grape Ice, Blue Razz Lemonade &amp; Lemon Lime, Watermelon Ice &amp; Strawberry Mango.<\/li>\n<\/ul>\n<h4>\u00ceNTREB\u0102RI FRECVENTE<\/h4>\n<h5>Cum \u00eembun\u0103t\u0103\u021be\u0219te designul cu dou\u0103 arome experien\u021ba de vapat?<\/h5>\n<p>Designul dual-flavor al VapSolo Twins permite utilizatorilor s\u0103 comute \u00eentre dou\u0103 arome distincte f\u0103r\u0103 a avea nevoie de mai multe dispozitive. Acest lucru ofer\u0103 varietate \u0219i previne oboseala aromei, f\u0103c\u00e2ndu-l perfect pentru vaperii c\u0103rora le place s\u0103 exploreze gusturi diferite.<\/p>\n<h5>Care sunt avantajele afi\u0219ajului integrat?<\/h5>\n<p>Afi\u0219ajul integrat asigur\u0103 monitorizarea \u00een timp real a nivelurilor de e-lichid \u0219i baterie, asigur\u00e2ndu-v\u0103 c\u0103 sunte\u021bi \u00eentotdeauna informat cu privire la starea dispozitivului dvs. Aceast\u0103 caracteristic\u0103 spore\u0219te confortul \u0219i previne \u00eentreruperile nea\u0219teptate, permi\u021b\u00e2nd o experien\u021b\u0103 de vapat f\u0103r\u0103 \u00eentreruperi.<\/p>\n<h5>Cum contribuie bobina cu ochiuri de 1\u03a9 la aroma \u0219i produc\u021bia de vapori?<\/h5>\n<p>Bobina cu ochiuri de 1\u03a9 este conceput\u0103 pentru a furniza vapori netezi, constan\u021bi \u0219i aroma\u021bi. Aceasta optimizeaz\u0103 distribu\u021bia c\u0103ldurii \u0219i vaporizarea e-lichidului, asigur\u00e2nd c\u0103 fiecare fum este bogat \u0219i satisf\u0103c\u0103tor.<\/p>\n<h5>Ce metode de expediere sunt utilizate?<\/h5>\n<p>Suntem parteneri cu transportatori de \u00eencredere precum UPS, DHL, FedEx \u0219i DPD pentru a asigura o livrare eficient\u0103 \u0219i sigur\u0103. Select\u0103m cea mai potrivit\u0103 metod\u0103 de expediere \u00een func\u021bie de loca\u021bia dvs. pentru a v\u0103 trimite comanda c\u00e2t mai repede posibil.<\/p>\n<h5>Pot avea \u00eencredere \u00een achizi\u021bia mea?<\/h5>\n<p>Acord\u0103m prioritate satisfac\u021biei clien\u021bilor \u0219i oferim op\u021biuni de plat\u0103 sigure, inclusiv PayPal cu protec\u021bia cump\u0103r\u0103torului. De asemenea, pute\u021bi vizualiza recenziile clien\u021bilor pe TrustPilot: <a href=\"https:\/\/www.trustpilot.com\/review\/volovape.com?utm_medium=trustbox&amp;utm_source=TrustBoxReviewCollector\">TrustPilot<\/a>.<\/p>","protected":false},"excerpt":{"rendered":"<p>Maximiza\u021bi-v\u0103 v\u00e2nz\u0103rile de vape cu VapSolo Twins 20000 Puffs en-gros! Arome duble, 25 ml, afi\u0219aj, bobin\u0103 cu ochiuri de 1\u03a9. Stoca\u021bi ast\u0103zi pe acest unic\u0103, re\u00eenc\u0103rcabil\u0103 de unic\u0103 folosin\u021b\u0103.<\/p>","protected":false},"featured_media":1330,"comment_status":"open","ping_status":"closed","template":"","meta":[],"product_brand":[],"product_cat":[72,42,21,18,39,20,23,24,22,25,26,27,28,29,30,31,32,33,34,35,64,36,40],"product_tag":[],"class_list":{"0":"post-1120","1":"product","2":"type-product","3":"status-publish","4":"has-post-thumbnail","6":"product_cat-vapsolo","7":"product_cat-20000-puffs-disposable-vape","8":"product_cat-big-puffs-vapes","9":"product_cat-different-puffs-of-disposable-vapes","10":"product_cat-digital-box-vapes","11":"product_cat-disposable-vape-types","12":"product_cat-disposable-vapes-in-austria","13":"product_cat-disposable-vapes-in-belgium","14":"product_cat-disposable-vapes-in-europe","15":"product_cat-disposable-vapes-in-france","16":"product_cat-disposable-vapes-in-germany","17":"product_cat-disposable-vapes-in-hungary","18":"product_cat-disposable-vapes-in-ltaly","19":"product_cat-disposable-vapes-in-netherlands","20":"product_cat-disposable-vapes-in-norway","21":"product_cat-disposable-vapes-in-poland","22":"product_cat-disposable-vapes-in-portugal","23":"product_cat-disposable-vapes-in-spain","24":"product_cat-disposable-vapes-in-sweden","25":"product_cat-disposable-vapes-in-switzerland","26":"product_cat-dual-flavor-vapes","27":"product_cat-rechargeable-vapes","28":"product_cat-smart-screen-vapes","30":"first","31":"instock","32":"shipping-taxable","33":"purchasable","34":"product-type-variable","35":"has-default-attributes"},"jetpack_sharing_enabled":true,"tiered_pricing_type":"fixed","tiered_pricing_fixed_rules":{"2000":7.20000000000000017763568394002504646778106689453125},"tiered_pricing_product_settings":{"layout":"default","base_unit_name":{"singular":null,"plural":null},"default_variation":null},"tiered_pricing_minimum_quantity":1000,"tiered_pricing_roles_data":[],"tiered_pricing_percentage_rules":[],"tiered_pricing_maximum_quantity":null,"tiered_pricing_quantity_step":"10","_links":{"self":[{"href":"https:\/\/volovape.com\/ro\/wp-json\/wp\/v2\/product\/1120","targetHints":{"allow":["GET"]}}],"collection":[{"href":"https:\/\/volovape.com\/ro\/wp-json\/wp\/v2\/product"}],"about":[{"href":"https:\/\/volovape.com\/ro\/wp-json\/wp\/v2\/types\/product"}],"replies":[{"embeddable":true,"href":"https:\/\/volovape.com\/ro\/wp-json\/wp\/v2\/comments?post=1120"}],"wp:featuredmedia":[{"embeddable":true,"href":"https:\/\/volovape.com\/ro\/wp-json\/wp\/v2\/media\/1330"}],"wp:attachment":[{"href":"https:\/\/volovape.com\/ro\/wp-json\/wp\/v2\/media?parent=1120"}],"wp:term":[{"taxonomy":"product_brand","embeddable":true,"href":"https:\/\/volovape.com\/ro\/wp-json\/wp\/v2\/product_brand?post=1120"},{"taxonomy":"product_cat","embeddable":true,"href":"https:\/\/volovape.com\/ro\/wp-json\/wp\/v2\/product_cat?post=1120"},{"taxonomy":"product_tag","embeddable":true,"href":"https:\/\/volovape.com\/ro\/wp-json\/wp\/v2\/product_tag?post=1120"}],"curies":[{"name":"wp","href":"https:\/\/api.w.org\/{rel}","templated":true}]}}