{"id":5962,"date":"2024-11-28T05:15:59","date_gmt":"2024-11-28T05:15:59","guid":{"rendered":"https:\/\/volovape.com\/?page_id=5962"},"modified":"2025-08-10T19:24:03","modified_gmt":"2025-08-10T19:24:03","slug":"ce-spun-clientii-nostri","status":"publish","type":"page","link":"https:\/\/volovape.com\/ro\/what-our-customers-say\/","title":{"rendered":"Ce spun clien\u021bii no\u0219tri?"},"content":{"rendered":"<h3>De ce oamenii iubesc VOLO Vape: Iat\u0103 nout\u0103\u021bile<\/h3>\n<p>Bine, deci am auzit o mul\u021bime de zvonuri despre <strong>VOLO Vape<\/strong> \u00een ultima vreme \u0219i, dup\u0103 ce am verificat c\u00e2teva recenzii ale clien\u021bilor, trebuie s\u0103 spun c\u0103 oamenii sunt foarte \u00eenc\u00e2nta\u021bi de ele. Serios, este greu s\u0103 ignori dragostea pe care o primesc. Deci, dac\u0103 e\u0219ti pasionat de vapat (sau chiar dac\u0103 e\u0219ti doar curios), iat\u0103 de ce <strong>VOLO Vape<\/strong> prime\u0219te toat\u0103 aceast\u0103 aten\u021bie.<\/p>\n<p><strong>1. Calitatea care nu renun\u021b\u0103<\/strong><br \/>\n\u00cen primul r\u00e2nd, oamenii nu se pot opri s\u0103 vorbeasc\u0103 despre c\u00e2t de solid <strong>VOLO Vape<\/strong> dispozitive sunt. De exemplu, vorbim despre lucruri durabile \u0219i de \u00eenalt\u0103 calitate aici. Recenzen\u021bii continu\u0103 s\u0103 spun\u0103 c\u0103 vapoarele lor dureaz\u0103 mai mult \u0219i func\u021bioneaz\u0103 mai bine dec\u00e2t multe altele de pe pia\u021b\u0103. \u0218tiu c\u00e2t de frustrant poate fi c\u00e2nd arunci ni\u0219te bani pe un vape \u0219i acesta moare dup\u0103 c\u00e2teva luni, dar cu <a href=\"https:\/\/volovape.com\/ro\/\"><strong>VOLO Vape<\/strong><\/a>, care nu pare s\u0103 fie o problem\u0103. Clien\u021bii sunt impresiona\u021bi de c\u00e2t de fiabile sunt dispozitivele lor, ceea ce este o afacere uria\u0219\u0103 dac\u0103 dori\u021bi ceva care va dura.<\/p>\n<p><strong>2. Hituri u\u0219oare, de fiecare dat\u0103<\/strong><br \/>\nUn alt lucru important pe care oamenii \u00eel apreciaz\u0103? C\u00e2t de lin\u0103 este experien\u021ba de vapat. \u0218ti\u021bi acea lovitur\u0103 dur\u0103 \u00een g\u00e2t pe care \u021bi-o dau unele vapoare? <strong>VOLO Vape<\/strong> pare s\u0103 fi reu\u0219it acest echilibru. Recenzen\u021bii spun c\u0103 vaporii sunt foarte netezi, iar aroma este pe punct. Fie c\u0103 sunte\u021bi nou la vapat sau un profesionist experimentat, se pare c\u0103 <strong>VOLO Vape<\/strong> v\u0103 ofer\u0103 o lovitur\u0103 perfect\u0103 \u0219i satisf\u0103c\u0103toare de fiecare dat\u0103.<\/p>\n<p><strong>3. Op\u021biuni pentru fiecare tip de vaper<\/strong><br \/>\nIat\u0103 ceva care a ie\u0219it \u00een eviden\u021b\u0103: <strong>VOLO Vape<\/strong> are o mul\u021bime de produse diferite. Fie c\u0103 sunte\u021bi cineva care dore\u0219te doar o vape compact\u0103, u\u0219or de transportat, fie c\u0103 sunte\u021bi \u00een c\u0103utarea unui dispozitiv greu, de lung\u0103 durat\u0103, <strong>VOLO Vape<\/strong> are ceva pentru tine. Iar oamenii ador\u0103 aceast\u0103 flexibilitate - posibilitatea de a alege dispozitivul potrivit pentru stilul \u0219i nevoile lor este un avantaj imens.<\/p>\n<p><strong>4. Serviciu clien\u021bi c\u0103ruia chiar \u00eei pas\u0103<\/strong><br \/>\nAm v\u0103zut o mul\u021bime de recenzii \u00een care oamenii strig\u0103 despre serviciul clien\u021bi. \u0218i sincer, acesta este un lucru despre care nu auzi \u00eentotdeauna. O mul\u021bime de companii pot fi lovite sau ratate c\u00e2nd vine vorba de asisten\u021b\u0103, dar <strong>VOLO Vape<\/strong> a fost obtinerea props pentru a fi super receptiv. Dac\u0103 exist\u0103 vreodat\u0103 o problem\u0103 cu o comand\u0103 sau un produs, o rezolv\u0103 rapid. Se pare c\u0103 sunt foarte hot\u0103r\u00e2\u021bi s\u0103 se asigure c\u0103 ai grij\u0103 de tine, iar asta conteaz\u0103 foarte mult.<\/p>\n<p><strong>5. Accesibil, dar totu\u0219i de top<\/strong><br \/>\n\u0218tii cum e - uneori \u00ee\u021bi dore\u0219ti cele mai bune lucruri, dar portofelul t\u0103u nu este \u00eentotdeauna de acord. Ei bine, iat\u0103 partea cea mai tare: oamenii spun c\u0103 <strong>VOLO Vape<\/strong> ofer\u0103 produse grozave f\u0103r\u0103 un pre\u021b nebunesc de mare. Este una dintre acele m\u0103rci care v\u0103 ofer\u0103 valoare pentru banii dvs., motiv pentru care at\u00e2t de mul\u021bi clien\u021bi revin pentru mai multe. Ob\u021bine\u021bi calitate premium f\u0103r\u0103 s\u0103 sim\u021bi\u021bi c\u0103 sparge\u021bi banca.<\/p>\n<p><strong>6. Livrare rapid\u0103 care nu v\u0103 face s\u0103 a\u0219tepta\u021bi<\/strong><br \/>\nDac\u0103 sunte\u021bi ca mine, nu v\u0103 place s\u0103 a\u0219tepta\u021bi sosirea coletelor. Este aproape ca un joc de genul \"va ap\u0103rea ast\u0103zi?\" Dar cu <strong>VOLO Vape<\/strong>, oamenii spun c\u0103 sunt rapizi cu expedierea, uneori chiar ob\u021bin\u00e2ndu-\u0219i comenzile mai devreme dec\u00e2t se a\u0219teptau. Deci, dac\u0103 sunte\u021bi \u00een starea de spirit pentru a \u00eencerca ceva nou, se pare c\u0103 <strong>VOLO Vape<\/strong> nu v\u0103 va l\u0103sa s\u0103 a\u0219tepta\u021bi prea mult timp.<\/p>\n<p><strong>7. Oamenii continu\u0103 s\u0103 revin\u0103 pentru mai mult<\/strong><br \/>\nUna dintre cele mai importante concluzii ale acestor recenzii? Oamenii sunt loiali. Odat\u0103 ce au \u00eencercat <strong>VOLO Vape<\/strong>, ei r\u0103m\u00e2n cu ea. O mul\u021bime de utilizatori au declarat c\u0103 au trecut de la alte m\u0103rci \u0219i nu s-au mai uitat \u00eenapoi. Exist\u0103 ceva \u00een leg\u0103tur\u0103 cu produsele lor - poate calitatea, poate consecven\u021ba - care \u00eei face pe oameni s\u0103 revin\u0103 pentru mai multe. \u0218i sincer, atunci c\u00e2nd un brand c\u00e2\u0219tig\u0103 acest tip de loialitate, spune multe.<\/p>\n<hr \/>\n<p><strong>Linia de fund:<\/strong><br \/>\nDeci da, se pare c\u0103 <strong>VOLO Vape<\/strong> chiar face ceva bine. Produsele lor, serviciul pentru clien\u021bi, pre\u021burile \u0219i expedierea sunt toate foarte apreciate de utilizatori. Dac\u0103 a\u021bi fost \u00een c\u0103utarea unei vape solide, ar putea merita s\u0103 le verifica\u021bi. Feedback-ul vorbe\u0219te de la sine, \u0219i cred c\u0103 ve\u021bi vedea de ce at\u00e2t de mul\u021bi oameni sunt fani.<\/p>","protected":false},"excerpt":{"rendered":"<p>Why People Are Loving VOLO Vape: Here&#8217;s the Scoop Okay, so I\u2019ve been hearing a lot of buzz about VOLO Vape lately, and after checking out some customer reviews, I gotta say, people are really raving about them. Seriously, it\u2019s hard to ignore the love they\u2019re getting. So, if you\u2019re into vaping (or even if [&hellip;]<\/p>\n","protected":false},"author":1,"featured_media":0,"parent":0,"menu_order":0,"comment_status":"closed","ping_status":"closed","template":"","meta":{"footnotes":""},"class_list":["post-5962","page","type-page","status-publish","hentry"],"jetpack_sharing_enabled":true,"_links":{"self":[{"href":"https:\/\/volovape.com\/ro\/wp-json\/wp\/v2\/pages\/5962","targetHints":{"allow":["GET"]}}],"collection":[{"href":"https:\/\/volovape.com\/ro\/wp-json\/wp\/v2\/pages"}],"about":[{"href":"https:\/\/volovape.com\/ro\/wp-json\/wp\/v2\/types\/page"}],"author":[{"embeddable":true,"href":"https:\/\/volovape.com\/ro\/wp-json\/wp\/v2\/users\/1"}],"replies":[{"embeddable":true,"href":"https:\/\/volovape.com\/ro\/wp-json\/wp\/v2\/comments?post=5962"}],"version-history":[{"count":3,"href":"https:\/\/volovape.com\/ro\/wp-json\/wp\/v2\/pages\/5962\/revisions"}],"predecessor-version":[{"id":35706,"href":"https:\/\/volovape.com\/ro\/wp-json\/wp\/v2\/pages\/5962\/revisions\/35706"}],"wp:attachment":[{"href":"https:\/\/volovape.com\/ro\/wp-json\/wp\/v2\/media?parent=5962"}],"curies":[{"name":"wp","href":"https:\/\/api.w.org\/{rel}","templated":true}]}}