{"id":92,"date":"2024-11-21T03:26:52","date_gmt":"2024-11-21T03:26:52","guid":{"rendered":"https:\/\/volovape.com\/?post_type=product&#038;p=92"},"modified":"2025-10-30T05:03:11","modified_gmt":"2025-10-30T05:03:11","slug":"mrvi-18000-baforadas","status":"publish","type":"product","link":"https:\/\/volovape.com\/pt\/product\/mrvi-18000-puffs\/","title":{"rendered":"MRVI 18000 Puffs Vape descart\u00e1vel - Bobina de malha dupla e calor ajust\u00e1vel (2%\/5% Nicotina)"},"content":{"rendered":"<p><iframe title=\"Reprodutor de v\u00eddeo VideoPress\" aria-label='Reprodutor de v\u00eddeo VideoPress' width='421' height='750' src='https:\/\/videopress.com\/embed\/4wiCqhDO?hd=0&amp;cover=1' frameborder='0' allowfullscreen allow='clipboard-write'><\/iframe><script src='https:\/\/v0.wordpress.com\/js\/next\/videopress-iframe.js?m=1739540970'><\/script><\/p>\n<p><strong>MRVI 18000 Puffs Vape Descart\u00e1vel<\/strong> - Vaping personaliz\u00e1vel com bobinas de malha dupla e aquecimento ajust\u00e1vel.<\/p>\n<p>O <strong>MRVI 18000<\/strong> estabelece um novo padr\u00e3o para vaporizadores descart\u00e1veis, oferecendo at\u00e9 <strong>18.000 baforadas<\/strong> e uma generosa <strong>Capacidade de 26 ml de e-l\u00edquido<\/strong>. Alimentado por um <strong>Bateria recarreg\u00e1vel de 600mAh<\/strong> e com <strong>Carregamento tipo C<\/strong>Este aparelho foi concebido para uma utiliza\u00e7\u00e3o prolongada. O <strong>bobinas de malha dupla de 1,0\u03a9<\/strong> fornecem um vapor rico e suave, enquanto o <strong>quatro modos de aquecimento ajust\u00e1veis<\/strong> permitem-lhe afinar a sua experi\u00eancia de vaporiza\u00e7\u00e3o. Escolha entre <strong>Dosagens de nicotina 2% e 5%<\/strong> para corresponder \u00e0s suas prefer\u00eancias. Dispon\u00edvel em <strong>10 sabores \u00fanicos<\/strong>O MRVI 18000 \u00e9 ideal para <strong>vape descart\u00e1vel por atacado<\/strong>, <strong>encomendas por grosso<\/strong>, ou <strong>uso pessoal<\/strong>combinando tecnologia avan\u00e7ada com a m\u00e1xima comodidade.<\/p>\n<h3><strong>MRVI 18000 Carater\u00edsticas:<\/strong><\/h3>\n<ul>\n<li>Puffs: At\u00e9 18,000 Puffs<\/li>\n<li>Capacidade do E-l\u00edquido: 26mL<\/li>\n<li>Bateria: 600mAh (recarreg\u00e1vel)<\/li>\n<li>Carregamento: Tipo C<\/li>\n<li>Bobina: Bobinas de malha dupla de 1.0\u03a9<\/li>\n<li>Modos de aquecimento: 4 modos ajust\u00e1veis<\/li>\n<li>Pontos fortes da nicotina: 2%, 5%<\/li>\n<li>Sabores: 10 op\u00e7\u00f5es \u00fanicas<\/li>\n<li>Dimens\u00f5es: 43 x 23,7 x 99mm<\/li>\n<li>Dispositivo descart\u00e1vel<\/li>\n<\/ul>\n<h4>Perguntas frequentes<\/h4>\n<h5>Como \u00e9 que os modos de aquecimento ajust\u00e1veis melhoram a experi\u00eancia de vaporiza\u00e7\u00e3o?<\/h5>\n<p>Os quatro modos de aquecimento ajust\u00e1veis permitem-lhe personalizar a intensidade e o calor do seu vapor. Quer prefira um trago suave e macio ou um trago mais poderoso e intenso, pode ajustar facilmente as defini\u00e7\u00f5es de acordo com a sua prefer\u00eancia pessoal.<\/p>\n<h5>Que m\u00e9todos de envio s\u00e3o utilizados?<\/h5>\n<p>Estabelecemos parcerias com transportadoras fi\u00e1veis, como a UPS, a DHL, a FedEx e a DPD, para garantir que a sua encomenda \u00e9 entregue de forma r\u00e1pida e segura. O m\u00e9todo de envio mais eficiente \u00e9 selecionado com base na sua localiza\u00e7\u00e3o para otimizar a velocidade e a fiabilidade da entrega.<\/p>\n<h5>Quanto tempo demora a minha encomenda a chegar?<\/h5>\n<p>A entrega demora normalmente 7 a 15 dias \u00fateis. No entanto, durante os feriados ou condi\u00e7\u00f5es climat\u00e9ricas adversas, o prazo de entrega pode ser de 20 dias \u00fateis, o que pode provocar ligeiros atrasos no transporte.<\/p>\n<h5>Irei deparar-me com problemas alfandeg\u00e1rios ou taxas adicionais?<\/h5>\n<p>Tratamos de todos os procedimentos de desalfandegamento, garantindo uma experi\u00eancia tranquila e sem complica\u00e7\u00f5es. N\u00e3o incorrer\u00e1 em quaisquer impostos ou taxas adicionais. Asseguramos que 100% dos nossos produtos s\u00e3o desalfandegados com sucesso.<\/p>\n<h5>As compras no vosso s\u00edtio s\u00e3o seguras e fi\u00e1veis?<\/h5>\n<p>Sim, oferecemos transac\u00e7\u00f5es PayPal seguras com prote\u00e7\u00e3o do comprador. Tamb\u00e9m pode verificar a nossa fiabilidade consultando as opini\u00f5es dos nossos clientes em <a href=\"https:\/\/www.trustpilot.com\/review\/volovape.com?utm_medium=trustbox&amp;utm_source=TrustBoxReviewCollector\">TrustPilot<\/a>onde encontrar\u00e1 testemunhos de clientes satisfeitos.<\/p>","protected":false},"excerpt":{"rendered":"<p>Personaliza o teu vape com o MRVI 18000 Puffs. Bobinas de malha dupla, quatro modos de aquecimento, 26ml, recarreg\u00e1vel. Perfeito para uso pessoal ou por atacado, oferecendo tecnologia avan\u00e7ada de vaporiza\u00e7\u00e3o.<\/p>","protected":false},"featured_media":371,"comment_status":"open","ping_status":"closed","template":"","meta":[],"product_brand":[],"product_cat":[55,50,21,18,39,20,23,24,22,25,26,27,28,29,30,31,32,33,34,35,44,36,40],"product_tag":[],"class_list":{"0":"post-92","1":"product","2":"type-product","3":"status-publish","4":"has-post-thumbnail","6":"product_cat-mrvi","7":"product_cat-18000-puffs-disposable-vape","8":"product_cat-big-puffs-vapes","9":"product_cat-different-puffs-of-disposable-vapes","10":"product_cat-digital-box-vapes","11":"product_cat-disposable-vape-types","12":"product_cat-disposable-vapes-in-austria","13":"product_cat-disposable-vapes-in-belgium","14":"product_cat-disposable-vapes-in-europe","15":"product_cat-disposable-vapes-in-france","16":"product_cat-disposable-vapes-in-germany","17":"product_cat-disposable-vapes-in-hungary","18":"product_cat-disposable-vapes-in-ltaly","19":"product_cat-disposable-vapes-in-netherlands","20":"product_cat-disposable-vapes-in-norway","21":"product_cat-disposable-vapes-in-poland","22":"product_cat-disposable-vapes-in-portugal","23":"product_cat-disposable-vapes-in-spain","24":"product_cat-disposable-vapes-in-sweden","25":"product_cat-disposable-vapes-in-switzerland","26":"product_cat-dual-mesh-vapes","27":"product_cat-rechargeable-vapes","28":"product_cat-smart-screen-vapes","30":"first","31":"instock","32":"shipping-taxable","33":"purchasable","34":"product-type-variable","35":"has-default-attributes"},"jetpack_sharing_enabled":true,"tiered_pricing_type":"fixed","tiered_pricing_fixed_rules":{"100":6.230000000000000426325641456060111522674560546875,"200":5.4900000000000002131628207280300557613372802734375,"400":5.19000000000000039079850466805510222911834716796875},"tiered_pricing_product_settings":{"layout":"default","base_unit_name":{"singular":null,"plural":null},"default_variation":null},"tiered_pricing_minimum_quantity":50,"tiered_pricing_roles_data":[],"tiered_pricing_percentage_rules":[],"tiered_pricing_maximum_quantity":null,"tiered_pricing_quantity_step":"10","_links":{"self":[{"href":"https:\/\/volovape.com\/pt\/wp-json\/wp\/v2\/product\/92","targetHints":{"allow":["GET"]}}],"collection":[{"href":"https:\/\/volovape.com\/pt\/wp-json\/wp\/v2\/product"}],"about":[{"href":"https:\/\/volovape.com\/pt\/wp-json\/wp\/v2\/types\/product"}],"replies":[{"embeddable":true,"href":"https:\/\/volovape.com\/pt\/wp-json\/wp\/v2\/comments?post=92"}],"wp:featuredmedia":[{"embeddable":true,"href":"https:\/\/volovape.com\/pt\/wp-json\/wp\/v2\/media\/371"}],"wp:attachment":[{"href":"https:\/\/volovape.com\/pt\/wp-json\/wp\/v2\/media?parent=92"}],"wp:term":[{"taxonomy":"product_brand","embeddable":true,"href":"https:\/\/volovape.com\/pt\/wp-json\/wp\/v2\/product_brand?post=92"},{"taxonomy":"product_cat","embeddable":true,"href":"https:\/\/volovape.com\/pt\/wp-json\/wp\/v2\/product_cat?post=92"},{"taxonomy":"product_tag","embeddable":true,"href":"https:\/\/volovape.com\/pt\/wp-json\/wp\/v2\/product_tag?post=92"}],"curies":[{"name":"wp","href":"https:\/\/api.w.org\/{rel}","templated":true}]}}