{"id":91,"date":"2024-11-21T03:26:52","date_gmt":"2024-11-21T03:26:52","guid":{"rendered":"https:\/\/volovape.com\/?post_type=product&#038;p=91"},"modified":"2025-06-30T01:33:10","modified_gmt":"2025-06-30T01:33:10","slug":"caixa-de-elfo-pulso-x-25000-puffs","status":"publish","type":"product","link":"https:\/\/volovape.com\/pt\/product\/elf-box-pulse-x-25000-puffs\/","title":{"rendered":"ELF BOX PULSE X 25000 Puffs Vape descart\u00e1vel - AI Power, malha dupla, ecr\u00e3 3D"},"content":{"rendered":"<p><strong>ELF BOX PULSE X 25000 Puffs Vape descart\u00e1vel<\/strong> - Vaping alimentado por IA com um ecr\u00e3 3D revolucion\u00e1rio.<\/p>\n<p>O <strong>CAIXA ELF PULSO X 25000<\/strong> introduz uma nova era de vaporiza\u00e7\u00e3o descart\u00e1vel com a sua tecnologia baseada em IA e o deslumbrante ecr\u00e3 curvo 3D. Desfrute de at\u00e9 <strong>25.000 baforadas no modo normal<\/strong> ou <strong>15.000 baforadas no modo de pulso<\/strong>proporcionando experi\u00eancias de vaporiza\u00e7\u00e3o personaliz\u00e1veis. O dispositivo possui um <strong>18mL de capacidade de e-l\u00edquido<\/strong> e um poderoso <strong>Bateria recarreg\u00e1vel de 13.500mAh<\/strong> para uma utiliza\u00e7\u00e3o prolongada. <strong>Bobinas duplas de malha de 0,8\u03a9<\/strong> emparelhado com <strong>Tecnologia VPU<\/strong> proporcionam um sabor e uma produ\u00e7\u00e3o de vapor excepcionais. O <strong>Ecr\u00e3 curvo 3D<\/strong> apresenta informa\u00e7\u00f5es em tempo real sobre a dura\u00e7\u00e3o da bateria, o n\u00edvel de e-l\u00edquido, a contagem de baforadas e o modo, aumentando o controlo do utilizador. Com funcionalidades avan\u00e7adas como <strong>Ajuste da pot\u00eancia AI<\/strong>, <strong>Pot\u00eancia de impulso<\/strong>e <strong>Super Boost<\/strong>Este dispositivo oferece uma experi\u00eancia de vaporiza\u00e7\u00e3o verdadeiramente inovadora. Dispon\u00edvel em <strong>10 sabores distintos<\/strong>A ELF BOX PULSE X 25000 \u00e9 ideal para <strong>vape descart\u00e1vel por atacado<\/strong>, <strong>encomendas por grosso<\/strong>, ou <strong>uso pessoal<\/strong>.<\/p>\n<h3><strong>ELF BOX PULSE X 25000 Carater\u00edsticas:<\/strong><\/h3>\n<ul>\n<li>Puffs: At\u00e9 25.000 (modo normal) \/ 15.000 (modo pulsado)<\/li>\n<li>Capacidade do E-l\u00edquido: 18mL<\/li>\n<li>Bateria: 13.500mAh (recarreg\u00e1vel)<\/li>\n<li>Carregamento: Tipo C<\/li>\n<li>Bobina: Bobinas de malha dupla de 0,8\u03a9<\/li>\n<li>Ecr\u00e3: Ecr\u00e3 curvo 3D<\/li>\n<li>Modos: Modo normal, modo de impulsos<\/li>\n<li>Carater\u00edsticas: Ajuste de pot\u00eancia AI, pot\u00eancia de impulso, Super Boost, tecnologia VPU<\/li>\n<li>Sabores: 10 op\u00e7\u00f5es \u00fanicas<\/li>\n<li>Dispositivo descart\u00e1vel<\/li>\n<\/ul>\n<h4>Perguntas frequentes<\/h4>\n<h5>Como \u00e9 que o AI Power Adjustment melhora a experi\u00eancia de vaporiza\u00e7\u00e3o?<\/h5>\n<p>O ajuste de pot\u00eancia AI analisa de forma inteligente os teus h\u00e1bitos de vaporiza\u00e7\u00e3o e optimiza automaticamente a pot\u00eancia de sa\u00edda para garantir um sabor e uma produ\u00e7\u00e3o de vapor consistentes. Esta funcionalidade adapta-se \u00e0 sua utiliza\u00e7\u00e3o, proporcionando uma experi\u00eancia de vaporiza\u00e7\u00e3o personalizada e agrad\u00e1vel em cada tragada.<\/p>\n<h5>Que m\u00e9todos de envio s\u00e3o utilizados?<\/h5>\n<p>Estabelecemos parcerias com transportadoras conceituadas, como a UPS, a DHL, a FedEx e a DPD, para entregar as suas encomendas de forma r\u00e1pida e segura. O m\u00e9todo de envio mais eficiente \u00e9 escolhido com base na sua localiza\u00e7\u00e3o para garantir uma entrega atempada.<\/p>\n<h5>Quanto tempo demora a minha encomenda a chegar?<\/h5>\n<p>As encomendas chegam normalmente no prazo de 7 a 15 dias \u00fateis. No entanto, durante os feriados ou condi\u00e7\u00f5es climat\u00e9ricas adversas, o prazo de entrega pode ser de 20 dias \u00fateis, o que pode provocar ligeiros atrasos no transporte.<\/p>\n<h5>Irei deparar-me com problemas alfandeg\u00e1rios ou taxas adicionais?<\/h5>\n<p>Tratamos de todos os procedimentos de desalfandegamento, assegurando uma experi\u00eancia perfeita e sem complica\u00e7\u00f5es. N\u00e3o incorrer\u00e1 em quaisquer impostos ou taxas adicionais. Garantimos que 100% dos nossos produtos s\u00e3o desalfandegados com sucesso.<\/p>\n<h5>As compras no vosso s\u00edtio s\u00e3o seguras e fi\u00e1veis?<\/h5>\n<p>Sim, oferecemos transac\u00e7\u00f5es PayPal seguras com prote\u00e7\u00e3o do comprador. Tamb\u00e9m pode verificar a nossa fiabilidade consultando as opini\u00f5es dos nossos clientes em <a href=\"https:\/\/www.trustpilot.com\/review\/volovape.com?utm_medium=trustbox&amp;utm_source=TrustBoxReviewCollector\">TrustPilot<\/a>onde encontrar\u00e1 testemunhos de clientes satisfeitos.<\/p>","protected":false},"excerpt":{"rendered":"<p>Entra no futuro com o ELF BOX PULSE X 25000 Puffs. Pot\u00eancia AI, malha dupla, ecr\u00e3 3D, bateria de 13.500mAh. Ideal para uso pessoal ou grossista, oferecendo vaping de vanguarda.<\/p>","protected":false},"featured_media":360,"comment_status":"open","ping_status":"closed","template":"","meta":[],"product_brand":[],"product_cat":[54,45,21,18,39,20,23,24,22,25,26,27,28,29,30,31,32,33,34,35,44,36,40],"product_tag":[],"class_list":{"0":"post-91","1":"product","2":"type-product","3":"status-publish","4":"has-post-thumbnail","6":"product_cat-elf-box","7":"product_cat-25000-puffs-disposable-vape","8":"product_cat-big-puffs-vapes","9":"product_cat-different-puffs-of-disposable-vapes","10":"product_cat-digital-box-vapes","11":"product_cat-disposable-vape-types","12":"product_cat-disposable-vapes-in-austria","13":"product_cat-disposable-vapes-in-belgium","14":"product_cat-disposable-vapes-in-europe","15":"product_cat-disposable-vapes-in-france","16":"product_cat-disposable-vapes-in-germany","17":"product_cat-disposable-vapes-in-hungary","18":"product_cat-disposable-vapes-in-ltaly","19":"product_cat-disposable-vapes-in-netherlands","20":"product_cat-disposable-vapes-in-norway","21":"product_cat-disposable-vapes-in-poland","22":"product_cat-disposable-vapes-in-portugal","23":"product_cat-disposable-vapes-in-spain","24":"product_cat-disposable-vapes-in-sweden","25":"product_cat-disposable-vapes-in-switzerland","26":"product_cat-dual-mesh-vapes","27":"product_cat-rechargeable-vapes","28":"product_cat-smart-screen-vapes","30":"first","31":"instock","32":"featured","33":"shipping-taxable","34":"purchasable","35":"product-type-variable","36":"has-default-attributes"},"jetpack_sharing_enabled":true,"tiered_pricing_type":"fixed","tiered_pricing_fixed_rules":{"2000":7.4900000000000002131628207280300557613372802734375},"tiered_pricing_product_settings":{"layout":"default","base_unit_name":{"singular":null,"plural":null},"default_variation":null},"tiered_pricing_minimum_quantity":1000,"tiered_pricing_roles_data":[],"tiered_pricing_percentage_rules":[],"tiered_pricing_maximum_quantity":null,"tiered_pricing_quantity_step":"10","_links":{"self":[{"href":"https:\/\/volovape.com\/pt\/wp-json\/wp\/v2\/product\/91","targetHints":{"allow":["GET"]}}],"collection":[{"href":"https:\/\/volovape.com\/pt\/wp-json\/wp\/v2\/product"}],"about":[{"href":"https:\/\/volovape.com\/pt\/wp-json\/wp\/v2\/types\/product"}],"replies":[{"embeddable":true,"href":"https:\/\/volovape.com\/pt\/wp-json\/wp\/v2\/comments?post=91"}],"wp:featuredmedia":[{"embeddable":true,"href":"https:\/\/volovape.com\/pt\/wp-json\/wp\/v2\/media\/360"}],"wp:attachment":[{"href":"https:\/\/volovape.com\/pt\/wp-json\/wp\/v2\/media?parent=91"}],"wp:term":[{"taxonomy":"product_brand","embeddable":true,"href":"https:\/\/volovape.com\/pt\/wp-json\/wp\/v2\/product_brand?post=91"},{"taxonomy":"product_cat","embeddable":true,"href":"https:\/\/volovape.com\/pt\/wp-json\/wp\/v2\/product_cat?post=91"},{"taxonomy":"product_tag","embeddable":true,"href":"https:\/\/volovape.com\/pt\/wp-json\/wp\/v2\/product_tag?post=91"}],"curies":[{"name":"wp","href":"https:\/\/api.w.org\/{rel}","templated":true}]}}