{"id":90,"date":"2024-11-21T03:26:52","date_gmt":"2024-11-21T03:26:52","guid":{"rendered":"https:\/\/volovape.com\/?post_type=product&#038;p=90"},"modified":"2025-08-07T08:19:55","modified_gmt":"2025-08-07T08:19:55","slug":"sora-25k-malha-dupla","status":"publish","type":"product","link":"https:\/\/volovape.com\/pt\/product\/sora-25k-dual-mesh\/","title":{"rendered":"SORA 25K vape descart\u00e1vel por atacado - malha dupla, ecr\u00e3 LCD, 25.000 baforadas"},"content":{"rendered":"<p><strong>Vape descart\u00e1vel SORA 25K<\/strong> - Capacidade de sopro incompar\u00e1vel com precis\u00e3o de malha dupla e ecr\u00e3 inteligente.<\/p>\n<p>O <strong>SORA 25K<\/strong> redefine o vaping descart\u00e1vel com uma surpreendente <strong>25.000 baforadas<\/strong>, um substancial <strong>20mL de capacidade de e-l\u00edquido<\/strong>e um robusto <strong>Bateria recarreg\u00e1vel de 900mAh<\/strong>. Experimente uma produ\u00e7\u00e3o de vapor e intensidade de sabor superiores com o seu <strong>tecnologia avan\u00e7ada de bobina de malha dupla<\/strong>. O sistema integrado <strong>Ecr\u00e3 LCD<\/strong> fornece informa\u00e7\u00f5es instant\u00e2neas sobre a dura\u00e7\u00e3o da bateria e a contagem de baforadas, aumentando o controlo do utilizador. Com um <strong>5% concentra\u00e7\u00e3o de nicotina<\/strong> e uma gama diversificada de <strong>9 sabores \u00fanicos<\/strong>Com uma gama de produtos que inclui misturas ex\u00f3ticas e cl\u00e1ssicos favoritos, este dispositivo destina-se aos vapers mais exigentes. Ideal para <strong>vape descart\u00e1vel por atacado<\/strong>, <strong>compra a granel<\/strong>, ou <strong>uso pessoal<\/strong>O SORA 25K combina um elevado desempenho com a m\u00e1xima comodidade.<\/p>\n<h3><strong>Carater\u00edsticas do SORA 25K:<\/strong><\/h3>\n<ul>\n<li>Puffs: At\u00e9 25.000 Puffs<\/li>\n<li>Capacidade do E-l\u00edquido: 20mL<\/li>\n<li>Bateria: 900mAh (recarreg\u00e1vel)<\/li>\n<li>Carregamento: Tipo C<\/li>\n<li>Bobina: Bobinas de malha dupla<\/li>\n<li>Ecr\u00e3: LCD (Bateria e contagem de baforadas)<\/li>\n<li>For\u00e7a da nicotina: 5%<\/li>\n<li>Sabores: 9 op\u00e7\u00f5es \u00fanicas<\/li>\n<li>Dispositivo descart\u00e1vel<\/li>\n<\/ul>\n<h4>Perguntas frequentes<\/h4>\n<h5>Como \u00e9 que a tecnologia de bobina de malha dupla melhora o sabor e a produ\u00e7\u00e3o de vapor?<\/h5>\n<p>O design da bobina de malha dupla aumenta a \u00e1rea da superf\u00edcie de aquecimento, garantindo uma distribui\u00e7\u00e3o uniforme do calor e maximizando a vaporiza\u00e7\u00e3o do e-l\u00edquido. Isto resulta em sabores mais ricos e intensos e nuvens de vapor mais densas, proporcionando uma experi\u00eancia de vaporiza\u00e7\u00e3o superior em compara\u00e7\u00e3o com os dispositivos de bobina \u00fanica.<\/p>\n<h5>Que m\u00e9todos de envio s\u00e3o utilizados?<\/h5>\n<p>Estabelecemos parcerias com transportadoras fi\u00e1veis como a UPS, DHL, FedEx e DPD para garantir que a sua encomenda \u00e9 entregue prontamente. O m\u00e9todo de envio mais eficiente \u00e9 selecionado com base na sua localiza\u00e7\u00e3o para otimizar a velocidade de entrega.<\/p>\n<h5>Quanto tempo demora a minha encomenda a chegar?<\/h5>\n<p>A entrega demora normalmente 7 a 15 dias \u00fateis. No entanto, durante os feriados ou condi\u00e7\u00f5es climat\u00e9ricas adversas, o prazo de entrega pode ser de 20 dias \u00fateis, o que pode provocar ligeiros atrasos no transporte.<\/p>\n<h5>Irei deparar-me com problemas alfandeg\u00e1rios ou taxas adicionais?<\/h5>\n<p>Tratamos de todos os procedimentos de desalfandegamento, garantindo uma experi\u00eancia tranquila e sem complica\u00e7\u00f5es. N\u00e3o incorrer\u00e1 em quaisquer impostos ou taxas adicionais. Asseguramos que 100% dos nossos produtos s\u00e3o desalfandegados com sucesso.<\/p>\n<h5>As compras no vosso s\u00edtio s\u00e3o seguras e fi\u00e1veis?<\/h5>\n<p>Sim, oferecemos transac\u00e7\u00f5es PayPal seguras com prote\u00e7\u00e3o do comprador. Tamb\u00e9m pode verificar a nossa fiabilidade consultando as opini\u00f5es dos nossos clientes em <a href=\"https:\/\/www.trustpilot.com\/review\/volovape.com?utm_medium=trustbox&amp;utm_source=TrustBoxReviewCollector\">TrustPilot<\/a>onde encontrar\u00e1 testemunhos de clientes satisfeitos.<\/p>","protected":false},"excerpt":{"rendered":"<p>Melhore a sua experi\u00eancia de vaporiza\u00e7\u00e3o com o SORA 25K Descart\u00e1vel. Bobinas de malha dupla, ecr\u00e3 LCD, 20ml, 900mAh recarreg\u00e1vel. Perfeito para uso pessoal ou por atacado, proporcionando baforadas duradouras e saborosas.<\/p>","protected":false},"featured_media":348,"comment_status":"open","ping_status":"closed","template":"","meta":[],"product_brand":[],"product_cat":[53,45,21,18,39,20,23,24,22,25,26,27,28,29,30,31,32,33,34,35,44,36,40],"product_tag":[],"class_list":{"0":"post-90","1":"product","2":"type-product","3":"status-publish","4":"has-post-thumbnail","6":"product_cat-sora","7":"product_cat-25000-puffs-disposable-vape","8":"product_cat-big-puffs-vapes","9":"product_cat-different-puffs-of-disposable-vapes","10":"product_cat-digital-box-vapes","11":"product_cat-disposable-vape-types","12":"product_cat-disposable-vapes-in-austria","13":"product_cat-disposable-vapes-in-belgium","14":"product_cat-disposable-vapes-in-europe","15":"product_cat-disposable-vapes-in-france","16":"product_cat-disposable-vapes-in-germany","17":"product_cat-disposable-vapes-in-hungary","18":"product_cat-disposable-vapes-in-ltaly","19":"product_cat-disposable-vapes-in-netherlands","20":"product_cat-disposable-vapes-in-norway","21":"product_cat-disposable-vapes-in-poland","22":"product_cat-disposable-vapes-in-portugal","23":"product_cat-disposable-vapes-in-spain","24":"product_cat-disposable-vapes-in-sweden","25":"product_cat-disposable-vapes-in-switzerland","26":"product_cat-dual-mesh-vapes","27":"product_cat-rechargeable-vapes","28":"product_cat-smart-screen-vapes","30":"first","31":"instock","32":"shipping-taxable","33":"purchasable","34":"product-type-variable","35":"has-default-attributes"},"jetpack_sharing_enabled":true,"tiered_pricing_type":"fixed","tiered_pricing_fixed_rules":{"2000":5.62000000000000010658141036401502788066864013671875},"tiered_pricing_product_settings":{"layout":"default","base_unit_name":{"singular":null,"plural":null},"default_variation":null},"tiered_pricing_minimum_quantity":1000,"tiered_pricing_roles_data":[],"tiered_pricing_percentage_rules":[],"tiered_pricing_maximum_quantity":null,"tiered_pricing_quantity_step":"5","_links":{"self":[{"href":"https:\/\/volovape.com\/pt\/wp-json\/wp\/v2\/product\/90","targetHints":{"allow":["GET"]}}],"collection":[{"href":"https:\/\/volovape.com\/pt\/wp-json\/wp\/v2\/product"}],"about":[{"href":"https:\/\/volovape.com\/pt\/wp-json\/wp\/v2\/types\/product"}],"replies":[{"embeddable":true,"href":"https:\/\/volovape.com\/pt\/wp-json\/wp\/v2\/comments?post=90"}],"wp:featuredmedia":[{"embeddable":true,"href":"https:\/\/volovape.com\/pt\/wp-json\/wp\/v2\/media\/348"}],"wp:attachment":[{"href":"https:\/\/volovape.com\/pt\/wp-json\/wp\/v2\/media?parent=90"}],"wp:term":[{"taxonomy":"product_brand","embeddable":true,"href":"https:\/\/volovape.com\/pt\/wp-json\/wp\/v2\/product_brand?post=90"},{"taxonomy":"product_cat","embeddable":true,"href":"https:\/\/volovape.com\/pt\/wp-json\/wp\/v2\/product_cat?post=90"},{"taxonomy":"product_tag","embeddable":true,"href":"https:\/\/volovape.com\/pt\/wp-json\/wp\/v2\/product_tag?post=90"}],"curies":[{"name":"wp","href":"https:\/\/api.w.org\/{rel}","templated":true}]}}