{"id":86,"date":"2024-11-21T03:26:51","date_gmt":"2024-11-21T03:26:51","guid":{"rendered":"https:\/\/volovape.com\/?post_type=product&#038;p=86"},"modified":"2025-10-28T03:26:10","modified_gmt":"2025-10-28T03:26:10","slug":"vapme-cristal-7000-puffs","status":"publish","type":"product","link":"https:\/\/volovape.com\/pt\/product\/vapme-crystal-7000-puffs\/","title":{"rendered":"VAPME Crystal 7000 puffs vape descart\u00e1vel - 30 sabores com recarreg\u00e1vel tipo-c"},"content":{"rendered":"<p><iframe title=\"Reprodutor de v\u00eddeo VideoPress\" aria-label='Reprodutor de v\u00eddeo VideoPress' width='421' height='750' src='https:\/\/videopress.com\/embed\/tK1sr4ND?hd=0&amp;cover=1' frameborder='0' allowfullscreen allow='clipboard-write'><\/iframe><script src='https:\/\/v0.wordpress.com\/js\/next\/videopress-iframe.js?m=1739540970'><\/script><\/p>\n<p>VAPME Crystal 7000 Puffs Vape descart\u00e1vel \u2013 30 sabores, 2%\/5% Nicotina, recarreg\u00e1vel Tipo C, atacado a granel<br \/>\n<strong>VAPME Crystal 7000 Puffs Vape descart\u00e1vel recarreg\u00e1vel com 30 sabores<\/strong> - Variedade de sabores e desempenho duradouro.<\/p>\n<p>O <strong>VAPME Crystal 7000 Puffs<\/strong> O vape descart\u00e1vel oferece uma vasta experi\u00eancia de vaporiza\u00e7\u00e3o com at\u00e9 <strong>7.000 baforadas<\/strong>, a <strong>Capacidade de 14 ml de e-l\u00edquido<\/strong>, e um <strong>Bateria recarreg\u00e1vel de 650mAh<\/strong> com <strong>Carregamento tipo C<\/strong>. O <strong>Bobina de malha de 0,8\u03a9<\/strong> garante um vapor consistente e saboroso. Escolha entre <strong>Doses de nicotina 2% ou 5%<\/strong> e explorar uma gama impressionante de <strong>30 sabores \u00fanicos<\/strong>incluindo Morango, Melancia, Pastilha el\u00e1stica e Ponche de frutos tropicais. Ideal para uso pessoal ou <strong>vape descart\u00e1vel por atacado<\/strong>Este dispositivo oferece variedade e comodidade. Para <strong>encomenda por grosso<\/strong> pre\u00e7os, contacte-nos.<\/p>\n<h3><strong>VAPME Crystal 7000 Carater\u00edsticas:<\/strong><\/h3>\n<ul>\n<li>Puffs: At\u00e9 7.000<\/li>\n<li>Capacidade do E-l\u00edquido: 14ml<\/li>\n<li>Bateria: 650mAh (recarreg\u00e1vel)<\/li>\n<li>Carregamento: Tipo C<\/li>\n<li>Bobina: Bobina de malha de 0,8\u03a9<\/li>\n<li>Pontos fortes da nicotina: 2%, 5%<\/li>\n<li>30 op\u00e7\u00f5es de sabores<\/li>\n<\/ul>\n<h4>Perguntas frequentes<\/h4>\n<h5>Como \u00e9 que a bobina de malha de 0,8\u03a9 melhora o fornecimento de sabor?<\/h5>\n<p>A bobina de malha de 0,8\u03a9 foi concebida para otimizar o fornecimento de sabor, proporcionando um aquecimento consistente e uma vaporiza\u00e7\u00e3o eficiente. Isto garante que cada baforada \u00e9 rica e satisfat\u00f3ria, permitindo-lhe desfrutar plenamente da grande variedade de sabores oferecidos.<\/p>\n<h5>Que m\u00e9todos de envio s\u00e3o utilizados?<\/h5>\n<p>Estabelecemos parcerias com transportadoras fi\u00e1veis como a UPS, a DHL, a FedEx e a DPD para garantir que as suas encomendas s\u00e3o entregues de forma eficiente. O m\u00e9todo de envio \u00e9 selecionado com base na sua localiza\u00e7\u00e3o para uma velocidade de entrega e fiabilidade ideais.<\/p>\n<h5>Quanto tempo demora normalmente a expedi\u00e7\u00e3o?<\/h5>\n<p>A expedi\u00e7\u00e3o demora normalmente entre 7 e 15 dias \u00fateis. Durante as \u00e9pocas altas ou condi\u00e7\u00f5es climat\u00e9ricas adversas, pode demorar at\u00e9 20 dias \u00fateis.<\/p>\n<h5>Terei problemas com a alf\u00e2ndega ou taxas adicionais?<\/h5>\n<p>Tratamos de todos os procedimentos de desalfandegamento, garantindo que o seu envio passa sem problemas. N\u00e3o ter\u00e1 de pagar quaisquer impostos ou taxas adicionais. Garantimos o desalfandegamento do 100%.<\/p>\n<h5>Como posso ter a certeza da qualidade e fiabilidade do produto?<\/h5>\n<p>Aceitamos pagamentos seguros por PayPal com prote\u00e7\u00e3o do comprador. Tamb\u00e9m pode ler as opini\u00f5es dos clientes em <a href=\"https:\/\/www.trustpilot.com\/review\/volovape.com?utm_medium=trustbox&amp;utm_source=TrustBoxReviewCollector\">TrustPilot<\/a>onde muitos clientes partilharam experi\u00eancias positivas com os nossos produtos e servi\u00e7os.<\/p>","protected":false},"excerpt":{"rendered":"<p>Saboreie a vaporiza\u00e7\u00e3o prolongada com o VAPME Crystal 7000 Puffs. Bobina de malha de 0,8\u03a9, 14ml, recarreg\u00e1vel. Explore 30 sabores e escolha nicotina 2% ou 5%. Ideal para uso pessoal ou por atacado.<\/p>","protected":false},"featured_media":310,"comment_status":"open","ping_status":"closed","template":"","meta":[],"product_brand":[],"product_cat":[49,37,21,43,18,20,23,24,22,25,26,27,28,29,30,31,32,33,34,35,36],"product_tag":[],"class_list":{"0":"post-86","1":"product","2":"type-product","3":"status-publish","4":"has-post-thumbnail","6":"product_cat-vapme","7":"product_cat-8000-puffs-disposable-vape","8":"product_cat-big-puffs-vapes","9":"product_cat-crystal-vapes","10":"product_cat-different-puffs-of-disposable-vapes","11":"product_cat-disposable-vape-types","12":"product_cat-disposable-vapes-in-austria","13":"product_cat-disposable-vapes-in-belgium","14":"product_cat-disposable-vapes-in-europe","15":"product_cat-disposable-vapes-in-france","16":"product_cat-disposable-vapes-in-germany","17":"product_cat-disposable-vapes-in-hungary","18":"product_cat-disposable-vapes-in-ltaly","19":"product_cat-disposable-vapes-in-netherlands","20":"product_cat-disposable-vapes-in-norway","21":"product_cat-disposable-vapes-in-poland","22":"product_cat-disposable-vapes-in-portugal","23":"product_cat-disposable-vapes-in-spain","24":"product_cat-disposable-vapes-in-sweden","25":"product_cat-disposable-vapes-in-switzerland","26":"product_cat-rechargeable-vapes","28":"first","29":"instock","30":"shipping-taxable","31":"purchasable","32":"product-type-variable","33":"has-default-attributes"},"jetpack_sharing_enabled":true,"tiered_pricing_type":"fixed","tiered_pricing_fixed_rules":{"30":5.28000000000000024868995751603506505489349365234375,"50":4.75,"100":4.160000000000000142108547152020037174224853515625,"200":3.979999999999999982236431605997495353221893310546875,"400":3.5800000000000000710542735760100185871124267578125},"tiered_pricing_product_settings":{"layout":"default","base_unit_name":{"singular":null,"plural":null},"default_variation":null},"tiered_pricing_minimum_quantity":10,"tiered_pricing_roles_data":[],"tiered_pricing_percentage_rules":[],"tiered_pricing_maximum_quantity":null,"tiered_pricing_quantity_step":"10","_links":{"self":[{"href":"https:\/\/volovape.com\/pt\/wp-json\/wp\/v2\/product\/86","targetHints":{"allow":["GET"]}}],"collection":[{"href":"https:\/\/volovape.com\/pt\/wp-json\/wp\/v2\/product"}],"about":[{"href":"https:\/\/volovape.com\/pt\/wp-json\/wp\/v2\/types\/product"}],"replies":[{"embeddable":true,"href":"https:\/\/volovape.com\/pt\/wp-json\/wp\/v2\/comments?post=86"}],"wp:featuredmedia":[{"embeddable":true,"href":"https:\/\/volovape.com\/pt\/wp-json\/wp\/v2\/media\/310"}],"wp:attachment":[{"href":"https:\/\/volovape.com\/pt\/wp-json\/wp\/v2\/media?parent=86"}],"wp:term":[{"taxonomy":"product_brand","embeddable":true,"href":"https:\/\/volovape.com\/pt\/wp-json\/wp\/v2\/product_brand?post=86"},{"taxonomy":"product_cat","embeddable":true,"href":"https:\/\/volovape.com\/pt\/wp-json\/wp\/v2\/product_cat?post=86"},{"taxonomy":"product_tag","embeddable":true,"href":"https:\/\/volovape.com\/pt\/wp-json\/wp\/v2\/product_tag?post=86"}],"curies":[{"name":"wp","href":"https:\/\/api.w.org\/{rel}","templated":true}]}}