{"id":854,"date":"2024-11-21T03:33:53","date_gmt":"2024-11-21T03:33:53","guid":{"rendered":"https:\/\/volovape.com\/?post_type=product&#038;p=854"},"modified":"2025-07-06T04:15:38","modified_gmt":"2025-07-06T04:15:38","slug":"elfworld-mx-25000-baforadas","status":"publish","type":"product","link":"https:\/\/volovape.com\/pt\/product\/elfworld-mx-25000-puffs\/","title":{"rendered":"ELFWORLD MX 25000 puffs vape descart\u00e1vel - bobina de malha, ecr\u00e3 digital, fluxo de ar ajust\u00e1vel"},"content":{"rendered":"<p><strong>ELFWORLD MX 25000 Puffs Vape descart\u00e1vel<\/strong> - Vaping personalizado com alta capacidade e precis\u00e3o digital.<\/p>\n<p>O <strong>ELFWORLD MX 25000 Puffs<\/strong> O vape descart\u00e1vel oferece uma experi\u00eancia de vaporiza\u00e7\u00e3o excecional com um enorme <strong>25 000 puff<\/strong> capacidade, uma generosa <strong>Reservat\u00f3rio de e-l\u00edquido de 25 ml<\/strong>e um poderoso <strong>Bateria recarreg\u00e1vel de 850mAh<\/strong>. O avan\u00e7ado <strong>bobina de malha<\/strong> garante um vapor consistentemente suave e saboroso, enquanto a tecnologia <strong>ecr\u00e3 digital<\/strong> permite monitorizar em tempo real os n\u00edveis da bateria e do e-l\u00edquido. O <strong>fluxo de ar ajust\u00e1vel<\/strong> permite um desenho personaliz\u00e1vel, indo ao encontro das prefer\u00eancias individuais. Escolha entre <strong>Concentra\u00e7\u00f5es de nicotina 0%, 2%, 3% ou 5%<\/strong>. Ideal para uso pessoal e <strong>vape descart\u00e1vel por atacado<\/strong>Este dispositivo oferece desempenho e personaliza\u00e7\u00e3o. <strong>Encomenda a granel<\/strong> est\u00e3o dispon\u00edveis para os retalhistas.<\/p>\n<h3><strong>ELFWORLD MX 25000 Puffs Carater\u00edsticas:<\/strong><\/h3>\n<ul>\n<li>Puffs: At\u00e9 25.000<\/li>\n<li>Capacidade do E-l\u00edquido: 25ml<\/li>\n<li>Bateria: 850mAh (recarreg\u00e1vel)<\/li>\n<li>Carregamento: Tipo C<\/li>\n<li>Bobina: Bobina de malha<\/li>\n<li>Ecr\u00e3: Ecr\u00e3 digital (n\u00edveis de bateria e de e-l\u00edquido)<\/li>\n<li>Fluxo de ar: Ajust\u00e1vel<\/li>\n<li>Pontos fortes da nicotina: 0%, 2%, 3%, 5%<\/li>\n<li>Sabores dispon\u00edveis: Morango Ice, Melancia Ice, Uva Ice, Menta, Ma\u00e7\u00e3 Dupla, P\u00eassego Juicy Ice, Blue Razz Ice, Limonada Rosa, Bagas Mistas, Melancia Blueberry, Laranja Lime Berry, Framboesa Peach Lime, Manga Sour Pineapple, P\u00eassego Blue Slushy.<\/li>\n<\/ul>\n<h4>Perguntas frequentes<\/h4>\n<h5>Como \u00e9 que o fluxo de ar ajust\u00e1vel melhora a experi\u00eancia de vaporiza\u00e7\u00e3o?<\/h5>\n<p>O fluxo de ar ajust\u00e1vel permite que os utilizadores afinem a resist\u00eancia \u00e0 tra\u00e7\u00e3o de acordo com as suas prefer\u00eancias, proporcionando um controlo personalizado da densidade do vapor e da intensidade do sabor. Esta personaliza\u00e7\u00e3o garante uma experi\u00eancia de vaporiza\u00e7\u00e3o mais satisfat\u00f3ria e personalizada.<\/p>\n<h5>Quais s\u00e3o as vantagens do ecr\u00e3 digital deste dispositivo?<\/h5>\n<p>O visor digital permite a monitoriza\u00e7\u00e3o em tempo real dos n\u00edveis da bateria e do e-l\u00edquido, permitindo aos utilizadores acompanhar facilmente o estado do seu dispositivo. Esta funcionalidade garante que est\u00e1 sempre informado e pode planear as suas sess\u00f5es de vaporiza\u00e7\u00e3o em conformidade, aumentando a comodidade e evitando interrup\u00e7\u00f5es inesperadas.<\/p>\n<h5>Como \u00e9 que a capacidade de 25.000 baforadas e a bateria de 850mAh beneficiam os utilizadores?<\/h5>\n<p>A capacidade de 25.000 baforadas e a bateria recarreg\u00e1vel de 850 mAh oferecem uma utiliza\u00e7\u00e3o prolongada, minimizando a necessidade de substitui\u00e7\u00f5es ou recargas frequentes. Esta combina\u00e7\u00e3o proporciona uma longevidade e comodidade excepcionais, tornando o ELFWORLD MX 25000 ideal para sess\u00f5es de vaporiza\u00e7\u00e3o prolongadas.<\/p>\n<h5>Que m\u00e9todos de envio s\u00e3o utilizados?<\/h5>\n<p>Estabelecemos parcerias com transportadoras fi\u00e1veis, como a UPS, a DHL, a FedEx e a DPD, para garantir uma entrega eficiente e segura. Seleccionamos o m\u00e9todo de envio mais adequado com base na sua localiza\u00e7\u00e3o para que a sua encomenda chegue at\u00e9 si o mais rapidamente poss\u00edvel.<\/p>\n<h5>Posso confiar na minha compra?<\/h5>\n<p>Damos prioridade \u00e0 satisfa\u00e7\u00e3o do cliente e oferecemos op\u00e7\u00f5es de pagamento seguras, incluindo PayPal com prote\u00e7\u00e3o do comprador. Tamb\u00e9m pode ver as opini\u00f5es dos clientes no TrustPilot: <a href=\"https:\/\/www.trustpilot.com\/review\/volovape.com?utm_medium=trustbox&amp;utm_source=TrustBoxReviewCollector\">TrustPilot<\/a>.<\/p>","protected":false},"excerpt":{"rendered":"<p>Stock ELFWORLD MX 25000 Puffs Vapes descart\u00e1veis. 25.000 baforadas, 25ml de e-l\u00edquido, bateria de 850mAh, bobina de malha, visor digital, fluxo de ar ajust\u00e1vel. Escolha entre 15 sabores.<\/p>","protected":false},"featured_media":1296,"comment_status":"open","ping_status":"closed","template":"","meta":[],"product_brand":[],"product_cat":[69,45,21,18,39,20,23,24,22,25,26,27,28,29,30,31,32,33,34,35,44,36,40],"product_tag":[],"class_list":{"0":"post-854","1":"product","2":"type-product","3":"status-publish","4":"has-post-thumbnail","6":"product_cat-elfworld","7":"product_cat-25000-puffs-disposable-vape","8":"product_cat-big-puffs-vapes","9":"product_cat-different-puffs-of-disposable-vapes","10":"product_cat-digital-box-vapes","11":"product_cat-disposable-vape-types","12":"product_cat-disposable-vapes-in-austria","13":"product_cat-disposable-vapes-in-belgium","14":"product_cat-disposable-vapes-in-europe","15":"product_cat-disposable-vapes-in-france","16":"product_cat-disposable-vapes-in-germany","17":"product_cat-disposable-vapes-in-hungary","18":"product_cat-disposable-vapes-in-ltaly","19":"product_cat-disposable-vapes-in-netherlands","20":"product_cat-disposable-vapes-in-norway","21":"product_cat-disposable-vapes-in-poland","22":"product_cat-disposable-vapes-in-portugal","23":"product_cat-disposable-vapes-in-spain","24":"product_cat-disposable-vapes-in-sweden","25":"product_cat-disposable-vapes-in-switzerland","26":"product_cat-dual-mesh-vapes","27":"product_cat-rechargeable-vapes","28":"product_cat-smart-screen-vapes","30":"first","31":"instock","32":"shipping-taxable","33":"purchasable","34":"product-type-variable","35":"has-default-attributes"},"jetpack_sharing_enabled":true,"tiered_pricing_type":"fixed","tiered_pricing_fixed_rules":{"2000":5.20000000000000017763568394002504646778106689453125},"tiered_pricing_product_settings":{"layout":"default","base_unit_name":{"singular":null,"plural":null},"default_variation":null},"tiered_pricing_minimum_quantity":1000,"tiered_pricing_roles_data":[],"tiered_pricing_percentage_rules":[],"tiered_pricing_maximum_quantity":null,"tiered_pricing_quantity_step":"10","_links":{"self":[{"href":"https:\/\/volovape.com\/pt\/wp-json\/wp\/v2\/product\/854","targetHints":{"allow":["GET"]}}],"collection":[{"href":"https:\/\/volovape.com\/pt\/wp-json\/wp\/v2\/product"}],"about":[{"href":"https:\/\/volovape.com\/pt\/wp-json\/wp\/v2\/types\/product"}],"replies":[{"embeddable":true,"href":"https:\/\/volovape.com\/pt\/wp-json\/wp\/v2\/comments?post=854"}],"wp:featuredmedia":[{"embeddable":true,"href":"https:\/\/volovape.com\/pt\/wp-json\/wp\/v2\/media\/1296"}],"wp:attachment":[{"href":"https:\/\/volovape.com\/pt\/wp-json\/wp\/v2\/media?parent=854"}],"wp:term":[{"taxonomy":"product_brand","embeddable":true,"href":"https:\/\/volovape.com\/pt\/wp-json\/wp\/v2\/product_brand?post=854"},{"taxonomy":"product_cat","embeddable":true,"href":"https:\/\/volovape.com\/pt\/wp-json\/wp\/v2\/product_cat?post=854"},{"taxonomy":"product_tag","embeddable":true,"href":"https:\/\/volovape.com\/pt\/wp-json\/wp\/v2\/product_tag?post=854"}],"curies":[{"name":"wp","href":"https:\/\/api.w.org\/{rel}","templated":true}]}}