{"id":853,"date":"2024-11-21T03:33:53","date_gmt":"2024-11-21T03:33:53","guid":{"rendered":"https:\/\/volovape.com\/?post_type=product&#038;p=853"},"modified":"2025-07-06T04:14:47","modified_gmt":"2025-07-06T04:14:47","slug":"hzko-supernova-25000-puffs","status":"publish","type":"product","link":"https:\/\/volovape.com\/pt\/product\/hzko-supernova-25000-puffs\/","title":{"rendered":"HZKO Supernova 25000 puffs vape descart\u00e1vel - ecr\u00e3 digital, fluxo de ar ajust\u00e1vel, bobina de rede"},"content":{"rendered":"<p><strong>HZKO Supernova 25000 Puffs Vape descart\u00e1vel<\/strong> - Experimente o m\u00e1ximo controlo e longevidade com o visor digital e o fluxo de ar ajust\u00e1vel.<\/p>\n<p>O <strong>HZKO Supernova 25000 Puffs<\/strong> O vape descart\u00e1vel proporciona uma experi\u00eancia de vaporiza\u00e7\u00e3o sem paralelo com um impressionante <strong>25 000 puff<\/strong> capacidade, uma generosa <strong>Reservat\u00f3rio de e-l\u00edquido de 25 ml<\/strong>e um poderoso <strong>Bateria recarreg\u00e1vel de 850mAh<\/strong>. O sistema integrado <strong>ecr\u00e3 digital<\/strong> fornece monitoriza\u00e7\u00e3o em tempo real dos n\u00edveis da bateria e do e-l\u00edquido, enquanto o <strong>fluxo de ar ajust\u00e1vel<\/strong> permite sess\u00f5es de vaporiza\u00e7\u00e3o personalizadas. O avan\u00e7ado <strong>bobina de malha<\/strong> garante uma produ\u00e7\u00e3o de vapor suave e saborosa. Escolha entre <strong>Concentra\u00e7\u00f5es de nicotina 0%, 2%, 3% ou 5%<\/strong>. Ideal para uso pessoal e <strong>vape descart\u00e1vel por atacado<\/strong>Este dispositivo oferece comodidade e controlo. <strong>Encomenda a granel<\/strong> est\u00e3o dispon\u00edveis para os retalhistas.<\/p>\n<h3><strong>HZKO Supernova 25000 Puffs Carater\u00edsticas:<\/strong><\/h3>\n<ul>\n<li>Puffs: At\u00e9 25.000<\/li>\n<li>Capacidade do E-l\u00edquido: 25ml<\/li>\n<li>Bateria: 850mAh (recarreg\u00e1vel)<\/li>\n<li>Carregamento: Tipo C<\/li>\n<li>Bobina: Bobina de malha<\/li>\n<li>Ecr\u00e3: Ecr\u00e3 digital (n\u00edveis de bateria e de e-l\u00edquido)<\/li>\n<li>Fluxo de ar: Ajust\u00e1vel<\/li>\n<li>Pontos fortes da nicotina: 0%, 2%, 3%, 5%<\/li>\n<li>Sabores dispon\u00edveis: Peach Blue Slushy, Grapefruit Refresher, Sour Mango Pineapple, Lime Berry Orange, Watermelon Ice, Miami Mint, Blue Razz Ice, Sour Apple Ice, Mixed Berries, Raspberry Peach Lime.<\/li>\n<\/ul>\n<h4>Perguntas frequentes<\/h4>\n<h5>Como \u00e9 que o ecr\u00e3 digital melhora a experi\u00eancia do utilizador?<\/h5>\n<p>O visor digital fornece informa\u00e7\u00f5es em tempo real sobre os n\u00edveis da bateria e do e-l\u00edquido, permitindo aos utilizadores monitorizar o estado do seu dispositivo num relance. Esta funcionalidade garante que est\u00e1 sempre a par do estado do seu dispositivo, evitando interrup\u00e7\u00f5es inesperadas e aumentando a comodidade geral.<\/p>\n<h5>Quais s\u00e3o as vantagens do caudal de ar ajust\u00e1vel neste dispositivo?<\/h5>\n<p>O fluxo de ar ajust\u00e1vel permite que os utilizadores personalizem a sua experi\u00eancia de vaporiza\u00e7\u00e3o, afinando a resist\u00eancia de tra\u00e7\u00e3o. Quer prefira um trago apertado ou solto, esta carater\u00edstica permite um controlo personalizado, resultando numa sess\u00e3o de vaporiza\u00e7\u00e3o mais satisfat\u00f3ria e agrad\u00e1vel.<\/p>\n<h5>Como \u00e9 que a bateria de 850mAh e a capacidade de 25ml de e-l\u00edquido contribuem para a longevidade do dispositivo?<\/h5>\n<p>A bateria recarreg\u00e1vel de 850mAh e a capacidade de 25ml de e-l\u00edquido foram concebidas para suportar o elevado n\u00famero de baforadas do dispositivo, assegurando uma utiliza\u00e7\u00e3o prolongada sem recargas ou recargas frequentes. Esta combina\u00e7\u00e3o oferece uma conveni\u00eancia e longevidade excepcionais, tornando o HZKO Supernova 25000 ideal para sess\u00f5es de vaporiza\u00e7\u00e3o prolongadas.<\/p>\n<h5>Que m\u00e9todos de envio s\u00e3o utilizados?<\/h5>\n<p>Estabelecemos parcerias com transportadoras fi\u00e1veis, como a UPS, a DHL, a FedEx e a DPD, para garantir uma entrega eficiente e segura. Seleccionamos o m\u00e9todo de envio mais adequado com base na sua localiza\u00e7\u00e3o para que a sua encomenda chegue at\u00e9 si o mais rapidamente poss\u00edvel.<\/p>\n<h5>Posso confiar na minha compra?<\/h5>\n<p>Damos prioridade \u00e0 satisfa\u00e7\u00e3o do cliente e oferecemos op\u00e7\u00f5es de pagamento seguras, incluindo PayPal com prote\u00e7\u00e3o do comprador. Tamb\u00e9m pode ver as opini\u00f5es dos clientes no TrustPilot: <a href=\"https:\/\/www.trustpilot.com\/review\/volovape.com?utm_medium=trustbox&amp;utm_source=TrustBoxReviewCollector\">TrustPilot<\/a>.<\/p>","protected":false},"excerpt":{"rendered":"<p>Fornecimento de Vapes Descart\u00e1veis HZKO Supernova 25000 Puffs. 25.000 baforadas, 25ml de e-l\u00edquido, bateria de 850mAh, ecr\u00e3 digital, fluxo de ar ajust\u00e1vel, bobina de malha. Nicotina variada. Explore os sabores.<\/p>","protected":false},"featured_media":1281,"comment_status":"open","ping_status":"closed","template":"","meta":[],"product_brand":[],"product_cat":[70,45,21,18,39,20,23,24,22,25,26,27,28,29,30,31,32,33,34,35,44,36,40],"product_tag":[],"class_list":{"0":"post-853","1":"product","2":"type-product","3":"status-publish","4":"has-post-thumbnail","6":"product_cat-hzkd","7":"product_cat-25000-puffs-disposable-vape","8":"product_cat-big-puffs-vapes","9":"product_cat-different-puffs-of-disposable-vapes","10":"product_cat-digital-box-vapes","11":"product_cat-disposable-vape-types","12":"product_cat-disposable-vapes-in-austria","13":"product_cat-disposable-vapes-in-belgium","14":"product_cat-disposable-vapes-in-europe","15":"product_cat-disposable-vapes-in-france","16":"product_cat-disposable-vapes-in-germany","17":"product_cat-disposable-vapes-in-hungary","18":"product_cat-disposable-vapes-in-ltaly","19":"product_cat-disposable-vapes-in-netherlands","20":"product_cat-disposable-vapes-in-norway","21":"product_cat-disposable-vapes-in-poland","22":"product_cat-disposable-vapes-in-portugal","23":"product_cat-disposable-vapes-in-spain","24":"product_cat-disposable-vapes-in-sweden","25":"product_cat-disposable-vapes-in-switzerland","26":"product_cat-dual-mesh-vapes","27":"product_cat-rechargeable-vapes","28":"product_cat-smart-screen-vapes","30":"first","31":"instock","32":"shipping-taxable","33":"purchasable","34":"product-type-variable","35":"has-default-attributes"},"jetpack_sharing_enabled":true,"tiered_pricing_type":"fixed","tiered_pricing_fixed_rules":{"2000":5.20000000000000017763568394002504646778106689453125},"tiered_pricing_product_settings":{"layout":"default","base_unit_name":{"singular":null,"plural":null},"default_variation":null},"tiered_pricing_minimum_quantity":1000,"tiered_pricing_roles_data":[],"tiered_pricing_percentage_rules":[],"tiered_pricing_maximum_quantity":null,"tiered_pricing_quantity_step":"10","_links":{"self":[{"href":"https:\/\/volovape.com\/pt\/wp-json\/wp\/v2\/product\/853","targetHints":{"allow":["GET"]}}],"collection":[{"href":"https:\/\/volovape.com\/pt\/wp-json\/wp\/v2\/product"}],"about":[{"href":"https:\/\/volovape.com\/pt\/wp-json\/wp\/v2\/types\/product"}],"replies":[{"embeddable":true,"href":"https:\/\/volovape.com\/pt\/wp-json\/wp\/v2\/comments?post=853"}],"wp:featuredmedia":[{"embeddable":true,"href":"https:\/\/volovape.com\/pt\/wp-json\/wp\/v2\/media\/1281"}],"wp:attachment":[{"href":"https:\/\/volovape.com\/pt\/wp-json\/wp\/v2\/media?parent=853"}],"wp:term":[{"taxonomy":"product_brand","embeddable":true,"href":"https:\/\/volovape.com\/pt\/wp-json\/wp\/v2\/product_brand?post=853"},{"taxonomy":"product_cat","embeddable":true,"href":"https:\/\/volovape.com\/pt\/wp-json\/wp\/v2\/product_cat?post=853"},{"taxonomy":"product_tag","embeddable":true,"href":"https:\/\/volovape.com\/pt\/wp-json\/wp\/v2\/product_tag?post=853"}],"curies":[{"name":"wp","href":"https:\/\/api.w.org\/{rel}","templated":true}]}}