{"id":84,"date":"2024-11-21T03:26:51","date_gmt":"2024-11-21T03:26:51","guid":{"rendered":"https:\/\/volovape.com\/?post_type=product&#038;p=84"},"modified":"2025-07-06T04:05:12","modified_gmt":"2025-07-06T04:05:12","slug":"vapme-monster-16000-baforadas","status":"publish","type":"product","link":"https:\/\/volovape.com\/pt\/product\/vapme-monster-16000-puffs\/","title":{"rendered":"VAPME MONSTER 16000 puffs vape descart\u00e1vel | recarreg\u00e1vel de alta capacidade e longa dura\u00e7\u00e3o"},"content":{"rendered":"<p><strong>VAPME MONSTER 16000 Puffs Vape descart\u00e1vel de alta capacidade com bobina de malha<\/strong> - Desempenho de vaporiza\u00e7\u00e3o prolongado.<\/p>\n<p>O <strong>VAPME MONSTER 16000 Puffs<\/strong> O vape descart\u00e1vel oferece uma experi\u00eancia de vaporiza\u00e7\u00e3o incrivelmente duradoura com at\u00e9 <strong>16 000 baforadas<\/strong>, um enorme <strong>Capacidade de 26 ml de e-l\u00edquido<\/strong>e um <strong>Bateria recarreg\u00e1vel de 850mAh<\/strong> com <strong>Carregamento tipo C<\/strong>. O <strong>Bobina de malha de 1,0\u03a9<\/strong> garante um vapor consistentemente suave e saboroso. Escolha entre <strong>Doses de nicotina 2% ou 5%<\/strong> e desfrute de uma vasta gama de sabores, incluindo Morango Red Bull e Kiwi Maracuj\u00e1 Goiaba. Ideal para uso pessoal ou <strong>vape descart\u00e1vel por atacado<\/strong>Este dispositivo proporciona uma longevidade e um conforto inigual\u00e1veis. Para <strong>encomenda por grosso<\/strong> pre\u00e7os, contacte-nos.<\/p>\n<h3><strong>VAPME MONSTER 16000 Carater\u00edsticas:<\/strong><\/h3>\n<ul>\n<li>Puffs: At\u00e9 16.000<\/li>\n<li>Capacidade do E-l\u00edquido: 26ml<\/li>\n<li>Bateria: 850mAh (recarreg\u00e1vel)<\/li>\n<li>Carregamento: Tipo C<\/li>\n<li>Bobina: 1.0\u03a9 Bobina de malha<\/li>\n<li>Pontos fortes da nicotina: 2%, 5%<\/li>\n<li>12 op\u00e7\u00f5es de sabores<\/li>\n<\/ul>\n<h4>Perguntas frequentes<\/h4>\n<h5>Como \u00e9 que a bobina de malha de 1.0\u03a9 contribui para a experi\u00eancia de vaporiza\u00e7\u00e3o?<\/h5>\n<p>A bobina de malha de 1.0\u03a9 foi concebida para proporcionar uma experi\u00eancia de vaporiza\u00e7\u00e3o suave e consistente, proporcionando sabores ricos e uma produ\u00e7\u00e3o de vapor satisfat\u00f3ria. Garante uma vaporiza\u00e7\u00e3o eficiente do e-l\u00edquido, maximizando o fornecimento de sabor e o prazer geral durante toda a vida \u00fatil do dispositivo.<\/p>\n<h5>Que m\u00e9todos de envio s\u00e3o utilizados?<\/h5>\n<p>Estabelecemos parcerias com transportadoras fi\u00e1veis como a UPS, a DHL, a FedEx e a DPD para garantir que as suas encomendas s\u00e3o entregues de forma eficiente. O m\u00e9todo de envio \u00e9 selecionado com base na sua localiza\u00e7\u00e3o para uma velocidade de entrega e fiabilidade ideais.<\/p>\n<h5>Quanto tempo demora normalmente a expedi\u00e7\u00e3o?<\/h5>\n<p>A expedi\u00e7\u00e3o demora normalmente entre 7 e 15 dias \u00fateis. Durante as \u00e9pocas altas ou condi\u00e7\u00f5es climat\u00e9ricas adversas, pode demorar at\u00e9 20 dias \u00fateis.<\/p>\n<h5>Terei problemas com a alf\u00e2ndega ou taxas adicionais?<\/h5>\n<p>Tratamos de todos os procedimentos de desalfandegamento, garantindo que o seu envio passa sem problemas. N\u00e3o ter\u00e1 de pagar quaisquer impostos ou taxas adicionais. Garantimos o desalfandegamento do 100%.<\/p>\n<h5>Como posso ter a certeza da qualidade e fiabilidade do produto?<\/h5>\n<p>Aceitamos pagamentos seguros por PayPal com prote\u00e7\u00e3o do comprador. Tamb\u00e9m pode ler as opini\u00f5es dos clientes em <a href=\"https:\/\/www.trustpilot.com\/review\/volovape.com?utm_medium=trustbox&amp;utm_source=TrustBoxReviewCollector\">TrustPilot<\/a>onde muitos clientes partilharam experi\u00eancias positivas com os nossos produtos e servi\u00e7os.<\/p>","protected":false},"excerpt":{"rendered":"<p>Liberte um sabor duradouro com o VAPME MONSTER 16000 Puffs. Malha de 1.0\u03a9, 26ml, 850mAh recarreg\u00e1vel. Ideal para uso pessoal ou por atacado, oferecendo vapor suave e op\u00e7\u00f5es variadas de nicotina.<\/p>","protected":false},"featured_media":284,"comment_status":"open","ping_status":"closed","template":"","meta":[],"product_brand":[],"product_cat":[49,51,21,18,20,23,24,22,25,26,27,28,29,30,31,32,33,34,35,36,40],"product_tag":[],"class_list":{"0":"post-84","1":"product","2":"type-product","3":"status-publish","4":"has-post-thumbnail","6":"product_cat-vapme","7":"product_cat-16000-puffs-disposable-vape","8":"product_cat-big-puffs-vapes","9":"product_cat-different-puffs-of-disposable-vapes","10":"product_cat-disposable-vape-types","11":"product_cat-disposable-vapes-in-austria","12":"product_cat-disposable-vapes-in-belgium","13":"product_cat-disposable-vapes-in-europe","14":"product_cat-disposable-vapes-in-france","15":"product_cat-disposable-vapes-in-germany","16":"product_cat-disposable-vapes-in-hungary","17":"product_cat-disposable-vapes-in-ltaly","18":"product_cat-disposable-vapes-in-netherlands","19":"product_cat-disposable-vapes-in-norway","20":"product_cat-disposable-vapes-in-poland","21":"product_cat-disposable-vapes-in-portugal","22":"product_cat-disposable-vapes-in-spain","23":"product_cat-disposable-vapes-in-sweden","24":"product_cat-disposable-vapes-in-switzerland","25":"product_cat-rechargeable-vapes","26":"product_cat-smart-screen-vapes","28":"first","29":"instock","30":"shipping-taxable","31":"purchasable","32":"product-type-variable","33":"has-default-attributes"},"jetpack_sharing_enabled":true,"tiered_pricing_type":"fixed","tiered_pricing_fixed_rules":{"2000":5.38999999999999968025576890795491635799407958984375},"tiered_pricing_product_settings":{"layout":"default","base_unit_name":{"singular":null,"plural":null},"default_variation":null},"tiered_pricing_minimum_quantity":1000,"tiered_pricing_roles_data":[],"tiered_pricing_percentage_rules":[],"tiered_pricing_maximum_quantity":null,"tiered_pricing_quantity_step":"10","_links":{"self":[{"href":"https:\/\/volovape.com\/pt\/wp-json\/wp\/v2\/product\/84","targetHints":{"allow":["GET"]}}],"collection":[{"href":"https:\/\/volovape.com\/pt\/wp-json\/wp\/v2\/product"}],"about":[{"href":"https:\/\/volovape.com\/pt\/wp-json\/wp\/v2\/types\/product"}],"replies":[{"embeddable":true,"href":"https:\/\/volovape.com\/pt\/wp-json\/wp\/v2\/comments?post=84"}],"wp:featuredmedia":[{"embeddable":true,"href":"https:\/\/volovape.com\/pt\/wp-json\/wp\/v2\/media\/284"}],"wp:attachment":[{"href":"https:\/\/volovape.com\/pt\/wp-json\/wp\/v2\/media?parent=84"}],"wp:term":[{"taxonomy":"product_brand","embeddable":true,"href":"https:\/\/volovape.com\/pt\/wp-json\/wp\/v2\/product_brand?post=84"},{"taxonomy":"product_cat","embeddable":true,"href":"https:\/\/volovape.com\/pt\/wp-json\/wp\/v2\/product_cat?post=84"},{"taxonomy":"product_tag","embeddable":true,"href":"https:\/\/volovape.com\/pt\/wp-json\/wp\/v2\/product_tag?post=84"}],"curies":[{"name":"wp","href":"https:\/\/api.w.org\/{rel}","templated":true}]}}