{"id":826,"date":"2024-11-21T03:33:30","date_gmt":"2024-11-21T03:33:30","guid":{"rendered":"https:\/\/volovape.com\/?post_type=product&#038;p=826"},"modified":"2025-06-19T03:45:17","modified_gmt":"2025-06-19T03:45:17","slug":"elfworld-al-22000-puffs","status":"publish","type":"product","link":"https:\/\/volovape.com\/pt\/product\/elfworld-al-22000-puffs\/","title":{"rendered":"ELFWORLD AL 22000 Puffs Vape descart\u00e1vel - Malha dupla, ecr\u00e3 digital, fluxo de ar ajust\u00e1vel"},"content":{"rendered":"<p><strong>ELFWORLD AL 22000 Puffs Vape descart\u00e1vel<\/strong> - Controlo m\u00e1ximo da vaporiza\u00e7\u00e3o com bobinas de malha dupla e visor digital.<\/p>\n<p>O <strong>ELFWORLD AL 22000 Puffs<\/strong> O vape descart\u00e1vel redefine o vaping com a sua excecional <strong>22 000 puff<\/strong> capacidade, um enorme <strong>Reservat\u00f3rio de e-l\u00edquido de 26 ml<\/strong>e um robusto <strong>Bateria recarreg\u00e1vel de 650mAh<\/strong>. Apresentando <strong>bobinas de malha dupla de 1,0\u03a9<\/strong>Este dispositivo proporciona um sabor e uma produ\u00e7\u00e3o de vapor sem paralelo. O sistema integrado <strong>ecr\u00e3 digital<\/strong> fornece monitoriza\u00e7\u00e3o em tempo real dos n\u00edveis da bateria e do e-l\u00edquido, enquanto o <strong>fluxo de ar ajust\u00e1vel<\/strong> permite uma experi\u00eancia de vaporiza\u00e7\u00e3o totalmente personaliz\u00e1vel. Escolha entre <strong>Concentra\u00e7\u00f5es de nicotina 0%, 2%, 3% ou 5%<\/strong>. Ideal para uso pessoal e <strong>vape descart\u00e1vel por atacado<\/strong>Este dispositivo oferece o auge da conveni\u00eancia e do desempenho da vaporiza\u00e7\u00e3o. <strong>Encomenda a granel<\/strong> est\u00e3o dispon\u00edveis para os retalhistas.<\/p>\n<h3><strong>ELFWORLD AL 22000 Puffs Carater\u00edsticas:<\/strong><\/h3>\n<ul>\n<li>Puffs: At\u00e9 22.000<\/li>\n<li>Capacidade do E-l\u00edquido: 26ml<\/li>\n<li>Bateria: 650mAh (recarreg\u00e1vel)<\/li>\n<li>Carregamento: Tipo C<\/li>\n<li>Bobina: Bobinas de malha dupla de 1.0\u03a9<\/li>\n<li>Ecr\u00e3: Ecr\u00e3 digital (n\u00edveis de bateria e de e-l\u00edquido)<\/li>\n<li>Fluxo de ar: Ajust\u00e1vel<\/li>\n<li>Pontos fortes da nicotina: 0%, 2%, 3%, 5%<\/li>\n<li>Sabores dispon\u00edveis: Manga Ma\u00e7\u00e3 Pera, Manga Fixe, Ma\u00e7\u00e3 Verde, Mirtilo Gelo, Menta, Mistura de Bagas, Uva Gelo, Melancia Gelo, Mirtilo Menta.<\/li>\n<\/ul>\n<h4>Perguntas frequentes<\/h4>\n<h5>Como \u00e9 que as bobinas de malha dupla melhoram a experi\u00eancia de vaporiza\u00e7\u00e3o?<\/h5>\n<p>As bobinas de malha dupla de 1,0\u03a9 proporcionam uma maior efici\u00eancia de aquecimento e uma vaporiza\u00e7\u00e3o uniforme, resultando em sabores mais ricos e intensos e nuvens de vapor mais densas. Esta tecnologia garante uma experi\u00eancia de vaporiza\u00e7\u00e3o consistentemente suave e satisfat\u00f3ria durante toda a vida \u00fatil do dispositivo.<\/p>\n<h5>Quais s\u00e3o as vantagens do ecr\u00e3 digital e do caudal de ar ajust\u00e1vel?<\/h5>\n<p>O visor digital permite aos utilizadores monitorizar os n\u00edveis da bateria e do e-l\u00edquido em tempo real, garantindo que nunca s\u00e3o apanhados desprevenidos. O fluxo de ar ajust\u00e1vel permite personalizar a resist\u00eancia \u00e0 tra\u00e7\u00e3o, permitindo aos utilizadores afinar a sua experi\u00eancia de vaporiza\u00e7\u00e3o de acordo com as suas prefer\u00eancias exactas.<\/p>\n<h5>Como \u00e9 que a capacidade de 22 000 baforadas e o reservat\u00f3rio de e-l\u00edquido de 26 ml beneficiam os utilizadores?<\/h5>\n<p>A capacidade de 22 000 baforadas e o reservat\u00f3rio de e-l\u00edquido de 26 ml permitem uma utiliza\u00e7\u00e3o prolongada, minimizando a necessidade de substitui\u00e7\u00f5es frequentes. Isto proporciona uma comodidade e um valor excepcionais, tornando o ELFWORLD AL 22000 perfeito para os utilizadores que pretendem uma experi\u00eancia de vaporiza\u00e7\u00e3o duradoura e sem complica\u00e7\u00f5es.<\/p>\n<h5>Que m\u00e9todos de envio s\u00e3o utilizados?<\/h5>\n<p>Estabelecemos parcerias com transportadoras fi\u00e1veis, como a UPS, a DHL, a FedEx e a DPD, para garantir uma entrega eficiente e segura. Seleccionamos o m\u00e9todo de envio mais adequado com base na sua localiza\u00e7\u00e3o para que a sua encomenda chegue at\u00e9 si o mais rapidamente poss\u00edvel.<\/p>\n<h5>Posso confiar na minha compra?<\/h5>\n<p>Damos prioridade \u00e0 satisfa\u00e7\u00e3o do cliente e oferecemos op\u00e7\u00f5es de pagamento seguras, incluindo PayPal com prote\u00e7\u00e3o do comprador. Tamb\u00e9m pode ver as opini\u00f5es dos clientes no TrustPilot: <a href=\"https:\/\/www.trustpilot.com\/review\/volovape.com?utm_medium=trustbox&amp;utm_source=TrustBoxReviewCollector\">TrustPilot<\/a>.<\/p>","protected":false},"excerpt":{"rendered":"<p>Obter por grosso ELFWORLD AL 22000 Puffs Vapes descart\u00e1veis. 22.000 baforadas, 26 ml de e-l\u00edquido, bobinas de malha dupla, ecr\u00e3 digital e fluxo de ar ajust\u00e1vel. Explora 10 sabores.<\/p>","protected":false},"featured_media":1271,"comment_status":"open","ping_status":"closed","template":"","meta":[],"product_brand":[],"product_cat":[69,42,45,21,18,39,20,23,24,22,25,26,27,28,29,30,31,32,33,34,35,44,36,40],"product_tag":[],"class_list":{"0":"post-826","1":"product","2":"type-product","3":"status-publish","4":"has-post-thumbnail","6":"product_cat-elfworld","7":"product_cat-20000-puffs-disposable-vape","8":"product_cat-25000-puffs-disposable-vape","9":"product_cat-big-puffs-vapes","10":"product_cat-different-puffs-of-disposable-vapes","11":"product_cat-digital-box-vapes","12":"product_cat-disposable-vape-types","13":"product_cat-disposable-vapes-in-austria","14":"product_cat-disposable-vapes-in-belgium","15":"product_cat-disposable-vapes-in-europe","16":"product_cat-disposable-vapes-in-france","17":"product_cat-disposable-vapes-in-germany","18":"product_cat-disposable-vapes-in-hungary","19":"product_cat-disposable-vapes-in-ltaly","20":"product_cat-disposable-vapes-in-netherlands","21":"product_cat-disposable-vapes-in-norway","22":"product_cat-disposable-vapes-in-poland","23":"product_cat-disposable-vapes-in-portugal","24":"product_cat-disposable-vapes-in-spain","25":"product_cat-disposable-vapes-in-sweden","26":"product_cat-disposable-vapes-in-switzerland","27":"product_cat-dual-mesh-vapes","28":"product_cat-rechargeable-vapes","29":"product_cat-smart-screen-vapes","31":"first","32":"instock","33":"shipping-taxable","34":"purchasable","35":"product-type-variable","36":"has-default-attributes"},"jetpack_sharing_enabled":true,"tiered_pricing_type":"fixed","tiered_pricing_fixed_rules":{"2000":6.88999999999999968025576890795491635799407958984375},"tiered_pricing_product_settings":{"layout":"default","base_unit_name":{"singular":null,"plural":null},"default_variation":null},"tiered_pricing_minimum_quantity":1000,"tiered_pricing_roles_data":[],"tiered_pricing_percentage_rules":[],"tiered_pricing_maximum_quantity":null,"tiered_pricing_quantity_step":"10","_links":{"self":[{"href":"https:\/\/volovape.com\/pt\/wp-json\/wp\/v2\/product\/826","targetHints":{"allow":["GET"]}}],"collection":[{"href":"https:\/\/volovape.com\/pt\/wp-json\/wp\/v2\/product"}],"about":[{"href":"https:\/\/volovape.com\/pt\/wp-json\/wp\/v2\/types\/product"}],"replies":[{"embeddable":true,"href":"https:\/\/volovape.com\/pt\/wp-json\/wp\/v2\/comments?post=826"}],"wp:featuredmedia":[{"embeddable":true,"href":"https:\/\/volovape.com\/pt\/wp-json\/wp\/v2\/media\/1271"}],"wp:attachment":[{"href":"https:\/\/volovape.com\/pt\/wp-json\/wp\/v2\/media?parent=826"}],"wp:term":[{"taxonomy":"product_brand","embeddable":true,"href":"https:\/\/volovape.com\/pt\/wp-json\/wp\/v2\/product_brand?post=826"},{"taxonomy":"product_cat","embeddable":true,"href":"https:\/\/volovape.com\/pt\/wp-json\/wp\/v2\/product_cat?post=826"},{"taxonomy":"product_tag","embeddable":true,"href":"https:\/\/volovape.com\/pt\/wp-json\/wp\/v2\/product_tag?post=826"}],"curies":[{"name":"wp","href":"https:\/\/api.w.org\/{rel}","templated":true}]}}