{"id":825,"date":"2024-11-21T03:33:30","date_gmt":"2024-11-21T03:33:30","guid":{"rendered":"https:\/\/volovape.com\/?post_type=product&#038;p=825"},"modified":"2025-07-06T04:09:11","modified_gmt":"2025-07-06T04:09:11","slug":"elfworld-mais-20000-puffs","status":"publish","type":"product","link":"https:\/\/volovape.com\/pt\/product\/elfworld-plus-20000-puffs\/","title":{"rendered":"ELFWORLD PLUS+ 20000 puffs vape descart\u00e1vel - desconto a granel, bobina de malha, recarreg\u00e1vel"},"content":{"rendered":"<p><strong>ELFWORLD PLUS+ 20000 Puffs Vape descart\u00e1vel<\/strong> - Longevidade e sabor inigual\u00e1veis com a tecnologia avan\u00e7ada de bobina de malha.<\/p>\n<p>O <strong>ELFWORLD PLUS+ 20000 Puffs<\/strong> O vape descart\u00e1vel proporciona uma experi\u00eancia de vaporiza\u00e7\u00e3o excecional com um impressionante <strong>20.000 puff<\/strong> capacidade, uma generosa <strong>Reservat\u00f3rio de e-l\u00edquido de 22 ml<\/strong>e um poderoso <strong>Bateria recarreg\u00e1vel de 650mAh<\/strong>. O avan\u00e7ado <strong>bobina de malha<\/strong> garante um vapor consistentemente suave, rico e satisfat\u00f3rio, tornando-o perfeito para uma utiliza\u00e7\u00e3o prolongada. Escolha entre <strong>Concentra\u00e7\u00f5es de nicotina 0%, 2%, 3% ou 5%<\/strong> para corresponder \u00e0s suas prefer\u00eancias. Ideal para uso pessoal e <strong>vape descart\u00e1vel por atacado<\/strong>Este dispositivo oferece longevidade e comodidade. <strong>Encomenda a granel<\/strong> est\u00e3o dispon\u00edveis para os retalhistas.<\/p>\n<h3><strong>ELFWORLD PLUS+ 20000 Puffs Carater\u00edsticas:<\/strong><\/h3>\n<ul>\n<li>Puffs: At\u00e9 20.000<\/li>\n<li>Capacidade do E-l\u00edquido: 22ml<\/li>\n<li>Bateria: 650mAh (recarreg\u00e1vel)<\/li>\n<li>Carregamento: Tipo C<\/li>\n<li>Bobina: Bobina de malha<\/li>\n<li>Pontos fortes da nicotina: 0%, 2%, 3%, 5%<\/li>\n<li>Sabores dispon\u00edveis: Lim\u00e3o Uva, Cherry Bomb, Juicy Peach Ice, Berry Bliss, Blue Razz Ice, Blueberry Watermelon, Pink Lemonade, Mexico Mango, Strawberry Banana, Watermelon Ice, White Gummy Ice, Strawberry Mango, Miami Mint.<\/li>\n<\/ul>\n<h4>Perguntas frequentes<\/h4>\n<h5>Como \u00e9 que a bobina de malha melhora a experi\u00eancia de vaporiza\u00e7\u00e3o neste dispositivo de alta press\u00e3o?<\/h5>\n<p>A bobina de malha do ELFWORLD PLUS+ 20000 foi concebida para proporcionar um aquecimento uniforme e uma vaporiza\u00e7\u00e3o eficiente, garantindo um sabor e uma produ\u00e7\u00e3o de vapor consistentes durante toda a vida \u00fatil do dispositivo. Esta tecnologia permite uma experi\u00eancia suave e satisfat\u00f3ria, mesmo com um elevado n\u00famero de baforadas.<\/p>\n<h5>Quais s\u00e3o as vantagens de uma capacidade de 20 000 puffs?<\/h5>\n<p>A capacidade de 20.000 baforadas permite uma utiliza\u00e7\u00e3o prolongada, reduzindo a necessidade de substitui\u00e7\u00f5es frequentes. Isto torna o ELFWORLD PLUS+ 20000 ideal para os utilizadores que pretendem uma solu\u00e7\u00e3o de vaporiza\u00e7\u00e3o duradoura e conveniente, perfeita para viagens ou utiliza\u00e7\u00e3o di\u00e1ria.<\/p>\n<h5>Com que rapidez \u00e9 que a bateria de 650mAh recarrega?<\/h5>\n<p>A bateria de 650mAh suporta longas sess\u00f5es de vaporiza\u00e7\u00e3o e recarrega-se rapidamente atrav\u00e9s do carregamento tipo C. Isto garante um tempo de inatividade m\u00ednimo, permitindo-lhe desfrutar do seu dispositivo sem longas esperas.<\/p>\n<h5>Que m\u00e9todos de envio s\u00e3o utilizados?<\/h5>\n<p>Estabelecemos parcerias com transportadoras fi\u00e1veis, como a UPS, a DHL, a FedEx e a DPD, para garantir uma entrega eficiente e segura. Seleccionamos a melhor op\u00e7\u00e3o de envio com base na sua localiza\u00e7\u00e3o para que a sua encomenda chegue at\u00e9 si o mais rapidamente poss\u00edvel.<\/p>\n<h5>Posso confiar na minha compra?<\/h5>\n<p>Damos prioridade \u00e0 satisfa\u00e7\u00e3o do cliente e oferecemos op\u00e7\u00f5es de pagamento seguras, incluindo PayPal com prote\u00e7\u00e3o do comprador. Tamb\u00e9m pode ver as opini\u00f5es dos clientes no TrustPilot: <a href=\"https:\/\/www.trustpilot.com\/review\/volovape.com?utm_medium=trustbox&amp;utm_source=TrustBoxReviewCollector\">TrustPilot<\/a>.<\/p>","protected":false},"excerpt":{"rendered":"<p>Vapes descart\u00e1veis ELFWORLD PLUS+ 20000 puffs a granel. 20.000 baforadas, 22ml de e-l\u00edquido, bobina de malha, recarreg\u00e1vel. Op\u00e7\u00f5es variadas de nicotina. Explore 15 sabores.<\/p>","protected":false},"featured_media":1254,"comment_status":"open","ping_status":"closed","template":"","meta":[],"product_brand":[],"product_cat":[69,42,21,18,39,20,23,24,22,25,26,27,28,29,30,31,32,33,34,35,44,36,40],"product_tag":[],"class_list":{"0":"post-825","1":"product","2":"type-product","3":"status-publish","4":"has-post-thumbnail","6":"product_cat-elfworld","7":"product_cat-20000-puffs-disposable-vape","8":"product_cat-big-puffs-vapes","9":"product_cat-different-puffs-of-disposable-vapes","10":"product_cat-digital-box-vapes","11":"product_cat-disposable-vape-types","12":"product_cat-disposable-vapes-in-austria","13":"product_cat-disposable-vapes-in-belgium","14":"product_cat-disposable-vapes-in-europe","15":"product_cat-disposable-vapes-in-france","16":"product_cat-disposable-vapes-in-germany","17":"product_cat-disposable-vapes-in-hungary","18":"product_cat-disposable-vapes-in-ltaly","19":"product_cat-disposable-vapes-in-netherlands","20":"product_cat-disposable-vapes-in-norway","21":"product_cat-disposable-vapes-in-poland","22":"product_cat-disposable-vapes-in-portugal","23":"product_cat-disposable-vapes-in-spain","24":"product_cat-disposable-vapes-in-sweden","25":"product_cat-disposable-vapes-in-switzerland","26":"product_cat-dual-mesh-vapes","27":"product_cat-rechargeable-vapes","28":"product_cat-smart-screen-vapes","30":"first","31":"instock","32":"shipping-taxable","33":"purchasable","34":"product-type-variable","35":"has-default-attributes"},"jetpack_sharing_enabled":true,"tiered_pricing_type":"fixed","tiered_pricing_fixed_rules":{"2000":6.19000000000000039079850466805510222911834716796875},"tiered_pricing_product_settings":{"layout":"default","base_unit_name":{"singular":null,"plural":null},"default_variation":null},"tiered_pricing_minimum_quantity":1000,"tiered_pricing_roles_data":[],"tiered_pricing_percentage_rules":[],"tiered_pricing_maximum_quantity":null,"tiered_pricing_quantity_step":"10","_links":{"self":[{"href":"https:\/\/volovape.com\/pt\/wp-json\/wp\/v2\/product\/825","targetHints":{"allow":["GET"]}}],"collection":[{"href":"https:\/\/volovape.com\/pt\/wp-json\/wp\/v2\/product"}],"about":[{"href":"https:\/\/volovape.com\/pt\/wp-json\/wp\/v2\/types\/product"}],"replies":[{"embeddable":true,"href":"https:\/\/volovape.com\/pt\/wp-json\/wp\/v2\/comments?post=825"}],"wp:featuredmedia":[{"embeddable":true,"href":"https:\/\/volovape.com\/pt\/wp-json\/wp\/v2\/media\/1254"}],"wp:attachment":[{"href":"https:\/\/volovape.com\/pt\/wp-json\/wp\/v2\/media?parent=825"}],"wp:term":[{"taxonomy":"product_brand","embeddable":true,"href":"https:\/\/volovape.com\/pt\/wp-json\/wp\/v2\/product_brand?post=825"},{"taxonomy":"product_cat","embeddable":true,"href":"https:\/\/volovape.com\/pt\/wp-json\/wp\/v2\/product_cat?post=825"},{"taxonomy":"product_tag","embeddable":true,"href":"https:\/\/volovape.com\/pt\/wp-json\/wp\/v2\/product_tag?post=825"}],"curies":[{"name":"wp","href":"https:\/\/api.w.org\/{rel}","templated":true}]}}